{"id":3350,"date":"2025-05-08T17:01:12","date_gmt":"2025-05-08T09:01:12","guid":{"rendered":"https:\/\/www.ruiqigo.com\/?post_type=product&#038;p=3350"},"modified":"2025-05-08T17:01:13","modified_gmt":"2025-05-08T09:01:13","slug":"portable-oral-irrigator","status":"publish","type":"product","link":"https:\/\/www.ruiqigo.com\/sv\/product\/portable-oral-irrigator","title":{"rendered":"B\u00e4rbar oral irrigator"},"content":{"rendered":"<h2 class=\"wp-block-heading\">Funktioner hos b\u00e4rbara munsk\u00f6ljapparater<\/h2>\n\n\n\n<p>Den b\u00e4rbara munsk\u00f6ljaren anv\u00e4nder h\u00f6gfrekvent pulserande vattenfl\u00f6desteknik, i kombination med ergonomisk design och multifunktionella munstycken, f\u00f6r att skapa ett personligt munv\u00e5rdsverktyg som kombinerar effektiv sk\u00f6ljning och reng\u00f6ring med en bekv\u00e4m upplevelse.<\/p>\n\n\n\n<p>1. <strong>H\u00f6gfrekvent pulsvattenfl\u00f6desteknik: <\/strong>Den b\u00e4rbara munsk\u00f6ljaren anv\u00e4nder pulserande h\u00f6gtrycksvattenpelare f\u00f6r att djupreng\u00f6ra mellanrummen mellan t\u00e4nderna och tandk\u00f6ttssulcera, vilket eliminerar matrester och plack som finns kvar i dem.<\/p>\n\n\n\n<p>2. <strong>Reng\u00f6ringsl\u00e4ge med flera hastigheter:<\/strong> Den b\u00e4rbara munsk\u00f6ljaren erbjuder reng\u00f6rings- och sk\u00f6ljningsl\u00e4gen i flera hastigheter, fr\u00e5n standard och skonsam till pulserande, f\u00f6r att m\u00f6ta anv\u00e4ndarnas olika reng\u00f6ringsbehov.<\/p>\n\n\n\n<p>3. <strong>Kompakt och b\u00e4rbar: <\/strong>V\u00e5r b\u00e4rbara munsk\u00f6ljapparat \u00e4r kompakt och l\u00e4tt, och kan vikas ihop eller separeras fr\u00e5n vattentanken, vilket \u00e4r mycket portabelt och enkelt kan l\u00e4ggas i en ficka eller ryggs\u00e4ck f\u00f6r resor.<\/p>\n\n\n\n<p>4. <strong>Stor vattentankdesign: <\/strong>\u00c4ven om den \u00e4r v\u00e4ldigt portabel \u00e4r vattentankens kapacitet inte liten, cirka 120 ml - 200 ml, vilket r\u00e4cker till f\u00f6r en fullst\u00e4ndig munreng\u00f6ring.<\/p>\n\n\n\n<p>5. <strong>Utbytbart munstycke: <\/strong>Den b\u00e4rbara munsk\u00f6ljaren levereras med flera munstycken, s\u00e5som ortodontiska munstycken, munstycken f\u00f6r tandk\u00f6ttsv\u00e5rd etc., f\u00f6r att s\u00e4kerst\u00e4lla att den \u00e4r l\u00e4mplig f\u00f6r olika anv\u00e4ndares olika v\u00e5rdbehov.<\/p>\n\n\n\n<h2 class=\"wp-block-heading\">F\u00f6rdelar med b\u00e4rbar munsk\u00f6ljning<\/h2>\n\n\n\n<p>J\u00e4mf\u00f6rt med traditionell tandtr\u00e5d har en b\u00e4rbar munsk\u00f6ljapparat en djupare och skonsammare reng\u00f6ringseffekt, s\u00e4rskilt l\u00e4mplig f\u00f6r personer med stora mellanrum mellan t\u00e4nderna och de som b\u00e4r tandst\u00e4llning. Den kan avsev\u00e4rt minska tandk\u00f6ttsbl\u00f6dning, plackansamling och f\u00f6rhindra parodontit.<\/p>\n\n\n\n<p>1. <strong>Minska blinda fl\u00e4ckar i munnen: <\/strong>Anv\u00e4ndningen av en b\u00e4rbar munsk\u00f6ljapparat kan tr\u00e4nga in i sv\u00e5rrengjorda omr\u00e5den som mellanrum mellan t\u00e4nderna och tandk\u00f6ttssulcer, minska reng\u00f6ringsd\u00f6da fl\u00e4ckar och s\u00e4kerst\u00e4lla munhygienen.<\/p>\n\n\n\n<p>2. <strong>Skydda tandk\u00f6ttsh\u00e4lsan: <\/strong>Vattenfl\u00f6det fr\u00e5n en b\u00e4rbar munsk\u00f6ljare kan massera tandk\u00f6ttet, fr\u00e4mja blodcirkulationen, minska bl\u00f6dningar i tandk\u00f6ttet och skydda tandk\u00f6ttsh\u00e4lsan.<\/p>\n\n\n\n<p>3. <strong>Enkel anv\u00e4ndning och effektiv reng\u00f6ring: <\/strong>Den b\u00e4rbara munsk\u00f6ljaren \u00e4r mycket enkel att anv\u00e4nda och kan enkelt startas och man\u00f6vreras med en knapp. Samtidigt kan en omfattande munreng\u00f6ring genomf\u00f6ras snabbt och p\u00e5 kort tid.<\/p>\n\n\n\n<p>4. <strong>Energibesparing och milj\u00f6skydd: <\/strong>Den \u00e4r laddningsbar och batteritiden \u00e4r l\u00e5ng efter en laddning, och den kan minska batterif\u00f6roreningar och f\u00f6lja konceptet milj\u00f6skydd.<\/p>\n\n\n\n<p>5. <strong>L\u00e4tt att b\u00e4ra: <\/strong>Den b\u00e4rbara munsk\u00f6ljaren \u00e4r liten i storlek och l\u00e4tt i vikt, vilket g\u00f6r den till en bra partner f\u00f6r aff\u00e4rsresor och resor.<\/p>\n\n\n\n<h2 class=\"wp-block-heading\">M\u00e5lgrupp f\u00f6r b\u00e4rbar munsk\u00f6ljning<\/h2>\n\n\n\n<p>En b\u00e4rbar munsk\u00f6ljapparat passar alla typer av m\u00e4nniskor som bryr sig om munh\u00e4lsa, s\u00e4rskilt de som har specifika behov av munv\u00e5rd, s\u00e5som ortodontiska anv\u00e4ndare, personer med k\u00e4nsligt tandk\u00f6tt och \u00e4ldre.&nbsp;<\/p>\n\n\n\n<p>Barn kan ocks\u00e5 anv\u00e4nda den under ledning av sina f\u00f6r\u00e4ldrar f\u00f6r att utveckla goda munhygienvanor fr\u00e5n tidig \u00e5lder. Beroende p\u00e5 olika reng\u00f6ringsbehov kan anv\u00e4ndare v\u00e4lja olika l\u00e4gen f\u00f6r att uppn\u00e5 b\u00e4sta reng\u00f6ringseffekt.<\/p>\n\n\n\n<h2 class=\"wp-block-heading\">Produktionsprocess f\u00f6r b\u00e4rbar oral irrigator<\/h2>\n\n\n\n<p>Den b\u00e4rbara munsk\u00f6ljaren \u00e4r tillverkad av livsmedelsgodk\u00e4nd ABS-plast och vattent\u00e4ta t\u00e4tningsmaterial av silikon, bearbetad genom formsprutning och andra processer, med en kompakt struktur och h\u00e5llbarhet. Den uppfyller internationella CE-, RoHS- och andra standarder f\u00f6r att s\u00e4kerst\u00e4lla produktens s\u00e4kerhet, standard och stabilitet.&nbsp;<\/p>\n\n\n\n<p>Innan den l\u00e4mnar fabriken genomg\u00e5r den flera inspektioner, inklusive batteritid, trycktestning, t\u00e4tning av vattentank och omfattande kvalitetskontroll f\u00f6r att s\u00e4kerst\u00e4lla produktkvaliteten.<\/p>\n\n\n\n<h2 class=\"wp-block-heading\">B\u00e4rbara orala irrigatorapplikationer<\/h2>\n\n\n\n<p>Den b\u00e4rbara designen och den l\u00e5nga batteritiden hos den b\u00e4rbara munsk\u00f6ljaren g\u00f6r den inte bara l\u00e4mplig f\u00f6r daglig anv\u00e4ndning hemma f\u00f6r att reng\u00f6ra tandrester, utan \u00e4ven flitigt anv\u00e4nd i olika situationer som aff\u00e4rsresor, lunchraster p\u00e5 jobbet etc. Dess lilla och eleganta design kan enkelt f\u00f6rvaras i en necess\u00e4r, och du kan anv\u00e4nda den f\u00f6r att s\u00e4kerst\u00e4lla munhygien och h\u00e4lsa n\u00e4r du \u00e4r ute och r\u00f6r dig, och minska f\u00f6rekomsten av munproblem.<\/p>\n\n\n\n<h2 class=\"wp-block-heading\">Hur man anv\u00e4nder den b\u00e4rbara munsk\u00f6ljaren<\/h2>\n\n\n\n<p>Den b\u00e4rbara munsk\u00f6ljaren \u00e4r enkel att anv\u00e4nda och kan anv\u00e4ndas snabbt \u00e4ven f\u00f6r f\u00f6rsta g\u00e5ngen. Produkten st\u00f6der funktioner som intelligent avst\u00e4ngning och minnesfunktion, vilket avsev\u00e4rt f\u00f6rb\u00e4ttrar anv\u00e4ndarv\u00e4nligheten och anv\u00e4ndarupplevelsen.<\/p>\n\n\n\n<p>1. <strong>Montera munstycket: <\/strong>S\u00e4tt i l\u00e4mpligt munstycke i munstycket p\u00e5 den b\u00e4rbara munsk\u00f6ljaren och f\u00e4st det ordentligt.<\/p>\n\n\n\n<p>2. <strong>Tills\u00e4tt vatten i vattentanken: <\/strong>\u00d6ppna vatteninloppet till vattentanken och h\u00e4ll i en l\u00e4mplig m\u00e4ngd rent vatten eller munsk\u00f6lj i vattentanken.<\/p>\n\n\n\n<p>3. <strong>V\u00e4lj l\u00e4ge:<\/strong> Sl\u00e5 p\u00e5 str\u00f6mmen och v\u00e4lj l\u00e4mplig v\u00e4xel enligt personliga behov.<\/p>\n\n\n\n<p>4. <strong>B\u00f6rja sk\u00f6lja: <\/strong>Rikta munstycket mot mellanrummet mellan t\u00e4nderna och f\u00f6r det f\u00f6rsiktigt mellan tandk\u00f6ttet och t\u00e4nderna f\u00f6r att s\u00e4kerst\u00e4lla att reng\u00f6ringen och sk\u00f6ljningen sker.<\/p>\n\n\n\n<p>5. <strong>Reng\u00f6r efter sk\u00f6ljning: <\/strong>Efter att du har sk\u00f6ljt munnen, t\u00f6m vattentanken, reng\u00f6r huvudenheten och placera den p\u00e5 en ventilerad och torr plats.<\/p>\n\n\n\n<p>Det rekommenderas att v\u00e4lja l\u00e4get &quot;skonsamt&quot; n\u00e4r du anv\u00e4nder den f\u00f6r f\u00f6rsta g\u00e5ngen f\u00f6r att undvika obehag.<\/p>","protected":false},"excerpt":{"rendered":"Portable oral irrigator features The portable oral irrigator uses high-frequency pulse water flow technology, combined with ergonomic design and multi-functional nozzles, to create a personal oral care tool that integrates efficient rinsing and cleaning with a comfortable experience. 1. High-frequency pulse water flow technology: The portable oral irrigator uses pulsed high-pressure water columns to deeply [&hellip;]","protected":false},"featured_media":3351,"menu_order":0,"template":"","meta":[],"product-tag":[],"products":[168],"class_list":["post-3350","product","type-product","status-publish","has-post-thumbnail","hentry","products-oral-irrigator"],"acf":[],"_links":{"self":[{"href":"https:\/\/www.ruiqigo.com\/sv\/wp-json\/wp\/v2\/product\/3350","targetHints":{"allow":["GET"]}}],"collection":[{"href":"https:\/\/www.ruiqigo.com\/sv\/wp-json\/wp\/v2\/product"}],"about":[{"href":"https:\/\/www.ruiqigo.com\/sv\/wp-json\/wp\/v2\/types\/product"}],"version-history":[{"count":0,"href":"https:\/\/www.ruiqigo.com\/sv\/wp-json\/wp\/v2\/product\/3350\/revisions"}],"wp:featuredmedia":[{"embeddable":true,"href":"https:\/\/www.ruiqigo.com\/sv\/wp-json\/wp\/v2\/media\/3351"}],"wp:attachment":[{"href":"https:\/\/www.ruiqigo.com\/sv\/wp-json\/wp\/v2\/media?parent=3350"}],"wp:term":[{"taxonomy":"product-tag","embeddable":true,"href":"https:\/\/www.ruiqigo.com\/sv\/wp-json\/wp\/v2\/product-tag?post=3350"},{"taxonomy":"products","embeddable":true,"href":"https:\/\/www.ruiqigo.com\/sv\/wp-json\/wp\/v2\/products?post=3350"}],"curies":[{"name":"wp","href":"https:\/\/api.w.org\/{rel}","templated":true}]}}