{"id":3359,"date":"2025-05-15T14:12:54","date_gmt":"2025-05-15T06:12:54","guid":{"rendered":"https:\/\/www.ruiqigo.com\/?post_type=product&#038;p=3359"},"modified":"2025-05-15T14:12:54","modified_gmt":"2025-05-15T06:12:54","slug":"moisturizing-face-cream","status":"publish","type":"product","link":"https:\/\/www.ruiqigo.com\/sv\/product\/moisturizing-face-cream","title":{"rendered":"\u00c5terfuktande ansiktskr\u00e4m"},"content":{"rendered":"<h2 class=\"wp-block-heading\">Tillverkning av \u00e5terfuktande ansiktskr\u00e4mer Vanliga formler<\/h2>\n\n\n\n<p>Som en professionell tillverkare av \u00e5terfuktande ansiktskr\u00e4mer v\u00e4ljer vi en m\u00e4ngd olika mycket effektiva och skonsamma \u00e5terfuktande och reparerande ingredienser, s\u00e5som ceramid och hyaluronsyra, f\u00f6r att hj\u00e4lpa huden att djup\u00e5t \u00e5terfukta, reparera barri\u00e4ren och f\u00f6rb\u00e4ttra hudens \u00f6vergripande kvalitet.<\/p>\n\n\n\n<p>1. <strong>Ceramid:<\/strong> Ceramid kan bidra till att minska v\u00e4tskef\u00f6rlust, effektivt reparera hudbarri\u00e4ren och f\u00f6rb\u00e4ttra hudens f\u00f6rm\u00e5ga att motst\u00e5 yttre stimuli. Det \u00e4r l\u00e4mpligt f\u00f6r torr eller k\u00e4nslig hud.<\/p>\n\n\n\n<p>2. <strong>Hyaluronsyra: <\/strong>Hyaluronsyra \u00e4r en naturlig \u00e5terfuktande faktor som kan absorbera tusentals g\u00e5nger sin egen vikt av vatten, djupt l\u00e5sa in fukt och bilda en \u00e5terfuktande film p\u00e5 hudytan, s\u00e5 att huden f\u00f6rblir \u00e5terfuktad och fyllig hela dagen l\u00e5ng.<\/p>\n\n\n\n<p>3. <strong>Squalan:<\/strong> Squalan \u00e4r ocks\u00e5 en naturlig \u00e5terfuktande faktor med god hudkompatibilitet. Den absorberas snabbt, vilket ger huden l\u00e5ngvarig \u00e5terfuktning samtidigt som den f\u00f6rb\u00e4ttrar hudens lena utseende, och den blir inte fet eller orsakar akne.<\/p>\n\n\n\n<p>4. <strong>Glycerin:<\/strong> Glycerin \u00e4r en naturlig hydrofil fuktighetskr\u00e4m som kan absorbera fukt fr\u00e5n luften och leda den till hudens djupa lager f\u00f6r att bibeh\u00e5lla hudens fukt och elasticitet.<\/p>\n\n\n\n<p>5. <strong>Centella asiatica-extrakt: <\/strong>Den har goda lugnande och reparerande effekter, kan lindra hudbesv\u00e4r, fr\u00e4mja kollagenproduktion och f\u00f6rb\u00e4ttra hudens sj\u00e4lvl\u00e4kande f\u00f6rm\u00e5ga.<\/p>\n\n\n\n<h2 class=\"wp-block-heading\">Funktionerna hos en \u00e5terfuktande ansiktskr\u00e4m<\/h2>\n\n\n\n<p>3TOPs \u00e5terfuktande ansiktskr\u00e4m \u00e4r inte bara mild och har naturliga ingredienser, utan har ocks\u00e5 flera funktioner och utm\u00e4rkt anpassningsf\u00f6rm\u00e5ga. Den kan anpassas till olika \u00e5ldrar, hudtyper och anv\u00e4ndningsomr\u00e5den. Det \u00e4r en hudv\u00e5rdsprodukt som \u00e4r b\u00e5de s\u00e4ker och funktionell.<\/p>\n\n\n\n<p>1. <strong>L\u00e5ngvarig \u00e5terfuktning: <\/strong>Som en \u00e5terfuktande ansiktskr\u00e4m anv\u00e4nder sig den av flera vattenl\u00e5sande mekanismer f\u00f6r att bibeh\u00e5lla hudens \u00e5terfuktning i mer \u00e4n 12 timmar, vilket l\u00f6ser problemet med torr och flagnande hud. Den \u00e4r s\u00e4rskilt l\u00e4mplig f\u00f6r kalla, torra eller s\u00e4songsbetonade perioder med hudk\u00e4nslighet.<\/p>\n\n\n\n<p>2. <strong>Reparera hudbarri\u00e4ren: <\/strong>Denna \u00e5terfuktande ansiktskr\u00e4m \u00e4r rik p\u00e5 reparerande ingredienser som ceramid och Centella asiatica, vilka kan hj\u00e4lpa skadad hud att \u00e5terh\u00e4mta sig, stabilisera hudbarri\u00e4ren och f\u00f6rb\u00e4ttra hudens \u00f6vergripande tolerans och antiirritationsf\u00f6rm\u00e5ga.<\/p>\n\n\n\n<p>3. <strong>Snabb absorption och icke-fet: <\/strong>En \u00e5terfuktande ansiktskr\u00e4m har en \u00e5terfuktande kr\u00e4mkonsistens, \u00e4r l\u00e4tt och klibbig, vilket f\u00f6rhindrar kraftiga portillslag. Den \u00e4r mycket l\u00e4mplig f\u00f6r daglig \u00e5terfuktning och har en bra effekt p\u00e5 blandhy.<\/p>\n\n\n\n<p>4.<strong> L\u00e4mplig f\u00f6r k\u00e4nslig hud: <\/strong>V\u00e5r \u00e5terfuktande ansiktskr\u00e4m har milda ingredienser och inneh\u00e5ller inte alkohol, pigment eller irriterande \u00e4mnen. Den har l\u00e5g risk f\u00f6r allergier och rodnad. Den kan s\u00e4kert anv\u00e4ndas p\u00e5 k\u00e4nslig hud f\u00f6r att skydda hudens h\u00e4lsa.<\/p>\n\n\n\n<h2 class=\"wp-block-heading\">Hur man anv\u00e4nder \u00e5terfuktande ansiktskr\u00e4m<\/h2>\n\n\n\n<p>\u00c5terfuktande ansiktskr\u00e4m rekommenderas som det sista steget i den dagliga hudv\u00e5rdsrutinen f\u00f6r att bevara n\u00e4rings\u00e4mnena fr\u00e5n hudv\u00e5rdsprodukterna som anv\u00e4nts i f\u00f6reg\u00e5ende steg och ge huden l\u00e5ngvarig \u00e5terfuktning.<\/p>\n\n\n\n<p>1. <strong>Reng\u00f6r ansiktet: <\/strong>Anv\u00e4nd reng\u00f6ringsprodukter f\u00f6r att noggrant avl\u00e4gsna smuts, olja och smink i ansiktet.<\/p>\n\n\n\n<p>2. <strong>Anv\u00e4nd lotion\/toner: <\/strong>V\u00e5rdar stratum corneum och hj\u00e4lper efterf\u00f6ljande hudv\u00e5rdsprodukter att absorberas.<\/p>\n\n\n\n<p>3. <strong>Ta ut en l\u00e4mplig m\u00e4ngd kr\u00e4m och applicera den i ansiktet: <\/strong>Anv\u00e4nd ringfingret eller fingertopparna f\u00f6r att ta ut en sojab\u00f6nsstor m\u00e4ngd gr\u00e4dde.<\/p>\n\n\n\n<p>4. <strong>Applicera j\u00e4mnt och klappa f\u00f6rsiktigt f\u00f6r att absorbera:<\/strong> Applicera p\u00e5 panna, kinder, n\u00e4sa och haka i ansiktet, f\u00f6rdela sedan f\u00f6rsiktigt runt och massera j\u00e4mnt. Du kan anv\u00e4nda massage eller f\u00f6rsiktiga klappningar f\u00f6r att underl\u00e4tta absorptionen.<\/p>\n\n\n\n<h2 class=\"wp-block-heading\"><strong>F\u00f6rsiktighet<\/strong><\/h2>\n\n\n\n<p>1. <strong>G\u00f6r ett hudtest f\u00f6r f\u00f6rsta g\u00e5ngen:<\/strong> G\u00f6r ett litet test bakom \u00f6rat eller inuti handleden och anv\u00e4nd det formellt efter 24 timmar utan avvikelser f\u00f6r att undvika allergier.<\/p>\n\n\n\n<p>2. <strong>Undvik att anv\u00e4nda med mycket irriterande produkter: <\/strong>Undvik att anv\u00e4nda produkter med h\u00f6g koncentration av syra eller retinol f\u00f6r att undvika obehag i huden.<\/p>\n\n\n\n<p>3. <strong>Anv\u00e4nd s\u00e5 snart som m\u00f6jligt efter \u00f6ppnandet: <\/strong>Det rekommenderas att \u00e5terfuktande ansiktskr\u00e4m anv\u00e4nds inom 6\u201312 m\u00e5nader efter \u00f6ppnandet f\u00f6r att undvika oxidation och ineffektivitet hos de aktiva ingredienserna.<\/p>\n\n\n\n<p>4. <strong>F\u00f6rvara svalt och torrt: <\/strong>F\u00f6rvaringsmilj\u00f6n b\u00f6r undvika direkt solljus eller h\u00f6g temperatur och luftfuktighet f\u00f6r att bibeh\u00e5lla produktens aktivitet och stabilitet.<\/p>\n\n\n\n<p>5. <strong>Sluta anv\u00e4nda omedelbart om du k\u00e4nner obehag: <\/strong>Om du upplever stickningar, rodnad eller annat obehag under anv\u00e4ndning, sluta anv\u00e4nda den omedelbart och kontakta en l\u00e4kare i tid.<\/p>\n\n\n\n<h2 class=\"wp-block-heading\">Slutsats<\/h2>\n\n\n\n<p>\u00c5terfuktande ansiktskr\u00e4m \u00e4r en hudv\u00e5rdskr\u00e4m som kombinerar h\u00f6geffektiv \u00e5terfuktning och skonsam reparation. Den passar f\u00f6r en m\u00e4ngd olika scenarier, s\u00e5som personlig daglig hudv\u00e5rd och professionella institutioner. 3TOP v\u00e4ljer naturliga och s\u00e4kra ingredienser f\u00f6r att ge anv\u00e4ndarna en l\u00e5ngvarig \u00e5terfuktande och n\u00e4rande hudupplevelse. V\u00e5r \u00e5terfuktande ansiktskr\u00e4m passar en m\u00e4ngd olika m\u00e4nniskor och kan m\u00f6ta anv\u00e4ndarnas behov av flera olika hudv\u00e5rdsprodukter.<\/p>","protected":false},"excerpt":{"rendered":"Moisturizing Face Cream Manufacturing Common Formulas As a professional moisturizing face cream manufacturer, we select a variety of highly effective and gentle moisturizing and repairing ingredients, such as ceramide and hyaluronic acid, to help the skin deeply hydrate, repair the barrier, and improve the overall skin quality. 1. Ceramide: Ceramide can help reduce water loss, [&hellip;]","protected":false},"featured_media":3360,"menu_order":0,"template":"","meta":[],"product-tag":[],"products":[161],"class_list":["post-3359","product","type-product","status-publish","has-post-thumbnail","hentry","products-face-cream"],"acf":[],"_links":{"self":[{"href":"https:\/\/www.ruiqigo.com\/sv\/wp-json\/wp\/v2\/product\/3359","targetHints":{"allow":["GET"]}}],"collection":[{"href":"https:\/\/www.ruiqigo.com\/sv\/wp-json\/wp\/v2\/product"}],"about":[{"href":"https:\/\/www.ruiqigo.com\/sv\/wp-json\/wp\/v2\/types\/product"}],"version-history":[{"count":0,"href":"https:\/\/www.ruiqigo.com\/sv\/wp-json\/wp\/v2\/product\/3359\/revisions"}],"wp:featuredmedia":[{"embeddable":true,"href":"https:\/\/www.ruiqigo.com\/sv\/wp-json\/wp\/v2\/media\/3360"}],"wp:attachment":[{"href":"https:\/\/www.ruiqigo.com\/sv\/wp-json\/wp\/v2\/media?parent=3359"}],"wp:term":[{"taxonomy":"product-tag","embeddable":true,"href":"https:\/\/www.ruiqigo.com\/sv\/wp-json\/wp\/v2\/product-tag?post=3359"},{"taxonomy":"products","embeddable":true,"href":"https:\/\/www.ruiqigo.com\/sv\/wp-json\/wp\/v2\/products?post=3359"}],"curies":[{"name":"wp","href":"https:\/\/api.w.org\/{rel}","templated":true}]}}