{"id":336,"date":"2024-07-05T20:30:17","date_gmt":"2024-07-05T12:30:17","guid":{"rendered":"https:\/\/ruiqigo.com\/?post_type=product&#038;p=336"},"modified":"2024-09-26T17:43:34","modified_gmt":"2024-09-26T09:43:34","slug":"body-lotion-with-spf","status":"publish","type":"product","link":"https:\/\/www.ruiqigo.com\/sv\/product\/body-lotion-with-spf","title":{"rendered":"Kroppslotion med spf"},"content":{"rendered":"<h3 class=\"wp-block-heading\">Kroppslotion med spf-tillverkning Common Formulas<\/h3>\n\n\n\n<p>De centrala solskyddsingredienserna i denna spf body lotion \u00e4r zinkoxid och titandioxid, som \u00e4r erk\u00e4nda som mycket effektiva fysiska solskyddsmedel som ger ett brett spektrum skydd mot UVA\/UVB-str\u00e5lar, vilket skapar en p\u00e5litlig barri\u00e4r f\u00f6r din hud. Dessutom inneh\u00e5ller produkten Vitamin E, en kraftfull antioxidant som neutraliserar fria radikaler och skyddar huden fr\u00e5n ljusskador. Samtidigt inneh\u00e5ller formulan \u00e4ven glycerin, vegetabiliska oljor och andra n\u00e4rande ingredienser som ger huden n\u00e4ring p\u00e5 djupet, f\u00f6rb\u00e4ttrar torrheten och h\u00e5ller din hud \u00e5terfuktad och sl\u00e4t.<\/p>\n\n\n\n<h3 class=\"wp-block-heading\">Kroppslotion med spf Till\u00e4mpliga scenarier<\/h3>\n\n\n\n<p>Denna spf bodylotion \u00e4r en v\u00e5rdprodukt f\u00f6r alla v\u00e4der, men l\u00e4mpar sig b\u00e4st f\u00f6r anv\u00e4ndning under de varma, soliga sommarm\u00e5naderna, eftersom den ger din hud ett effektivt skydd mot solen, blockerar UVA\/UVB-str\u00e5lar och f\u00f6rhindrar solbr\u00e4nna och hyperpigmentering. Eller s\u00e5 har vi fler <a href=\"https:\/\/www.ruiqigo.com\/sv\/products\/body-lotion\/\">body lotion<\/a> alternativ f\u00f6r dig att v\u00e4lja mellan.<\/p>\n\n\n\n<h3 class=\"wp-block-heading\">Vem \u00e4r Body lotion med spf kostym f\u00f6r<\/h3>\n\n\n\n<p>L\u00e4mplig f\u00f6r alla, denna spf body lotion ger effektivt skydd f\u00f6r solbr\u00e4nnande hud och f\u00f6rhindrar hyperpigmentering. Dess rika, n\u00e4rande ingredienser f\u00f6rb\u00e4ttrar torrheten som kommer med \u00e5ldern. Idealisk f\u00f6r dem som gillar utomhusaktiviteter, denna kroppsfuktighetskr\u00e4m ger en omfattande after-sun-v\u00e5rd f\u00f6r huden hela tiden. Om du har n\u00e5gra andra behov f\u00e5r du g\u00e4rna l\u00e4ra dig mer om 3TOP <a href=\"https:\/\/www.ruiqigo.com\/sv\/products\/body-care\/\">kroppsv\u00e5rd <\/a>produkter.<\/p>\n\n\n\n<h3 class=\"wp-block-heading\">Body lotion med spf Produktionsprocess<\/h3>\n\n\n\n<p>Body lotion med spf tillverkas med s\u00e4rskilt fokus p\u00e5 att kombinera h\u00f6geffektiva solskyddsmedel med \u00e5terfuktande ingredienser. Bredspektrum solskyddsteknik s\u00e4kerst\u00e4ller fullt UVA- och UVB-skydd, medan antioxidanter och fuktgivande ingredienser som E-vitamin och naturliga vegetabiliska oljor tills\u00e4tts f\u00f6r att st\u00e4rka hudens barri\u00e4r. Stabiliteten och spridningen av solskyddsmedel kontrolleras strikt under produktionsprocessen, och hudkompatibilitetstester har godk\u00e4nts f\u00f6r att s\u00e4kerst\u00e4lla att produkten \u00e4r s\u00e4ker och icke-irriterande. Dessutom \u00e4r den l\u00e4tta texturen designad f\u00f6r att ge snabb absorption och l\u00e5ngvarig \u00e5terfuktning f\u00f6r att m\u00f6ta de dubbla behoven av dagligt solskydd och hudv\u00e5rd. Om du vill veta mer, kolla in relaterade <a href=\"https:\/\/www.ruiqigo.com\/sv\/body-lotion-manufacturer-elevating-skincare-standards.html\/\">body lotion<\/a> tillverkningsinformation.<\/p>","protected":false},"excerpt":{"rendered":"Body lotion with spf manufacturing Common Formulas The core sunscreen ingredients in this spf body lotion are Zinc Oxide and Titanium Dioxide, which are recognized as highly effective physical sunscreens that provide broad-spectrum protection against UVA\/UVB rays, creating a reliable barrier for your skin. In addition, the product contains Vitamin E, a powerful antioxidant that [&hellip;]","protected":false},"featured_media":337,"menu_order":0,"template":"","meta":[],"product-tag":[],"products":[56],"class_list":["post-336","product","type-product","status-publish","has-post-thumbnail","hentry","products-body-lotion"],"acf":[],"_links":{"self":[{"href":"https:\/\/www.ruiqigo.com\/sv\/wp-json\/wp\/v2\/product\/336","targetHints":{"allow":["GET"]}}],"collection":[{"href":"https:\/\/www.ruiqigo.com\/sv\/wp-json\/wp\/v2\/product"}],"about":[{"href":"https:\/\/www.ruiqigo.com\/sv\/wp-json\/wp\/v2\/types\/product"}],"version-history":[{"count":0,"href":"https:\/\/www.ruiqigo.com\/sv\/wp-json\/wp\/v2\/product\/336\/revisions"}],"wp:featuredmedia":[{"embeddable":true,"href":"https:\/\/www.ruiqigo.com\/sv\/wp-json\/wp\/v2\/media\/337"}],"wp:attachment":[{"href":"https:\/\/www.ruiqigo.com\/sv\/wp-json\/wp\/v2\/media?parent=336"}],"wp:term":[{"taxonomy":"product-tag","embeddable":true,"href":"https:\/\/www.ruiqigo.com\/sv\/wp-json\/wp\/v2\/product-tag?post=336"},{"taxonomy":"products","embeddable":true,"href":"https:\/\/www.ruiqigo.com\/sv\/wp-json\/wp\/v2\/products?post=336"}],"curies":[{"name":"wp","href":"https:\/\/api.w.org\/{rel}","templated":true}]}}