{"id":3386,"date":"2025-05-15T14:17:15","date_gmt":"2025-05-15T06:17:15","guid":{"rendered":"https:\/\/www.ruiqigo.com\/?post_type=product&#038;p=3386"},"modified":"2025-05-15T14:17:15","modified_gmt":"2025-05-15T06:17:15","slug":"dark-circle-eye-cream","status":"publish","type":"product","link":"https:\/\/www.ruiqigo.com\/sv\/product\/dark-circle-eye-cream","title":{"rendered":"\u00d6gonkr\u00e4m f\u00f6r m\u00f6rka ringar"},"content":{"rendered":"<h2 class=\"wp-block-heading\">Tillverkning av \u00f6gonkr\u00e4m f\u00f6r m\u00f6rka ringar Vanliga formler<\/h2>\n\n\n\n<p>3TOP \u00e4r en professionell tillverkare av \u00f6gonkr\u00e4mer f\u00f6r m\u00f6rka ringar. Vi insisterar p\u00e5 att anv\u00e4nda s\u00e4kra och milda, h\u00f6gaktiva ingredienser, som \u00e4r speciellt utformade f\u00f6r att minska m\u00f6rka ringar, ljusa upp hudtonen och f\u00f6rb\u00e4ttra p\u00e5sar under \u00f6gonen. Den reparerar huden runt \u00f6gonen f\u00f6r \u00f6gonproblem som pigmentering och d\u00e5lig blodcirkulation, och f\u00f6rb\u00e4ttrar ljusstyrka och fasthet.<\/p>\n\n\n\n<p>1. <strong>Niacinamid: <\/strong>Som den aktiva formen av vitamin B3 kan niacinamid h\u00e4mma melanintransport, ljusa upp pigmenterade m\u00f6rka ringar och st\u00e4rka hudbarri\u00e4ren. L\u00e5ngvarig anv\u00e4ndning kan ljusa upp huden runt \u00f6gonen och f\u00f6rb\u00e4ttra hudens \u00f6vergripande struktur.<\/p>\n\n\n\n<p>2. <strong>Koffein:<\/strong> Koffein kan fr\u00e4mja blodcirkulationen runt \u00f6gonen och minska \u00f6dem, vilket effektivt kan f\u00f6rb\u00e4ttra m\u00f6rka ringar under \u00f6gonen. Det kan ocks\u00e5 f\u00f6rb\u00e4ttra cellmetabolismen, bidra till att ljusa upp gl\u00e5mig hud och f\u00e5 \u00f6gonen att se mer energiska ut.<\/p>\n\n\n\n<p>3. <strong>C-vitaminderivat: <\/strong>C-vitaminderivat kan varsamt ge huden runt \u00f6gonen ljusare f\u00e4rg, fr\u00e4mja kollagensyntes samtidigt som de motverkar oxidation, f\u00f6rb\u00e4ttra gl\u00e5mighet och tr\u00f6tthet samt f\u00f6rb\u00e4ttra hudens glans.<\/p>\n\n\n\n<p>4. <strong>Tetrapeptider:<\/strong> Tetrapeptider kan stimulera kollagensyntesen, f\u00f6rb\u00e4ttra elasticiteten i \u00f6gonhuden och minska rynkor och h\u00e4ngighet orsakad av \u00e5ldrande. Det kan ocks\u00e5 bidra till att bromsa hudinflammation, vilket g\u00f6r huden runt \u00f6gonen fastare och yngre.<\/p>\n\n\n\n<h2 class=\"wp-block-heading\">Funktionerna hos \u00f6gonkr\u00e4m mot m\u00f6rka ringar<\/h2>\n\n\n\n<p>1. <strong>L\u00e5ngvarig \u00e5terfuktning och vattenl\u00e5sning: <\/strong>Dark Circle Eye Cream inneh\u00e5ller hyaluronsyra och flera \u00e5terfuktande ingredienser, som kan \u00e5terfukta huden runt \u00f6gonen under l\u00e5ng tid, f\u00f6rhindra bildandet av torra linjer och h\u00e5lla \u00f6gonen \u00e5terfuktade och fylliga.<\/p>\n\n\n\n<p>2. <strong>Snabb absorption:<\/strong> Dark Circle Eye Cream har en l\u00e4tt kr\u00e4mig konsistens som absorberas l\u00e4tt och snabbt kan tr\u00e4nga in i huden runt \u00f6gonen. Den \u00e4r inte fet och passar f\u00f6r anv\u00e4ndning under dagen eller f\u00f6re smink, utan att p\u00e5verka sminken.<\/p>\n\n\n\n<p>3. <strong>Skonsam och icke-irriterande: <\/strong>V\u00e5r \u00f6gonkr\u00e4m f\u00f6r m\u00f6rka ringar inneh\u00e5ller ingen doft eller alkohol, och ingredienserna \u00e4r milda, s\u00e5 den kan anv\u00e4ndas av personer med k\u00e4nslig hud och gravida kvinnor. Produkten har testats f\u00f6r s\u00e4kerhet mot \u00f6gon och hud f\u00f6r att s\u00e4kerst\u00e4lla att den inte orsakar irritation eller obehag vid daglig anv\u00e4ndning.<\/p>\n\n\n\n<p>4. <strong>Flera funktioner: <\/strong>F\u00f6rutom sina m\u00e5nga funktioner, som att uppstrama, lugna och antioxidera, kan \u00f6gonkr\u00e4m mot m\u00f6rka ringar \u00e4ven l\u00f6sa m\u00e5nga \u00f6gonproblem, s\u00e5som att bleka m\u00f6rka ringar och bromsa fina linjer. En produkt, flera funktioner, f\u00f6rb\u00e4ttrar den \u00f6vergripande hudv\u00e5rdseffektiviteten.<\/p>\n\n\n\n<h2 class=\"wp-block-heading\">Hur man anv\u00e4nder \u00f6gonkr\u00e4m f\u00f6r m\u00f6rka ringar<\/h2>\n\n\n\n<p>Korrekt anv\u00e4ndning av \u00f6gonkr\u00e4m mot m\u00f6rka ringar kan avsev\u00e4rt f\u00f6rb\u00e4ttra dess absorptionsf\u00f6rm\u00e5ga och minska effekten av m\u00f6rka ringar.<\/p>\n\n\n\n<p>1. Anv\u00e4nd ett ansiktsvatten efter reng\u00f6ring f\u00f6r att \u00e5terfukta huden och \u00e5terfukta den.<\/p>\n\n\n\n<p>2. Ta ut en l\u00e4mplig m\u00e4ngd \u00f6gonkr\u00e4m och applicera den under \u00f6gonen, i \u00f6gonviparna och p\u00e5 \u00f6gonbrynsbenet.<\/p>\n\n\n\n<p>3. Anv\u00e4nd ringfingret f\u00f6r att f\u00f6rsiktigt klappa tills det har absorberats och undvik att dra i huden, vilket kommer att f\u00e5 huden att slappna av. Om den anv\u00e4nds med en \u00f6gonmassageapparat blir effekten b\u00e4ttre.<\/p>\n\n\n\n<p><strong>Rekommendation:<\/strong> Anv\u00e4nd en g\u00e5ng morgon och kv\u00e4ll varje dag, med milda massagetekniker, s\u00e5 att ingredienserna b\u00e4ttre kan tr\u00e4nga in i hudens underlag och aktivera \u00f6gonens mikrocirkulation.<\/p>\n\n\n\n<h2 class=\"wp-block-heading\">F\u00f6rsiktighet<\/h2>\n\n\n\n<p>1. <strong>\u00d6gonmassage b\u00f6r vara m\u00e5ttlig: <\/strong>Massagen b\u00f6r vara mild, undvik h\u00e5rda dragningar f\u00f6r att inte irritera det \u00f6mt\u00e5liga omr\u00e5det runt \u00f6gonen och orsaka negativa effekter.<\/p>\n\n\n\n<p>2. <strong>Undvik direktkontakt med \u00f6gongloben: <\/strong>Undvik omr\u00e5det runt \u00f6gongloben och \u00f6gonfransroten n\u00e4r du anv\u00e4nder \u00f6gonkr\u00e4m. Om det av misstag kommer i kontakt med \u00f6gonen, sk\u00f6lj omedelbart med rent vatten.<\/p>\n\n\n\n<p>3. <strong>Utf\u00f6r ett k\u00e4nslighetstest vid f\u00f6rsta anv\u00e4ndningen: <\/strong>Det rekommenderas att prova det bakom \u00f6ronen eller runt \u00f6gonen i 24 timmar, och sedan anv\u00e4nda det normalt efter att ha bekr\u00e4ftat att det inte finns n\u00e5gon irritation.<\/p>\n\n\n\n<p>4. <strong>Anv\u00e4nd med solskyddsmedel: <\/strong>Efter anv\u00e4ndning av denna produkt rekommenderas det att anv\u00e4nda solskyddsmedel f\u00f6r att f\u00f6rhindra att ultravioletta str\u00e5lar f\u00f6rv\u00e4rrar pigmentavlagringar och f\u00f6rb\u00e4ttra effekten av att blekna m\u00f6rka ringar.<\/p>\n\n\n\n<h2 class=\"wp-block-heading\">Slutsats<\/h2>\n\n\n\n<p>Dark Circle Eye Cream \u00e4r en mycket effektiv hudv\u00e5rdsprodukt speciellt utvecklad f\u00f6r \u00f6gonproblem. Den kombinerar flera aktiva ingredienser f\u00f6r att fokusera p\u00e5 att minska m\u00f6rka ringar, strama upp huden under \u00f6gonen och f\u00f6rb\u00e4ttra svullnader under \u00f6gonen. Den har en mild konsistens och absorberas snabbt, \u00e4r l\u00e4mplig f\u00f6r personer med alla hudtyper och har en bra balans mellan effekt och hudk\u00e4nsla. 3TOP st\u00f6der produktanpassning f\u00f6r att hj\u00e4lpa kunder att skapa differentierad konkurrenskraft och m\u00f6ta de exakta behoven p\u00e5 olika marknader.<\/p>","protected":false},"excerpt":{"rendered":"Dark Circle Eye Cream Manufacturing Common Formulas 3TOP is a professional dark circle eye cream manufacturer. We insist on using safe and mild, highly active ingredients, which are specially designed to reduce dark circles, brighten skin tone, and improve eye bags. It repairs the skin around the eyes for eye problems such as pigmentation and [&hellip;]","protected":false},"featured_media":3387,"menu_order":0,"template":"","meta":[],"product-tag":[],"products":[162],"class_list":["post-3386","product","type-product","status-publish","has-post-thumbnail","hentry","products-eye-cream"],"acf":[],"_links":{"self":[{"href":"https:\/\/www.ruiqigo.com\/sv\/wp-json\/wp\/v2\/product\/3386","targetHints":{"allow":["GET"]}}],"collection":[{"href":"https:\/\/www.ruiqigo.com\/sv\/wp-json\/wp\/v2\/product"}],"about":[{"href":"https:\/\/www.ruiqigo.com\/sv\/wp-json\/wp\/v2\/types\/product"}],"version-history":[{"count":0,"href":"https:\/\/www.ruiqigo.com\/sv\/wp-json\/wp\/v2\/product\/3386\/revisions"}],"wp:featuredmedia":[{"embeddable":true,"href":"https:\/\/www.ruiqigo.com\/sv\/wp-json\/wp\/v2\/media\/3387"}],"wp:attachment":[{"href":"https:\/\/www.ruiqigo.com\/sv\/wp-json\/wp\/v2\/media?parent=3386"}],"wp:term":[{"taxonomy":"product-tag","embeddable":true,"href":"https:\/\/www.ruiqigo.com\/sv\/wp-json\/wp\/v2\/product-tag?post=3386"},{"taxonomy":"products","embeddable":true,"href":"https:\/\/www.ruiqigo.com\/sv\/wp-json\/wp\/v2\/products?post=3386"}],"curies":[{"name":"wp","href":"https:\/\/api.w.org\/{rel}","templated":true}]}}