{"id":3392,"date":"2025-05-15T14:18:35","date_gmt":"2025-05-15T06:18:35","guid":{"rendered":"https:\/\/www.ruiqigo.com\/?post_type=product&#038;p=3392"},"modified":"2025-05-15T14:18:36","modified_gmt":"2025-05-15T06:18:36","slug":"collagen-eye-mask","status":"publish","type":"product","link":"https:\/\/www.ruiqigo.com\/sv\/product\/collagen-eye-mask","title":{"rendered":"Kollagen \u00f6gonmask"},"content":{"rendered":"<h2 class=\"wp-block-heading\">Tillverkning av kollagen\u00f6gonmasker Vanliga formler<\/h2>\n\n\n\n<p>Som en professionell tillverkare av kollagen\u00f6gonmasker v\u00e4ljer vi aktiva ingredienser som hydrolyserat kollagen med h\u00f6g renhet, natriumhyaluronat och C-vitaminderivat f\u00f6r att strama upp huden runt \u00f6gonen, bleka m\u00f6rka ringar, sl\u00e4ta ut fina linjer och ge l\u00e5ngvariga \u00e5terfuktande och lugnande effekter p\u00e5 \u00f6gonen.<\/p>\n\n\n\n<p>1.<strong> Hydrolyserat kollagen:<\/strong> Hydrolyserat kollagen fr\u00e4mjar regenereringen av hudens elastin, f\u00f6rb\u00e4ttrar fastheten i \u00f6gonomr\u00e5det, minskar fina linjer och h\u00e4ngighet runt \u00f6gonen och g\u00f6r huden runt \u00f6gonen yngre och fylligare.<\/p>\n\n\n\n<p>2. <strong>Natriumhyaluronat: <\/strong>Natriumhyaluronat \u00e4r en mycket effektiv \u00e5terfuktande ingrediens som snabbt kan \u00e5terfukta \u00f6gonomr\u00e5det, lindra torrhet runt \u00f6gonen, reparera hudbarri\u00e4ren och f\u00f6rb\u00e4ttra produktens komfort under anv\u00e4ndning samt den l\u00e5ngsiktiga \u00e5terfuktande och vattenl\u00e5sande effekten.<\/p>\n\n\n\n<p>3. <strong>C-vitaminderivat: <\/strong>C-vitaminderivat \u00e4r milda och stabila vitg\u00f6rande faktorer som effektivt kan h\u00e4mma produktionen av melanin, ljusa upp \u00f6gonens hudton och f\u00f6rb\u00e4ttra pigmenteringsliknande m\u00f6rka ringar.<\/p>\n\n\n\n<p>4. <strong>Koffein: <\/strong>Koffein kan p\u00e5skynda blodcirkulationen runt \u00f6gonen, hj\u00e4lpa till att lindra svullnader och m\u00f6rka ringar under \u00f6gonen, och g\u00f6ra huden runt \u00f6gonen mer uppfriskad.<\/p>\n\n\n\n<p>5. <strong>Trollhasselextrakt:<\/strong> Den har en lugnande och sammandragande effekt, kan hj\u00e4lpa till att lugna huden runt \u00f6gonen, minska rodnad och svullnad, och \u00e4r l\u00e4mplig f\u00f6r personer med k\u00e4nslig hud.<\/p>\n\n\n\n<h2 class=\"wp-block-heading\">Funktionerna hos kollagen\u00f6gonmask<\/h2>\n\n\n\n<p>1. <strong>Kall kompress och lugnande dubbel effekt i ett:<\/strong> Kollagen\u00f6gonmasken \u00e4r tillverkad av hydrogelmaterial, vilket inte bara \u00e4r mycket passformigt och l\u00e4tt att b\u00e4ra, utan ocks\u00e5 kontinuerligt kan kylas ner och lindra \u00f6gontr\u00f6tthet under anv\u00e4ndning, vilket uppn\u00e5r de dubbla effekterna av kall kompress och lugnande.<\/p>\n\n\n\n<p>2. <strong>Snabb reparation, snabb effekt: <\/strong>Kollagen\u00f6gonmasken har en snabb effekt efter anv\u00e4ndning. Det tar bara 15 minuter att k\u00e4nna att \u00e5terfuktningsgraden runt \u00f6gonen f\u00f6rb\u00e4ttras avsev\u00e4rt. Den \u00e4r ett perfekt val f\u00f6r \u00e5terfuktningsperioder, till exempel efter att ha varit uppe sent och f\u00f6re makeup.<\/p>\n\n\n\n<p>3. <strong>H\u00f6g penetrations- och absorptionseffektivitet: <\/strong>V\u00e5r kollagen\u00f6gonmask \u00e4r mjuk och mycket vidh\u00e4ftande. Den glider inte av l\u00e4tt n\u00e4r den appliceras p\u00e5 huden runt \u00f6gonen. N\u00e4r den anv\u00e4nds med mild massage kan den fr\u00e4mja absorptionen av viktiga ingredienser och \u00f6ka penetrationshastigheten.<\/p>\n\n\n\n<p>4. <strong>En patch med flera effekter:<\/strong> Kollagen\u00f6gonmasken riktar sig inte bara mot m\u00f6rka ringar utan lindrar samtidigt problem som fina linjer och p\u00e5sar under \u00f6gonen, vilket f\u00f6rst\u00e4rker \u00f6gonomr\u00e5dets ungdomliga utseende.<\/p>\n\n\n\n<h2 class=\"wp-block-heading\">Hur man anv\u00e4nder kollagen\u00f6gonmask<\/h2>\n\n\n\n<p>Kollagen\u00f6gonmasken \u00e4r enkel att anv\u00e4nda och effektiv, vilket g\u00f6r den perfekt f\u00f6r daglig hudv\u00e5rd och v\u00e5rd f\u00f6re makeup. Vi rekommenderar att anv\u00e4nda den efter reng\u00f6ring f\u00f6r att maximera \u00f6gonmaskens \u00e5terfuktande och uppstramande effekt.<\/p>\n\n\n\n<p>1. <strong>Reng\u00f6r \u00f6gonomr\u00e5det: <\/strong>Anv\u00e4nd en mild reng\u00f6ring f\u00f6r att noggrant reng\u00f6ra ansiktet och se till att det inte finns n\u00e5gra oljor eller sminkrester runt \u00f6gonen.<\/p>\n\n\n\n<p>2. <strong>Ta bort \u00f6gonmasken: <\/strong>Efter att du har \u00f6ppnat f\u00f6rpackningen, ta f\u00f6rsiktigt bort \u00f6gonmasken f\u00f6r att undvika att dra h\u00e5rt i den och deformera den.<\/p>\n\n\n\n<p>3. <strong>Applicera p\u00e5 \u00f6gonen:<\/strong> Applicera f\u00f6rsiktigt \u00f6gonmasken p\u00e5 omr\u00e5det med p\u00e5sar under \u00f6gonen och justera den s\u00e5 att den passar.<\/p>\n\n\n\n<p>4. <strong>V\u00e4nta i 10\u201320 minuter: <\/strong>V\u00e4nta tills \u00f6gonhuden har absorberat essensen i \u00f6gonmasken.<\/p>\n\n\n\n<p>5. <strong>Ta bort och massera:<\/strong> Ta bort \u00f6gonmasken fr\u00e5n \u00f6gonen och klappa \u00f6gonomr\u00e5det med ringfingret f\u00f6r att absorbera den \u00e5terst\u00e5ende essensen.<\/p>\n\n\n\n<h2 class=\"wp-block-heading\">F\u00f6rsiktighet<\/h2>\n\n\n\n<p>1. <strong>Undvik direktkontakt med \u00f6gonen:<\/strong> Undvik \u00f6gonlocken och \u00f6gonfransr\u00f6tterna vid anv\u00e4ndning f\u00f6r att f\u00f6rhindra att essensen kommer in i \u00f6gonen. Om den av misstag kommer in i \u00f6gonen, sk\u00f6lj omedelbart med rent vatten.<\/p>\n\n\n\n<p>2. <strong>Anv\u00e4nd inte med starka \u00f6gonessenser:<\/strong> F\u00f6r att undvika \u00f6verlappande irritation eller p\u00e5verkan p\u00e5 absorptionen, undvik att anv\u00e4nda denna produkt tillsammans med h\u00f6gaktiva produkter som fruktsyra och retinol.<\/p>\n\n\n\n<p>3. <strong>G\u00f6r ett lokalt test f\u00f6re f\u00f6rsta anv\u00e4ndningen: <\/strong>\u00c4ven om formulan f\u00f6r kollagen\u00f6gonmasken \u00e4r mild rekommenderar vi \u00e4nd\u00e5 att testa bakom \u00f6rat eller handleden f\u00f6re f\u00f6rsta anv\u00e4ndningen f\u00f6r att s\u00e4kerst\u00e4lla att den inte irriterar.<\/p>\n\n\n\n<p>4. <strong>F\u00f6rvara svalt och torrt:<\/strong> H\u00f6g temperatur och solljus kan p\u00e5verka gelens konsistens och de aktiva ingrediensernas stabilitet. Det rekommenderas att undvika direkt solljus och f\u00f6rvara p\u00e5 en sval och torr plats.<\/p>\n\n\n\n<h2 class=\"wp-block-heading\">Slutsats<\/h2>\n\n\n\n<p>Kollagen\u00f6gonmask \u00e4r en popul\u00e4r \u00f6gonv\u00e5rdsprodukt med sin kombination av mycket effektiva och skonsamma aktiva ingredienser, behaglig konsistens och flera funktioner. Oavsett om den anv\u00e4nds f\u00f6r daglig reparation eller f\u00f6rsta hj\u00e4lpen f\u00f6re makeup, kan den sticka ut med sina betydande effekter och goda anv\u00e4ndarupplevelse.<\/p>","protected":false},"excerpt":{"rendered":"Collagen Eye Mask Manufacturing Common Formulas As a professional collagen eye mask manufacturer, we select active ingredients such as high-purity hydrolyzed collagen, sodium hyaluronate, and vitamin C derivatives to help tighten the skin around the eyes, fade dark circles, smooth fine lines, and bring long-lasting moisturizing and soothing effects to the eyes. 1. Hydrolyzed collagen: [&hellip;]","protected":false},"featured_media":3393,"menu_order":0,"template":"","meta":[],"product-tag":[],"products":[163],"class_list":["post-3392","product","type-product","status-publish","has-post-thumbnail","hentry","products-eye-mask"],"acf":[],"_links":{"self":[{"href":"https:\/\/www.ruiqigo.com\/sv\/wp-json\/wp\/v2\/product\/3392","targetHints":{"allow":["GET"]}}],"collection":[{"href":"https:\/\/www.ruiqigo.com\/sv\/wp-json\/wp\/v2\/product"}],"about":[{"href":"https:\/\/www.ruiqigo.com\/sv\/wp-json\/wp\/v2\/types\/product"}],"version-history":[{"count":0,"href":"https:\/\/www.ruiqigo.com\/sv\/wp-json\/wp\/v2\/product\/3392\/revisions"}],"wp:featuredmedia":[{"embeddable":true,"href":"https:\/\/www.ruiqigo.com\/sv\/wp-json\/wp\/v2\/media\/3393"}],"wp:attachment":[{"href":"https:\/\/www.ruiqigo.com\/sv\/wp-json\/wp\/v2\/media?parent=3392"}],"wp:term":[{"taxonomy":"product-tag","embeddable":true,"href":"https:\/\/www.ruiqigo.com\/sv\/wp-json\/wp\/v2\/product-tag?post=3392"},{"taxonomy":"products","embeddable":true,"href":"https:\/\/www.ruiqigo.com\/sv\/wp-json\/wp\/v2\/products?post=3392"}],"curies":[{"name":"wp","href":"https:\/\/api.w.org\/{rel}","templated":true}]}}