{"id":3400,"date":"2025-05-15T14:19:58","date_gmt":"2025-05-15T06:19:58","guid":{"rendered":"https:\/\/www.ruiqigo.com\/?post_type=product&#038;p=3400"},"modified":"2025-05-15T14:19:58","modified_gmt":"2025-05-15T06:19:58","slug":"brightening-ampoule","status":"publish","type":"product","link":"https:\/\/www.ruiqigo.com\/sv\/product\/brightening-ampoule","title":{"rendered":"Ljusg\u00f6rande ampull"},"content":{"rendered":"<h2 class=\"wp-block-heading\">Tillverkning av ljusande ampuller Vanliga formler<\/h2>\n\n\n\n<p>Den uppljusande ampullformulan anv\u00e4nder flera hudblekningsfaktorer s\u00e5som h\u00f6gren niacinamid, tranexaminsyra, arbutin och natriumhyaluronat. Genom stabil teknologi och mogna processer hj\u00e4lper den till att ljusa upp matt hud, ge huden en ljusare hudton och ge huden en ljus och transparent k\u00e4nsla.<\/p>\n\n\n\n<p>1. <strong>Niacinamid:<\/strong> Niacinamid \u00e4r en vitg\u00f6rande ingrediens med bredspektrum som har utm\u00e4rkta funktioner f\u00f6r att h\u00e4mma melanintransport och kan \u00e4ven f\u00f6rb\u00e4ttra hudbarri\u00e4ren. Den \u00e4r mild och icke-irriterande och \u00e4r en effektiv ingrediens f\u00f6r att f\u00f6rb\u00e4ttra olika problem med matt hud.<\/p>\n\n\n\n<p>2. <strong>Tranexaminsyra:<\/strong> Tranexaminsyra kan h\u00e4mma pigmentering orsakad av ultravioletta str\u00e5lar, bleka fl\u00e4ckar och aknem\u00e4rken och har antiinflammatoriska effekter. Den \u00e4r mycket l\u00e4mplig f\u00f6r k\u00e4nslig hud. Den reparerar huden samtidigt som den ljusar upp hudtonen och f\u00f6rebygger pigmentering.<\/p>\n\n\n\n<p>3. <strong>Arbutin: <\/strong>Arbutin \u00e4r en s\u00e4ker och mild vitg\u00f6rande ingrediens som effektivt kan minska produktionen av melanin och f\u00f6rhindra gl\u00e5mig hudton genom att h\u00e4mma aktiviteten hos tyrosinas. Den \u00e4r mycket stabil och l\u00e4mplig f\u00f6r l\u00e5ngvarig anv\u00e4ndning. Den kan hj\u00e4lpa till att j\u00e4mna ut hudtonen och f\u00f6rb\u00e4ttra hudens lyster.<\/p>\n\n\n\n<p>4. <strong>Natriumhyaluronat: <\/strong>Som en klassisk \u00e5terfuktande ingrediens kan natriumhyaluronat effektivt l\u00e5sa in fukt, \u00f6ka hudens fukthalt, f\u00f6rb\u00e4ttra penetrationseffektiviteten hos vitare ingredienser och f\u00f6rb\u00e4ttra hudkomforten, samt h\u00e5lla huden \u00e5terfuktad samtidigt som den blir ljusare.<\/p>\n\n\n\n<p>5. <strong>Glutation: <\/strong>Glutation \u00e4r en kraftfull antioxidant som ofta anv\u00e4nds i hudv\u00e5rd f\u00f6r att minska melaninbildning. Det kan neutralisera fria radikaler, fr\u00e4mja cellmetabolism, hj\u00e4lpa huden att utstr\u00e5la ljus inifr\u00e5n och ut och f\u00f6rdr\u00f6ja hudens \u00e5ldrande.<\/p>\n\n\n\n<h2 class=\"wp-block-heading\">Funktionerna hos en ljusande ampulle<\/h2>\n\n\n\n<p>1. <strong>H\u00f6gkoncentrerad essens: <\/strong>Den uppljusande ampullen anv\u00e4nder en h\u00f6gkoncentrerad aktiv essenstextur som har stark penetration och snabbt n\u00e5r hudens djup. Den kan snabbt f\u00f6rb\u00e4ttra en gl\u00e5mig och tr\u00f6tt hudton p\u00e5 kort tid och \u00e4r l\u00e4mplig f\u00f6r att v\u00e4cka huden eller reparera hudens v\u00e5rd.<\/p>\n\n\n\n<p>2. <strong>L\u00e4mplig f\u00f6r en m\u00e4ngd olika hudtyper:<\/strong> Den uppljusande ampullen inneh\u00e5ller varken irriterande ingredienser eller alkohol, har en uppfriskande och icke-klibbig konsistens, stark \u00e5terfuktande kraft och \u00e4r l\u00e4mplig f\u00f6r torr, fet och k\u00e4nslig hud. Den kan anv\u00e4ndas alla \u00e5rstider.<\/p>\n\n\n\n<p>3. <strong>Ren och l\u00e4tt konsistens: <\/strong>Den ljusnande ampullen har en transparent och ren konsistens. Den blir inte vit eller tjocknar efter anv\u00e4ndning, och den \u00e4r inte l\u00e4tt att gnugga bort lera n\u00e4r man applicerar smink, vilket inte p\u00e5verkar efterf\u00f6ljande hudv\u00e5rd eller smink.<\/p>\n\n\n\n<p>4. <strong>L\u00e4mplig att anv\u00e4nda med en m\u00e4ngd olika hudv\u00e5rdsprodukter: <\/strong>Den uppljusande ampullen kan anv\u00e4ndas ensam eller med sk\u00f6nhetsutrustning som sk\u00f6nhetsinstrument och kallsprayinstrument f\u00f6r att f\u00f6rb\u00e4ttra absorptionseffektiviteten. Den \u00e4r inte bara l\u00e4mplig f\u00f6r hemv\u00e5rd utan \u00e4ven f\u00f6r sk\u00f6nhetssalonger.<\/p>\n\n\n\n<h2 class=\"wp-block-heading\">Hur man anv\u00e4nder en uppljusande ampull<\/h2>\n\n\n\n<p>Den uppljusande ampullen \u00e4r l\u00e4tt att anv\u00e4nda och rekommenderas att anv\u00e4ndas efter toner och f\u00f6re kr\u00e4m.<\/p>\n\n\n\n<p>1. Anv\u00e4nd ett ansiktsvatten efter reng\u00f6ring f\u00f6r att \u00e5terfukta huden.<\/p>\n\n\n\n<p>2. \u00d6ppna den uppljusande ampullen och droppa essensen i handflatan eller applicera den direkt i ansiktet.<\/p>\n\n\n\n<p>3. Gnugga och klappa f\u00f6rsiktigt med fingertopparna f\u00f6r att hj\u00e4lpa huden att absorbera essensen.<\/p>\n\n\n\n<p>4. Efter absorption, anv\u00e4nd lotion eller kr\u00e4m f\u00f6r att \u00e5terfukta och bevara fukten.<\/p>\n\n\n\n<p><strong>Rekommendation: <\/strong>Anv\u00e4nd en g\u00e5ng p\u00e5 morgonen och en g\u00e5ng p\u00e5 kv\u00e4llen.<\/p>\n\n\n\n<h2 class=\"wp-block-heading\">F\u00f6rsiktighet<\/h2>\n\n\n\n<p>1. <strong>G\u00f6r ett hudtest f\u00f6re f\u00f6rsta anv\u00e4ndningen:<\/strong> Eftersom ingredienserna i de koncentrerade essenserna \u00e4r mycket aktiva rekommenderas det att f\u00f6rstag\u00e5ngsanv\u00e4ndare utf\u00f6r ett hudtest bakom \u00f6ronen eller l\u00e4ngs k\u00e4klinjen f\u00f6r att bekr\u00e4fta att det inte finns n\u00e5got obehag innan de anv\u00e4nder produkten i hela ansiktet.<\/p>\n\n\n\n<p>2. <strong>Undvik att anv\u00e4nda med starka syraprodukter: <\/strong>Den uppljusande ampullen inneh\u00e5ller aktiva vitare ingredienser. Undvik att anv\u00e4nda den tillsammans med fruktsyra- eller A-syraprodukter f\u00f6r att undvika att belasta hudbarri\u00e4ren.<\/p>\n\n\n\n<p>3. <strong>Var uppm\u00e4rksam p\u00e5 solskydd efter anv\u00e4ndning: <\/strong>Ljusg\u00f6rande produkter kan bidra till att f\u00f6rb\u00e4ttra hudens transparens, men de \u00e4r ocks\u00e5 mer k\u00e4nsliga f\u00f6r ultravioletta str\u00e5lar. Anv\u00e4nd solskyddsmedel med h\u00f6g solskyddsfaktor efter att du anv\u00e4nt produkten f\u00f6r att undvika att den blir m\u00f6rkare.<\/p>\n\n\n\n<p>4. <strong>Anv\u00e4nd inte p\u00e5 skadade eller inflammerade omr\u00e5den:<\/strong> Om det finns uppenbara s\u00e5r eller inflammation i ansiktet, undvik att anv\u00e4nda denna produkt f\u00f6r att undvika obehag eller p\u00e5verka \u00e5terh\u00e4mtningen.<\/p>\n\n\n\n<p>5. <strong>F\u00f6rvara p\u00e5 en m\u00f6rk plats: <\/strong>F\u00f6r att bibeh\u00e5lla b\u00e4sta reparationseffekt, f\u00f6rvara produkten p\u00e5 en sval och torr plats, skyddad fr\u00e5n ljus.<\/p>\n\n\n\n<h2 class=\"wp-block-heading\">Slutsats<\/h2>\n\n\n\n<p>Brightening Ampull sticker ut bland m\u00e5nga hudv\u00e5rdsprodukter med sin h\u00f6gaktiva formula och h\u00f6geffektiva ljusg\u00f6rande effekt. Produkten kombinerar vetenskapliga och skonsamma ingredienser f\u00f6r att s\u00e4kerst\u00e4lla s\u00e4ker anv\u00e4ndning och stabil effekt, samtidigt som den f\u00f6rb\u00e4ttrar anv\u00e4ndarens hudk\u00e4nsla. Oavsett om den anv\u00e4nds som en ljusg\u00f6rande v\u00e5rd i daglig hudv\u00e5rd eller ett hudljusande projekt i en sk\u00f6nhetssalong, \u00e4r den ett bra val.<\/p>","protected":false},"excerpt":{"rendered":"Brightening Ampoule Manufacturing Common Formulas The brightening ampoule formula uses multiple skin-lightening factors such as high-purity niacinamide, tranexamic acid, arbutin and sodium hyaluronate. Through stable technology and mature processes, it helps to lighten dullness, brighten skin tone, and bring a bright and transparent feeling to the skin. 1. Niacinamide: Niacinamide is a broad-spectrum whitening ingredient [&hellip;]","protected":false},"featured_media":3401,"menu_order":0,"template":"","meta":[],"product-tag":[],"products":[171],"class_list":["post-3400","product","type-product","status-publish","has-post-thumbnail","hentry","products-ampoule"],"acf":[],"_links":{"self":[{"href":"https:\/\/www.ruiqigo.com\/sv\/wp-json\/wp\/v2\/product\/3400","targetHints":{"allow":["GET"]}}],"collection":[{"href":"https:\/\/www.ruiqigo.com\/sv\/wp-json\/wp\/v2\/product"}],"about":[{"href":"https:\/\/www.ruiqigo.com\/sv\/wp-json\/wp\/v2\/types\/product"}],"version-history":[{"count":0,"href":"https:\/\/www.ruiqigo.com\/sv\/wp-json\/wp\/v2\/product\/3400\/revisions"}],"wp:featuredmedia":[{"embeddable":true,"href":"https:\/\/www.ruiqigo.com\/sv\/wp-json\/wp\/v2\/media\/3401"}],"wp:attachment":[{"href":"https:\/\/www.ruiqigo.com\/sv\/wp-json\/wp\/v2\/media?parent=3400"}],"wp:term":[{"taxonomy":"product-tag","embeddable":true,"href":"https:\/\/www.ruiqigo.com\/sv\/wp-json\/wp\/v2\/product-tag?post=3400"},{"taxonomy":"products","embeddable":true,"href":"https:\/\/www.ruiqigo.com\/sv\/wp-json\/wp\/v2\/products?post=3400"}],"curies":[{"name":"wp","href":"https:\/\/api.w.org\/{rel}","templated":true}]}}