{"id":3453,"date":"2025-05-21T10:12:35","date_gmt":"2025-05-21T02:12:35","guid":{"rendered":"https:\/\/www.ruiqigo.com\/?post_type=product&#038;p=3453"},"modified":"2025-05-21T10:12:35","modified_gmt":"2025-05-21T02:12:35","slug":"oral-care-kit","status":"publish","type":"product","link":"https:\/\/www.ruiqigo.com\/sv\/product\/oral-care-kit","title":{"rendered":"Munv\u00e5rdskit"},"content":{"rendered":"<h2 class=\"wp-block-heading\">Funktioner i munv\u00e5rdskitet<\/h2>\n\n\n\n<p>Munv\u00e5rdskitet integrerar en m\u00e4ngd olika grundl\u00e4ggande munreng\u00f6ringsverktyg, inklusive tandborstar, tandkr\u00e4m, tandtr\u00e5d etc. Kombinationen \u00e4r praktisk och kan tillgodose de dagliga behoven av omfattande munv\u00e5rd. Alla komponenter st\u00f6ds av livsmedelsklassade eller medicinskt s\u00e4kerhetsmaterial, som \u00e4r hygieniska och h\u00e4lsosamma och l\u00e4mpliga f\u00f6r l\u00e5ngvarig anv\u00e4ndning. F\u00f6rpackningen \u00e4r separat och bekv\u00e4m f\u00f6r f\u00f6rvaring.<\/p>\n\n\n\n<p><strong>1. En kombination av olika munv\u00e5rdsverktyg: <\/strong>Vanliga konfigurationer inkluderar tandborstar, tandkr\u00e4m, tandtr\u00e5d, munsk\u00f6lj, tungskrapor etc. Vissa set kan ocks\u00e5 anpassas f\u00f6r att l\u00e4gga till tillbeh\u00f6r som tandklisterm\u00e4rken och tandreng\u00f6ringsgel.<\/p>\n\n\n\n<p><strong>2. B\u00e4rbar f\u00f6rpackning: <\/strong>Munv\u00e5rdskit anv\u00e4nder vanligtvis b\u00e4rbara p\u00e5sar, f\u00f6rseglade p\u00e5sar eller separata f\u00f6rpackningar, vilket \u00e4r praktiskt f\u00f6r resor, aff\u00e4rsresor eller sjukhusvistelse.<\/p>\n\n\n\n<p><strong>3. Anpassa till olika munv\u00e5rdsbehov: <\/strong>Det finns m\u00e5nga verktyg utrustade. Oavsett om det g\u00e4ller enkel munv\u00e5rd eller djupreng\u00f6ring av munnen, kan munv\u00e5rdskit ge dig en bra upplevelse.<\/p>\n\n\n\n<p><strong>4. S\u00e4kerhet och hygien:<\/strong> Alla v\u00e5rdtillbeh\u00f6r \u00e4r av eng\u00e5ngs- eller \u00e5teranv\u00e4ndbara material men l\u00e4tta att reng\u00f6ra, s\u00e4kra och hygieniska, och uppfyller standarder och krav f\u00f6r medicinsk eller personlig v\u00e5rd.<\/p>\n\n\n\n<h2 class=\"wp-block-heading\">F\u00f6rdelar med munv\u00e5rdskit<\/h2>\n\n\n\n<p>Munv\u00e5rdskitet kan uppn\u00e5 noggrann reng\u00f6ring genom professionell matchning, t\u00e4ckning av t\u00e4nder, mellanrum mellan t\u00e4nderna, tungbel\u00e4ggning och blinda fl\u00e4ckar i munnen. Det \u00e4r mycket portabelt, praktiskt och hygieniskt, l\u00e4mpligt f\u00f6r daglig anv\u00e4ndning och f\u00f6r b\u00e4rning. Den \u00f6vergripande designen tar h\u00e4nsyn till b\u00e5de funktion och erfarenhet, vilket g\u00f6r det m\u00f6jligt f\u00f6r anv\u00e4ndare att uppn\u00e5 h\u00f6gkvalitativ munv\u00e5rd med enkel anv\u00e4ndning.<\/p>\n\n\n\n<p><strong>1. En upps\u00e4ttning f\u00f6r munv\u00e5rd: <\/strong>Munv\u00e5rdskitet inneh\u00e5ller grundl\u00e4ggande och kompletta munv\u00e5rdstillbeh\u00f6r, vilket sparar tid vid ink\u00f6p och \u00e4r mycket effektivt.<\/p>\n\n\n\n<p><strong>2. L\u00e4tt att b\u00e4ra:<\/strong> Den kan enkelt tas med p\u00e5 aff\u00e4rsresor, resor, sjukhusvistelser, utomhusaktiviteter etc. f\u00f6r att uppr\u00e4tth\u00e5lla din munhygien hela tiden och ge dig en komplett l\u00f6sning f\u00f6r munv\u00e5rd.<\/p>\n\n\n\n<p><strong>3. Kostnadsbesparing: <\/strong>J\u00e4mf\u00f6rt med traditionellt k\u00f6p av flera sk\u00f6tselverktyg individuellt, blir priset f\u00f6r hela upps\u00e4ttningen mer kostnadseffektivt, kostnaden l\u00e4gre och det blir mer kostnadseffektivt.<\/p>\n\n\n\n<p><strong>4. Hj\u00e4lper till att utveckla goda munvanor:<\/strong> Genom den integrerade kombinationen av munv\u00e5rdsverktyg \u00e4r det bra att inspirera anv\u00e4ndare att etablera dagliga munv\u00e5rdsvanor och fr\u00e4mja munhygien och h\u00e4lsa.<\/p>\n\n\n\n<h2 class=\"wp-block-heading\">M\u00e5lgrupp f\u00f6r munv\u00e5rdskit<\/h2>\n\n\n\n<p>Munv\u00e5rdskitet \u00e4r konfigurerat p\u00e5 olika s\u00e4tt beroende p\u00e5 olika \u00e5ldersgrupper och v\u00e5rdbehov. Barnversionen betonar s\u00e4kerhet och skonsamhet, medan vuxenversionen fokuserar p\u00e5 reng\u00f6ringskraft och andningskontroll. Dessutom kan denna produkt \u00e4ven anpassas till tandst\u00e4llningsb\u00e4rare, postoperativa v\u00e5rdgivare etc., vilket g\u00f6r den till ett genomt\u00e4nkt val f\u00f6r alla typer av anv\u00e4ndare.<\/p>\n\n\n\n<p><strong>1. Personer som beh\u00f6ver daglig munv\u00e5rd:<\/strong> M\u00e4nniskor i alla \u00e5ldrar som beh\u00f6ver daglig munv\u00e5rd och str\u00e4var efter munh\u00e4lsa.<\/p>\n\n\n\n<p><strong>2. Barn och ungdomar: <\/strong>Modeller utformade speciellt f\u00f6r barns och ungdomars \u00f6mt\u00e5liga tandk\u00f6tt f\u00f6r att s\u00e4kerst\u00e4lla munh\u00e4lsan.<\/p>\n\n\n\n<p><strong>3. Ortodontister: <\/strong>Utrustad med interdentalborstar och tandtr\u00e5dsstift, l\u00e4mplig f\u00f6r personer som genomg\u00e5r oral korrigering och b\u00e4r tandst\u00e4llning.<\/p>\n\n\n\n<p><strong>4. Personer som reser i aff\u00e4rer: <\/strong>Du kan ta med dig ett b\u00e4rbart munv\u00e5rdskit n\u00e4r du reser i aff\u00e4rer.<\/p>\n\n\n\n<h2 class=\"wp-block-heading\">Anv\u00e4ndningsomr\u00e5den f\u00f6r munv\u00e5rdskit<\/h2>\n\n\n\n<p>Munv\u00e5rdskitet \u00e4r l\u00e4mpligt f\u00f6r flera olika livs- och arbetsscenarier, s\u00e5som daglig anv\u00e4ndning hemma, aff\u00e4rsresor, medicinska v\u00e5rdkit etc.<\/p>\n\n\n\n<p><strong>1. Munv\u00e5rd i hemmet: <\/strong>Anv\u00e4nd den varje morgon och kv\u00e4ll f\u00f6r att utveckla goda munvanor.<\/p>\n\n\n\n<p><strong>2. Viktiga saker f\u00f6r resor och aff\u00e4rsresor: <\/strong>l\u00e4tt att b\u00e4ra, oumb\u00e4rlig p\u00e5 resor.<\/p>\n\n\n\n<p><strong>3. Medicinsk v\u00e5rdkit: <\/strong>Det kan hj\u00e4lpa till att reng\u00f6ra munh\u00e5lan under postoperativ v\u00e5rd eller sjukhusvistelse f\u00f6r att f\u00f6rhindra bakteriell infektion.<\/p>\n\n\n\n<p><strong>4. F\u00f6retagsg\u00e5vor:<\/strong> Anv\u00e4nds ofta i f\u00f6retagsverksamhet inom h\u00e4lso- och sjukv\u00e5rdsbranschen.<\/p>\n\n\n\n<p><strong>5. Konfiguration av n\u00f6dsats: <\/strong>S\u00e4kerst\u00e4ll grundl\u00e4ggande munhygien vid r\u00e4ddningsinsatser eller utomhus\u00e4ventyr.<\/p>\n\n\n\n<h2 class=\"wp-block-heading\">S\u00e5 h\u00e4r anv\u00e4nder du munv\u00e5rdskitet<\/h2>\n\n\n\n<p>Munv\u00e5rdskitet \u00e4r mycket enkelt och intuitivt att anv\u00e4nda. Anv\u00e4ndare kan reng\u00f6ra munnens insida i sekvens enligt den dagliga munv\u00e5rdsprocessen f\u00f6r att slutf\u00f6ra hela v\u00e5rdprocessen.<\/p>\n\n\n\n<p><strong>1. Borsta t\u00e4nderna en g\u00e5ng p\u00e5 morgonen och en g\u00e5ng p\u00e5 kv\u00e4llen: <\/strong>Ta fram tandborsten och tandkr\u00e4men, krama ur en \u00e4rtstor m\u00e4ngd tandkr\u00e4m, borsta t\u00e4nderna p\u00e5 olika st\u00e4llen i 2\u20133 minuter och sk\u00f6lj munnen efter tandborstning.<\/p>\n\n\n\n<p><strong>2. Anv\u00e4nd tandtr\u00e5d eller tandtr\u00e5dspinne: <\/strong>F\u00f6r f\u00f6rsiktigt in den i mellanrummen mellan t\u00e4nderna och dra den l\u00e5ngsamt fram och tillbaka f\u00f6r att ta bort plack.<\/p>\n\n\n\n<p><strong>3. Anv\u00e4nd interdentalborstar (vid behov): <\/strong>F\u00f6r in den i mellanrummen mellan t\u00e4nderna f\u00f6r att reng\u00f6ra rester i st\u00f6rre utrymmen, vilket \u00e4r l\u00e4mpligt f\u00f6r personer med ortodontisk behandling eller de med bredare mellanrum mellan t\u00e4nderna.<\/p>\n\n\n\n<p><strong>4. Anv\u00e4nd en tungskrapa f\u00f6r att reng\u00f6ra tungbel\u00e4ggningen (vid behov): <\/strong>Skrapa f\u00f6rsiktigt bort smutsen p\u00e5 tungans yta inifr\u00e5n och ut f\u00f6r att friska upp andedr\u00e4kten.<\/p>\n\n\n\n<p><strong>5. Anv\u00e4nd munsk\u00f6lj: <\/strong>H\u00e4ll ut en l\u00e4mplig m\u00e4ngd munsk\u00f6lj, gurgla i 30 sekunder och spotta ut det, sk\u00f6lj inte med vatten.<\/p>\n\n\n\n<p><strong>Rekommendation: <\/strong>Byt regelbundet ut eng\u00e5ngstillbeh\u00f6r eller l\u00e4ttf\u00f6rbrukade tillbeh\u00f6r som tandborstar och tandtr\u00e5d i munv\u00e5rdskitet.<\/p>\n\n\n\n<h2 class=\"wp-block-heading\">Slutsats<\/h2>\n\n\n\n<p>Med den \u00f6kande livsstilen och den \u00f6kade h\u00e4lsomedvetenheten \u00e4r munv\u00e5rd inte l\u00e4ngre begr\u00e4nsad till badrummet, utan har blivit en viktig del av det dagliga livet. Munv\u00e5rdskitets anv\u00e4ndbarhet i flera olika scenarier \u00f6kar inte bara anv\u00e4ndningsfrekvensen av munv\u00e5rdsprodukter utan ger ocks\u00e5 anv\u00e4ndarna ett skydd f\u00f6r munhygienen i olika situationer. Det \u00e4r ett idealiskt val som tar h\u00e4nsyn till b\u00e5de praktiska aspekter och image.<\/p>","protected":false},"excerpt":{"rendered":"Oral Care Kit Features The oral care kit integrates a variety of basic oral cleaning tools, including toothbrushes, toothpaste, dental floss, etc. The combination is practical and can meet the daily comprehensive oral care needs. All components are supported by food-grade or medical safety materials, which are hygienic and healthy and suitable for long-term use. [&hellip;]","protected":false},"featured_media":3454,"menu_order":0,"template":"","meta":[],"product-tag":[],"products":[160],"class_list":["post-3453","product","type-product","status-publish","has-post-thumbnail","hentry","products-oral-care-kit"],"acf":[],"_links":{"self":[{"href":"https:\/\/www.ruiqigo.com\/sv\/wp-json\/wp\/v2\/product\/3453","targetHints":{"allow":["GET"]}}],"collection":[{"href":"https:\/\/www.ruiqigo.com\/sv\/wp-json\/wp\/v2\/product"}],"about":[{"href":"https:\/\/www.ruiqigo.com\/sv\/wp-json\/wp\/v2\/types\/product"}],"version-history":[{"count":0,"href":"https:\/\/www.ruiqigo.com\/sv\/wp-json\/wp\/v2\/product\/3453\/revisions"}],"wp:featuredmedia":[{"embeddable":true,"href":"https:\/\/www.ruiqigo.com\/sv\/wp-json\/wp\/v2\/media\/3454"}],"wp:attachment":[{"href":"https:\/\/www.ruiqigo.com\/sv\/wp-json\/wp\/v2\/media?parent=3453"}],"wp:term":[{"taxonomy":"product-tag","embeddable":true,"href":"https:\/\/www.ruiqigo.com\/sv\/wp-json\/wp\/v2\/product-tag?post=3453"},{"taxonomy":"products","embeddable":true,"href":"https:\/\/www.ruiqigo.com\/sv\/wp-json\/wp\/v2\/products?post=3453"}],"curies":[{"name":"wp","href":"https:\/\/api.w.org\/{rel}","templated":true}]}}