{"id":346,"date":"2024-07-08T10:40:04","date_gmt":"2024-07-08T02:40:04","guid":{"rendered":"https:\/\/ruiqigo.com\/?post_type=product&#038;p=346"},"modified":"2024-09-26T17:42:19","modified_gmt":"2024-09-26T09:42:19","slug":"hyaluronic-acid-body-lotion","status":"publish","type":"product","link":"https:\/\/www.ruiqigo.com\/sv\/product\/hyaluronic-acid-body-lotion","title":{"rendered":"Hyaluronsyra bodylotion"},"content":{"rendered":"<h3 class=\"wp-block-heading\">Hyaluronsyra bodylotion som tillverkar vanliga formler<\/h3>\n\n\n\n<p>K\u00e4rningrediensen i denna kroppslotion med hyaluronsyra \u00e4r natriumhyaluronat, en naturlig polymerpolysackarid med utm\u00e4rkta fuktgivande egenskaper. Det kan snabbt penetrera huden, bildar en skyddande film i det inre lagret av huden, l\u00e5ngvarig lock fukt, s\u00e5 att huden alltid \u00e4r full av elasticitet och \u00e5terfuktande. Samtidigt inneh\u00e5ller formulan ocks\u00e5 glycerin och andra n\u00e4rande ingredienser, kan p\u00e5 djupet \u00e5terfukta och ge n\u00e4ring till huden, f\u00f6rb\u00e4ttra torrheten och str\u00e4vheten i problemet.<\/p>\n\n\n\n<h3 class=\"wp-block-heading\">Hyaluronsyra bodylotion Till\u00e4mpliga scenarier<\/h3>\n\n\n\n<p>Denna Hyaluronic Acid Body Lotion \u00e4r en heldagsbehandling f\u00f6r djup \u00e5terfuktning och l\u00e5ngvariga fuktgivande behov. Under de varma, torra sommarm\u00e5naderna fyller den snabbt p\u00e5 fukt f\u00f6r att h\u00e5lla huden \u00e5terfuktad och fyllig, medan under de kalla, v\u00e5ta vinterm\u00e5naderna ger de rika n\u00e4rande ingredienserna n\u00e4ring \u00e5t huden och lindrar obehaget av kylinducerad torrhet. Oavsett vilket klimat du befinner dig i kommer denna lotion att ge dig total hudv\u00e5rd. Eller s\u00e5 har vi fler <a href=\"https:\/\/www.ruiqigo.com\/sv\/products\/body-lotion\/\">body lotion<\/a> alternativ f\u00f6r dig att v\u00e4lja mellan.<\/p>\n\n\n\n<h3 class=\"wp-block-heading\">Vem \u00e4r Hyaluronsyra body lotion l\u00e4mplig f\u00f6r<\/h3>\n\n\n\n<p>Hyaluronic Acid Body Lotions \u00e4r f\u00f6r dem som s\u00f6ker djup \u00e5terfuktning och l\u00e5ngvarig \u00e5terfuktning. Den \u00e4r s\u00e4rskilt l\u00e4mplig f\u00f6r torr eller mogen hud eftersom hyaluronsyra drar till sig och beh\u00e5ller stora m\u00e4ngder fukt, vilket minskar torrhet och stramhet. Denna lotion \u00e4r ocks\u00e5 ett idealiskt val f\u00f6r individer som beh\u00f6ver f\u00f6rb\u00e4ttra sin huds elasticitet och smidighet. Om du har n\u00e5gra andra behov f\u00e5r du g\u00e4rna l\u00e4ra dig mer om 3TOP <a href=\"https:\/\/www.ruiqigo.com\/sv\/products\/body-care\/\">kroppsv\u00e5rd<\/a> produkter.<\/p>\n\n\n\n<h3 class=\"wp-block-heading\">Hyaluronsyra kroppslotion Produktionsprocess<\/h3>\n\n\n\n<p>Produktionsspecialiteterna f\u00f6r hyaluronsyrakroppslotioner \u00e4r dess unika formel och fina tillverkningsprocess. Hyaluronsyra med h\u00f6g renhet anv\u00e4nds f\u00f6r att s\u00e4kerst\u00e4lla dess snabba penetration och djupa fuktgivande effekt p\u00e5 huden genom avancerad molekyl\u00e4r sk\u00e4rteknik. pH och temperatur kontrolleras strikt under produktionsprocessen f\u00f6r att bibeh\u00e5lla stabiliteten och aktiviteten hos hyaluronsyra. Dessutom finns det inga tillsatta dofter och alkohol f\u00f6r att minska risken f\u00f6r obehag som kan orsaka k\u00e4nslig hud. Om du vill veta mer, kolla in relaterade <a href=\"https:\/\/www.ruiqigo.com\/sv\/body-lotion-manufacturer-elevating-skincare-standards.html\/\">body lotion<\/a> tillverkningsinformation.<\/p>","protected":false},"excerpt":{"rendered":"Hyaluronic acid body lotion manufacturing Common Formulas The core ingredient of this hyaluronic acid body lotion is sodium hyaluronate, a natural polymer polysaccharide with excellent moisturizing properties. It can quickly penetrate the skin, forming a protective film in the inner layer of the skin, long-lasting lock moisture, so that the skin is always full of [&hellip;]","protected":false},"featured_media":440,"menu_order":0,"template":"","meta":[],"product-tag":[],"products":[56],"class_list":["post-346","product","type-product","status-publish","has-post-thumbnail","hentry","products-body-lotion"],"acf":[],"_links":{"self":[{"href":"https:\/\/www.ruiqigo.com\/sv\/wp-json\/wp\/v2\/product\/346","targetHints":{"allow":["GET"]}}],"collection":[{"href":"https:\/\/www.ruiqigo.com\/sv\/wp-json\/wp\/v2\/product"}],"about":[{"href":"https:\/\/www.ruiqigo.com\/sv\/wp-json\/wp\/v2\/types\/product"}],"version-history":[{"count":0,"href":"https:\/\/www.ruiqigo.com\/sv\/wp-json\/wp\/v2\/product\/346\/revisions"}],"wp:featuredmedia":[{"embeddable":true,"href":"https:\/\/www.ruiqigo.com\/sv\/wp-json\/wp\/v2\/media\/440"}],"wp:attachment":[{"href":"https:\/\/www.ruiqigo.com\/sv\/wp-json\/wp\/v2\/media?parent=346"}],"wp:term":[{"taxonomy":"product-tag","embeddable":true,"href":"https:\/\/www.ruiqigo.com\/sv\/wp-json\/wp\/v2\/product-tag?post=346"},{"taxonomy":"products","embeddable":true,"href":"https:\/\/www.ruiqigo.com\/sv\/wp-json\/wp\/v2\/products?post=346"}],"curies":[{"name":"wp","href":"https:\/\/api.w.org\/{rel}","templated":true}]}}