{"id":3463,"date":"2025-05-21T15:46:41","date_gmt":"2025-05-21T07:46:41","guid":{"rendered":"https:\/\/www.ruiqigo.com\/?post_type=product&#038;p=3463"},"modified":"2025-05-21T15:46:41","modified_gmt":"2025-05-21T07:46:41","slug":"natural-hair-mousse","status":"publish","type":"product","link":"https:\/\/www.ruiqigo.com\/sv\/product\/natural-hair-mousse","title":{"rendered":"Naturlig h\u00e5rmousse"},"content":{"rendered":"<h2 class=\"wp-block-heading\">Vanliga formler f\u00f6r tillverkning av naturlig h\u00e5rmousse<\/h2>\n\n\n\n<p>3TOP&#039;s natural str\u00e4var efter att v\u00e4lja s\u00e4kra, skonsamma och effektiva v\u00e4xtbaserade ingredienser som inte inneh\u00e5ller silikonolja, syntetiska dofter etc., f\u00f6r att skydda h\u00e5rets och h\u00e5rbottens h\u00e4lsa under styling. Den vanliga formulan f\u00f6r naturlig h\u00e5rmousse inneh\u00e5ller en m\u00e4ngd olika v\u00e4xtbaserade aktiva ingredienser med reparerande, n\u00e4rande och antioxiderande funktioner, vilket hj\u00e4lper anv\u00e4ndarna att skapa ett uppfriskande och naturligt utseende och f\u00f6rb\u00e4ttra h\u00e5rets h\u00e5llbarhet.<\/p>\n\n\n\n<p><strong>1. Xantangummi: <\/strong>Xantangummi utvinns ur v\u00e4xtj\u00e4sning och kan ge l\u00e4tt till m\u00e5ttlig stylingkraft, \u00f6ka h\u00e5rets elasticitet och fluffighet.<\/p>\n\n\n\n<p><strong>2. Kokosolja: <\/strong>Kokosolja \u00e4r rik p\u00e5 medell\u00e5nga fettsyror, s\u00e5som laurinsyra, som kan tr\u00e4nga djupt in i h\u00e5rstr\u00e5et, reparera skadade h\u00e5rfj\u00e4ll, f\u00f6rhindra proteinf\u00f6rlust och g\u00f6ra h\u00e5ret sl\u00e4tt och starkt.<\/p>\n\n\n\n<p><strong>3. Glycerin: <\/strong>Glycerin \u00e4r en naturlig fuktighetskr\u00e4m som kan absorbera fukt fr\u00e5n luften och l\u00e5sa in fukten i h\u00e5ret, vilket hj\u00e4lper till att f\u00f6rhindra att h\u00e5ret torkar ut och bibeh\u00e5lla den mjuka konsistensen hos mousseskummet och h\u00e5rets elasticitet.<\/p>\n\n\n\n<p><strong>4. Aloe vera-juice: <\/strong>Aloe vera-juice \u00e4r ocks\u00e5 en naturlig fuktighetskr\u00e4m som lugnar h\u00e5rbotten, minskar rodnad och kl\u00e5da och reparerar skadat h\u00e5r. Samtidigt kan den hj\u00e4lpa till att bevara fukten och h\u00e5lla h\u00e5ret mjukt under styling.<\/p>\n\n\n\n<p><strong>5. Sheasm\u00f6r: <\/strong>Sheasm\u00f6r \u00e4r rikt p\u00e5 fettsyror och E-vitamin och har starka \u00e5terfuktande och antioxidanta funktioner. Det kan bilda en naturlig barri\u00e4r p\u00e5 h\u00e5rets yta, skydda h\u00e5ret fr\u00e5n skador fr\u00e5n heta verktyg och effektivt kontrollera frissighet och statisk elektricitet.<\/p>\n\n\n\n<h2 class=\"wp-block-heading\">Funktionerna hos naturlig h\u00e5rmousse<\/h2>\n\n\n\n<p>Natural Hair Mousse f\u00f6ljer principen om &quot;l\u00e4tthet och m\u00e5ngsidighet&quot; och \u00e4r utformad f\u00f6r naturlig styling och h\u00e5rv\u00e5rd. Oavsett om det \u00e4r rakt h\u00e5r, lockigt h\u00e5r, kort h\u00e5r eller l\u00e5ngt h\u00e5r, kan du skapa en idealisk frisyr samtidigt som du tar hand om ditt h\u00e5rs allm\u00e4nna h\u00e4lsa.<\/p>\n\n\n\n<p><strong>1. Stark h\u00e4rdningskraft: <\/strong>Frisyren \u00e4r baserad p\u00e5 v\u00e4xtaktivitet och milda polymerer f\u00f6r att uppn\u00e5 flexibel fixering, vilket g\u00f6r den mer naturlig, inte stel eller klumpig, och passar f\u00f6r daglig styling och naturlig lockmodifiering.<\/p>\n\n\n\n<p><strong>2. L\u00e4tt textur:<\/strong> Naturlig h\u00e5rmousse har ett fint och j\u00e4mnt l\u00f6dder, \u00e4r l\u00e4tt att hantera, kan snabbt tr\u00e4nga in i h\u00e5rfibrerna, t\u00e4pper inte till porerna, l\u00e4mnar inga klumpar, l\u00e4mplig f\u00f6r anv\u00e4ndning hela dagen.<\/p>\n\n\n\n<p><strong>3. L\u00e5s fukt och \u00e5terfukta, anti-frizz:<\/strong> Naturlig h\u00e5rmousse tills\u00e4tter flera naturliga \u00e5terfuktande ingredienser f\u00f6r att bilda en osynlig vattenfilm utanf\u00f6r h\u00e5ret, vilket effektivt bek\u00e4mpar statisk elektricitet, torrhet och frissighet, vilket g\u00f6r h\u00e5ret mjukt, glansigt och sl\u00e4tt.<\/p>\n\n\n\n<p><strong>4. Hudv\u00e4nlig och icke-irriterande:<\/strong> Den inneh\u00e5ller inte alkohol, artificiella dofter, vanliga allergiframkallande konserveringsmedel etc. Den hj\u00e4lper till att undvika rodnad och fj\u00e4llning i h\u00e5rbotten och kan anv\u00e4ndas med f\u00f6rtroende av k\u00e4nsliga personer.<\/p>\n\n\n\n<p><strong>5. Inga rester, l\u00e4tt att sk\u00f6lja: <\/strong>Naturlig h\u00e5rmousse f\u00e4ster inte l\u00e4tt i h\u00e5rbotten och h\u00e5rfj\u00e4llen och kan enkelt tas bort efter schamponering, s\u00e5 att du kan h\u00e5lla h\u00e5ret fr\u00e4scht och fritt fr\u00e5n b\u00f6rdor utan att anv\u00e4nda starka reng\u00f6ringsprodukter.<\/p>\n\n\n\n<h2 class=\"wp-block-heading\">Hur man anv\u00e4nder naturlig h\u00e5rmousse<\/h2>\n\n\n\n<p>Att anv\u00e4nda naturlig h\u00e5rmousse \u00e4r v\u00e4ldigt enkelt. F\u00f6lj bara stegen nedan efter schamponering.<\/p>\n\n\n\n<p><strong>1. Reng\u00f6r h\u00e5ret: <\/strong>Anv\u00e4nd ett milt, icke-irriterande schampo f\u00f6r att reng\u00f6ra h\u00e5ret och se till att det \u00e4r rent och fettfritt.<\/p>\n\n\n\n<p><strong>2. Torka h\u00e5ret: <\/strong>Anv\u00e4nd en torr handduk f\u00f6r att f\u00f6rsiktigt torka h\u00e5ret och l\u00e5t det vara l\u00e4tt fuktigt.<\/p>\n\n\n\n<p><strong>3. Anv\u00e4nd produkten: <\/strong>Skaka mousseflaskan v\u00e4l och spraya en l\u00e4mplig m\u00e4ngd skum (ungef\u00e4r lika stort som ett \u00e4gg) i dina h\u00e4nder.<\/p>\n\n\n\n<p><strong>4. Applicera j\u00e4mnt:<\/strong> Applicera skummet j\u00e4mnt i h\u00e5ret, fr\u00e5n r\u00f6tter till toppar, och se till att varje del \u00e4r t\u00e4ckt.<\/p>\n\n\n\n<p><strong>5. Stil: <\/strong>Anv\u00e4nd en h\u00e5rtork eller lufttorka f\u00f6r att slutf\u00f6ra stylingen efter behov.<\/p>\n\n\n\n<h2 class=\"wp-block-heading\">F\u00f6rsiktighet<\/h2>\n\n\n\n<p><strong>1. Allergitest:<\/strong> Innan f\u00f6rsta anv\u00e4ndningen, testa ett litet omr\u00e5de bakom \u00f6rat eller inuti handleden f\u00f6r att s\u00e4kerst\u00e4lla att det inte finns n\u00e5gon allergisk reaktion.<\/p>\n\n\n\n<p><strong>2. Undvik \u00f6verdriven anv\u00e4ndning: <\/strong>\u00d6verdriven anv\u00e4ndning av naturlig h\u00e5rmousse kan g\u00f6ra h\u00e5ret tungt och p\u00e5verka den naturliga, fluffiga k\u00e4nslan.<\/p>\n\n\n\n<p><strong>3. Undvik kontakt med \u00f6gonen:<\/strong> F\u00f6rs\u00f6k att undvika kontakt med \u00f6gonen under anv\u00e4ndning. Om det av misstag kommer i \u00f6gonen, sk\u00f6lj omedelbart med rent vatten.<\/p>\n\n\n\n<p><strong>4. F\u00f6rvaras utom r\u00e4ckh\u00e5ll f\u00f6r barn: <\/strong>F\u00f6rvara produkten utom r\u00e4ckh\u00e5ll f\u00f6r barn f\u00f6r att undvika felaktig anv\u00e4ndning.<\/p>\n\n\n\n<p><strong>5. F\u00f6rvara svalt:<\/strong> F\u00f6rvara produkten i en milj\u00f6 borta fr\u00e5n direkt solljus och h\u00f6ga temperaturer f\u00f6r att undvika s\u00e4kerhetsrisker.<\/p>\n\n\n\n<h2 class=\"wp-block-heading\">Slutsats<\/h2>\n\n\n\n<p>Naturlig h\u00e5rmousse har blivit en idealisk h\u00e5rstylingprodukt f\u00f6r konsumenter med sina naturliga ingredienser, utm\u00e4rkta stylingeffekt och m\u00e5nga v\u00e5rdf\u00f6rdelar. Oavsett om det \u00e4r daglig anv\u00e4ndning eller professionell styling kan den ge anv\u00e4ndarna en h\u00e4lsosam, naturlig och h\u00e5llbar h\u00e5rstylingupplevelse.<\/p>","protected":false},"excerpt":{"rendered":"Natural Hair Mousse Manufacturing Common Formulas 3TOP&#8217;s natural is committed to selecting safe, gentle, and effective plant-derived ingredients that do not contain silicone oil, synthetic fragrances, etc., to protect the health of hair and scalp while styling. The common formula of natural hair mousse incorporates a variety of plant active ingredients with repairing, nourishing, and [&hellip;]","protected":false},"featured_media":3464,"menu_order":0,"template":"","meta":[],"product-tag":[],"products":[165],"class_list":["post-3463","product","type-product","status-publish","has-post-thumbnail","hentry","products-hair-mousse"],"acf":[],"_links":{"self":[{"href":"https:\/\/www.ruiqigo.com\/sv\/wp-json\/wp\/v2\/product\/3463","targetHints":{"allow":["GET"]}}],"collection":[{"href":"https:\/\/www.ruiqigo.com\/sv\/wp-json\/wp\/v2\/product"}],"about":[{"href":"https:\/\/www.ruiqigo.com\/sv\/wp-json\/wp\/v2\/types\/product"}],"version-history":[{"count":0,"href":"https:\/\/www.ruiqigo.com\/sv\/wp-json\/wp\/v2\/product\/3463\/revisions"}],"wp:featuredmedia":[{"embeddable":true,"href":"https:\/\/www.ruiqigo.com\/sv\/wp-json\/wp\/v2\/media\/3464"}],"wp:attachment":[{"href":"https:\/\/www.ruiqigo.com\/sv\/wp-json\/wp\/v2\/media?parent=3463"}],"wp:term":[{"taxonomy":"product-tag","embeddable":true,"href":"https:\/\/www.ruiqigo.com\/sv\/wp-json\/wp\/v2\/product-tag?post=3463"},{"taxonomy":"products","embeddable":true,"href":"https:\/\/www.ruiqigo.com\/sv\/wp-json\/wp\/v2\/products?post=3463"}],"curies":[{"name":"wp","href":"https:\/\/api.w.org\/{rel}","templated":true}]}}