{"id":3468,"date":"2025-05-22T11:45:22","date_gmt":"2025-05-22T03:45:22","guid":{"rendered":"https:\/\/www.ruiqigo.com\/?post_type=product&#038;p=3468"},"modified":"2025-05-22T17:49:34","modified_gmt":"2025-05-22T09:49:34","slug":"lavender-laundry-detergent","status":"publish","type":"product","link":"https:\/\/www.ruiqigo.com\/sv\/product\/lavender-laundry-detergent","title":{"rendered":"Lavendel tv\u00e4ttmedel"},"content":{"rendered":"<h2 class=\"wp-block-heading\">Tillverkning av tv\u00e4ttmedel med lavendel Vanliga formler<\/h2>\n\n\n\n<p>Som professionell leverant\u00f6r av tv\u00e4ttmedel v\u00e4ljer vi milda och icke-irriterande tensider, naturliga v\u00e4xtbaserade eteriska oljor och multifunktionella tillsatser f\u00f6r att uppn\u00e5 de tre huvudeffekterna av kraftfull reng\u00f6ring, f\u00e4rgskydd och mjukg\u00f6rande egenskaper samt l\u00e5ngvarig doft, vilket m\u00f6ter anv\u00e4ndarnas dubbla behov av tv\u00e4ttkraft och kl\u00e4dskydd.<\/p>\n\n\n\n<p><strong>1. Eterisk lavendelolja: <\/strong>Naturligt extraherad eterisk lavendelolja har aromatiska egenskaper som lugnar kropp och sj\u00e4l. Efter att ha f\u00e4st sig vid kl\u00e4dernas fibrer kan den ge en l\u00e5ngvarig naturlig doft, ha en viss antibakteriell effekt och f\u00f6rb\u00e4ttra kl\u00e4dselns renhet och komfort.<\/p>\n\n\n\n<p><strong>2. Naturligt enzymkomplex:<\/strong> Den bryter ner protein-, st\u00e4rkelse- och fettfl\u00e4ckar med hj\u00e4lp av biologiska enzymer. Den \u00e4r s\u00e4rskilt l\u00e4mplig f\u00f6r att hantera vanlig daglig smuts som svettfl\u00e4ckar och matfl\u00e4ckar, och minskar upprepad friktion p\u00e5 tyger.<\/p>\n\n\n\n<p><strong>3. Kokamidopropylbetain:<\/strong> Den \u00e4r utvunnen ur naturlig kokosolja och \u00e4r ett milt nonjoniskt tensid som effektivt kan emulgera oljefl\u00e4ckar och f\u00f6rb\u00e4ttra reng\u00f6ringsf\u00f6rm\u00e5gan. Samtidigt \u00e4r den mycket skonsam mot hud och tyger och skadar inte kl\u00e4der.<\/p>\n\n\n\n<p><strong>4. Natriumpolykarboxylat: <\/strong>Denna ingrediens kan mjukg\u00f6ra vatten och f\u00f6rhindra avs\u00e4ttning av kalcium- och magnesiumjoner, f\u00f6rhindra att kl\u00e4der blir h\u00e5rda, ta bort tv\u00e4ttrester och bidra till att f\u00f6rl\u00e4nga kl\u00e4dernas livsl\u00e4ngd.<\/p>\n\n\n\n<h2 class=\"wp-block-heading\">Funktionerna hos lavendeltv\u00e4ttmedel<\/h2>\n\n\n\n<p>Tv\u00e4ttmedel med lavendel har blivit f\u00f6rstahandsvalet f\u00f6r kunder inom m\u00e5nga branscher tack vare dess utm\u00e4rkta reng\u00f6ringsf\u00f6rm\u00e5ga, milda kl\u00e4dv\u00e5rdsprestanda och naturliga doft. Oavsett om det g\u00e4ller daglig hush\u00e5llstv\u00e4tt och -v\u00e5rd eller reng\u00f6ring av hotells\u00e4ngkl\u00e4der, uppfyller denna produkt olika h\u00f6ga tv\u00e4ttbehov med sina f\u00f6rdelar som l\u00e5gskummande, enkel sk\u00f6ljning, s\u00e4kerhet och milj\u00f6skydd, och f\u00f6rverkligar tre-i-ett-effekten av reng\u00f6ring, kl\u00e4dv\u00e5rd och doft.<\/p>\n\n\n\n<p><strong>1. Effektiv fl\u00e4ckborttagning: <\/strong>Tv\u00e4ttmedel med lavendelf\u00e4rg anv\u00e4nder kraftfulla aktiva fl\u00e4ckborttagningsfaktorer som kan tr\u00e4nga djupt in i fibrerna f\u00f6r att bryta ner envisa fl\u00e4ckar, inklusive svettfl\u00e4ckar, oljefl\u00e4ckar etc. Det har utm\u00e4rkt reng\u00f6ringsprestanda och kan avsev\u00e4rt f\u00f6rb\u00e4ttra tv\u00e4tteffektiviteten.<\/p>\n\n\n\n<p><strong>2. L\u00e5gt skum och enkel sk\u00f6ljning:<\/strong> Lavendel tv\u00e4ttmedels l\u00e5gskummande formula passar alla typer av tv\u00e4ttmaskiner. Det har ett m\u00e5ttligt skum under tv\u00e4tt, inga rester och enklare sk\u00f6ljning, vilket effektivt sparar vatten och el och f\u00f6rb\u00e4ttrar den totala anv\u00e4ndningseffektiviteten.<\/p>\n\n\n\n<p><strong>3. Naturlig doft:<\/strong> Den naturliga lavendeldoften \u00e4r fr\u00e4sch och lugnande, inte skarp, och kl\u00e4derna har en l\u00e5ngvarig doft efter tv\u00e4tt. Den \u00e4r l\u00e4mplig f\u00f6r m\u00f6dra- och barnomsorg, kl\u00e4dtv\u00e4tt och andra milj\u00f6er.<\/p>\n\n\n\n<p><strong>4. Milj\u00f6v\u00e4nlig och icke-irriterande:<\/strong> Tv\u00e4ttmedel med lavendelf\u00e4rg inneh\u00e5ller inte skadliga ingredienser som fosfor och fluorescerande vitmedel, och uppfyller milj\u00f6v\u00e4nliga tv\u00e4tt- och sk\u00f6tselstandarder. Produkten har testats f\u00f6r hudirritation, \u00e4r allergiv\u00e4nlig och mild, och \u00e4r l\u00e4mplig f\u00f6r personer med k\u00e4nslig hud f\u00f6r rena kl\u00e4der.<\/p>\n\n\n\n<p><strong>5. Skonsam kl\u00e4dv\u00e5rd:<\/strong> Mjukg\u00f6rande ingredienser i formulan tills\u00e4tts, vilket kan skydda kl\u00e4dfibrer vid reng\u00f6ring av fl\u00e4ckar, f\u00f6rl\u00e4nga kl\u00e4dernas livsl\u00e4ngd och undvika blekning, deformation och krympning.<\/p>\n\n\n\n<h2 class=\"wp-block-heading\">Hur man anv\u00e4nder lavendeltv\u00e4ttmedel<\/h2>\n\n\n\n<p><strong>1. Maskintv\u00e4tt: <\/strong>Tills\u00e4tt en l\u00e4mplig m\u00e4ngd tv\u00e4ttmedel beroende p\u00e5 tv\u00e4ttmaskinens kapacitet och kl\u00e4dernas smutsgrad, vanligtvis 30-50 ml\/g\u00e5ng, vilket kan h\u00e4llas direkt i tv\u00e4ttmedelsfacket eller blandas med vatten f\u00f6re anv\u00e4ndning.<\/p>\n\n\n\n<p><strong>2. Handtv\u00e4tt: <\/strong>Tills\u00e4tt 5\u201310 ml tv\u00e4ttmedel i 1 liter vatten, sp\u00e4d ut och r\u00f6r om j\u00e4mnt. Bl\u00f6tl\u00e4gg kl\u00e4derna i 5 minuter, skrubba sedan f\u00f6rsiktigt och sk\u00f6lj noggrant med rent vatten.<\/p>\n\n\n\n<p><strong>Rekommendation: <\/strong>Kan anv\u00e4ndas med sk\u00f6ljmedel f\u00f6r att f\u00f6rb\u00e4ttra tygets mjukhet och bevara doftens best\u00e4ndighet.<\/p>\n\n\n\n<h2 class=\"wp-block-heading\">F\u00f6rsiktighet<\/h2>\n\n\n\n<p><strong>1. Undvik att blanda med andra tv\u00e4ttmedel: <\/strong>Blandning med andra reng\u00f6ringsprodukter med h\u00f6g alkalihalt eller klorhalt kan p\u00e5verka tv\u00e4tteffekten eller orsaka on\u00f6diga kemiska reaktioner. Det rekommenderas att anv\u00e4nda denna produkt ensam.<\/p>\n\n\n\n<p><strong>2. H\u00e4ll inte direkt p\u00e5 kl\u00e4der: <\/strong>F\u00f6r att f\u00f6rhindra att koncentrerat tv\u00e4ttmedel l\u00e4mnar fl\u00e4ckar p\u00e5 kl\u00e4dernas yta, se till att sp\u00e4da ut det f\u00f6re anv\u00e4ndning eller f\u00f6rdela det j\u00e4mnt i vatten innan du tills\u00e4tter det i kl\u00e4derna.<\/p>\n\n\n\n<p><strong>3. Undvik direkt solljus: <\/strong>F\u00f6rslut produkten och f\u00f6rvara den p\u00e5 en sval och torr plats f\u00f6r att f\u00f6rhindra att ingredienserna f\u00f6rs\u00e4mras eller att doften f\u00f6r\u00e5ngas.<\/p>\n\n\n\n<p><strong>4. F\u00f6rvaras utom r\u00e4ckh\u00e5ll f\u00f6r barn:<\/strong> F\u00f6r att f\u00f6rhindra att barn av misstag f\u00e5r i sig produkten eller f\u00e5r den i \u00f6gonen, f\u00f6rvara den utom r\u00e4ckh\u00e5ll f\u00f6r barn och st\u00e4ng flaskans kork i tid efter anv\u00e4ndning.<\/p>\n\n\n\n<h2 class=\"wp-block-heading\">Slutsats<\/h2>\n\n\n\n<p>Lavendeltv\u00e4ttmedel \u00e4r ett effektivt tv\u00e4ttmedel med djupreng\u00f6rande kraft och naturlig doft, som anv\u00e4nds flitigt i vardagskl\u00e4der, hotells\u00e4ngkl\u00e4der och andra anv\u00e4ndningsomr\u00e5den. Med sina m\u00e5nga f\u00f6rdelar, s\u00e5som skonsamt kl\u00e4dskydd och effektiv reng\u00f6ring, uppfyller det anv\u00e4ndarnas behov av effektiv och s\u00e4ker tv\u00e4tt och \u00e4r ett idealiskt val f\u00f6r dem som str\u00e4var efter kvalitet och djupreng\u00f6ring.<\/p>","protected":false},"excerpt":{"rendered":"Lavender Laundry Detergent Manufacturing Common Formulas As a professional laundry detergent supplier, we select mild and non-irritating surfactants, natural plant essential oils and multifunctional additives to achieve the three major effects of powerful cleaning, color protection and softening, and long-lasting fragrance, meeting users&#8217; dual needs for washing power and clothing protection. 1. Lavender essential oil: [&hellip;]","protected":false},"featured_media":3469,"menu_order":0,"template":"","meta":[],"product-tag":[],"products":[180],"class_list":["post-3468","product","type-product","status-publish","has-post-thumbnail","hentry","products-laundry-detergent"],"acf":[],"_links":{"self":[{"href":"https:\/\/www.ruiqigo.com\/sv\/wp-json\/wp\/v2\/product\/3468","targetHints":{"allow":["GET"]}}],"collection":[{"href":"https:\/\/www.ruiqigo.com\/sv\/wp-json\/wp\/v2\/product"}],"about":[{"href":"https:\/\/www.ruiqigo.com\/sv\/wp-json\/wp\/v2\/types\/product"}],"version-history":[{"count":0,"href":"https:\/\/www.ruiqigo.com\/sv\/wp-json\/wp\/v2\/product\/3468\/revisions"}],"wp:featuredmedia":[{"embeddable":true,"href":"https:\/\/www.ruiqigo.com\/sv\/wp-json\/wp\/v2\/media\/3469"}],"wp:attachment":[{"href":"https:\/\/www.ruiqigo.com\/sv\/wp-json\/wp\/v2\/media?parent=3468"}],"wp:term":[{"taxonomy":"product-tag","embeddable":true,"href":"https:\/\/www.ruiqigo.com\/sv\/wp-json\/wp\/v2\/product-tag?post=3468"},{"taxonomy":"products","embeddable":true,"href":"https:\/\/www.ruiqigo.com\/sv\/wp-json\/wp\/v2\/products?post=3468"}],"curies":[{"name":"wp","href":"https:\/\/api.w.org\/{rel}","templated":true}]}}