{"id":3474,"date":"2025-05-22T16:50:37","date_gmt":"2025-05-22T08:50:37","guid":{"rendered":"https:\/\/www.ruiqigo.com\/?post_type=product&#038;p=3474"},"modified":"2025-05-22T16:50:38","modified_gmt":"2025-05-22T08:50:38","slug":"foam-hand-soap","status":"publish","type":"product","link":"https:\/\/www.ruiqigo.com\/sv\/product\/foam-hand-soap","title":{"rendered":"Skumhandtv\u00e5l"},"content":{"rendered":"<h2 class=\"wp-block-heading\">Vanliga formler f\u00f6r tillverkning av skumhandtv\u00e5l<\/h2>\n\n\n\n<p>V\u00e5r skumhandtv\u00e5l anv\u00e4nder en m\u00e4ngd olika naturliga och hudv\u00e4nliga ingredienser, s\u00e5som kokamidopropylbetain, naturliga v\u00e4xtextrakt, glycerin etc. Dessa ingredienser kan effektivt \u00e5terfukta, mjukg\u00f6ra nagelbanden och f\u00f6rhindra att h\u00e4nderna torkar ut samtidigt som de reng\u00f6r bakterier och olja p\u00e5 hudytan.<\/p>\n\n\n\n<p><strong>1. Kokamidopropylbetain: <\/strong>Detta \u00e4r en mild reng\u00f6ring utvunnen fr\u00e5n kokosn\u00f6t som kan producera ett rikt l\u00f6dder, stark reng\u00f6ringskraft men l\u00e5g irritation. Den kan effektivt ta bort bakterier fr\u00e5n h\u00e4nderna utan att skada hudens naturliga skyddande film. Barn och k\u00e4nsliga personer kan ocks\u00e5 r\u00f6ra vid den.<\/p>\n\n\n\n<p><strong>2. Aloe vera-extrakt:<\/strong> Det \u00e4r en naturlig lugnande och reparerande ingrediens som hj\u00e4lper till att lindra mindre irritation orsakad av handtv\u00e4tt, och \u00e4r v\u00e4nlig mot anv\u00e4ndare som tv\u00e4ttar h\u00e4nderna ofta.<\/p>\n\n\n\n<p><strong>3. Glycerin:<\/strong> Som en klassisk \u00e5terfuktande ingrediens kan glycerin absorbera fukt fr\u00e5n luften och bilda en skyddande film f\u00f6r att f\u00f6rhindra fuktf\u00f6rlust fr\u00e5n huden. D\u00e4rf\u00f6r kan den \u00e5terfukta huden samtidigt som den reng\u00f6r h\u00e4nderna, vilket h\u00e5ller huden mjuk och inte stram.<\/p>\n\n\n\n<p><strong>4. Citronsyra: <\/strong>Den kan justera pH-v\u00e4rdet p\u00e5 skumhandtv\u00e5len f\u00f6r att h\u00e5lla den n\u00e4ra hudens syra-basbalans, bidra till att uppr\u00e4tth\u00e5lla hudbarri\u00e4ren och minska allergier eller problem med torr hud.<\/p>\n\n\n\n<h2 class=\"wp-block-heading\">Funktionerna hos skumhandtv\u00e5l<\/h2>\n\n\n\n<p><strong>1. Stark reng\u00f6ringskraft men l\u00e5g irritation: <\/strong>Formulan f\u00f6r skumhandtv\u00e5len kombinerar v\u00e4xtbaserade tensider och ett svagt syraregleringssystem, med fokus p\u00e5 stark dekontaminering och skonsam hudv\u00e5rd, och frekvent anv\u00e4ndning skadar inte hudbarri\u00e4ren.<\/p>\n\n\n\n<p><strong>2. L\u00e4tt att sk\u00f6lja, inga rester: <\/strong>Formulan \u00e4r l\u00e4tt och icke-fet, och den kan tv\u00e4ttas ren med vatten utan att l\u00e4mna feta rester, vilket ger en bra anv\u00e4ndarupplevelse.<\/p>\n\n\n\n<p><strong>3. Fint och fylligt skum: <\/strong>Skumhandtv\u00e5len har en effektiv skumformel och en exakt skumpumpdesign. Den kan producera ett t\u00e4tt skum med ett l\u00e4tt tryck, vilket snabbt lindar in smuts och reng\u00f6r p\u00e5 djupet, vilket f\u00f6rb\u00e4ttrar anv\u00e4ndarupplevelsen och reng\u00f6ringseffektiviteten.<\/p>\n\n\n\n<p><strong>4. Avl\u00e4gsnar effektivt vanliga bakterier: <\/strong>Skumhandtv\u00e5l tills\u00e4tter en m\u00e4ngd olika s\u00e4kra antibakteriella ingredienser, vilket kan minska risken f\u00f6r bakteriell fasts\u00e4ttning och ta bort vanliga bakterier vid reng\u00f6ring av fl\u00e4ckar p\u00e5 h\u00e4nderna.<\/p>\n\n\n\n<p><strong>5. Frisk och naturlig doft: <\/strong>Utvalda naturliga eteriska oljor som citrus och lavendel anv\u00e4nds f\u00f6r doften, vilket ger en bekv\u00e4m och hudv\u00e4nlig upplevelse, l\u00e4mplig f\u00f6r anv\u00e4ndare som \u00e4r k\u00e4nsliga f\u00f6r lukt.<\/p>\n\n\n\n<h2 class=\"wp-block-heading\">Hur man anv\u00e4nder skumhandtv\u00e5l<\/h2>\n\n\n\n<p>Att anv\u00e4nda skumhandtv\u00e5l \u00e4r mycket enkelt och effektivt. Du beh\u00f6ver bara trycka f\u00f6r att producera bubblor f\u00f6r att enkelt slutf\u00f6ra reng\u00f6ringsprocessen. Den \u00e4r l\u00e4mplig f\u00f6r snabba reng\u00f6ringsscenarier.<\/p>\n\n\n\n<p><strong>1. Fukta h\u00e4nderna: <\/strong>Anv\u00e4nd rent vatten f\u00f6r att snabbt v\u00e4ta dina handflator.<\/p>\n\n\n\n<p><strong>2. Tryck p\u00e5 pumphuvudet: <\/strong>Tryck p\u00e5 skumhandtv\u00e5len 1\u20132 g\u00e5nger f\u00f6r att f\u00e5 mycket skum i handflatan.<\/p>\n\n\n\n<p><strong>3. Gnugga noggrant: <\/strong>Gnugga h\u00e4nderna i mer \u00e4n 20 sekunder f\u00f6r att reng\u00f6ra handflatan, handryggen och mellan fingrarna.<\/p>\n\n\n\n<p><strong>4. Sk\u00f6lj med vatten: <\/strong>Sk\u00f6lj skummet noggrant med rent vatten snabbt.<\/p>\n\n\n\n<p><strong>5. Torka h\u00e4nderna: <\/strong>Anv\u00e4nd en ren handduk eller pappershandduk f\u00f6r att torka h\u00e4nderna.<\/p>\n\n\n\n<h2 class=\"wp-block-heading\">F\u00f6rsiktighet<\/h2>\n\n\n\n<p><strong>1. L\u00e4mplig f\u00f6r skumpumphuvud: <\/strong>Denna produkt \u00e4r en handdesinfektionsmedel i skum. Det rekommenderas att anv\u00e4nda en speciell skumpumpflaska f\u00f6r att undvika att p\u00e5verka anv\u00e4ndarupplevelsen eftersom ett vanligt pumphuvud inte kan skumma.<\/p>\n\n\n\n<p><strong>2. Undvik kontakt med \u00f6gonen:<\/strong> Om det av misstag kommer i \u00f6gonen, sk\u00f6lj omedelbart med rikligt med vatten. Om situationen \u00e4r allvarlig, kontakta omedelbart l\u00e4kare.<\/p>\n\n\n\n<p><strong>3. Undvik direkt solljus: <\/strong>F\u00f6rvara produkten p\u00e5 en sval och torr plats, undvik direkt solljus, f\u00f6r att bibeh\u00e5lla skummets prestanda och ingrediensernas aktivitet.<\/p>\n\n\n\n<h2 class=\"wp-block-heading\">Slutsats<\/h2>\n\n\n\n<p>Skumhandtv\u00e5l \u00e4r en handreng\u00f6ringsprodukt som kombinerar effektiv reng\u00f6ring med skonsam hudv\u00e5rd. Oavsett om det \u00e4r hemma eller p\u00e5 offentliga platser med h\u00f6g trafik, kan den ge en utm\u00e4rkt reng\u00f6ringsupplevelse och f\u00f6rb\u00e4ttra anv\u00e4ndarn\u00f6jdheten.<\/p>","protected":false},"excerpt":{"rendered":"Foam Hand Soap Manufacturing Common Formulas Our foam hand soap selects a variety of natural and skin-friendly ingredients, such as cocamidopropyl betaine, natural plant extracts, glycerin, etc. These ingredients can effectively moisturize, soften cuticles, and prevent hands from drying out while cleaning bacteria and oil on the skin surface. 1. Cocamidopropyl Betaine: This is a [&hellip;]","protected":false},"featured_media":3475,"menu_order":0,"template":"","meta":[],"product-tag":[],"products":[181],"class_list":["post-3474","product","type-product","status-publish","has-post-thumbnail","hentry","products-hand-soap"],"acf":[],"_links":{"self":[{"href":"https:\/\/www.ruiqigo.com\/sv\/wp-json\/wp\/v2\/product\/3474","targetHints":{"allow":["GET"]}}],"collection":[{"href":"https:\/\/www.ruiqigo.com\/sv\/wp-json\/wp\/v2\/product"}],"about":[{"href":"https:\/\/www.ruiqigo.com\/sv\/wp-json\/wp\/v2\/types\/product"}],"version-history":[{"count":0,"href":"https:\/\/www.ruiqigo.com\/sv\/wp-json\/wp\/v2\/product\/3474\/revisions"}],"wp:featuredmedia":[{"embeddable":true,"href":"https:\/\/www.ruiqigo.com\/sv\/wp-json\/wp\/v2\/media\/3475"}],"wp:attachment":[{"href":"https:\/\/www.ruiqigo.com\/sv\/wp-json\/wp\/v2\/media?parent=3474"}],"wp:term":[{"taxonomy":"product-tag","embeddable":true,"href":"https:\/\/www.ruiqigo.com\/sv\/wp-json\/wp\/v2\/product-tag?post=3474"},{"taxonomy":"products","embeddable":true,"href":"https:\/\/www.ruiqigo.com\/sv\/wp-json\/wp\/v2\/products?post=3474"}],"curies":[{"name":"wp","href":"https:\/\/api.w.org\/{rel}","templated":true}]}}