{"id":3479,"date":"2025-05-22T17:45:04","date_gmt":"2025-05-22T09:45:04","guid":{"rendered":"https:\/\/www.ruiqigo.com\/?post_type=product&#038;p=3479"},"modified":"2025-05-22T16:53:37","modified_gmt":"2025-05-22T08:53:37","slug":"spray-glass-cleaner","status":"publish","type":"product","link":"https:\/\/www.ruiqigo.com\/sv\/product\/spray-glass-cleaner","title":{"rendered":"Sprayreng\u00f6ring f\u00f6r glas"},"content":{"rendered":"<h2 class=\"wp-block-heading\">Vanliga formler f\u00f6r tillverkning av sprayglasreng\u00f6ring<\/h2>\n\n\n\n<p>Sprayglasreng\u00f6ringsmedlet vi tillverkar anv\u00e4nder en milj\u00f6v\u00e4nlig formula som inte inneh\u00e5ller ammoniak, i kombination med en m\u00e4ngd olika tensider, naturliga l\u00f6sningsmedel, etanol och flyktiga tillsatser f\u00f6r att synergistiskt f\u00f6rb\u00e4ttra reng\u00f6ringskraften och snabbtorkande effekterna. Det kommer inte att korrodera glaset efter anv\u00e4ndning, och det kommer inte att finnas n\u00e5gra rester efter avtorkning, och det \u00e4r l\u00e4mpligt f\u00f6r anv\u00e4ndning p\u00e5 en m\u00e4ngd olika glas- och spegelmaterial.<\/p>\n\n\n\n<p><strong>1. Nonjoniskt tensid: <\/strong>Detta \u00e4r en mild och effektiv reng\u00f6ringsingrediens som snabbt kan linda in och bryta ner fl\u00e4ckar och fett, samtidigt som den minskar skumbildning under reng\u00f6ringsprocessen, f\u00f6rb\u00e4ttrar reng\u00f6ringseffektiviteten och \u00e4r l\u00e4mplig f\u00f6r snabb avtorkning av stora ytor.<\/p>\n\n\n\n<p><strong>2. Naturligt citratl\u00f6sningsmedel: <\/strong>Detta \u00e4r ett s\u00e4kert l\u00f6sningsmedel som utvinns ur naturlig v\u00e4xtolja. Det kan effektivt bryta ner envis oljefilm och avlagringar utan att korrodera glasytan. Det \u00e4r en idealisk ingrediens som tar h\u00e4nsyn till b\u00e5de milj\u00f6skydd och prestanda.<\/p>\n\n\n\n<p><strong>3. Etanol:<\/strong> Etanol har egenskapen att den avdunstar snabbt. Efter anv\u00e4ndning kan den hj\u00e4lpa glasytan att torka snabbt utan att l\u00e4mna vattenm\u00e4rken eller r\u00e4nder. Samtidigt, eftersom den har en l\u00e4tt desinficerande effekt, s\u00e4kerst\u00e4ller den ocks\u00e5 effektivt glasytans hygien.<\/p>\n\n\n\n<p><strong>4. Avjoniserat vatten: <\/strong>Det kan minska mineralinneh\u00e5llet i vattnet, f\u00f6rhindra vattenfl\u00e4ckar efter avtorkning och s\u00e4kerst\u00e4lla att glaset \u00e4r sl\u00e4tt och transparent.<\/p>\n\n\n\n<h2 class=\"wp-block-heading\">Funktionerna hos sprayglasreng\u00f6ring<\/h2>\n\n\n\n<p><strong>1. Milj\u00f6v\u00e4nlig ammoniakfri formel:<\/strong> Sprayglasreng\u00f6ring inneh\u00e5ller inte irriterande ingredienser som ammoniak och blekmedel, har ingen skarp lukt, \u00e4r skonsam mot m\u00e4nniskokroppen och \u00e4r l\u00e4mplig f\u00f6r reng\u00f6ring av slutna inomhusmilj\u00f6er.<\/p>\n\n\n\n<p><strong>2. L\u00f6s snabbt upp fl\u00e4ckar och fingeravtrycksrester: <\/strong>Sprayglasreng\u00f6ring \u00e4r speciellt framtagen med tensider och l\u00e4tta l\u00f6sningsmedel, som snabbt kan tr\u00e4nga in och bryta ner oljefl\u00e4ckar, r\u00f6kfl\u00e4ckar och envisa fingeravtryck p\u00e5 glasytan, vilket g\u00f6r avtorkning enklare och minskar reng\u00f6ringstiden.<\/p>\n\n\n\n<p><strong>3. Snabbtorkande och l\u00e5g resthalt:<\/strong> Den anv\u00e4nder en snabbtorkande etanolformel som avdunstar inom n\u00e5gra sekunder efter sprayning. Ytan kommer inte att missf\u00e4rgas av damm eller repor och \u00e4r l\u00e4mplig f\u00f6r anv\u00e4ndning i vitrinsk\u00e5p och andra utrymmen.<\/p>\n\n\n\n<p><strong>4. Stark reng\u00f6ringskraft: <\/strong>Sprejeffekten \u00e4r j\u00e4mn och smutsen avl\u00e4gsnas noggrant. Inga rester l\u00e4mnas kvar p\u00e5 glasytan efter reng\u00f6ring, vilket f\u00f6rb\u00e4ttrar reng\u00f6ringseffektiviteten avsev\u00e4rt och \u00e4r l\u00e4mplig f\u00f6r reng\u00f6ring med h\u00f6g frekvens.<\/p>\n\n\n\n<p><strong>5. Multifunktionell anpassning, kostnadseffektiv: <\/strong>Sprayglasreng\u00f6ring \u00e4r inte bara l\u00e4mplig f\u00f6r glasytor, utan kan \u00e4ven anv\u00e4ndas f\u00f6r speglar, sl\u00e4ta kakel, ytor av rostfritt st\u00e5l etc., med h\u00f6g kostnadseffektivitet.<\/p>\n\n\n\n<h2 class=\"wp-block-heading\">Hur man anv\u00e4nder sprayglasreng\u00f6ring<\/h2>\n\n\n\n<p>1. Vrid munstycket till &quot;spray&quot;-l\u00e4ge och rikta mot glas- eller spegelytan.<\/p>\n\n\n\n<p>2. Spraya en l\u00e4mplig m\u00e4ngd tv\u00e4ttmedel j\u00e4mnt, med ett rekommenderat avst\u00e5nd p\u00e5 20\u201330 cm.<\/p>\n\n\n\n<p>3. Torka av med en ren, luddfri trasa eller pappershandduk tills ytan \u00e4r ren och fr\u00e4sch.<\/p>\n\n\n\n<p>4. Vid envisa fl\u00e4ckar, upprepa proceduren en eller tv\u00e5 g\u00e5nger tills reng\u00f6ringen \u00e4r klar.<\/p>\n\n\n\n<h2 class=\"wp-block-heading\">F\u00f6rsiktighet<\/h2>\n\n\n\n<p><strong>1. Anv\u00e4nd inte p\u00e5 obehandlat tr\u00e4 eller por\u00f6sa ytor: <\/strong>Denna produkt \u00e4r l\u00e4mplig f\u00f6r icke-absorberande ytor och \u00e4r inte l\u00e4mplig f\u00f6r sprayning p\u00e5 absorberande material som tr\u00e4m\u00f6bler eller sten f\u00f6r att undvika missf\u00e4rgning eller f\u00f6rs\u00e4mring orsakad av penetration.<\/p>\n\n\n\n<p><strong>2. F\u00f6rslut munstycket omedelbart efter anv\u00e4ndning: <\/strong>Vrid munstycket till st\u00e4ngt l\u00e4ge efter anv\u00e4ndning f\u00f6r att undvika f\u00f6rlust av flyktiga komponenter och s\u00e4kerst\u00e4lla effekten vid n\u00e4sta anv\u00e4ndning.<\/p>\n\n\n\n<p><strong>3. Blanda inte med starka syra- eller alkaliska reng\u00f6ringsmedel: <\/strong>Undvik att blanda med andra mycket fr\u00e4tande eller starka syra- eller alkaliska reng\u00f6ringsmedel f\u00f6r att f\u00f6rhindra kemiska reaktioner eller skador p\u00e5 glasytan.<\/p>\n\n\n\n<h2 class=\"wp-block-heading\">Slutsats<\/h2>\n\n\n\n<p>Sprayglasreng\u00f6ring \u00e4r ditt p\u00e5litliga val f\u00f6r effektiv reng\u00f6ring av glasytor. Med sin h\u00f6geffektiva, snabbtorkande, sp\u00e5rfria h\u00f6gkvalitativa formula och breda anpassningsf\u00f6rm\u00e5ga till en m\u00e4ngd olika ytmaterial anv\u00e4nds den ofta i hem, hotell, stormarknader och andra omr\u00e5den, vilket hj\u00e4lper dig att f\u00f6rb\u00e4ttra glasreng\u00f6ringens effektivitet och skapa ett klart och ljust visuellt utrymme.<\/p>","protected":false},"excerpt":{"rendered":"Spray Glass Cleaner Manufacturing Common Formulas The spray glass cleaner we manufacture uses an environmentally friendly formula that does not contain ammonia, combined with a variety of surfactants, natural solvents, ethanol and volatile additives to synergistically enhance cleaning power and quick-drying effects. It will not corrode the glass after use, and there will be no [&hellip;]","protected":false},"featured_media":3481,"menu_order":0,"template":"","meta":[],"product-tag":[],"products":[182],"class_list":["post-3479","product","type-product","status-publish","has-post-thumbnail","hentry","products-glass-cleaner"],"acf":[],"_links":{"self":[{"href":"https:\/\/www.ruiqigo.com\/sv\/wp-json\/wp\/v2\/product\/3479","targetHints":{"allow":["GET"]}}],"collection":[{"href":"https:\/\/www.ruiqigo.com\/sv\/wp-json\/wp\/v2\/product"}],"about":[{"href":"https:\/\/www.ruiqigo.com\/sv\/wp-json\/wp\/v2\/types\/product"}],"version-history":[{"count":0,"href":"https:\/\/www.ruiqigo.com\/sv\/wp-json\/wp\/v2\/product\/3479\/revisions"}],"wp:featuredmedia":[{"embeddable":true,"href":"https:\/\/www.ruiqigo.com\/sv\/wp-json\/wp\/v2\/media\/3481"}],"wp:attachment":[{"href":"https:\/\/www.ruiqigo.com\/sv\/wp-json\/wp\/v2\/media?parent=3479"}],"wp:term":[{"taxonomy":"product-tag","embeddable":true,"href":"https:\/\/www.ruiqigo.com\/sv\/wp-json\/wp\/v2\/product-tag?post=3479"},{"taxonomy":"products","embeddable":true,"href":"https:\/\/www.ruiqigo.com\/sv\/wp-json\/wp\/v2\/products?post=3479"}],"curies":[{"name":"wp","href":"https:\/\/api.w.org\/{rel}","templated":true}]}}