{"id":3486,"date":"2025-05-28T17:18:28","date_gmt":"2025-05-28T09:18:28","guid":{"rendered":"https:\/\/www.ruiqigo.com\/?post_type=product&#038;p=3486"},"modified":"2025-05-28T11:19:22","modified_gmt":"2025-05-28T03:19:22","slug":"laser-hair-comb","status":"publish","type":"product","link":"https:\/\/www.ruiqigo.com\/sv\/product\/laser-hair-comb","title":{"rendered":"Laserh\u00e5rkam"},"content":{"rendered":"<h2 class=\"wp-block-heading\">Funktioner i laserh\u00e5rkam<\/h2>\n\n\n\n<p>Laserkammen \u00e4r en intelligent h\u00e5rv\u00e5rdsprodukt som kombinerar v\u00e5rd och massage. Den anv\u00e4nder LLLT-teknik f\u00f6r att stimulera h\u00e5rs\u00e4cksaktivitet, f\u00f6rb\u00e4ttra h\u00e5rbottens mikrocirkulation och fr\u00e4mja en h\u00e4lsosam h\u00e5rv\u00e4xt.<\/p>\n\n\n\n<p><strong>1. L\u00e5genergilaser: <\/strong>Den l\u00e5genergilaser som anv\u00e4nds av laserkammen kan stimulera h\u00e5rs\u00e4ckarna och f\u00f6rb\u00e4ttra h\u00e5rbottens vitalitet.<\/p>\n\n\n\n<p><strong>2. Kompakt och b\u00e4rbar: <\/strong>Laserh\u00e5rkammen \u00e4r l\u00e4tt och ergonomiskt utformad f\u00f6r handh\u00e5llen anv\u00e4ndning, vilket \u00e4r mycket bekv\u00e4mt f\u00f6r daglig anv\u00e4ndning och b\u00e4rande.<\/p>\n\n\n\n<p><strong>3. Bekv\u00e4m laddning: <\/strong>Den h\u00e4r produkten har ett inbyggt uppladdningsbart litiumbatteri och st\u00f6der tv\u00e5 laddningsmetoder: USB eller dockningsstation. Du beh\u00f6ver inte oroa dig f\u00f6r att f\u00e5 slut p\u00e5 str\u00f6m n\u00e4r du \u00e4r borta.<\/p>\n\n\n\n<p><strong>4. Enkel anv\u00e4ndning: <\/strong>Laserh\u00e5rkammen kan anv\u00e4ndas med bara en knapp, vilket \u00e4r mycket enkelt. Den har en intensitetsjusteringsfunktion i flera niv\u00e5er som kan justeras efter anv\u00e4ndarens personliga behov.<\/p>\n\n\n\n<h2 class=\"wp-block-heading\">F\u00f6rdelar med laserh\u00e5rkam<\/h2>\n\n\n\n<p>J\u00e4mf\u00f6rt med vanliga kammar eller massageapparater har laserh\u00e5rkammar betydande f\u00f6rdelar vad g\u00e4ller teknik och funktion. De kan inte bara fysiskt kamma h\u00e5ret, utan de kan ocks\u00e5 verka direkt p\u00e5 de djupa lagren i h\u00e5rbotten genom lasrar med specifika v\u00e5gl\u00e4ngder, vilket fr\u00e4mjar blodcirkulationen och f\u00f6rdr\u00f6jer h\u00e5rs\u00e4cksatrofi. Denna icke-invasiva teknik \u00e4r l\u00e4mplig f\u00f6r l\u00e5ngvarig anv\u00e4ndning och kan ge ytterligare f\u00f6rb\u00e4ttringar f\u00f6r problem som h\u00e5ravfall, d\u00e5lig h\u00e5rkvalitet och h\u00e5ravfall.<\/p>\n\n\n\n<p><strong>1. Laserv\u00e5rdsteknik: <\/strong>Denna produkt anv\u00e4nder en l\u00e5genergilaser med 650 nm v\u00e5gl\u00e4ngd f\u00f6r att djupaktivera h\u00e5rs\u00e4cksceller, vilket s\u00e4kert och effektivt reparerar och utf\u00f6r h\u00e5rv\u00e5rd.<\/p>\n\n\n\n<p><strong>2. Bekv\u00e4m och intelligent drift: <\/strong>Laserh\u00e5rkammen \u00e4r mycket bekv\u00e4m att anv\u00e4nda, startar med en knapptryckning, har ingen tr\u00f6skel f\u00f6r drift och \u00e4r \u00e4ven utrustad med funktioner som timing- och intensitetsjustering, vilket g\u00f6r den mer flexibel att anv\u00e4nda.<\/p>\n\n\n\n<p><strong>3. Lindra problem med h\u00e5ravfall: <\/strong>L\u00e5ngvarig anv\u00e4ndning av laserkammen kan bidra till att minska h\u00e5ravfall, reglera h\u00e5rs\u00e4ckar och fr\u00e4mja tillv\u00e4xten av nytt h\u00e5r.<\/p>\n\n\n\n<p><strong>4. Fr\u00e4mja blodcirkulationen i h\u00e5rbotten: <\/strong>Anv\u00e4ndningen av laserkammen kan f\u00f6rb\u00e4ttra mikrocirkulationen i h\u00e5rbotten och hj\u00e4lpa h\u00e5rs\u00e4ckarna att f\u00e5 i sig mer n\u00e4ring.<\/p>\n\n\n\n<h2 class=\"wp-block-heading\">M\u00e5lgrupp f\u00f6r laserh\u00e5rkam<\/h2>\n\n\n\n<p>Laserh\u00e5rkam \u00e4r fr\u00e4mst f\u00f6r anv\u00e4ndare som beh\u00f6ver h\u00e5rv\u00e5rd, s\u00e4rskilt f\u00f6r de som besv\u00e4ras av h\u00e5ravfall och \u00e4r oroliga f\u00f6r h\u00e5rbottens h\u00e4lsa. Den passar b\u00e5de medel\u00e5lders och \u00e4ldre personer samt sk\u00f6nhetsentusiaster.<\/p>\n\n\n\n<p>1. Personer med h\u00e5ravfall, tunt h\u00e5r och k\u00e4nslig h\u00e5rbotten.<\/p>\n\n\n\n<p>2. Personer med \u00e4rftligt h\u00e5ravfall, s\u00e5som seborroiskt alopeci.<\/p>\n\n\n\n<p>3. Personer med torrt, frissigt och l\u00e4ttbrutet h\u00e5r.<\/p>\n\n\n\n<p>4. Personer p\u00e5 arbetsplatsen som har l\u00e5ngvarig stress och oregelbunden arbets- och vila, vilket leder till h\u00e5ravfall.<\/p>\n\n\n\n<p>5. Kunder som \u00e4r uppm\u00e4rksamma p\u00e5 h\u00e5rv\u00e5rd i sk\u00f6nhetssalonger och andra platser.<\/p>\n\n\n\n<h2 class=\"wp-block-heading\">Produktionsprocess f\u00f6r laserh\u00e5rkam<\/h2>\n\n\n\n<p>Produktionsprocessen f\u00f6r laserh\u00e5rkammar kombinerar elektronisk teknik och precisionsgjutningsteknik. Ljusk\u00e4llans v\u00e5gl\u00e4ngd, stabilitet och elektriska s\u00e4kerhet kontrolleras strikt under produktionsprocessen. De huvudsakliga processerna inkluderar formsprutning av plastskal, montering av lasermoduler, svetsning av kretskort, funktionstestning och montering av hela maskinen.<\/p>\n\n\n\n<h2 class=\"wp-block-heading\">Anv\u00e4ndningsomr\u00e5den f\u00f6r laserh\u00e5rkam<\/h2>\n\n\n\n<p>Laserh\u00e5rkam anv\u00e4nds ofta i daglig h\u00e5rv\u00e5rd hemma, hos fris\u00f6rer, sk\u00f6nhetssalonger, professionella fysioterapicenter och p\u00e5 andra platser.<\/p>\n\n\n\n<p>1. Daglig h\u00e5rbottenv\u00e5rd och f\u00f6rebyggande av h\u00e5ravfall hemma.<\/p>\n\n\n\n<p>2. H\u00e5rv\u00e5rdsprojekt i barbersalonger.<\/p>\n\n\n\n<p>3. Fysioterapiprojekt i sk\u00f6nhetssalonger.<\/p>\n\n\n\n<p>4. Ta med h\u00e5rv\u00e5rdsprodukter p\u00e5 aff\u00e4rsresor.<\/p>\n\n\n\n<h2 class=\"wp-block-heading\">Hur man anv\u00e4nder laserh\u00e5rkammen<\/h2>\n\n\n\n<p>Laserh\u00e5rkammen \u00e4r mycket enkel att anv\u00e4nda. Det rekommenderas generellt att anv\u00e4nda den i 10\u201315 minuter varje g\u00e5ng, 3\u20134 g\u00e5nger i veckan, och observera v\u00e5rdeffekten efter 8\u201312 veckors anv\u00e4ndning.<\/p>\n\n\n\n<p>1. Reng\u00f6r h\u00e5ret och se till att det \u00e4r torrt och fettfritt.<\/p>\n\n\n\n<p>2. Tryck l\u00e4nge p\u00e5 str\u00f6mknappen och v\u00e4lj l\u00e4mplig v\u00e4xel.<\/p>\n\n\n\n<p>3. Placera kamt\u00e4nderna n\u00e4ra h\u00e5rbotten och kamma j\u00e4mnt fr\u00e5n pannan till baksidan.<\/p>\n\n\n\n<p>4. H\u00e5ll varje omr\u00e5de i n\u00e5gra sekunder och g\u00e5 sedan l\u00e5ngsamt vidare till n\u00e4sta omr\u00e5de.<\/p>\n\n\n\n<p>5. St\u00e4ng av str\u00f6mmen efter anv\u00e4ndning och torka f\u00f6rsiktigt av kammens yta med en torr trasa.<\/p>","protected":false},"excerpt":{"rendered":"Laser Hair Comb Features The laser hair comb is an intelligent hair care product that integrates care and massage. It uses LLLT technology to help stimulate hair follicle activity, improve scalp microcirculation, and promote healthy hair growth. 1. Low-energy laser: The low-energy laser used by the laser hair comb can stimulate hair follicles and enhance [&hellip;]","protected":false},"featured_media":3487,"menu_order":0,"template":"","meta":[],"product-tag":[],"products":[164],"class_list":["post-3486","product","type-product","status-publish","has-post-thumbnail","hentry","products-laser-hair-comb"],"acf":[],"_links":{"self":[{"href":"https:\/\/www.ruiqigo.com\/sv\/wp-json\/wp\/v2\/product\/3486","targetHints":{"allow":["GET"]}}],"collection":[{"href":"https:\/\/www.ruiqigo.com\/sv\/wp-json\/wp\/v2\/product"}],"about":[{"href":"https:\/\/www.ruiqigo.com\/sv\/wp-json\/wp\/v2\/types\/product"}],"version-history":[{"count":0,"href":"https:\/\/www.ruiqigo.com\/sv\/wp-json\/wp\/v2\/product\/3486\/revisions"}],"wp:featuredmedia":[{"embeddable":true,"href":"https:\/\/www.ruiqigo.com\/sv\/wp-json\/wp\/v2\/media\/3487"}],"wp:attachment":[{"href":"https:\/\/www.ruiqigo.com\/sv\/wp-json\/wp\/v2\/media?parent=3486"}],"wp:term":[{"taxonomy":"product-tag","embeddable":true,"href":"https:\/\/www.ruiqigo.com\/sv\/wp-json\/wp\/v2\/product-tag?post=3486"},{"taxonomy":"products","embeddable":true,"href":"https:\/\/www.ruiqigo.com\/sv\/wp-json\/wp\/v2\/products?post=3486"}],"curies":[{"name":"wp","href":"https:\/\/api.w.org\/{rel}","templated":true}]}}