{"id":3492,"date":"2025-05-28T11:12:02","date_gmt":"2025-05-28T03:12:02","guid":{"rendered":"https:\/\/www.ruiqigo.com\/?post_type=product&#038;p=3492"},"modified":"2025-05-28T11:12:03","modified_gmt":"2025-05-28T03:12:03","slug":"long-handle-bath-brush","status":"publish","type":"product","link":"https:\/\/www.ruiqigo.com\/sv\/product\/long-handle-bath-brush","title":{"rendered":"Badborste med l\u00e5ngt skaft"},"content":{"rendered":"<h2 class=\"wp-block-heading\">Funktioner f\u00f6r badborste med l\u00e5ngt skaft<\/h2>\n\n\n\n<p>Badborsten med l\u00e5ngt skaft \u00e4r ett badverktyg designat f\u00f6r kroppsreng\u00f6ring, med ett ergonomiskt utformat f\u00f6rl\u00e4ngt handtag. Borsten \u00e4r tillverkade av mjuk nylon, vildsvinsborst och andra material f\u00f6r att m\u00f6ta en m\u00e4ngd olika behov, fr\u00e5n djupreng\u00f6ring till skonsam v\u00e5rd. Den \u00f6vergripande designen tar h\u00e4nsyn till b\u00e5de praktiska egenskaper och komfort, och \u00e4r en grundl\u00e4ggande detalj i modern badning.<\/p>\n\n\n\n<p><strong>1. F\u00f6rl\u00e4ngd handtagsdesign: <\/strong>Handtaget p\u00e5 en badborste med l\u00e5ngt skaft \u00e4r vanligtvis 30-45 cm, vilket \u00e4r praktiskt f\u00f6r reng\u00f6ring av rygg, ben och andra delar som \u00e4r sv\u00e5ra att reng\u00f6ra.<\/p>\n\n\n\n<p><strong>2. Ergonomiskt handtag: <\/strong>Handtaget \u00e4r ofta utformat med en halkfri textur eller mjukt gummi, vilket \u00e4r bekv\u00e4mt att h\u00e5lla i och inte l\u00e4tt att glida \u00e4ven med v\u00e5ta h\u00e4nder.<\/p>\n\n\n\n<p><strong>3. Olika material: <\/strong>Borsten p\u00e5 en badborste med l\u00e5ngt skaft \u00e4r vanligtvis av nylon eller v\u00e4xtfiber, och handtaget \u00e4r vanligtvis av plast, bambu eller naturligt tr\u00e4. Materialen \u00e4r olika och kan anpassas efter dina personliga behov.<\/p>\n\n\n\n<h2 class=\"wp-block-heading\">F\u00f6rdelar med l\u00e5nghandtag f\u00f6r badborste<\/h2>\n\n\n\n<p>Badborsten med l\u00e5ngt skaft har m\u00e5nga f\u00f6rdelar vad g\u00e4ller material och struktur.<\/p>\n\n\n\n<p><strong>1. Djupreng\u00f6ring av d\u00f6da h\u00f6rn: <\/strong>Det l\u00e5nga handtaget med f\u00f6rl\u00e4ngd halkfri design g\u00f6r att anv\u00e4ndarna enkelt kan reng\u00f6ra rygg och nedre extremiteter utan att b\u00f6ja sig eller vrida sig, vilket l\u00f6ser problemet med att reng\u00f6ra d\u00f6da h\u00f6rn. Den \u00e4r s\u00e4rskilt l\u00e4mplig f\u00f6r personer med begr\u00e4nsad r\u00f6rlighet och de som har sv\u00e5rt att tv\u00e4tta ryggen.<\/p>\n\n\n\n<p><strong>2. F\u00f6rb\u00e4ttra hudens tillst\u00e5nd: <\/strong>De flexibla och t\u00e4ta borsten har bra exfoliering och massagefunktioner, vilket kan stimulera huden, fr\u00e4mja blodcirkulationen, bidra till att f\u00f6rb\u00e4ttra grov hud och hj\u00e4lpa huden att bli len och \u00f6mt\u00e5lig.<\/p>\n\n\n\n<p><strong>3. Vattent\u00e4t och h\u00e5llbar: <\/strong>Badborsten med l\u00e5ngt skaft \u00e4r tillverkad av h\u00f6gkvalitativ plast eller bambutr\u00e4, vilket inte \u00e4r l\u00e4tt att forma och deformera, och \u00e4r fuktbest\u00e4ndig och vattent\u00e4t. Borsthuvudet och handtaget \u00e4r ordentligt sammankopplade, vilket g\u00f6r den h\u00e5llbar och inte l\u00e4tt att g\u00e5 s\u00f6nder.<\/p>\n\n\n\n<p><strong>4. S\u00e4kerhet och hygien: <\/strong>Badborsten med l\u00e5ngt skaft st\u00f6der vattentv\u00e4tt och snabb torkning, \u00e4r inte l\u00e4tt att odla bakterier, \u00e4r s\u00e4ker och hygienisk och \u00e4r l\u00e4mplig f\u00f6r l\u00e5ngvarig upprepad anv\u00e4ndning.<\/p>\n\n\n\n<h2 class=\"wp-block-heading\">M\u00e5lgrupp f\u00f6r badborste med l\u00e5ngt skaft<\/h2>\n\n\n\n<p>Badborsten med l\u00e5ngt skaft kan v\u00e4l tillgodose behoven hos anv\u00e4ndare i olika \u00e5ldrar och behov. Den \u00e4r ett praktiskt verktyg f\u00f6r daglig badning och hudv\u00e5rd. Den \u00e4r l\u00e4mplig f\u00f6r en m\u00e4ngd olika m\u00e4nniskor, s\u00e4rskilt f\u00f6ljande persongrupper.<\/p>\n\n\n\n<p><strong>1. \u00c4ldre personer:<\/strong> \u00c4ldre personer har begr\u00e4nsad r\u00f6rlighet, och det l\u00e5nga handtaget g\u00f6r det enklare att reng\u00f6ra kroppen.<\/p>\n\n\n\n<p><strong>2. Gravida kvinnor: <\/strong>Gravida kvinnor har sv\u00e5rt att b\u00f6ja kroppen, och badborsten med l\u00e5ngt skaft kan minska belastningen vid bad och reng\u00f6ra delar som \u00e4r sv\u00e5ra att reng\u00f6ra.<\/p>\n\n\n\n<p><strong>3. Personer med tjock hud:<\/strong> Du kan anv\u00e4nda en badborste med l\u00e5ngt skaft f\u00f6r att torrborsta eller anv\u00e4nda h\u00e5rdare borst f\u00f6r att ta bort d\u00f6d hud.<\/p>\n\n\n\n<p><strong>4. Entusiaster f\u00f6r daglig sk\u00f6tsel: <\/strong>Den kan anv\u00e4ndas f\u00f6r massage, exfoliering och daglig reng\u00f6ring f\u00f6r de som \u00e4r noggranna med hudv\u00e5rd.<\/p>\n\n\n\n<h2 class=\"wp-block-heading\">Produktionsprocess f\u00f6r badborste med l\u00e5ngt skaft<\/h2>\n\n\n\n<p>Produktionsprocessen f\u00f6r badborstar med l\u00e5ngt skaft varierar n\u00e5got, men inkluderar generellt formsprutning, h\u00e5rtransplantation, manuell trimning och monteringstestning.<\/p>\n\n\n\n<p>Plastprodukter tillverkas vanligtvis av h\u00f6gh\u00e5llfasta ABS- eller PP-material f\u00f6r formsprutning i ett stycke, och borsten fixeras noggrant av en automatisk h\u00e5rtransplantationsmaskin, och sedan rundas borsten f\u00f6r att f\u00f6rb\u00e4ttra hudk\u00e4nslan. Handtaget monteras manuellt efter sk\u00e4rning, slipning och m\u00f6gelskydd, och har vissa milj\u00f6skydds- och estetiska egenskaper. Slutligen genomg\u00e5r den f\u00e4rdiga produkten olika produktkvalitets- och prestandatester f\u00f6r att s\u00e4kerst\u00e4lla stabilitet och h\u00e5llbarhet.<\/p>\n\n\n\n<h2 class=\"wp-block-heading\">Anv\u00e4ndningsomr\u00e5den f\u00f6r badborste med l\u00e5ngt skaft<\/h2>\n\n\n\n<p>Badborsten med l\u00e5ngt skaft har ett brett anv\u00e4ndningsomr\u00e5de, inte bara begr\u00e4nsad till bad och reng\u00f6ring i hemmet, utan \u00e4ven l\u00e4mplig f\u00f6r professionella platser som hotellbadrum och kroppsv\u00e5rdsprojekt i sk\u00f6nhetssalonger.<\/p>\n\n\n\n<p><strong>1. Dagligt bad hemma: <\/strong>Detta \u00e4r den vanligaste anv\u00e4ndningsplatsen f\u00f6r badborstar med l\u00e5ngt skaft, l\u00e4mpliga f\u00f6r daglig kroppsreng\u00f6ring f\u00f6r m\u00e4n, kvinnor, unga och gamla.<\/p>\n\n\n\n<p><strong>2. Rehabiliterings- och v\u00e5rdinstitutioner: <\/strong>De kan hj\u00e4lpa personer med begr\u00e4nsad fysisk aktivitet att slutf\u00f6ra st\u00e4dningen.<\/p>\n\n\n\n<p><strong>3. Sk\u00f6nhetssalongv\u00e5rd: <\/strong>Den anv\u00e4nds f\u00f6r torrborstning f\u00f6re kroppsv\u00e5rd f\u00f6r att fr\u00e4mja blodcirkulationen och f\u00f6rb\u00e4ttra effekten av efterf\u00f6ljande kroppsv\u00e5rd.<\/p>\n\n\n\n<h2 class=\"wp-block-heading\">Hur man anv\u00e4nder badborsten med l\u00e5ngt skaft<\/h2>\n\n\n\n<p>Badborsten med l\u00e5ngt skaft \u00e4r mycket enkel att anv\u00e4nda. Applicera bara en lagom m\u00e4ngd duschgel p\u00e5 borsten medan du duschar eller badar, och reng\u00f6r sedan f\u00f6rsiktigt ryggen, benen och andra kroppsdelar med hj\u00e4lp av borsten i cirkulerande r\u00f6relser. Sk\u00f6lj med rent vatten efter reng\u00f6ring och h\u00e4ng badborsten p\u00e5 tork f\u00f6r att bibeh\u00e5lla hygienen och f\u00f6rl\u00e4nga dess livsl\u00e4ngd.<\/p>\n\n\n\n<p>Under reng\u00f6ringsprocessen kan kraften justeras efter borsth\u00e5rens h\u00e5rdhet f\u00f6r att uppn\u00e5 den dubbla effekten av reng\u00f6ring och massage. Torrborstning kan g\u00f6ras f\u00f6re bad, vilket hj\u00e4lper till att fr\u00e4mja blodcirkulationen och \u00e4mnesoms\u00e4ttningen.<\/p>","protected":false},"excerpt":{"rendered":"Long Handle Bath Brush Features The long handle bath brush is a bathing tool designed for body cleaning, with an ergonomically designed extended handle. The bristles are made of soft nylon, boar bristles, and other materials to meet a variety of needs from deep cleaning to gentle care. The overall design takes into account both [&hellip;]","protected":false},"featured_media":3493,"menu_order":0,"template":"","meta":[],"product-tag":[],"products":[166],"class_list":["post-3492","product","type-product","status-publish","has-post-thumbnail","hentry","products-bath-brush"],"acf":[],"_links":{"self":[{"href":"https:\/\/www.ruiqigo.com\/sv\/wp-json\/wp\/v2\/product\/3492","targetHints":{"allow":["GET"]}}],"collection":[{"href":"https:\/\/www.ruiqigo.com\/sv\/wp-json\/wp\/v2\/product"}],"about":[{"href":"https:\/\/www.ruiqigo.com\/sv\/wp-json\/wp\/v2\/types\/product"}],"version-history":[{"count":0,"href":"https:\/\/www.ruiqigo.com\/sv\/wp-json\/wp\/v2\/product\/3492\/revisions"}],"wp:featuredmedia":[{"embeddable":true,"href":"https:\/\/www.ruiqigo.com\/sv\/wp-json\/wp\/v2\/media\/3493"}],"wp:attachment":[{"href":"https:\/\/www.ruiqigo.com\/sv\/wp-json\/wp\/v2\/media?parent=3492"}],"wp:term":[{"taxonomy":"product-tag","embeddable":true,"href":"https:\/\/www.ruiqigo.com\/sv\/wp-json\/wp\/v2\/product-tag?post=3492"},{"taxonomy":"products","embeddable":true,"href":"https:\/\/www.ruiqigo.com\/sv\/wp-json\/wp\/v2\/products?post=3492"}],"curies":[{"name":"wp","href":"https:\/\/api.w.org\/{rel}","templated":true}]}}