{"id":3499,"date":"2025-05-30T15:45:20","date_gmt":"2025-05-30T07:45:20","guid":{"rendered":"https:\/\/www.ruiqigo.com\/?post_type=product&#038;p=3499"},"modified":"2025-05-30T15:45:21","modified_gmt":"2025-05-30T07:45:21","slug":"whitening-face-cream","status":"publish","type":"product","link":"https:\/\/www.ruiqigo.com\/sv\/product\/whitening-face-cream","title":{"rendered":"Vitg\u00f6rande ansiktskr\u00e4m"},"content":{"rendered":"<h2 class=\"wp-block-heading\">Tillverkning av vitare ansiktskr\u00e4mer Vanliga formler<\/h2>\n\n\n\n<p>Som professionell tillverkare av ansiktskr\u00e4mer anv\u00e4nder vi en m\u00e4ngd olika naturliga vitg\u00f6rande ingredienser, s\u00e5som niacinamid, arbutin etc., som verkar synergistiskt. Dessa ingredienser kan inte bara h\u00e4mma bildandet av melanin, utan har ocks\u00e5 \u00e5terfuktande och antioxiderande effekter, vilket g\u00f6r att huden beh\u00e5ller sin lyster och elasticitet under vitg\u00f6randet.<\/p>\n\n\n\n<p><strong>1. Niacinamid:<\/strong> Niacinamid \u00e4r en vattenl\u00f6slig ingrediens som effektivt kan h\u00e4mma transporten av melanin till epidermisceller, vilket f\u00f6rhindrar bildandet av fl\u00e4ckar fr\u00e5n k\u00e4llan. Samtidigt kan den ocks\u00e5 f\u00f6rb\u00e4ttra hudens barri\u00e4rfunktion, f\u00f6rb\u00e4ttra oj\u00e4mnheter, f\u00f6rstorade porer och andra problem, och \u00e4r mycket l\u00e4mplig f\u00f6r daglig vitg\u00f6rande v\u00e5rd.<\/p>\n\n\n\n<p><strong>2. Arbutin: <\/strong>Arbutin \u00e4r en naturlig vitg\u00f6rande ingrediens utvunnen fr\u00e5n v\u00e4xter. Den \u00e4r mild och icke-irriterande. Den kan effektivt h\u00e4mma aktiviteten hos tyrosinas och minska syntesen av melanin. J\u00e4mf\u00f6rt med andra kraftfulla ingredienser \u00e4r arbutin mer l\u00e4mplig f\u00f6r l\u00e5ngvarig anv\u00e4ndning och har en betydande effekt p\u00e5 blekning av aknem\u00e4rken och solfl\u00e4ckar.<\/p>\n\n\n\n<p><strong>3. Lakritsextrakt: <\/strong>Lakrits \u00e4r rik p\u00e5 glycyrrhizinsyra, som har betydande antiinflammatoriska och vitare effekter. Den \u00e4r l\u00e4mplig f\u00f6r att reparera k\u00e4nslig hud. Samtidigt h\u00e4mmar den f\u00f6rsiktigt produktionen av melanin och ger huden en naturlig vitare effekt.<\/p>\n\n\n\n<p><strong>4. C-vitaminderivat: <\/strong>Denna ingrediens har utm\u00e4rkta antioxidantegenskaper, kan neutralisera fria radikaler, fr\u00e4mja kollagensyntes, samtidigt som den ljusar upp hudtonen och f\u00f6rb\u00e4ttrar hudens \u00f6vergripande lyster.<\/p>\n\n\n\n<h2 class=\"wp-block-heading\">Funktionerna hos en vitg\u00f6rande ansiktskr\u00e4m<\/h2>\n\n\n\n<p>V\u00e5r vitare ansiktskr\u00e4m har betydande f\u00f6rdelar vad g\u00e4ller effektivitet, s\u00e4kerhet och anv\u00e4ndarupplevelse, och m\u00f6ter anv\u00e4ndarnas dubbla behov av effektiv vitare hud + skonsam hudv\u00e5rd.<\/p>\n\n\n\n<p><strong>1. Betydande effekt, ljusar upp fl\u00e4ckar och g\u00f6r dem ljusare: <\/strong>Den vitare ansiktskr\u00e4men inneh\u00e5ller en m\u00e4ngd olika aktiva ingredienser som arbetar synergistiskt f\u00f6r att tr\u00e4nga djupt in i huden och ljusa upp finnar, matt hud och aknem\u00e4rken, vilket g\u00f6r hudtonen j\u00e4mnare och transparent och f\u00f6rb\u00e4ttrar den \u00f6vergripande hudkvaliteten.<\/p>\n\n\n\n<p><strong>2. Flera \u00e5terfuktande ingredienser: <\/strong>Vi har tillsatt hyaluronsyra, glycerin och andra mycket effektiva \u00e5terfuktande ingredienser f\u00f6r att ge huden djupg\u00e5ende n\u00e4ring samtidigt som den bleker huden, st\u00e4rker hudbarri\u00e4ren och undviker hud\u00e5ldrande eller oj\u00e4mn hudton p\u00e5 grund av torrhet.<\/p>\n\n\n\n<p><strong>3. Skonsam och icke-irriterande: <\/strong>Produktens formula inneh\u00e5ller inte irriterande ingredienser som alkohol, hormoner och kvicksilver. Den har testats p\u00e5 k\u00e4nslig hud och \u00e4r mycket s\u00e4ker, mild och icke-irriterande. Den kan anv\u00e4ndas s\u00e4kert p\u00e5 k\u00e4nslig hud.<\/p>\n\n\n\n<p><strong>4. L\u00e4tt konsistens och snabb absorption: <\/strong>Whitening face cream har en uppfriskande kr\u00e4mkonsistens som \u00e4r l\u00e4tt och icke-fet, l\u00e4tt att absorbera, inte t\u00e4pper till porerna och \u00e4r mycket l\u00e4mplig f\u00f6r anv\u00e4ndning i varma klimat.<\/p>\n\n\n\n<p><strong>5. L\u00e4mplig f\u00f6r olika hudtyper: <\/strong>Denna produkt \u00e4r l\u00e4mplig f\u00f6r olika hudtyper, s\u00e5som fet, torr och k\u00e4nslig hud, och kan tillgodose behoven hos olika konsumentgrupper.<\/p>\n\n\n\n<h2 class=\"wp-block-heading\">Hur man anv\u00e4nder en vitg\u00f6rande ansiktskr\u00e4m<\/h2>\n\n\n\n<p>Som en viktig del av en daglig hudv\u00e5rdsrutin rekommenderas vitg\u00f6rande ansiktskr\u00e4m att anv\u00e4ndas efter reng\u00f6ring och grundv\u00e5rd f\u00f6r att maximera dess vitg\u00f6rande och \u00e5terfuktande effekter. Det rekommenderas att anv\u00e4nda den en g\u00e5ng om dagen, morgon och kv\u00e4ll.<\/p>\n\n\n\n<p><strong>1. Reng\u00f6ring:<\/strong> Anv\u00e4nd en mild reng\u00f6ringsprodukt f\u00f6r att reng\u00f6ra ansiktet och ta bort damm och olja.<\/p>\n\n\n\n<p><strong>2. Toner:<\/strong> Anv\u00e4nd toner f\u00f6r att \u00e5terfukta huden.<\/p>\n\n\n\n<p><strong>3. Essens:<\/strong> Applicera vitg\u00f6rande essens f\u00f6r att p\u00e5skynda effekten av att bleka fl\u00e4ckar och g\u00f6ra dem ljusare.<\/p>\n\n\n\n<p><strong>4. Vitg\u00f6rande ansiktskr\u00e4m: <\/strong>Ta en l\u00e4mplig m\u00e4ngd vitg\u00f6rande ansiktskr\u00e4m och applicera den j\u00e4mnt \u00f6ver ansiktet, klappa tills den har absorberats.<\/p>\n\n\n\n<h2 class=\"wp-block-heading\">F\u00f6rsiktighet<\/h2>\n\n\n\n<p><strong>1. Hudtest rekommenderas: <\/strong>F\u00f6re f\u00f6rsta anv\u00e4ndningen, prova en liten m\u00e4ngd bakom \u00f6rat eller handleden, observera i 24 timmar och se till att det inte finns n\u00e5gon rodnad, svullnad eller allergi innan du anv\u00e4nder den i hela ansiktet.<\/p>\n\n\n\n<p><strong>2. Undvik kontakt med \u00f6gonen: <\/strong>Det rekommenderas inte att applicera Whitening Face Cream p\u00e5 huden runt \u00f6gonen. Om det av misstag kommer i \u00f6gonen, sk\u00f6lj omedelbart med rent vatten.<\/p>\n\n\n\n<p><strong>3. Undvik att anv\u00e4nda produkter med starka sura ingredienser:<\/strong> Produkter som inneh\u00e5ller fruktsyra eller salicylsyra kan komma i konflikt med ingredienserna i en vitg\u00f6rande ansiktskr\u00e4m. Det rekommenderas att anv\u00e4nda dem vid olika tidpunkter f\u00f6r att undvika irritation eller skador p\u00e5 hudens barri\u00e4r.<\/p>\n\n\n\n<p><strong>4. F\u00f6rvara svalt och torrt:<\/strong> Undvik direkt solljus eller h\u00f6ga temperaturer vid f\u00f6rvaring av denna produkt. Produkten b\u00f6r f\u00f6rslutas f\u00f6r att s\u00e4kerst\u00e4lla att ingrediensernas aktivitet inte f\u00f6rst\u00f6rs.<\/p>\n\n\n\n<h2 class=\"wp-block-heading\">Slutsats<\/h2>\n\n\n\n<p>Whitening Face Cream \u00e4r en vitg\u00f6rande och \u00e5terfuktande kr\u00e4m som anv\u00e4nder en m\u00e4ngd olika aktiva ingredienser som niacinamid, lakritsextrakt och C-vitaminderivat f\u00f6r att effektivt f\u00f6rb\u00e4ttra oj\u00e4mn hudton och minska hudfl\u00e4ckar. Produkten har en l\u00e4tt konsistens och \u00e4r l\u00e4mplig f\u00f6r alla hudtyper.<\/p>","protected":false},"excerpt":{"rendered":"Whitening Face Cream Manufacturing Common Formulas As a professional manufacturer of whitening face cream, we select a variety of natural whitening active ingredients, such as niacinamide, arbutin, etc., which work synergistically. These ingredients can not only inhibit the formation of melanin, but also have moisturizing and anti-oxidation effects, allowing the skin to maintain luster and [&hellip;]","protected":false},"featured_media":3500,"menu_order":0,"template":"","meta":[],"product-tag":[],"products":[161],"class_list":["post-3499","product","type-product","status-publish","has-post-thumbnail","hentry","products-face-cream"],"acf":[],"_links":{"self":[{"href":"https:\/\/www.ruiqigo.com\/sv\/wp-json\/wp\/v2\/product\/3499","targetHints":{"allow":["GET"]}}],"collection":[{"href":"https:\/\/www.ruiqigo.com\/sv\/wp-json\/wp\/v2\/product"}],"about":[{"href":"https:\/\/www.ruiqigo.com\/sv\/wp-json\/wp\/v2\/types\/product"}],"version-history":[{"count":0,"href":"https:\/\/www.ruiqigo.com\/sv\/wp-json\/wp\/v2\/product\/3499\/revisions"}],"wp:featuredmedia":[{"embeddable":true,"href":"https:\/\/www.ruiqigo.com\/sv\/wp-json\/wp\/v2\/media\/3500"}],"wp:attachment":[{"href":"https:\/\/www.ruiqigo.com\/sv\/wp-json\/wp\/v2\/media?parent=3499"}],"wp:term":[{"taxonomy":"product-tag","embeddable":true,"href":"https:\/\/www.ruiqigo.com\/sv\/wp-json\/wp\/v2\/product-tag?post=3499"},{"taxonomy":"products","embeddable":true,"href":"https:\/\/www.ruiqigo.com\/sv\/wp-json\/wp\/v2\/products?post=3499"}],"curies":[{"name":"wp","href":"https:\/\/api.w.org\/{rel}","templated":true}]}}