{"id":351,"date":"2024-07-08T10:26:59","date_gmt":"2024-07-08T02:26:59","guid":{"rendered":"https:\/\/ruiqigo.com\/?post_type=product&#038;p=351"},"modified":"2024-10-28T11:36:11","modified_gmt":"2024-10-28T03:36:11","slug":"antibacterial-body-wash","status":"publish","type":"product","link":"https:\/\/www.ruiqigo.com\/sv\/product\/antibacterial-body-wash","title":{"rendered":"Antibakteriell kroppstv\u00e4tt"},"content":{"rendered":"<h3 class=\"wp-block-heading\">Antibakteriell kroppstv\u00e4tt Vanliga formler<\/h3>\n\n\n\n<p>K\u00e4rningredienserna i denna antibakteriella kroppstv\u00e4tt \u00e4r ringblommaextrakt och Centella asiaticaextrakt. Calendula \u00e4r rik p\u00e5 flavonoider, som har utm\u00e4rkta antibakteriella egenskaper och effektivt kan h\u00e4mma tillv\u00e4xten av bakterier. Centella asiatica \u00e4r rik p\u00e5 polysackarider och aminosyror som ger huden n\u00e4ring p\u00e5 djupet och f\u00f6rb\u00e4ttrar torrheten. Dessa tv\u00e5 naturliga v\u00e4xtextrakt samverkar f\u00f6r att ge en omfattande reng\u00f6ringsv\u00e5rd f\u00f6r din hud, som h\u00e5ller den ren och fr\u00e4sch hela tiden. Samtidigt \u00e4r produkten formulerad med skonsamma reng\u00f6ringsingredienser f\u00f6r att reng\u00f6ra porerna p\u00e5 djupet och g\u00f6ra din badupplevelse behaglig.<\/p>\n\n\n\n<h3 class=\"wp-block-heading\">Antibakteriell kroppstv\u00e4tt Till\u00e4mpliga scenarier<\/h3>\n\n\n\n<p>Denna antibakteriella kroppstv\u00e4tt \u00e4r en duschgel f\u00f6r alla v\u00e4der, speciellt f\u00f6r scenarier som kr\u00e4ver antibakteriell hygien. Under de varma och fuktiga sommarm\u00e5naderna h\u00e4mmar den bakterietillv\u00e4xt och ger fr\u00e4sch, ren hudv\u00e5rd; under de kalla och torra vinterm\u00e5naderna ger dess rika fuktgivande ingredienser n\u00e4ring till huden och lindrar torrhet orsakad av kyla. Speciellt f\u00f6r sportentusiaster ger den djupreng\u00f6ring och antibakteriell v\u00e5rd f\u00f6r huden efter tr\u00e4ningspass, s\u00e5 att du kan njuta av fr\u00e4schhet och komfort hela tiden.<\/p>\n\n\n\n<h3 class=\"wp-block-heading\">Vem \u00e4r antibakteriell kroppstv\u00e4ttdr\u00e4kt f\u00f6r<\/h3>\n\n\n\n<p>Denna antibakteriella kroppstv\u00e4tt \u00e4r designad f\u00f6r personer som beh\u00f6ver extra hudv\u00e5rd, speciellt f\u00f6r dem med k\u00e4nslig hud, eksemben\u00e4gen hud eller speciella reng\u00f6ringsbehov. Dess milda formel bek\u00e4mpar effektivt bakterier samtidigt som den ger n\u00e4ring \u00e5t huden, vilket g\u00f6r den l\u00e4mplig f\u00f6r daglig anv\u00e4ndning av hela familjen f\u00f6r att f\u00f6rb\u00e4ttra den personliga hygienen. Den \u00e4r ocks\u00e5 l\u00e4mplig f\u00f6r dig som gillar att tr\u00e4na, ger djupreng\u00f6ring och antibakteriell v\u00e5rd till huden efter ett tr\u00e4ningspass.<\/p>\n\n\n\n<h3 class=\"wp-block-heading\">Produktionsprocess f\u00f6r antibakteriell kroppstv\u00e4tt<\/h3>\n\n\n\n<p>Tillverkningen av denna antibakteriella kroppstv\u00e4tt anv\u00e4nder en delikat extraktionsprocess f\u00f6r att bevara de aktiva ingredienserna i extrakten av ringblomma och Centella asiatica. Hela processen utf\u00f6rs i en aseptisk milj\u00f6 f\u00f6r att s\u00e4kerst\u00e4lla produktens renhet. Samtidigt anv\u00e4nds l\u00e5gtemperaturbehandling f\u00f6r att undvika f\u00f6rst\u00f6relse av de aktiva ingredienserna, vilket s\u00e4kerst\u00e4ller duschgelens mycket effektiva antibakteriella och lugnande effekt.<\/p>","protected":false},"excerpt":{"rendered":"Antibacterial body wash Common Formulas The core ingredients of this antibacterial body wash are calendula extract and Centella asiatica extract. Calendula is rich in flavonoids, which have excellent antibacterial properties and can effectively inhibit the growth of bacteria. Centella asiatica is rich in polysaccharides and amino acids that deeply nourish the skin and improve dryness. [&hellip;]","protected":false},"featured_media":352,"menu_order":0,"template":"","meta":[],"product-tag":[],"products":[57],"class_list":["post-351","product","type-product","status-publish","has-post-thumbnail","hentry","products-body-wash"],"acf":[],"_links":{"self":[{"href":"https:\/\/www.ruiqigo.com\/sv\/wp-json\/wp\/v2\/product\/351","targetHints":{"allow":["GET"]}}],"collection":[{"href":"https:\/\/www.ruiqigo.com\/sv\/wp-json\/wp\/v2\/product"}],"about":[{"href":"https:\/\/www.ruiqigo.com\/sv\/wp-json\/wp\/v2\/types\/product"}],"version-history":[{"count":0,"href":"https:\/\/www.ruiqigo.com\/sv\/wp-json\/wp\/v2\/product\/351\/revisions"}],"wp:featuredmedia":[{"embeddable":true,"href":"https:\/\/www.ruiqigo.com\/sv\/wp-json\/wp\/v2\/media\/352"}],"wp:attachment":[{"href":"https:\/\/www.ruiqigo.com\/sv\/wp-json\/wp\/v2\/media?parent=351"}],"wp:term":[{"taxonomy":"product-tag","embeddable":true,"href":"https:\/\/www.ruiqigo.com\/sv\/wp-json\/wp\/v2\/product-tag?post=351"},{"taxonomy":"products","embeddable":true,"href":"https:\/\/www.ruiqigo.com\/sv\/wp-json\/wp\/v2\/products?post=351"}],"curies":[{"name":"wp","href":"https:\/\/api.w.org\/{rel}","templated":true}]}}