{"id":356,"date":"2024-07-08T10:08:37","date_gmt":"2024-07-08T02:08:37","guid":{"rendered":"https:\/\/ruiqigo.com\/?post_type=product&#038;p=356"},"modified":"2024-10-28T15:39:54","modified_gmt":"2024-10-28T07:39:54","slug":"raw-sugar-body-wash","status":"publish","type":"product","link":"https:\/\/www.ruiqigo.com\/sv\/product\/raw-sugar-body-wash","title":{"rendered":"Kroppstv\u00e4tt med r\u00e5socker"},"content":{"rendered":"<h3 class=\"wp-block-heading\">Tillverkning av duschtv\u00e5l med r\u00e5tt socker Vanliga formler<\/h3>\n\n\n\n<p>K\u00e4rningrediensen i denna duschtv\u00e5l med r\u00e5socker \u00e4r naturligt r\u00e5socker. Rik p\u00e5 sockerarter, mineraler, vitaminer och andra n\u00e4rings\u00e4mnen, reng\u00f6r och avl\u00e4gsnar Raw Sugar varsamt alla typer av orenheter och exfolierande \u00e4mnen, samtidigt som den ger utm\u00e4rkt \u00e5terfuktning och lindrar torrhet. Vi har ocks\u00e5 tillsatt milda reng\u00f6rande ingredienser i formulan f\u00f6r att ytterligare f\u00f6rst\u00e4rka dess reng\u00f6rande effekt och l\u00e4mna din hud med en ren, str\u00e5lande lyster. Dessutom tills\u00e4tts naturliga v\u00e4xtextrakt f\u00f6r att ge extra n\u00e4ring till huden.<\/p>\n\n\n\n<h3 class=\"wp-block-heading\">Duschkr\u00e4m med r\u00e5tt socker Till\u00e4mpliga scenarier<\/h3>\n\n\n\n<p>Denna Raw Sugar Shower Gel \u00e4r en duschgel som h\u00e5ller hela dagen med rika \u00e5terfuktande ingredienser som hj\u00e4lper till att lindra torrhet orsakad av h\u00f6ga temperaturer. Under de kalla, torra vinterm\u00e5naderna djupreng\u00f6r den milda reng\u00f6rande formulan huden medan de \u00e5terfuktande ingredienserna ger total hudv\u00e5rd och lindring av f\u00f6rkylningsrelaterade hudproblem.<\/p>\n\n\n\n<h3 class=\"wp-block-heading\">Vem \u00e4r Raw sugar duschtv\u00e5l f\u00f6r?<\/h3>\n\n\n\n<p>Med sina naturligt exfolierande och \u00e5terfuktande egenskaper \u00e4r Raw Sugar Body Wash l\u00e4mplig f\u00f6r personer som s\u00f6ker naturlig hudv\u00e5rd. Den \u00e4r s\u00e4rskilt l\u00e4mplig f\u00f6r personer vars hud beh\u00f6ver reng\u00f6ras varsamt och f\u00e5 n\u00e4ring, s\u00e5som anv\u00e4ndare av torr eller k\u00e4nslig hud, s\u00e5v\u00e4l som konsumenter som f\u00f6redrar produkter med naturliga ingredienser. Den \u00e4r ocks\u00e5 l\u00e4mplig f\u00f6r dem som uppskattar spabehandlingar som ger en helt\u00e4ckande hudv\u00e5rd.<\/p>\n\n\n\n<h3 class=\"wp-block-heading\">Produktionsprocess f\u00f6r duschtv\u00e5l med r\u00e5tt socker<\/h3>\n\n\n\n<p>Raw Sugar Body Wash tillverkas med en kombination av traditionellt hantverk och modern teknik genom att handplocka h\u00f6gkvalitativt r\u00e5socker och kombinera det med en l\u00e5gtemperaturextraktionsmetod f\u00f6r att bevara dess naturliga exfolierande och \u00e5terfuktande ingredienser. Strikt kvalitetskontroll under produktionen s\u00e4kerst\u00e4ller inga kemiska tillsatser, vilket ger en ren och skonsam badupplevelse.<\/p>","protected":false},"excerpt":{"rendered":"Raw sugar body wash manufacturing Common Formulas The core ingredient of this raw sugar body wash is natural raw sugar. Rich in sugars, minerals, vitamins and other nutrients, Raw Sugar cleanses and gently removes all types of impurities and exfoliants, while providing excellent moisturization and relief from dryness. We&#8217;ve also added gentle cleansing ingredients to [&hellip;]","protected":false},"featured_media":357,"menu_order":0,"template":"","meta":[],"product-tag":[],"products":[57],"class_list":["post-356","product","type-product","status-publish","has-post-thumbnail","hentry","products-body-wash"],"acf":[],"_links":{"self":[{"href":"https:\/\/www.ruiqigo.com\/sv\/wp-json\/wp\/v2\/product\/356","targetHints":{"allow":["GET"]}}],"collection":[{"href":"https:\/\/www.ruiqigo.com\/sv\/wp-json\/wp\/v2\/product"}],"about":[{"href":"https:\/\/www.ruiqigo.com\/sv\/wp-json\/wp\/v2\/types\/product"}],"version-history":[{"count":0,"href":"https:\/\/www.ruiqigo.com\/sv\/wp-json\/wp\/v2\/product\/356\/revisions"}],"wp:featuredmedia":[{"embeddable":true,"href":"https:\/\/www.ruiqigo.com\/sv\/wp-json\/wp\/v2\/media\/357"}],"wp:attachment":[{"href":"https:\/\/www.ruiqigo.com\/sv\/wp-json\/wp\/v2\/media?parent=356"}],"wp:term":[{"taxonomy":"product-tag","embeddable":true,"href":"https:\/\/www.ruiqigo.com\/sv\/wp-json\/wp\/v2\/product-tag?post=356"},{"taxonomy":"products","embeddable":true,"href":"https:\/\/www.ruiqigo.com\/sv\/wp-json\/wp\/v2\/products?post=356"}],"curies":[{"name":"wp","href":"https:\/\/api.w.org\/{rel}","templated":true}]}}