{"id":3563,"date":"2025-06-06T16:25:54","date_gmt":"2025-06-06T08:25:54","guid":{"rendered":"https:\/\/www.ruiqigo.com\/?post_type=product&#038;p=3563"},"modified":"2025-06-09T09:21:28","modified_gmt":"2025-06-09T01:21:28","slug":"helichrysum-essential-oil","status":"publish","type":"product","link":"https:\/\/www.ruiqigo.com\/sv\/product\/helichrysum-essential-oil","title":{"rendered":"Helichrysum eterisk olja"},"content":{"rendered":"<h2 class=\"wp-block-heading\">Vanliga formler f\u00f6r tillverkning av eterisk olja fr\u00e5n Helichrysum<\/h2>\n\n\n\n<p>Vi \u00e4r en professionell tillverkare av eterisk olja av helichrysum. Vi insisterar p\u00e5 att anv\u00e4nda h\u00f6gkvalitativa helichrysumblommor som r\u00e5material och anv\u00e4nder \u00e5ngdestillation vid l\u00e5g temperatur f\u00f6r att maximera retentionen av naturliga aktiva ingredienser som diketon. Dessa naturliga aktiva ingredienser kan fr\u00e4mja h\u00e5rbottencirkulationen och reparera h\u00e5rskador.&nbsp;<\/p>\n\n\n\n<p><strong>1. Diketon: <\/strong>Detta \u00e4r en av de unika och viktiga ingredienserna i helichrysum eterisk olja. Den har stark antiinflammatorisk f\u00f6rm\u00e5ga, kan effektivt fr\u00e4mja s\u00e5rl\u00e4kning, bleka \u00e4rr och r\u00f6da m\u00e4rken, och anv\u00e4nds ofta i reparerande essenser och essenser f\u00f6r h\u00e5rbottenv\u00e5rd.&nbsp;<\/p>\n\n\n\n<p><strong>2. Geraniol: <\/strong>Geraniol har en naturlig mjukg\u00f6rande effekt som kan f\u00f6rb\u00e4ttra h\u00e5rets mjukhet. Inom h\u00e5rv\u00e5rd hj\u00e4lper det till att f\u00f6rb\u00e4ttra h\u00e5rets glans och minska frissighet och kluvna toppar.&nbsp;<\/p>\n\n\n\n<p><strong>3. Bornylacetat: <\/strong>Detta \u00e4r en viktig ingrediens i eterisk olja av helichrysum. Den har utm\u00e4rkta lugnande och antiinflammatoriska effekter, vilket kan minska hudrodnad och k\u00e4nslighet orsakad av stress eller milj\u00f6faktorer. Samtidigt kan den ocks\u00e5 lugna h\u00e5rbotten och minska kl\u00e5da och stramhet.&nbsp;&nbsp;<\/p>\n\n\n\n<p><strong>4. \u03b1-Pinen:<\/strong> Den har utm\u00e4rkta reng\u00f6rande och antibakteriella effekter, kan rena porerna och h\u00e5rbottenmilj\u00f6n, f\u00f6rb\u00e4ttra oljeuts\u00f6ndring och mj\u00e4llproblem, och kan \u00e4ven lugna huden.&nbsp;<\/p>\n\n\n\n<p><strong>5. Linalool:<\/strong> Den har reng\u00f6rande och antibakteriella funktioner. Den kan reglera uts\u00f6ndringen av hudolja, rena porerna, f\u00f6rb\u00e4ttra follikulit orsakad av oljeblockering och ge en god milj\u00f6 f\u00f6r friskt h\u00e5r.<\/p>\n\n\n\n<h2 class=\"wp-block-heading\">Funktionerna av Helichrysum eterisk olja<\/h2>\n\n\n\n<p>Helichrysum eterisk olja \u00e4r en oumb\u00e4rlig stj\u00e4rnprodukt inom exklusiv h\u00e5rv\u00e5rd tack vare dess utm\u00e4rkta aktiva ingredienser och sofistikerade extraktionsprocess.<\/p>\n\n\n\n<p><strong>1. Naturlig, mild och icke-irriterande:<\/strong> Formulan f\u00f6r helichrysum eterisk olja \u00e4r naturlig och mild, inneh\u00e5ller inte irriterande ingredienser och har en mycket l\u00e5g risk f\u00f6r allergi. \u00c4ven sp\u00e4dbarn eller personer med k\u00e4nslig hud kan anv\u00e4nda den s\u00e4kert.&nbsp;<\/p>\n\n\n\n<p><strong>2. Aktiva ingredienser med h\u00f6g renhet: <\/strong>Extraherad genom l\u00e5gtemperaturdestillationsteknik f\u00f6r att maximera retentionen av aktiva ingredienser i immortelle, vilket s\u00e4kerst\u00e4ller att varje sats av immortelle eterisk olja kan bibeh\u00e5lla effektiv och konsekvent prestanda.&nbsp;<\/p>\n\n\n\n<p><strong>3. Milj\u00f6v\u00e4nlig och h\u00e5llbar:<\/strong> Ingredienserna \u00e4r av rent ursprung och planteringen \u00e4r sp\u00e5rbar, vilket ligger i linje med trenden inom naturlig hudv\u00e5rd och passar f\u00f6r exklusiva ekologiska och gr\u00f6na h\u00e5rv\u00e5rdsserier.&nbsp;<\/p>\n\n\n\n<p><strong>4. Mild lukt: <\/strong>Helichrysum eterisk olja har en varm och mjuk \u00f6rtarom, som inte \u00e4r lika stark som lavendel eller eukalyptus. Den kan f\u00e5 m\u00e4nniskor att k\u00e4nna sig avslappnade och glada n\u00e4r den anv\u00e4nds, och f\u00f6rb\u00e4ttra den \u00f6vergripande anv\u00e4ndarupplevelsen.&nbsp;<\/p>\n\n\n\n<p><strong>5. Multieffekter i ett:<\/strong> Helichrysum eterisk olja kan inte bara effektivt f\u00f6rb\u00e4ttra \u00f6verdriven h\u00e5rbottenolja och h\u00e5rbotteninflammation, utan \u00e4ven lindra kl\u00e5da i h\u00e5rbotten och reparera skadat h\u00e5r. Den har flera anv\u00e4ndningsomr\u00e5den i en flaska och flera effekter i en.<\/p>\n\n\n\n<h2 class=\"wp-block-heading\">Hur man anv\u00e4nder eterisk olja av Helichrysum<\/h2>\n\n\n\n<p>N\u00e4r eterisk olja av helichrysum anv\u00e4nds ensam m\u00e5ste den sp\u00e4das ut f\u00f6re anv\u00e4ndning. N\u00e4r den tills\u00e4tts som en formula m\u00e5ste den blandas i produkten i proportion f\u00f6r att fullt ut ut\u00f6va sina lugnande och reparerande effekter och f\u00f6rb\u00e4ttra produktens totala effektivitet.<\/p>\n\n\n\n<p><strong>1. Rent h\u00e5r: <\/strong>Reng\u00f6r h\u00e5ret f\u00f6re anv\u00e4ndning f\u00f6r att s\u00e4kerst\u00e4lla absorption vid efterf\u00f6ljande h\u00e5rv\u00e5rd.<\/p>\n\n\n\n<p><strong>2. Utsp\u00e4dd eterisk olja av helichrysum: <\/strong>Blanda eterisk olja och basolja (t.ex. jojobaolja) i f\u00f6rh\u00e5llandet 1:5 eller mer.<\/p>\n\n\n\n<p><strong>3. Applicera f\u00f6rsiktigt och massera: <\/strong>N\u00e4r du anv\u00e4nder eterisk olja p\u00e5 huden, klappa den f\u00f6rsiktigt f\u00f6r att den ska absorberas. N\u00e4r du anv\u00e4nder den i h\u00e5rbotten kan massage anv\u00e4ndas f\u00f6r att fr\u00e4mja cirkulationen.<\/p>\n\n\n\n<p><strong>4. Kan anv\u00e4ndas med andra produkter: <\/strong>Det kan tills\u00e4ttas i schampo, balsam och andra h\u00e5rv\u00e5rdsprodukter f\u00f6r att f\u00f6rb\u00e4ttra produktens effektivitet.<\/p>\n\n\n\n<p><strong>Rekommendation: <\/strong>Anv\u00e4nd 2-3 g\u00e5nger i veckan, och effekten blir mer betydande om du forts\u00e4tter under l\u00e4ngre tid.<\/p>\n\n\n\n<h2 class=\"wp-block-heading\">F\u00f6rsiktighet<\/h2>\n\n\n\n<p>Helichrysum eterisk olja \u00e4r en h\u00f6gkoncentrerad v\u00e4xtessens. F\u00f6r att s\u00e4kerst\u00e4lla b\u00e4sta m\u00f6jliga anv\u00e4ndningsupplevelse och undvika allergiska reaktioner m\u00e5ste du vara uppm\u00e4rksam p\u00e5 anv\u00e4ndnings- och f\u00f6rvaringsmilj\u00f6n.&nbsp;<\/p>\n\n\n\n<p><strong>1. Hudtest:<\/strong> Ett hudtest kr\u00e4vs f\u00f6re f\u00f6rsta anv\u00e4ndningen, s\u00e4rskilt f\u00f6r personer med allergier. Ett litet test av omr\u00e5det bakom \u00f6rat eller p\u00e5 insidan av handleden b\u00f6r g\u00f6ras f\u00f6r att bekr\u00e4fta att det inte finns n\u00e5gra biverkningar f\u00f6re formell anv\u00e4ndning.<\/p>\n\n\n\n<p><strong>2. Undvik att applicera direkt p\u00e5 huden utan utsp\u00e4dning: <\/strong>Helichrysum eterisk olja har en h\u00f6g koncentration. Det rekommenderas att sp\u00e4da ut den f\u00f6re anv\u00e4ndning f\u00f6r att undvika irritation eller allergiskt obehag p\u00e5 huden.&nbsp;<\/p>\n\n\n\n<p><strong>3. Undvik att f\u00e5 det i \u00f6gonen: <\/strong>Om det av misstag kommer i \u00f6gonen, sk\u00f6lj omedelbart med rikligt med vatten. Anv\u00e4nd inte direkt p\u00e5 k\u00e4nsliga omr\u00e5den som \u00f6gonomr\u00e5det, munnen och n\u00e4san.&nbsp;<\/p>\n\n\n\n<p><strong>4. Gravida och ammande personer b\u00f6r anv\u00e4nda med f\u00f6rsiktighet: <\/strong>\u00c4ven om denna produkt \u00e4r mycket mild rekommenderas det att s\u00e4rskilda grupper r\u00e5dfr\u00e5gar experter f\u00f6re anv\u00e4ndning f\u00f6r att garantera s\u00e4kerheten.&nbsp;<\/p>\n\n\n\n<p><strong>5. F\u00f6rvaras \u00e5tskilt fr\u00e5n h\u00f6ga temperaturer och direkt solljus: <\/strong>Eteriska oljor b\u00f6r f\u00f6rvaras svalt och m\u00f6rkt f\u00f6r att undvika att de aktiva ingrediensernas stabilitet p\u00e5verkas.<\/p>\n\n\n\n<h2 class=\"wp-block-heading\">Slutsats<\/h2>\n\n\n\n<p>Helichrysum eterisk olja utm\u00e4rker sig i exklusiva h\u00e5rv\u00e5rds- och aromaterapiprodukter med sina utm\u00e4rkta antiinflammatoriska och reparerande f\u00f6rm\u00e5gor. Vi s\u00e4kerst\u00e4ller att varje sats eteriska oljor har stabila och rena aktiva ingredienser baserat p\u00e5 noggrant urval av r\u00e5varor, avancerad extraktionsteknik och h\u00f6gkvalitativ kvalitetskontroll. Den \u00e4r inte bara skonsam och l\u00e4mplig f\u00f6r alla hudtyper, utan kan ocks\u00e5 integreras i olika typer av h\u00e5rv\u00e5rdsprodukter f\u00f6r flera effekter.<\/p>","protected":false},"excerpt":{"rendered":"Helichrysum Essential Oil Manufacturing Common Formulas We are a professional manufacturer of helichrysum essential oil. We insist on using high-quality helichrysum flowers as raw materials and use low-temperature steam distillation to maximize the retention of natural active ingredients such as diketone. These natural active ingredients can promote scalp circulation and repair hair damage.&nbsp; 1. Diketone: [&hellip;]","protected":false},"featured_media":3570,"menu_order":0,"template":"","meta":[],"product-tag":[],"products":[53],"class_list":["post-3563","product","type-product","status-publish","has-post-thumbnail","hentry","products-essential-oil"],"acf":[],"_links":{"self":[{"href":"https:\/\/www.ruiqigo.com\/sv\/wp-json\/wp\/v2\/product\/3563","targetHints":{"allow":["GET"]}}],"collection":[{"href":"https:\/\/www.ruiqigo.com\/sv\/wp-json\/wp\/v2\/product"}],"about":[{"href":"https:\/\/www.ruiqigo.com\/sv\/wp-json\/wp\/v2\/types\/product"}],"version-history":[{"count":0,"href":"https:\/\/www.ruiqigo.com\/sv\/wp-json\/wp\/v2\/product\/3563\/revisions"}],"wp:featuredmedia":[{"embeddable":true,"href":"https:\/\/www.ruiqigo.com\/sv\/wp-json\/wp\/v2\/media\/3570"}],"wp:attachment":[{"href":"https:\/\/www.ruiqigo.com\/sv\/wp-json\/wp\/v2\/media?parent=3563"}],"wp:term":[{"taxonomy":"product-tag","embeddable":true,"href":"https:\/\/www.ruiqigo.com\/sv\/wp-json\/wp\/v2\/product-tag?post=3563"},{"taxonomy":"products","embeddable":true,"href":"https:\/\/www.ruiqigo.com\/sv\/wp-json\/wp\/v2\/products?post=3563"}],"curies":[{"name":"wp","href":"https:\/\/api.w.org\/{rel}","templated":true}]}}