{"id":361,"date":"2024-07-08T10:02:18","date_gmt":"2024-07-08T02:02:18","guid":{"rendered":"https:\/\/ruiqigo.com\/?post_type=product&#038;p=361"},"modified":"2024-10-28T15:38:16","modified_gmt":"2024-10-28T07:38:16","slug":"salicylic-acid-body-wash","status":"publish","type":"product","link":"https:\/\/www.ruiqigo.com\/sv\/product\/salicylic-acid-body-wash","title":{"rendered":"Kroppstv\u00e4tt med salicylsyra"},"content":{"rendered":"<h3 class=\"wp-block-heading\">Salicylsyra kroppstv\u00e4tt som tillverkar vanliga formler<\/h3>\n\n\n\n<p>K\u00e4rningrediensen i denna Salicylic Acid Body Wash \u00e4r salicylsyra. Salicylsyra \u00e4r en naturligt f\u00f6rekommande Beta Hydroxy Acid med utm\u00e4rkta keratolytiska och antibakteriella egenskaper som effektivt renar hudens yta fr\u00e5n \u00e5ldrat keratin och olika f\u00f6roreningar. I formulan har vi \u00e4ven lagt till aloe vera, gr\u00f6nt te och andra naturliga v\u00e4xtextrakt, kan f\u00f6rse huden med rika n\u00e4rings\u00e4mnen, s\u00e5som vitaminer, mineraler etc., s\u00e5 att huden alltid \u00e4r \u00e5terfuktad och sl\u00e4t. Dessutom har alla r\u00e5varor genomg\u00e5tt strikt testning och screening f\u00f6r att s\u00e4kerst\u00e4lla produktens s\u00e4kerhet och effektivitet.<\/p>\n\n\n\n<h3 class=\"wp-block-heading\">Salicylsyra kroppstv\u00e4tt Till\u00e4mpliga scenarier<\/h3>\n\n\n\n<p>Denna kroppstv\u00e4tt med salicylsyra \u00e4r l\u00e4mplig f\u00f6r alla \u00e5rstider och klimat. Under den varma och fuktiga sommaren kan den djupreng\u00f6ra den ansamlade smutsen och \u00e5ldrande keratinet, vilket f\u00f6rhindrar uppkomsten av hudfinnar och akne; under den kalla och torra vintern \u00e4r den rik p\u00e5 n\u00e4rande ingredienser f\u00f6r att ge en omfattande v\u00e5rd f\u00f6r huden, lindra torrhet och andra problem.<\/p>\n\n\n\n<h3 class=\"wp-block-heading\">Vem \u00e4r salicylic acid body wash suit f\u00f6r<\/h3>\n\n\n\n<p>Salicylic Acid Body Wash \u00e4r l\u00e4mplig f\u00f6r personer med akne, finnar eller fet hud. Den inneh\u00e5ller salicylsyra f\u00f6r att hj\u00e4lpa till att ta bort d\u00f6da hudceller, reng\u00f6ra porerna p\u00e5 djupet och minska oljeansamling, vilket g\u00f6r den l\u00e4mplig f\u00f6r anv\u00e4ndare som beh\u00f6ver f\u00f6rb\u00e4ttra hudens kondition och f\u00f6rhindra utslag. Den \u00e4r ocks\u00e5 l\u00e4mplig f\u00f6r sk\u00f6nhets\u00e4lskare som vill ge din hud en fr\u00e4sch och str\u00e5lande sk\u00f6nhetscharm under din dagliga badtid.<\/p>\n\n\n\n<h3 class=\"wp-block-heading\">Salicylsyra kroppstv\u00e4tt Produktionsprocess<\/h3>\n\n\n\n<p>Denna Salicylic Acid Body Wash \u00e4r tillverkad med s\u00e4rskild uppm\u00e4rksamhet p\u00e5 salicylsyrakoncentrationskontroll och pH-balans f\u00f6r att s\u00e4kerst\u00e4lla att produkten \u00e4r b\u00e5de effektiv och skonsam. Anv\u00e4ndningen av avancerad emulgeringsteknik s\u00e4kerst\u00e4ller att ingredienserna \u00e4r j\u00e4mnt f\u00f6rdelade och klarar k\u00e4nslighetstester f\u00f6r att s\u00e4kerst\u00e4lla produkts\u00e4kerhet och hudv\u00e5rdseffektivitet.<\/p>","protected":false},"excerpt":{"rendered":"Salicylic acid body wash manufacturing Common Formulas The core ingredient of this Salicylic Acid Body Wash is Salicylic Acid. Salicylic Acid is a naturally occurring Beta Hydroxy Acid with excellent keratolytic and antibacterial properties that effectively cleanses the skin&#8217;s surface of aged keratin and various impurities. In the formula, we also added aloe vera, green [&hellip;]","protected":false},"featured_media":362,"menu_order":0,"template":"","meta":[],"product-tag":[],"products":[57],"class_list":["post-361","product","type-product","status-publish","has-post-thumbnail","hentry","products-body-wash"],"acf":[],"_links":{"self":[{"href":"https:\/\/www.ruiqigo.com\/sv\/wp-json\/wp\/v2\/product\/361","targetHints":{"allow":["GET"]}}],"collection":[{"href":"https:\/\/www.ruiqigo.com\/sv\/wp-json\/wp\/v2\/product"}],"about":[{"href":"https:\/\/www.ruiqigo.com\/sv\/wp-json\/wp\/v2\/types\/product"}],"version-history":[{"count":0,"href":"https:\/\/www.ruiqigo.com\/sv\/wp-json\/wp\/v2\/product\/361\/revisions"}],"wp:featuredmedia":[{"embeddable":true,"href":"https:\/\/www.ruiqigo.com\/sv\/wp-json\/wp\/v2\/media\/362"}],"wp:attachment":[{"href":"https:\/\/www.ruiqigo.com\/sv\/wp-json\/wp\/v2\/media?parent=361"}],"wp:term":[{"taxonomy":"product-tag","embeddable":true,"href":"https:\/\/www.ruiqigo.com\/sv\/wp-json\/wp\/v2\/product-tag?post=361"},{"taxonomy":"products","embeddable":true,"href":"https:\/\/www.ruiqigo.com\/sv\/wp-json\/wp\/v2\/products?post=361"}],"curies":[{"name":"wp","href":"https:\/\/api.w.org\/{rel}","templated":true}]}}