{"id":3610,"date":"2025-06-11T10:19:53","date_gmt":"2025-06-11T02:19:53","guid":{"rendered":"https:\/\/www.ruiqigo.com\/?post_type=product&#038;p=3610"},"modified":"2025-06-11T10:19:53","modified_gmt":"2025-06-11T02:19:53","slug":"bergamot-essential-oil","status":"publish","type":"product","link":"https:\/\/www.ruiqigo.com\/sv\/product\/bergamot-essential-oil","title":{"rendered":"Bergamott eterisk olja"},"content":{"rendered":"<h2 class=\"wp-block-heading\">Vanliga formler f\u00f6r tillverkning av eterisk olja fr\u00e5n bergamott<\/h2>\n\n\n\n<p>Som tillverkare och l\u00e5ngsiktig leverant\u00f6r av eterisk bergamottolja v\u00e4ljer vi noggrant ut mogna bergamottfrukter och anv\u00e4nder sofistikerad teknik f\u00f6r att extrahera och bevara naturliga ingredienser som limonen, linalool, linaloolacetat etc. f\u00f6r att ge s\u00e4kert, naturligt och l\u00e5ngvarigt st\u00f6d f\u00f6r h\u00e5rv\u00e5rd. <\/p>\n\n\n\n<p><strong>1. Limonen:<\/strong> Limonen \u00e4r ett naturligt \u00e4mne som dominerar i bergamottolja. Det har utm\u00e4rkta antioxidanta, fettl\u00f6sande och reng\u00f6rande egenskaper, vilket kan hj\u00e4lpa till att bryta ner och avl\u00e4gsna \u00f6verfl\u00f6dig olja och f\u00f6roreningar fr\u00e5n h\u00e5rbotten, lindra problemet med blockerade h\u00e5rs\u00e4ckar och g\u00f6ra h\u00e5rbotten fr\u00e4sch och transparent. Dessutom kan dess naturliga doft ocks\u00e5 hj\u00e4lpa till att uppfriska sinnet.&nbsp;<\/p>\n\n\n\n<p><strong>2. Linalool:<\/strong> Linalool \u00e4r en ingrediens med milda antibakteriella och renande effekter som hj\u00e4lper till att h\u00e4mma skadliga bakterier i h\u00e5rbotten, f\u00f6rhindra mj\u00e4ll och d\u00e5lig lukt orsakad av bakterietillv\u00e4xt och h\u00e5lla h\u00e5ret rent och hygieniskt.&nbsp;<\/p>\n\n\n\n<p><strong>3. Linaloolacetat: <\/strong>Detta \u00e4r en stj\u00e4rningrediens som har en lugnande, lindrande och lugnande effekt p\u00e5 h\u00e5rbotten. Den kan effektivt minska stramhet och irritation i h\u00e5rbotten, lindra kl\u00e5da, stickningar och andra obehag orsakade av sp\u00e4nningar, milj\u00f6p\u00e5verkan och f\u00f6rb\u00e4ttra anv\u00e4ndarupplevelsen.&nbsp;<\/p>\n\n\n\n<p><strong>4. Geraniol:<\/strong> Geraniol har naturliga insektsavvisande och antibakteriella effekter. Det \u00e4r l\u00e4mpligt f\u00f6r att st\u00e4rka h\u00e5rbottenbarri\u00e4ren och lindra kl\u00e5da i h\u00e5rbotten. Det kan ocks\u00e5 fr\u00e4mja mikrocirkulationen i h\u00e5rbotten, f\u00f6rb\u00e4ttra n\u00e4ringstillf\u00f6rseln och ge h\u00e5rs\u00e4ckarna en b\u00e4ttre tillv\u00e4xtmilj\u00f6.&nbsp;<\/p>\n\n\n\n<p><strong>5. \u03b1-Pinen:<\/strong> Denna ingrediens har antiinflammatoriska effekter och kan lindra inflammation eller rodnad och svullnad i h\u00e5rbotten. Den \u00e4r l\u00e4mplig f\u00f6r att reparera h\u00e5rbottenskador orsakade av permanent, f\u00e4rgning, l\u00e5ngvarig exponering f\u00f6r solen etc.<\/p>\n\n\n\n<h2 class=\"wp-block-heading\">Funktionerna hos bergamottolja<\/h2>\n\n\n\n<p><strong>1. Naturlig extraktion:<\/strong> Bergamottolja utvinns ur bergamott genom l\u00e5gtemperaturextraktionsteknik, vilket bevarar de ursprungliga ingredienserna och aromatiska \u00e4mnena i st\u00f6rsta m\u00f6jliga utstr\u00e4ckning. Den bearbetas inte med n\u00e5gra kemiska l\u00f6sningsmedel f\u00f6r att s\u00e4kerst\u00e4lla att den eteriska oljan \u00e4r ren och naturlig.&nbsp;<\/p>\n\n\n\n<p><strong>2. Utm\u00e4rkt antibakteriell och renande funktion:<\/strong> De naturliga ingredienserna i bergamottolja har antiinflammatoriska och antibakteriella effekter, vilket effektivt kan minska problem orsakade av olja som t\u00e4pper till h\u00e5rs\u00e4ckar, f\u00f6rb\u00e4ttra mj\u00e4ll och kl\u00e5da i h\u00e5rbotten och bidra till att uppr\u00e4tth\u00e5lla den ekologiska balansen i h\u00e5rbotten.&nbsp;<\/p>\n\n\n\n<p><strong>3. \u00d6verl\u00e4gsen sensorisk upplevelse: <\/strong>Den fr\u00e4scha fruktiga doften har en mjuk, s\u00f6t doft som \u00e4r lugnande och behaglig, och kan f\u00f6rb\u00e4ttra anv\u00e4ndarens \u00f6vergripande sensoriska njutning under h\u00e5rv\u00e5rd.&nbsp;<\/p>\n\n\n\n<p><strong>4. F\u00f6rb\u00e4ttra hum\u00f6ret och lindra stress:<\/strong> Doft\u00e4mnena i bergamottolja kan f\u00f6rb\u00e4ttra depression och lindra nerv\u00f6sa sp\u00e4nningar. F\u00f6r anv\u00e4ndare som \u00e4r pressade under en l\u00e4ngre tid kan den uppn\u00e5 dubbel avslappning fr\u00e5n huden till sinnet. Samtidigt som den v\u00e5rdar h\u00e5ret kan den ocks\u00e5 lindra psykisk stress.<\/p>\n\n\n\n<h2 class=\"wp-block-heading\">Hur man anv\u00e4nder bergamottolja<\/h2>\n\n\n\n<p>Bergamottolja \u00e4r mycket l\u00e4tt att anv\u00e4nda. Den kan tills\u00e4ttas direkt i basolja eller h\u00e5rv\u00e5rdsprodukter, eller anv\u00e4ndas ensam f\u00f6r h\u00e5rbottenmassage eller aromaterapi.&nbsp;<\/p>\n\n\n\n<p><strong>1. Utsp\u00e4dning och beredning:<\/strong> F\u00f6re anv\u00e4ndning, ta 2-3 droppar bergamottolja, tills\u00e4tt 10 ml basolja, s\u00e5som jojobaolja eller s\u00f6tmandelolja, och blanda v\u00e4l.&nbsp;<\/p>\n\n\n\n<p><strong>2. Massera h\u00e5rbotten:<\/strong> Droppa den utsp\u00e4dda eteriska oljan j\u00e4mnt i h\u00e5rbotten och massera f\u00f6rsiktigt med fingertopparna i 5\u201310 minuter.<\/p>\n\n\n\n<p><strong>3. Penetration och absorption: <\/strong>V\u00e4nta i 15\u201320 minuter s\u00e5 att den eteriska oljan absorberas helt och tr\u00e4nger in i h\u00e5rbotten f\u00f6r att ge n\u00e4ring p\u00e5 djupet.<\/p>\n\n\n\n<p><strong>4. Tv\u00e4tta med rent vatten: <\/strong>Anv\u00e4nd sedan varmt vatten och milda schampoprodukter f\u00f6r att noggrant reng\u00f6ra det f\u00f6r att undvika feta rester p\u00e5 huvudet.<\/p>\n\n\n\n<p><strong>Rekommendation:<\/strong> Det rekommenderas att anv\u00e4nda den regelbundet, 1-2 g\u00e5nger i veckan, f\u00f6r b\u00e4ttre och kontinuerlig v\u00e5rd.<\/p>\n\n\n\n<h2 class=\"wp-block-heading\">F\u00f6rsiktighet<\/h2>\n\n\n\n<p><strong>1. Hudtest:<\/strong> Oavsett om du \u00e4r gravid eller har k\u00e4nslig hud rekommenderar vi att du g\u00f6r ett hudtest bakom \u00f6rat f\u00f6re anv\u00e4ndning. F\u00f6rst efter att ha bekr\u00e4ftat att det inte finns n\u00e5gon irritation kan den anv\u00e4ndas officiellt.<\/p>\n\n\n\n<p><strong>2. Sp\u00e4d f\u00f6re anv\u00e4ndning:<\/strong> Den ursprungliga eteriska oljan har en h\u00f6g koncentration. Direkt kontakt med huden kan orsaka allergier eller irritation. D\u00e4rf\u00f6r m\u00e5ste den sp\u00e4das ut f\u00f6re h\u00e5rv\u00e5rd f\u00f6r att undvika skador p\u00e5 h\u00e5rbotten.<\/p>\n\n\n\n<p><strong>3. Var uppm\u00e4rksam p\u00e5 att undvika ljus:<\/strong> Bergamottolja inneh\u00e5ller ljusk\u00e4nsliga ingredienser. Det rekommenderas att undvika anv\u00e4ndning under dagen eller omedelbart f\u00f6re eller efter exponering f\u00f6r solljus, och undvika ljus i minst 12 timmar efter anv\u00e4ndning.<\/p>\n\n\n\n<p><strong>4. Undvik kontakt med \u00f6gonen eller s\u00e5r:<\/strong> Undvik kontakt med eteriska oljor i \u00f6gonen eller p\u00e5 skadad hud. Om det av misstag kommer in i \u00f6gonen, sk\u00f6lj omedelbart med rikligt med vatten och s\u00f6k omedelbart l\u00e4karv\u00e5rd.<\/p>\n\n\n\n<h2 class=\"wp-block-heading\">Slutsats<\/h2>\n\n\n\n<p>Som en h\u00f6gkvalitativ eterisk olja f\u00f6r naturlig h\u00e5rv\u00e5rd intar bergamottolja en unik position inom h\u00e5rv\u00e5rd med sin utm\u00e4rkta h\u00e5rv\u00e5rdande effekt och fr\u00e4scha och behagliga doft. Dess rika naturliga aktiva ingredienser kan effektivt f\u00f6rb\u00e4ttra h\u00e5rbottenmilj\u00f6n och lindra stress. Den kan blandas med en m\u00e4ngd olika eteriska oljor, med stark anpassningsf\u00f6rm\u00e5ga och bred anv\u00e4ndning.&nbsp;<\/p>\n\n\n\n<p>Oavsett om den anv\u00e4nds f\u00f6r h\u00e5r, h\u00e5rbotten eller aromaterapi f\u00f6r avslappning, \u00e4r bergamottolja ett naturligt val.<\/p>","protected":false},"excerpt":{"rendered":"Bergamot Essential Oil Manufacturing Common Formulas As the manufacturer and long-term supplier of bergamot essential oil, we strictly select ripe bergamot fruits and use sophisticated technology to extract and retain natural ingredients such as limonene, linalool, linalool acetate, etc., to provide safe, natural, and lasting support for hair care. 1. Limonene: Limonene is a natural [&hellip;]","protected":false},"featured_media":3611,"menu_order":0,"template":"","meta":[],"product-tag":[],"products":[53],"class_list":["post-3610","product","type-product","status-publish","has-post-thumbnail","hentry","products-essential-oil"],"acf":[],"_links":{"self":[{"href":"https:\/\/www.ruiqigo.com\/sv\/wp-json\/wp\/v2\/product\/3610","targetHints":{"allow":["GET"]}}],"collection":[{"href":"https:\/\/www.ruiqigo.com\/sv\/wp-json\/wp\/v2\/product"}],"about":[{"href":"https:\/\/www.ruiqigo.com\/sv\/wp-json\/wp\/v2\/types\/product"}],"version-history":[{"count":0,"href":"https:\/\/www.ruiqigo.com\/sv\/wp-json\/wp\/v2\/product\/3610\/revisions"}],"wp:featuredmedia":[{"embeddable":true,"href":"https:\/\/www.ruiqigo.com\/sv\/wp-json\/wp\/v2\/media\/3611"}],"wp:attachment":[{"href":"https:\/\/www.ruiqigo.com\/sv\/wp-json\/wp\/v2\/media?parent=3610"}],"wp:term":[{"taxonomy":"product-tag","embeddable":true,"href":"https:\/\/www.ruiqigo.com\/sv\/wp-json\/wp\/v2\/product-tag?post=3610"},{"taxonomy":"products","embeddable":true,"href":"https:\/\/www.ruiqigo.com\/sv\/wp-json\/wp\/v2\/products?post=3610"}],"curies":[{"name":"wp","href":"https:\/\/api.w.org\/{rel}","templated":true}]}}