{"id":3620,"date":"2025-06-12T11:24:09","date_gmt":"2025-06-12T03:24:09","guid":{"rendered":"https:\/\/www.ruiqigo.com\/?post_type=product&#038;p=3620"},"modified":"2025-06-12T11:24:10","modified_gmt":"2025-06-12T03:24:10","slug":"wooden-bath-brush","status":"publish","type":"product","link":"https:\/\/www.ruiqigo.com\/sv\/product\/wooden-bath-brush","title":{"rendered":"Badborste i tr\u00e4"},"content":{"rendered":"<h2 class=\"wp-block-heading\">Funktioner i tr\u00e4badborste<\/h2>\n\n\n\n<p>Badborsten i tr\u00e4 \u00e4r b\u00e5de naturlig och praktisk. Den beh\u00e5ller inte bara den rustika stilen hos traditionella handgjorda borstar utan inneh\u00e5ller ocks\u00e5 det ergonomiska konceptet med modern design. Dess tr\u00e4borstekropp \u00e4r robust och h\u00e5llbar, k\u00e4nns varm och de l\u00e4mpliga borsten ger en m\u00e4ngd olika hudv\u00e5rdsalternativ.<\/p>\n\n\n\n<p><strong>1. Borstkropp i naturligt massivt tr\u00e4: <\/strong>Badborstar i tr\u00e4 \u00e4r ofta gjorda av naturlig bok, ek och andra l\u00f6vtr\u00e4d. De har en kompakt struktur, \u00e4r inte l\u00e4tta att spricka, har ett bra grepp och halks\u00e4kra egenskaper och \u00e4r av utm\u00e4rkt kvalitet.&nbsp;<\/p>\n\n\n\n<p><strong>2. Uts\u00f6kt ytbehandlingsteknik:<\/strong> Badborstens yta \u00e4r mycket sl\u00e4tpolerad och f\u00f6rseglad med vegetabilisk olja eller milj\u00f6v\u00e4nlig f\u00e4rg f\u00f6r att f\u00f6rb\u00e4ttra dess fukt- och m\u00f6gelskyddande egenskaper.&nbsp;<\/p>\n\n\n\n<p><strong>3. L\u00e5ng livsl\u00e4ngd: <\/strong>H\u00e5rplanteringsstrukturen \u00e4r fast och levereras med ett greppband f\u00f6r enkel h\u00e5llning. Samtidigt \u00e4r den l\u00e4tt att torka eller f\u00f6rvara, vilket kan f\u00f6rl\u00e4nga badborstens livsl\u00e4ngd.&nbsp;<\/p>\n\n\n\n<p><strong>4. L\u00e4mplig f\u00f6r en m\u00e4ngd olika tv\u00e4tt- och sk\u00f6tselsituationer:<\/strong> V\u00e5r badborste i tr\u00e4 kan anv\u00e4ndas f\u00f6r b\u00e5de torrborstning och v\u00e5tborstning. Den \u00e4r l\u00e4mplig f\u00f6r en m\u00e4ngd olika tv\u00e4tt- och v\u00e5rdscenarier, oavsett om det \u00e4r dagligt bad eller torrborstning med massage, och dess funktioner \u00e4r mycket flexibla.&nbsp;<\/p>\n\n\n\n<p><strong>5. Olika borstalternativ:<\/strong> Badborstar i tr\u00e4 kan kombineras med naturliga borst som vildsvinsborst och h\u00e4sth\u00e5r, eller flexibla syntetfibrer f\u00f6r att m\u00f6ta behoven hos olika hudtyper (som k\u00e4nslig hud, fet hud etc.).<\/p>\n\n\n\n<h2 class=\"wp-block-heading\">F\u00f6rdelar med tr\u00e4badborste<\/h2>\n\n\n\n<p>J\u00e4mf\u00f6rt med badborstar i plast har badborstar i tr\u00e4 naturliga f\u00f6rdelar n\u00e4r det g\u00e4ller anv\u00e4ndarupplevelse, milj\u00f6v\u00e4nlighet och textur. De kan inte bara ge en rej\u00e4l exfoliering och massageeffekter, utan de uppfyller ocks\u00e5 moderna anv\u00e4ndares str\u00e4van efter naturlighet och h\u00e5llbarhet.&nbsp;<\/p>\n\n\n\n<p><strong>1. Naturligt och milj\u00f6v\u00e4nligt:<\/strong> Badborstar i tr\u00e4 \u00e4r tillverkade helt av giftfritt, naturligt och biologiskt nedbrytbart tr\u00e4 och borst, vilket \u00e4r i linje med konceptet h\u00e5llbar och gr\u00f6n konsumtion och \u00e4r mycket milj\u00f6v\u00e4nliga.&nbsp;<\/p>\n\n\n\n<p><strong>2. H\u00e5llbar:<\/strong> Borstkroppen av naturligt tr\u00e4 har en stabil struktur, \u00e4r slitstark och tryckt\u00e5lig samt h\u00e5llbar. Dess livsl\u00e4ngd \u00f6vertr\u00e4ffar vida vanliga badborstar i plast.&nbsp;<\/p>\n\n\n\n<p><strong>3. Kraftfull reng\u00f6ring och exfoliering:<\/strong> Naturliga borst som vildsvinsborst har m\u00e5ttlig seghet och kan effektivt reng\u00f6ra svettfl\u00e4ckar, smuts och d\u00f6d hud utan att irritera eller skada huden.&nbsp;<\/p>\n\n\n\n<p><strong>4. Fr\u00e4mja blodcirkulationen: <\/strong>Anv\u00e4ndningen av en badborste i tr\u00e4 kan varsamt stimulera nerv\u00e4ndarna, v\u00e4cka hudens vitalitet och hj\u00e4lpa blodcirkulationen, \u00e4mnesoms\u00e4ttningen och hudens fasthet i kroppen.&nbsp;<\/p>\n\n\n\n<p><strong>5. H\u00f6g kostnadseffektivitet:<\/strong> Badborsten i tr\u00e4 beh\u00f6ver bara torkas regelbundet och f\u00f6rvaras i en ventilerad milj\u00f6. Den kr\u00e4ver inget komplicerat underh\u00e5ll och \u00e4r enkel och bekv\u00e4m att anv\u00e4nda, s\u00e5 den \u00e4r mycket kostnadseffektiv.<\/p>\n\n\n\n<h2 class=\"wp-block-heading\">M\u00e5lgrupp f\u00f6r badborste i tr\u00e4<\/h2>\n\n\n\n<p>Badborstar i tr\u00e4 anv\u00e4nds flitigt av m\u00e4nniskor i olika \u00e5ldrar och med olika livsstilar tack vare dess utm\u00e4rkta prestanda, s\u00e5som naturmaterial, stabila struktur och m\u00e5ngsidiga funktioner. Oavsett om det \u00e4r en anv\u00e4ndare som str\u00e4var efter daglig grundl\u00e4ggande tv\u00e4tt och v\u00e5rd, eller en person som har behov av massage och exfoliering, kan de f\u00e5 en idealisk upplevelse med denna produkt.&nbsp;<\/p>\n\n\n\n<p><strong>1. Dagliga hush\u00e5llsanv\u00e4ndare:<\/strong> L\u00e4mplig f\u00f6r daglig reng\u00f6ring och badkomfort.<\/p>\n\n\n\n<p><strong>2. Medel\u00e5lders och \u00e4ldre personer: <\/strong>Mjuka borst \u00e4r l\u00e4mpliga f\u00f6r personer med \u00f6mt\u00e5lig hud eller r\u00f6relsehinder, vilket bidrar till att fr\u00e4mja blodcirkulationen i kroppen och f\u00f6rb\u00e4ttra h\u00e4lsan.<\/p>\n\n\n\n<p><strong>3. Personer med k\u00e4nslig hud:<\/strong> Du kan v\u00e4lja mjuka borst, s\u00e5som milt h\u00e4sth\u00e5r och syntetfibrer, f\u00f6r att skonsamt reng\u00f6ra huden utan att orsaka irritation eller skador.<\/p>\n\n\n\n<p><strong>4. M\u00e4nniskor som tr\u00e4nar och h\u00e5ller sig i form:<\/strong> Efter tr\u00e4ning kan du anv\u00e4nda en badborste i tr\u00e4 f\u00f6r torr eller v\u00e5t borstning, vilket hj\u00e4lper till att lindra muskeltr\u00f6tthet, rensa porer och reng\u00f6ra svett.<\/p>\n\n\n\n<h2 class=\"wp-block-heading\">Produktionsprocess f\u00f6r badborste i tr\u00e4<\/h2>\n\n\n\n<p>Tillverkningsprocessen f\u00f6r badborsten i tr\u00e4 fokuserar p\u00e5 urval och fint hantverk. Fr\u00e5n valet av r\u00e5material till implanteringen av borsten kr\u00e4vs flera processer f\u00f6r att s\u00e4kerst\u00e4lla att produkten \u00e4r robust, h\u00e5llbar, sl\u00e4t och gradfri.<\/p>\n\n\n\n<p><strong>1. Val av r\u00e5material:<\/strong> Naturtr\u00e4 som har avfettats och torkats anv\u00e4nds f\u00f6r att f\u00f6rhindra sprickbildning och m\u00f6gel.<\/p>\n\n\n\n<p><strong>2. Borstimplantat: <\/strong>Borsten implanteras manuellt eller halvautomatiskt och \u00e4r arrangerade t\u00e4tt och j\u00e4mnt.<\/p>\n\n\n\n<p><strong>3. Polering: <\/strong>Badborstens yta slipas flera g\u00e5nger f\u00f6r att ta bort grader och oj\u00e4mnheter, vilket s\u00e4kerst\u00e4ller ett smidigt och s\u00e4kert grepp.<\/p>\n\n\n\n<p><strong>4. Vattent\u00e4t bel\u00e4ggning:<\/strong> Naturligt tr\u00e4vax, olja eller lack appliceras p\u00e5 borstkroppens yta f\u00f6r att f\u00f6rb\u00e4ttra borstkroppens fuktt\u00e5liga, m\u00f6gelt\u00e5liga och h\u00e5llbara prestanda.<\/p>\n\n\n\n<p><strong>5. Produktkvalitetsinspektion:<\/strong> Varje produktparti m\u00e5ste genomg\u00e5 olika kvalitetskontroller, s\u00e5som hygieninspektion, innan den l\u00e4mnar fabriken f\u00f6r att s\u00e4kerst\u00e4lla att varje produktparti uppfyller marknadsstandarder och kundernas behov.<\/p>\n\n\n\n<h2 class=\"wp-block-heading\">Anv\u00e4ndningsomr\u00e5den f\u00f6r badborste i tr\u00e4<\/h2>\n\n\n\n<p>Badborsten i tr\u00e4 har ett brett anv\u00e4ndningsomr\u00e5de. Den \u00e4r inte bara l\u00e4mplig f\u00f6r dagligt bad hemma, utan anv\u00e4nds \u00e4ven ofta i professionella v\u00e5rdmilj\u00f6er som gym och spa. Den \u00e4r mycket l\u00e4mplig f\u00f6r morgonv\u00e4ckning, avkoppling efter tr\u00e4ning, djupreng\u00f6ring och andra milj\u00f6er.<\/p>\n\n\n\n<p>1. Vid daglig hemst\u00e4dning och bad kan den anv\u00e4ndas f\u00f6r att reng\u00f6ra rygg, ben och andra delar som \u00e4r sv\u00e5ra att borsta noggrant.<\/p>\n\n\n\n<p>2. Efter att du vaknat p\u00e5 morgonen kan du ocks\u00e5 anv\u00e4nda den f\u00f6r att torrborsta f\u00f6r att v\u00e4cka den nya dagen, fr\u00e4mja blodcirkulationen i kroppen och f\u00f6rb\u00e4ttra vitaliteten.<\/p>\n\n\n\n<p>3. Efter tr\u00e4ning kan du anv\u00e4nda en badborste av tr\u00e4 f\u00f6r att lindra muskelsp\u00e4nningar orsakade av tr\u00e4ning och hj\u00e4lpa till med uts\u00f6ndringen av metaboliskt avfall.<\/p>\n\n\n\n<h2 class=\"wp-block-heading\">Hur man anv\u00e4nder badborsten i tr\u00e4<\/h2>\n\n\n\n<p>Badborsten i tr\u00e4 \u00e4r enkel att anv\u00e4nda. Du kan v\u00e4lja en torrborste eller en v\u00e5tborste beroende p\u00e5 olika reng\u00f6ringsbehov.<\/p>\n\n\n\n<p><strong>1. Torr borste:<\/strong> Torrborsta kroppen i cirka 5 minuter varje morgon efter att du vaknat, vilket \u00e4r f\u00f6rdelaktigt f\u00f6r att fr\u00e4mja blodcirkulationen och stimulera kroppens vitalitet.<\/p>\n\n\n\n<p><strong>2. V\u00e5t borste:<\/strong> L\u00e4mplig f\u00f6r reng\u00f6ring under bad. Fukta borsten, tryck in en liten m\u00e4ngd duschgel och reng\u00f6r kroppen med cirkelr\u00f6relser.<\/p>\n\n\n\n<p><strong>Notera:<\/strong> Under reng\u00f6ringsprocessen \u00e4r det inte l\u00e4tt att gnugga h\u00e5rt f\u00f6r att undvika hudirritation. Efter anv\u00e4ndning rekommenderas det att sk\u00f6lja borsten med rent vatten, torka dem och undvika att bl\u00f6tl\u00e4gga dem i vatten under l\u00e4ngre tid f\u00f6r att f\u00f6rl\u00e4nga livsl\u00e4ngden.<\/p>","protected":false},"excerpt":{"rendered":"Wooden Bath Brush Features The wooden bath brush is both natural and practical. It not only retains the rustic style of traditional handmade brushes but also incorporates the ergonomics concept of modern design. Its wooden brush body is sturdy and durable, feels warm, and the appropriate bristles provide a variety of skin care options. 1. [&hellip;]","protected":false},"featured_media":3621,"menu_order":0,"template":"","meta":[],"product-tag":[],"products":[166],"class_list":["post-3620","product","type-product","status-publish","has-post-thumbnail","hentry","products-bath-brush"],"acf":[],"_links":{"self":[{"href":"https:\/\/www.ruiqigo.com\/sv\/wp-json\/wp\/v2\/product\/3620","targetHints":{"allow":["GET"]}}],"collection":[{"href":"https:\/\/www.ruiqigo.com\/sv\/wp-json\/wp\/v2\/product"}],"about":[{"href":"https:\/\/www.ruiqigo.com\/sv\/wp-json\/wp\/v2\/types\/product"}],"version-history":[{"count":0,"href":"https:\/\/www.ruiqigo.com\/sv\/wp-json\/wp\/v2\/product\/3620\/revisions"}],"wp:featuredmedia":[{"embeddable":true,"href":"https:\/\/www.ruiqigo.com\/sv\/wp-json\/wp\/v2\/media\/3621"}],"wp:attachment":[{"href":"https:\/\/www.ruiqigo.com\/sv\/wp-json\/wp\/v2\/media?parent=3620"}],"wp:term":[{"taxonomy":"product-tag","embeddable":true,"href":"https:\/\/www.ruiqigo.com\/sv\/wp-json\/wp\/v2\/product-tag?post=3620"},{"taxonomy":"products","embeddable":true,"href":"https:\/\/www.ruiqigo.com\/sv\/wp-json\/wp\/v2\/products?post=3620"}],"curies":[{"name":"wp","href":"https:\/\/api.w.org\/{rel}","templated":true}]}}