{"id":3626,"date":"2025-06-12T14:04:02","date_gmt":"2025-06-12T06:04:02","guid":{"rendered":"https:\/\/www.ruiqigo.com\/?post_type=product&#038;p=3626"},"modified":"2025-06-19T09:23:36","modified_gmt":"2025-06-19T01:23:36","slug":"beard-conditioner","status":"publish","type":"product","link":"https:\/\/www.ruiqigo.com\/sv\/product\/beard-conditioner","title":{"rendered":"Sk\u00e4ggbalsam"},"content":{"rendered":"<h2 class=\"wp-block-heading\">Tillverkning av sk\u00e4ggbalsam Vanliga formler<\/h2>\n\n\n\n<p>Vi \u00e4r engagerade utvecklare av sk\u00e4ggv\u00e5rdsprodukter. Med fokus p\u00e5 de unika behoven hos ansiktsh\u00e5r och huden under, v\u00e4ljer vi ingredienser baserade p\u00e5 \u00e5terfuktande, mjukg\u00f6rande, lugnande och andra funktioner, och genom vetenskaplig sammans\u00e4ttning skapar vi effektiva balsam som f\u00f6rb\u00e4ttrar sk\u00e4ggets h\u00e4lsa och komfort.<\/p>\n\n\n\n<p><strong>1. Jojobaolja:<\/strong> Det \u00e4r den centrala mjukg\u00f6rande ingrediensen i sk\u00e4ggbalsam och kan penetrera sk\u00e4gget och huden under. Den \u00e5terfuktar utan att t\u00e4ppa till porer, mjukg\u00f6r grova sk\u00e4gg, hj\u00e4lper till att bibeh\u00e5lla hudens naturliga fuktbarri\u00e4r, f\u00f6rhindrar sk\u00e4ggtorrhet och hudirritation och s\u00e4kerst\u00e4ller en sl\u00e4t sk\u00e4ggstruktur.<\/p>\n\n\n\n<p><strong>2. Arganolja:<\/strong> Rik p\u00e5 fettsyror och E-vitamin \u00e4r den ett mycket n\u00e4ringsrikt tillsatsmedel. I sk\u00e4ggv\u00e5rd ger den n\u00e4ring \u00e5t h\u00e5rs\u00e4ckarna, st\u00e4rker h\u00e5rstr\u00e5na, minskar frissighet och ger en h\u00e4lsosam glans. Dess antioxidanta ingredienser kan ocks\u00e5 skydda sk\u00e4gg och hud fr\u00e5n milj\u00f6skador och f\u00f6rdr\u00f6ja f\u00f6r tidigt \u00e5ldrande av ansiktsh\u00e5r.<\/p>\n\n\n\n<p><strong>3. Sheasm\u00f6r:<\/strong> Som en naturlig lipid ger den stark \u00e5terfuktning. L\u00e5ser in fukt, mjukg\u00f6r grova och ohanterliga sk\u00e4gg och lugnar irriterad hud under sk\u00e4gget, s\u00e4rskilt f\u00f6r torra och grova sk\u00e4gg.<\/p>\n\n\n\n<p><strong>4. Glycerin:<\/strong> Det \u00e4r ett vanligt f\u00f6rekommande fuktighetsbevarande medel i balsam, och \u00e5terfuktar sk\u00e4gget och huden f\u00f6r att f\u00f6rhindra torrhet och spr\u00f6dhet. Det \u00f6kar sk\u00e4ggets totala fukthalt, vilket g\u00f6r det mer flexibelt och mindre ben\u00e4get att g\u00e5 av, och hj\u00e4lper \u00e4ven andra \u00e5terfuktande ingredienser att verka.<\/p>\n\n\n\n<p><strong>5.Pantenol:<\/strong> \u00c4ven k\u00e4nt som provitamin B5, har det utm\u00e4rkta reparerande egenskaper. Det penetrerar sk\u00e4gget f\u00f6r att f\u00f6rb\u00e4ttra dess elasticitet och styrka. Det lugnar irriterad hud under sk\u00e4gget, fr\u00e4mjar hudreparation, minskar rodnad och reparerar skadat sk\u00e4gg f\u00f6r ett tjockare och h\u00e4lsosammare utseende.<\/p>\n\n\n\n<h2 class=\"wp-block-heading\">Funktionerna hos sk\u00e4ggbalsam<\/h2>\n\n\n\n<p>Sk\u00e4ggbalsam \u00e4r en specialiserad behandling som tillgodoser de unika behoven hos ansiktsh\u00e5r och den underliggande huden. Dess anpassade formula ger flera f\u00f6rdelar f\u00f6r ett friskare och mer hanterbart sk\u00e4gg.<\/p>\n\n\n\n<p><strong>1. \u00c5terfuktar p\u00e5 djupet och g\u00f6r huden mjuk:<\/strong> Balsam anv\u00e4nder mjukg\u00f6rande \u00e4mnen som jojoba- och sheasm\u00f6r f\u00f6r att tr\u00e4nga in i h\u00e5rstr\u00e5et, \u00e5terfukta och effektivt minska oj\u00e4mnheter, vilket g\u00f6r att sk\u00e4gget k\u00e4nns mjukare och l\u00e4ttare att styla.<\/p>\n\n\n\n<p><strong>2. Lugnar huden och lindrar irritation:<\/strong> Balsam inneh\u00e5ller ofta ingredienser som aloe vera eller panthenol f\u00f6r att lindra rodnad, kl\u00e5da och inflammation, och balansera hudens naturliga oljeproduktion f\u00f6r att f\u00f6rhindra \u00f6verdriven oljeuts\u00f6ndring eller torrhet.<\/p>\n\n\n\n<p><strong>3. St\u00e4rker och reparerar:<\/strong> Proteinerna och vitaminerna i balsam st\u00e4rker sk\u00e4ggstrukturen, minskar brott och kluvna toppar samt hj\u00e4lper till att f\u00f6rb\u00e4ttra torrhet och spr\u00f6dhet.<\/p>\n\n\n\n<p><strong>4. Kontrollerar frissighet och f\u00f6rb\u00e4ttrar glansen: <\/strong>Silikonfria polymerer eller naturliga oljor i produkten t\u00e4cker h\u00e5rfj\u00e4llen, sl\u00e4tar ut l\u00f6sa sk\u00e4gg och ger dem en naturlig glans.<\/p>\n\n\n\n<p><strong>5. L\u00e5ngsiktigt st\u00f6d f\u00f6r sk\u00e4ggh\u00e4lsa: <\/strong>Regelbunden anv\u00e4ndning av sk\u00e4ggbalsam kan ge n\u00e4ring \u00e5t h\u00e5rs\u00e4ckarna och fr\u00e4mja tjockare och starkare sk\u00e4ggtillv\u00e4xt \u00f6ver tid. F\u00f6r oj\u00e4mna eller l\u00e5ngsamt v\u00e4xande sk\u00e4gg kan fortsatt v\u00e5rd f\u00f6rb\u00e4ttra deras tjocklek och fyllighet.<\/p>\n\n\n\n<h2 class=\"wp-block-heading\">Hur man anv\u00e4nder sk\u00e4ggbalsam<\/h2>\n\n\n\n<p>Sk\u00e4ggbalsam m\u00e5ste anv\u00e4ndas korrekt f\u00f6r att \u00e5terfukta, mjukg\u00f6ra och ge n\u00e4ring \u00e5t ditt sk\u00e4gg. F\u00f6lj dessa steg f\u00f6r att h\u00e5lla ditt sk\u00e4gg friskt och l\u00e4tthanterligt.<\/p>\n\n\n\n<p><strong>1. Reng\u00f6r ditt sk\u00e4gg f\u00f6rst:<\/strong> Tv\u00e4tta sk\u00e4gget med ett milt sk\u00e4ggschampo (vanligt milt schampo utan sulfater fungerar) f\u00f6re anv\u00e4ndning f\u00f6r att skapa en ren basmilj\u00f6 f\u00f6r balsamet att verka.<\/p>\n\n\n\n<p><strong>2. Dosera r\u00e4tt m\u00e4ngd:<\/strong> M\u00e4ngden beror p\u00e5 sk\u00e4ggets l\u00e4ngd och tjocklek. Tryck ut balsamet i handflatan.<\/p>\n\n\n\n<p><strong>3. Applicera j\u00e4mnt i sk\u00e4gget: <\/strong>Applicera fr\u00e5n sk\u00e4ggroten till toppen, se till att t\u00e4cka varje sk\u00e4gg och massera in det i huden under sk\u00e4gget.<\/p>\n\n\n\n<p><strong>4. L\u00e5t det st\u00e5 f\u00f6r optimal absorption: <\/strong>Efter applicering, l\u00e5t balsamet verka i sk\u00e4gget i 2\u20135 minuter. L\u00e5t produkten tr\u00e4nga djupt in i h\u00e5rstr\u00e5et och verka p\u00e5 huden under.<\/p>\n\n\n\n<p><strong>5. Sk\u00f6lj noggrant:<\/strong> Sk\u00f6lj sk\u00e4gget med varmt vatten tills allt balsam har tv\u00e4ttats bort.<\/p>\n\n\n\n<p><strong>6. Torka och styla som vanligt: <\/strong>Torka sk\u00e4gget torrt med en ren handduk. Efter\u00e5t kan du anv\u00e4nda en sk\u00e4ggborste eller kam f\u00f6r att styla.<\/p>\n\n\n\n<p><strong>Rekommendation:<\/strong>Vanligtvis r\u00e4cker det med 2\u20133 g\u00e5nger i veckan. Anpassa h\u00e5ret efter hur ditt sk\u00e4gg k\u00e4nns.<\/p>\n\n\n\n<h2 class=\"wp-block-heading\">F\u00f6rsiktighet<\/h2>\n\n\n\n<p>Sk\u00e4ggbalsam \u00e4r utformat f\u00f6r ansiktsh\u00e5r och huden under. F\u00f6r att s\u00e4kerst\u00e4lla en s\u00e4ker och bra anv\u00e4ndarupplevelse och undvika potentiellt obehag eller problem, v\u00e4nligen var uppm\u00e4rksam p\u00e5 f\u00f6ljande punkter.<\/p>\n\n\n\n<p><strong>1. Hudtest: <\/strong>F\u00f6re f\u00f6rsta anv\u00e4ndningen kr\u00e4vs ett hudtest. Applicera en liten m\u00e4ngd balsam p\u00e5 ett litet omr\u00e5de, till exempel bakom \u00f6rat och insidan av handleden. Efter att ha bekr\u00e4ftat att det inte finns n\u00e5gon negativ reaktion, applicera det p\u00e5 sk\u00e4gget och huden \u00f6ver ett stort omr\u00e5de.<\/p>\n\n\n\n<p><strong>2. Undvik felaktig till\u00e4mpning: <\/strong>Applicera inte balsam p\u00e5 skadad hud under sk\u00e4gget. Produktens ingredienser kan irritera skadade omr\u00e5den och \u00f6ka obehaget.<\/p>\n\n\n\n<p><strong>3. Undvik kontakt med \u00f6gonen:<\/strong> Vid oavsiktlig kontakt med \u00f6gonen, sk\u00f6lj omedelbart med rikligt med vatten. Om irritationen kvarst\u00e5r, s\u00f6k l\u00e4karv\u00e5rd i tid.<\/p>\n\n\n\n<p><strong>4. Korrekt f\u00f6rvaring:<\/strong> F\u00f6rvara sk\u00e4ggbalsam p\u00e5 en sval och torr plats, undvik direkt solljus och h\u00f6ga temperaturer f\u00f6r att undvika f\u00f6rs\u00e4mring.<\/p>\n\n\n\n<h2 class=\"wp-block-heading\">Slutsats<\/h2>\n\n\n\n<p>Sk\u00e4ggbalsam \u00e4r en noggrant utvald ingrediens och en vetenskapligt framtagen produkt som spelar en viktig roll i sk\u00e4ggv\u00e5rd. Den \u00e5terfuktar, mjukg\u00f6r och skyddar effektivt ansiktsh\u00e5r och huden under. Vid kontinuerlig anv\u00e4ndning hj\u00e4lper den anv\u00e4ndarna att skapa ett bekv\u00e4mt och v\u00e4lv\u00e5rdat sk\u00e4gg, vilket f\u00f6rst\u00e4rker personlig stil och sj\u00e4lvf\u00f6rtroende.<\/p>\n\n\n\n<p><\/p>","protected":false},"excerpt":{"rendered":"Beard Conditioner Manufacturing Common Formulas We are dedicated beard care formula developers. Focusing on the unique needs of facial hair and the skin underneath, we select ingredients based on moisturizing, softening, soothing and other functions, and through scientific compounding, we create effective conditioners that improve the health and comfort of beards. 1. Jojoba oil: It [&hellip;]","protected":false},"featured_media":3629,"menu_order":0,"template":"","meta":[],"product-tag":[],"products":[52],"class_list":["post-3626","product","type-product","status-publish","has-post-thumbnail","hentry","products-conditioner"],"acf":[],"_links":{"self":[{"href":"https:\/\/www.ruiqigo.com\/sv\/wp-json\/wp\/v2\/product\/3626","targetHints":{"allow":["GET"]}}],"collection":[{"href":"https:\/\/www.ruiqigo.com\/sv\/wp-json\/wp\/v2\/product"}],"about":[{"href":"https:\/\/www.ruiqigo.com\/sv\/wp-json\/wp\/v2\/types\/product"}],"version-history":[{"count":0,"href":"https:\/\/www.ruiqigo.com\/sv\/wp-json\/wp\/v2\/product\/3626\/revisions"}],"wp:featuredmedia":[{"embeddable":true,"href":"https:\/\/www.ruiqigo.com\/sv\/wp-json\/wp\/v2\/media\/3629"}],"wp:attachment":[{"href":"https:\/\/www.ruiqigo.com\/sv\/wp-json\/wp\/v2\/media?parent=3626"}],"wp:term":[{"taxonomy":"product-tag","embeddable":true,"href":"https:\/\/www.ruiqigo.com\/sv\/wp-json\/wp\/v2\/product-tag?post=3626"},{"taxonomy":"products","embeddable":true,"href":"https:\/\/www.ruiqigo.com\/sv\/wp-json\/wp\/v2\/products?post=3626"}],"curies":[{"name":"wp","href":"https:\/\/api.w.org\/{rel}","templated":true}]}}