{"id":3632,"date":"2025-06-17T17:05:37","date_gmt":"2025-06-17T09:05:37","guid":{"rendered":"https:\/\/www.ruiqigo.com\/?post_type=product&#038;p=3632"},"modified":"2025-06-17T17:05:38","modified_gmt":"2025-06-17T09:05:38","slug":"benzoyl-peroxide-body-wash","status":"publish","type":"product","link":"https:\/\/www.ruiqigo.com\/sv\/product\/benzoyl-peroxide-body-wash","title":{"rendered":"Bensoylperoxid duschtv\u00e5l"},"content":{"rendered":"<h2 class=\"wp-block-heading\">Tillverkning av bensoylperoxid duschtv\u00e5l Vanliga formler<\/h2>\n\n\n\n<p>N\u00e4r vi utvecklade bensoylperoxid duschtv\u00e5l anv\u00e4nde vi en kombination av aktiva ingredienser med flera v\u00e5rdande effekter, vilket inte bara s\u00e4kerst\u00e4ller sterilisering och reng\u00f6ringskraft, utan ocks\u00e5 tar h\u00e4nsyn till lugnande och \u00e5terfuktande egenskaper. K\u00e4rningredienser som bensoylperoxid, niacinamid, glycerin, natriumlauroylsarkosinat, etc., kan synergistiskt rena porer, balansera talgproduktionen och reparera hudbarri\u00e4ren. Dessutom har vi inf\u00f6rlivat v\u00e4xtextrakt och ett skonsamt skumsystem f\u00f6r att ytterligare f\u00f6rb\u00e4ttra den \u00f6vergripande anv\u00e4ndarupplevelsen.&nbsp;<\/p>\n\n\n\n<p><strong>1. Bensoylperoxid:<\/strong> Detta \u00e4r en antibakteriell ingrediens med ett brett spektrum som effektivt kan d\u00f6da akneframkallande Propionibacterium. Den kan ta bort d\u00f6da hudceller och olja, tr\u00e4nga djupt in i porerna f\u00f6r att rensa blockeringar och \u00e4r en gyllene ingrediens f\u00f6r terapeutisk akneborttagning.&nbsp;<\/p>\n\n\n\n<p><strong>2. Niacinamid:<\/strong> Den kan hj\u00e4lpa till att reglera talgsekretionen, ge en ljusare hudton och lindra inflammation orsakad av akne. Den \u00e4r l\u00e4mplig att anv\u00e4nda tillsammans med bensoylperoxid f\u00f6r att minska irritation och f\u00f6rb\u00e4ttra hudens reparationsf\u00f6rm\u00e5ga.&nbsp;<\/p>\n\n\n\n<p><strong>3. Glycerin:<\/strong> Glycerin \u00e4r en naturlig fuktighetsbevarande produkt som kan bibeh\u00e5lla fukten i stratum corneum under reng\u00f6ring av huden, lindra torrhet och obehag orsakat av reng\u00f6ring, f\u00f6rb\u00e4ttra hudens mjukhet och elasticitet och f\u00f6rhindra stramhet i huden orsakad av \u00f6verdriven reng\u00f6ring.&nbsp;<\/p>\n\n\n\n<p><strong>4. Natriumlauroylsarkosinat: <\/strong>Detta \u00e4r ett milt skummande medel som inte inneh\u00e5ller sulfater. Det kan minska irritation p\u00e5 k\u00e4nslig hud och bibeh\u00e5lla hudens naturliga barri\u00e4r under reng\u00f6ring. Det \u00e4r skonsamt och icke-irriterande att anv\u00e4nda.&nbsp;<\/p>\n\n\n\n<p><strong>5. Eterisk olja av tea tree:<\/strong> Tea tree-olja \u00e4r en naturlig antibakteriell ingrediens med god oljekontroll och antiinflammatoriska effekter. Den kan f\u00f6rst\u00e4rka akneborttagningseffekten samtidigt som den ger en uppfriskande och behaglig doftupplevelse.<\/p>\n\n\n\n<h2 class=\"wp-block-heading\">Funktionerna hos bensoylperoxid duschtv\u00e5l<\/h2>\n\n\n\n<p><strong>1. Uppfriskande och icke-fet:<\/strong> Bensoylperoxid duschkr\u00e4m har en l\u00e4tt konsistens och l\u00e4mnar inga rester efter sk\u00f6ljning. Den \u00e4r l\u00e4mplig att anv\u00e4nda under varma \u00e5rstider eller efter tr\u00e4ning, vilket g\u00f6r att huden k\u00e4nns uppfriskad.&nbsp;<\/p>\n\n\n\n<p><strong>2. Skonsam skumning:<\/strong> V\u00e5r formula \u00e4r tv\u00e5lfri och anv\u00e4nder aminosyratensider. Den l\u00f6ddrar mjukt och snabbt, med ett fylligt skum, men \u00e4r l\u00e4tt att sk\u00f6lja av, vilket g\u00f6r den l\u00e4mplig f\u00f6r frekvent daglig v\u00e5rd.\u00a0<\/p>\n\n\n\n<p><strong>3. Snabbverkande:<\/strong> De aktiva ingredienserna i bensoylperoxidduschkr\u00e4men kan snabbt verka p\u00e5 akneomr\u00e5det, f\u00f6rkorta inflammationscykeln och lindra hudrodnad och svullnad.&nbsp;<\/p>\n\n\n\n<p><strong>4. Reparation:<\/strong> Denna produkt \u00e4r formulerad med \u00e5terfuktande och lugnande ingredienser, som kan minska hudirritation samtidigt som den reng\u00f6r och bibeh\u00e5ller hudens vatten- och oljebalans.&nbsp;<\/p>\n\n\n\n<p><strong>5. Inte l\u00e4tt att t\u00e4ppa till porerna:<\/strong> Bensoylperoxid duschtv\u00e5l inneh\u00e5ller inte akneframkallande ingredienser och t\u00e4pper inte l\u00e4tt till porerna. Den \u00e4r l\u00e4mplig f\u00f6r l\u00e5ngvarig anv\u00e4ndning av personer som upprepade g\u00e5nger besv\u00e4ras av slutna komedoner och akne.&nbsp;<\/p>\n\n\n\n<p><strong>6. H\u00f6g produktstabilitet:<\/strong> Bensoylperoxid duschkr\u00e4m anv\u00e4nder en l\u00e5girriterande formula och stabil process, som effektivt kan kontrollera oxidationen av aktiva ingredienser och f\u00f6rb\u00e4ttra livsl\u00e4ngd och s\u00e4kerhet.\u00a0<\/p>\n\n\n\n<h2 class=\"wp-block-heading\">Hur man anv\u00e4nder bensoylperoxid duschtv\u00e5l<\/h2>\n\n\n\n<p>Bensoylperoxid duschkr\u00e4m \u00e4r l\u00e4tt att anv\u00e4nda och l\u00e4mplig f\u00f6r daglig reng\u00f6ring och akneben\u00e4gen hudv\u00e5rd. Vi rekommenderar att du anv\u00e4nder den en g\u00e5ng om dagen eller varannan dag, med uppm\u00e4rksamhet p\u00e5 tidskontroll och appliceringsomr\u00e5de.&nbsp;<\/p>\n\n\n\n<p>1. Fukta huden, ta ut en l\u00e4mplig m\u00e4ngd duschtv\u00e5l och l\u00e4gg den i handflatan eller badbollen. Gnugga in den f\u00f6r att skapa skummet.<\/p>\n\n\n\n<p>2. Massera f\u00f6rsiktigt in skummet p\u00e5 ryggen, armarna, l\u00e5ren och andra omr\u00e5den och l\u00e5t det verka i 1\u20132 minuter f\u00f6r att f\u00f6rb\u00e4ttra produktens effekt.<\/p>\n\n\n\n<p>3. Sk\u00f6lj skummet noggrant med rent vatten f\u00f6r att undvika rester.<\/p>\n\n\n\n<p>4. Det rekommenderas att applicera en icke-irriterande bodylotion f\u00f6r \u00e5terfuktning efter anv\u00e4ndning.<\/p>\n\n\n\n<h2 class=\"wp-block-heading\">F\u00f6rsiktighet<\/h2>\n\n\n\n<p><strong>1. Hudtest kr\u00e4vs f\u00f6r f\u00f6rsta anv\u00e4ndningen:<\/strong> Vi rekommenderar att b\u00f6rja med ett litet omr\u00e5de f\u00f6r att s\u00e4kerst\u00e4lla att det inte finns n\u00e5gon irritation eller allergisk reaktion p\u00e5 huden innan anv\u00e4ndningsomr\u00e5det ut\u00f6kas.&nbsp;<\/p>\n\n\n\n<p><strong>2. Undvik kontakt med \u00f6gonen:<\/strong> Undvik kontakt med \u00f6gonen under anv\u00e4ndning. Om det av misstag kommer i kontakt med \u00f6gonen, sk\u00f6lj omedelbart med rikligt med vatten f\u00f6r att undvika irritation.\u00a0<\/p>\n\n\n\n<p><strong>3. Anv\u00e4nd inte med starka exfolierande produkter:<\/strong> Undvik att anv\u00e4nda den samma dag som produkter som inneh\u00e5ller AHA\/BHA eller andra irriterande ingredienser f\u00f6r att undvika obehag som rodnad, svullnad och fj\u00e4llning.\u00a0<\/p>\n\n\n\n<p><strong>4. Var uppm\u00e4rksam p\u00e5 solskydd efter anv\u00e4ndning:<\/strong> Eftersom denna produkt inneh\u00e5ller bensoylperoxid kan den \u00f6ka hudens k\u00e4nslighet f\u00f6r ultravioletta str\u00e5lar. Anv\u00e4nd d\u00e4rf\u00f6r solskyddsmedel f\u00f6r kroppen tillsammans om den anv\u00e4nds under dagen.&nbsp;<\/p>\n\n\n\n<h2 class=\"wp-block-heading\">Slutsats<\/h2>\n\n\n\n<p>Bensoylperoxid duschtv\u00e5l \u00e4r en funktionell badprodukt med utm\u00e4rkt reng\u00f6rande och reparerande kraft. Den anv\u00e4nder mycket effektiva ingredienser som bensoylperoxid och niacinamid f\u00f6r att tr\u00e4nga djupt in i porerna f\u00f6r att bek\u00e4mpa aknebakterier, och \u00e4r l\u00e4mplig f\u00f6r akneben\u00e4gen hudv\u00e5rd p\u00e5 flera delar av kroppen. Denna produkt \u00e4r utformad f\u00f6r att passa daglig anv\u00e4ndning, med b\u00e5de reng\u00f6rande kraft, \u00e5terfuktande kraft och mildhet, och \u00e4r l\u00e4mplig f\u00f6r l\u00e5ngvarig anv\u00e4ndning av personer med frekvent akne eller ben\u00e4genhet f\u00f6r \u00e5terfall. Korrekt anv\u00e4ndning kan effektivt f\u00f6rb\u00e4ttra tillst\u00e5ndet hos akneben\u00e4gen hud och \u00e5terst\u00e4lla hudens sl\u00e4thet och h\u00e4lsosamma textur.<\/p>","protected":false},"excerpt":{"rendered":"Benzoyl Peroxide Body Wash Manufacturing Common Formulas When developing benzoyl peroxide body wash, we used a combination of active ingredients with multiple care effects, which not only ensures sterilization and cleaning power, but also takes into account soothing and moisturizing. Core ingredients such as benzoyl peroxide, niacinamide, glycerin, sodium lauroyl sarcosinate, etc., can synergistically purify [&hellip;]","protected":false},"featured_media":3655,"menu_order":0,"template":"","meta":[],"product-tag":[],"products":[57],"class_list":["post-3632","product","type-product","status-publish","has-post-thumbnail","hentry","products-body-wash"],"acf":[],"_links":{"self":[{"href":"https:\/\/www.ruiqigo.com\/sv\/wp-json\/wp\/v2\/product\/3632","targetHints":{"allow":["GET"]}}],"collection":[{"href":"https:\/\/www.ruiqigo.com\/sv\/wp-json\/wp\/v2\/product"}],"about":[{"href":"https:\/\/www.ruiqigo.com\/sv\/wp-json\/wp\/v2\/types\/product"}],"version-history":[{"count":0,"href":"https:\/\/www.ruiqigo.com\/sv\/wp-json\/wp\/v2\/product\/3632\/revisions"}],"wp:featuredmedia":[{"embeddable":true,"href":"https:\/\/www.ruiqigo.com\/sv\/wp-json\/wp\/v2\/media\/3655"}],"wp:attachment":[{"href":"https:\/\/www.ruiqigo.com\/sv\/wp-json\/wp\/v2\/media?parent=3632"}],"wp:term":[{"taxonomy":"product-tag","embeddable":true,"href":"https:\/\/www.ruiqigo.com\/sv\/wp-json\/wp\/v2\/product-tag?post=3632"},{"taxonomy":"products","embeddable":true,"href":"https:\/\/www.ruiqigo.com\/sv\/wp-json\/wp\/v2\/products?post=3632"}],"curies":[{"name":"wp","href":"https:\/\/api.w.org\/{rel}","templated":true}]}}