{"id":3645,"date":"2025-06-16T11:20:07","date_gmt":"2025-06-16T03:20:07","guid":{"rendered":"https:\/\/www.ruiqigo.com\/?post_type=product&#038;p=3645"},"modified":"2025-06-19T09:22:49","modified_gmt":"2025-06-19T01:22:49","slug":"sensitive-toothpaste","status":"publish","type":"product","link":"https:\/\/www.ruiqigo.com\/sv\/product\/sensitive-toothpaste","title":{"rendered":"K\u00e4nslig tandkr\u00e4m"},"content":{"rendered":"<h2 class=\"wp-block-heading\">Tillverkning av k\u00e4nslig tandkr\u00e4m Vanliga formler<\/h2>\n\n\n\n<p>Den anv\u00e4nder huvudsakligen kaliumnitrat och nanohydroxiapatit aktiva ingredienser f\u00f6r att minska tandk\u00e4nsligheten, effektivt minska den sv\u00e5ra sm\u00e4rtan orsakad av stimulering genom att blockera sm\u00e4rtsignaler fr\u00e5n att n\u00e5 nerv\u00e4ndarna och bilda ett t\u00e4tt skyddande lager p\u00e5 tandytan, vilket inte bara kan motst\u00e5 yttre stimuli, utan ocks\u00e5 fr\u00e4mja emaljremineralisering, f\u00f6rb\u00e4ttra t\u00e4ndernas f\u00f6rm\u00e5ga att motst\u00e5 syraerosion, fundamentalt lindra problemet med tandk\u00e4nslighet och ge omfattande skydd f\u00f6r munh\u00e4lsan.<\/p>\n\n\n\n<h2 class=\"wp-block-heading\">Till\u00e4mpliga scenarier f\u00f6r k\u00e4nslig tandkr\u00e4m<\/h2>\n\n\n\n<p>Tandkr\u00e4m f\u00f6r k\u00e4nsliga t\u00e4nder \u00e4r l\u00e4mplig f\u00f6r en m\u00e4ngd olika situationer, f\u00f6r att l\u00f6sa problem med tandk\u00e4nslighet och f\u00f6r att v\u00e5rda munh\u00e4lsan, s\u00e4rskilt i f\u00f6ljande situationer: N\u00e4r tandk\u00e4nslighet orsakas av emaljerosion kan anv\u00e4ndning av tandkr\u00e4m f\u00f6r k\u00e4nsliga t\u00e4nder lindra sm\u00e4rtan som orsakas av irritation genom att f\u00f6rlama nerverna och bilda ett skyddande lager. F\u00f6r patienter med vikande tandk\u00f6tt kan den lindra obehag och skydda utsatta omr\u00e5den. Efter tandblekning kan den neutralisera denna biverkning, s\u00e5 att du kan forts\u00e4tta anv\u00e4nda blekningsprodukter.<\/p>\n\n\n\n<h2 class=\"wp-block-heading\">F\u00f6r vem \u00e4r k\u00e4nslig tandkr\u00e4m l\u00e4mplig<\/h2>\n\n\n\n<p>Tandkr\u00e4m f\u00f6r k\u00e4nsliga t\u00e4nder \u00e4r l\u00e4mplig f\u00f6r specifika grupper av m\u00e4nniskor som lider av tandk\u00e4nslighet och rekommenderas s\u00e4rskilt till f\u00f6ljande konsumenter:<\/p>\n\n\n\n<p>1. Personer som ofta upplever tandk\u00e4nslighet.<\/p>\n\n\n\n<p>2. Personer med problem med tandemaljens slitage.<\/p>\n\n\n\n<p>3. Personer som \u00e4r k\u00e4nsliga p\u00e5 grund av tandk\u00f6ttsrecession och exponerade tandr\u00f6tter.<\/p>\n\n\n\n<p>4. Personer som \u00e4r ben\u00e4gna att f\u00e5 tandk\u00e4nslighet p\u00e5 grund av genetiska faktorer eller den naturliga f\u00f6rtunningen av tandemaljen med \u00e5ldern.<\/p>\n\n\n\n<p>5. Personer som aktivt vill f\u00f6rebygga tandk\u00e4nslighet och bibeh\u00e5lla l\u00e5ngsiktig munh\u00e4lsa.<\/p>\n\n\n\n<h2 class=\"wp-block-heading\">Produktionsprocess f\u00f6r k\u00e4nslig tandkr\u00e4m<\/h2>\n\n\n\n<p>Som professionell tillverkare av k\u00e4nsliga tandkr\u00e4mer implementerar vi f\u00f6ljande standardiserade och sofistikerade produktionsprocesser f\u00f6r att s\u00e4kerst\u00e4lla produktkvalitet och effektivitet:<\/p>\n\n\n\n<p>1) V\u00e4lj noggrant r\u00e5varor som kaliumnitrat, nanohydroxiapatit (n-Ha) och fluorid f\u00f6r att s\u00e4kerst\u00e4lla att ingredienserna uppfyller standarderna f\u00f6r munv\u00e5rd.<\/p>\n\n\n\n<p>2) Kontroll av blandningsf\u00f6rh\u00e5llande: M\u00e4t och blanda aktiva ingredienser och hj\u00e4lpingredienser noggrant.<\/p>\n\n\n\n<p>3) J\u00e4mn blandning: Anv\u00e4nd avancerad blandningsutrustning f\u00f6r att s\u00e4kerst\u00e4lla j\u00e4mn dispersion och bilda en stabil pastastruktur f\u00f6r att bibeh\u00e5lla en j\u00e4mn effekt.<\/p>\n\n\n\n<p>4) Anv\u00e4nd l\u00e5gtemperaturdispersionsteknik f\u00f6r att fullt aktivera n-Ha och andra mineraler, vilket hj\u00e4lper dem att b\u00e4ttre reparera emaljdefekter och bilda en skyddande barri\u00e4r mot k\u00e4nsliga utl\u00f6sare.<\/p>\n\n\n\n<p>5) Fyll i en ren och steril milj\u00f6 f\u00f6r att f\u00f6rhindra kontaminering, samtidigt som ingrediensernas aktivitet bibeh\u00e5lls och produktens s\u00e4kerhet och h\u00e5llbarhet s\u00e4kerst\u00e4lls.<\/p>","protected":false},"excerpt":{"rendered":"Sensitive Toothpaste Manufacturing Common Formulas It mainly uses potassium nitrate and nano-hydroxyapatite active ingredients to reduce tooth sensitivity, effectively reduce the severe pain caused by stimulation by blocking pain signals from reaching nerve endings, and form a dense protective layer on the tooth surface, which can not only resist external stimuli, but also promote enamel [&hellip;]","protected":false},"featured_media":3646,"menu_order":0,"template":"","meta":[],"product-tag":[],"products":[71],"class_list":["post-3645","product","type-product","status-publish","has-post-thumbnail","hentry","products-toothpaste"],"acf":[],"_links":{"self":[{"href":"https:\/\/www.ruiqigo.com\/sv\/wp-json\/wp\/v2\/product\/3645","targetHints":{"allow":["GET"]}}],"collection":[{"href":"https:\/\/www.ruiqigo.com\/sv\/wp-json\/wp\/v2\/product"}],"about":[{"href":"https:\/\/www.ruiqigo.com\/sv\/wp-json\/wp\/v2\/types\/product"}],"version-history":[{"count":0,"href":"https:\/\/www.ruiqigo.com\/sv\/wp-json\/wp\/v2\/product\/3645\/revisions"}],"wp:featuredmedia":[{"embeddable":true,"href":"https:\/\/www.ruiqigo.com\/sv\/wp-json\/wp\/v2\/media\/3646"}],"wp:attachment":[{"href":"https:\/\/www.ruiqigo.com\/sv\/wp-json\/wp\/v2\/media?parent=3645"}],"wp:term":[{"taxonomy":"product-tag","embeddable":true,"href":"https:\/\/www.ruiqigo.com\/sv\/wp-json\/wp\/v2\/product-tag?post=3645"},{"taxonomy":"products","embeddable":true,"href":"https:\/\/www.ruiqigo.com\/sv\/wp-json\/wp\/v2\/products?post=3645"}],"curies":[{"name":"wp","href":"https:\/\/api.w.org\/{rel}","templated":true}]}}