{"id":3650,"date":"2025-06-16T16:18:09","date_gmt":"2025-06-16T08:18:09","guid":{"rendered":"https:\/\/www.ruiqigo.com\/?post_type=product&#038;p=3650"},"modified":"2025-06-19T09:17:47","modified_gmt":"2025-06-19T01:17:47","slug":"restorative-conditioner","status":"publish","type":"product","link":"https:\/\/www.ruiqigo.com\/sv\/product\/restorative-conditioner","title":{"rendered":"\u00c5terst\u00e4llande balsam"},"content":{"rendered":"<h2 class=\"wp-block-heading\">Vanliga formler f\u00f6r tillverkning av \u00e5terst\u00e4llande balsam<\/h2>\n\n\n\n<p>\u00c5terst\u00e4llande balsam best\u00e5r huvudsakligen av aminosyror, kokos- och jackfruktextrakt samt chiafr\u00f6n. Aminosyror har utm\u00e4rkta \u00e5terfuktande och n\u00e4rande effekter, och \u00e5terfuktar h\u00e5r och h\u00e5rbotten p\u00e5 djupet. Kokos- och jackfruktextrakt \u00e4r rika p\u00e5 naturliga n\u00e4rings\u00e4mnen, vilket ytterligare \u00e5terfuktar och ger n\u00e4ring samt f\u00f6rb\u00e4ttrar h\u00e5rets mjukhet. Chiafr\u00f6n kan reparera utseendet p\u00e5 befintliga skador samtidigt som de motst\u00e5r framtida skador. Som professionell tillverkare av \u00e5terst\u00e4llande balsam \u00e4r vi engagerade i att j\u00e4mna ut frissighet f\u00f6r personer med skadat h\u00e5r, djupt tr\u00e4nga in och \u00e5terfukta h\u00e5ret, f\u00f6rb\u00e4ttra glansl\u00f6st h\u00e5r och uppn\u00e5 mjukhet och h\u00e4lsa inifr\u00e5n och ut.<\/p>\n\n\n\n<h2 class=\"wp-block-heading\">Till\u00e4mpliga scenarier f\u00f6r \u00e5terst\u00e4llande balsam<\/h2>\n\n\n\n<p>\u00c5terst\u00e4llande balsam \u00e4r viktiga i alla h\u00e5rv\u00e5rdsscenarier. Efter kemiska behandlingar som permanent och f\u00e4rgning blir h\u00e5ret spr\u00f6tt och glansl\u00f6st. Detta balsam inneh\u00e5ller aminosyror och v\u00e4xtextrakt f\u00f6r att reparera skadade h\u00e5rstr\u00e5n och \u00e5terst\u00e4lla h\u00e5rets mjukhet och glans. F\u00f6r de som ofta anv\u00e4nder v\u00e4rmestylingverktyg kan formulan med \u00e5terst\u00e4llande ingredienser som chiafr\u00f6n motverka v\u00e4rmeskador och minska h\u00e5ravfall. Oavsett om det \u00e4r f\u00f6r att r\u00e4dda \u00f6verbehandlat h\u00e5r, skydda h\u00e5ret efter v\u00e4rmestyling eller t\u00e4mja naturligt frissigt och torrt h\u00e5r, kan \u00e5terst\u00e4llande balsam uppfylla dina behov.<\/p>\n\n\n\n<h2 class=\"wp-block-heading\">Produktionsprocess f\u00f6r \u00e5terst\u00e4llande balsam<\/h2>\n\n\n\n<p>Det \u00e5terst\u00e4llande balsamet f\u00f6ljer en professionell produktionsprocess. R\u00e5varor som aminosyror, kokosn\u00f6ts- och jackfruktsextrakt kontrolleras noggrant f\u00f6r att s\u00e4kerst\u00e4lla kvalitet och renhet. Under produktionen kontrolleras temperatur och tryck strikt i processer som emulgering f\u00f6r att undvika f\u00f6rlust av aktiva ingredienser. Slutligen anv\u00e4nds milj\u00f6v\u00e4nliga och giftfria f\u00f6rpackningsmaterial. Denna produktionsprocess garanterar det \u00e5terst\u00e4llande balsamets kvalitet och effektivitet och uppn\u00e5r effektiv h\u00e5rreparation.<\/p>","protected":false},"excerpt":{"rendered":"Restorative conditioner manufacturing common formulas Restorative conditioner is mainly composed of amino acids, coconut and jackfruit plant extracts, and chia seeds. Amino acids have excellent moisturizing and nourishing effects, deeply replenishing nutrients for hair and scalp; coconut and jackfruit extracts are rich in natural nutrients, further replenishing moisture and nourishing, and improving hair softness; chia [&hellip;]","protected":false},"featured_media":3652,"menu_order":0,"template":"","meta":[],"product-tag":[],"products":[52],"class_list":["post-3650","product","type-product","status-publish","has-post-thumbnail","hentry","products-conditioner"],"acf":[],"_links":{"self":[{"href":"https:\/\/www.ruiqigo.com\/sv\/wp-json\/wp\/v2\/product\/3650","targetHints":{"allow":["GET"]}}],"collection":[{"href":"https:\/\/www.ruiqigo.com\/sv\/wp-json\/wp\/v2\/product"}],"about":[{"href":"https:\/\/www.ruiqigo.com\/sv\/wp-json\/wp\/v2\/types\/product"}],"version-history":[{"count":0,"href":"https:\/\/www.ruiqigo.com\/sv\/wp-json\/wp\/v2\/product\/3650\/revisions"}],"wp:featuredmedia":[{"embeddable":true,"href":"https:\/\/www.ruiqigo.com\/sv\/wp-json\/wp\/v2\/media\/3652"}],"wp:attachment":[{"href":"https:\/\/www.ruiqigo.com\/sv\/wp-json\/wp\/v2\/media?parent=3650"}],"wp:term":[{"taxonomy":"product-tag","embeddable":true,"href":"https:\/\/www.ruiqigo.com\/sv\/wp-json\/wp\/v2\/product-tag?post=3650"},{"taxonomy":"products","embeddable":true,"href":"https:\/\/www.ruiqigo.com\/sv\/wp-json\/wp\/v2\/products?post=3650"}],"curies":[{"name":"wp","href":"https:\/\/api.w.org\/{rel}","templated":true}]}}