{"id":3665,"date":"2025-06-18T15:07:52","date_gmt":"2025-06-18T07:07:52","guid":{"rendered":"https:\/\/www.ruiqigo.com\/?post_type=product&#038;p=3665"},"modified":"2025-06-18T15:07:52","modified_gmt":"2025-06-18T07:07:52","slug":"body-wash-for-women","status":"publish","type":"product","link":"https:\/\/www.ruiqigo.com\/sv\/product\/body-wash-for-women","title":{"rendered":"Duschkr\u00e4m f\u00f6r kvinnor"},"content":{"rendered":"<h2 class=\"wp-block-heading\">Duschkr\u00e4m f\u00f6r kvinnor Tillverkning av vanliga formler<\/h2>\n\n\n\n<p>Som professionell tillverkare av duschtv\u00e5lar f\u00f6r kvinnor v\u00e4ljer vi naturliga v\u00e4xtessenser, mycket effektiva \u00e5terfuktande och djupt n\u00e4rande ingredienser, och \u00e4r engagerade i att ge mild och effektiv reng\u00f6ring och \u00e5terfuktande reparation f\u00f6r kvinnor. Dessa ingredienser \u00e5terfuktar huden p\u00e5 djupet, st\u00e4rker dess naturliga barri\u00e4r, hj\u00e4lper huden att h\u00e5lla sig \u00e5terfuktad, frisk och glansig, och g\u00f6r varje bad till ett \u00f6gonblick av mild v\u00e5rd.\u00a0 <\/p>\n\n\n\n<p><strong>1. Kokosolja:<\/strong> Som ett naturligt reng\u00f6ringsmedel kan kokosolja varsamt avl\u00e4gsna smuts och olja samtidigt som den \u00e5terfuktar huden. Dess rika fettsyrasammans\u00e4ttning hj\u00e4lper ocks\u00e5 till att bibeh\u00e5lla hudbarri\u00e4ren, f\u00f6rhindra fuktf\u00f6rlust och h\u00e5lla huden len och elastisk efter reng\u00f6ring.&nbsp;<\/p>\n\n\n\n<p><strong>2. Glycerin: <\/strong>Glycerin \u00e4r en mycket effektiv \u00e5terfuktande molekyl som absorberar fukt fr\u00e5n luften, ger l\u00e5ngvarig \u00e5terfuktning till huden, effektivt minskar torrhet och stramhet efter tv\u00e4tt och s\u00e4kerst\u00e4ller att huden \u00e4r mjuk och \u00e5terfuktad. Dess milda egenskaper \u00e4r s\u00e4rskilt l\u00e4mpliga f\u00f6r k\u00e4nslig hud och hj\u00e4lper till att bibeh\u00e5lla hudens komfort.&nbsp;<\/p>\n\n\n\n<p><strong>3. E-vitamin: <\/strong>Detta \u00e4r en stark antioxidant som kan hj\u00e4lpa huden att motst\u00e5 skador fr\u00e5n fria radikaler, skydda huden mot milj\u00f6p\u00e5verkan och f\u00f6rdr\u00f6ja hudens \u00e5ldrande. Den har ocks\u00e5 vissa reparerande och lugnande effekter, vilket g\u00f6r bad till det f\u00f6rsta steget i anti-agingv\u00e5rd.&nbsp;<\/p>\n\n\n\n<p><strong>4. Sheasm\u00f6r:<\/strong> Sheasm\u00f6r \u00e4r en djupt \u00e5terfuktande ingrediens, rik p\u00e5 naturliga fettsyror och E-vitamin. Den kan bilda en skyddande film p\u00e5 hudytan, effektivt f\u00f6rhindra torrhet och oj\u00e4mnhet samt f\u00f6rb\u00e4ttra hudens mjukhet och elasticitet.&nbsp;<\/p>\n\n\n\n<p><strong>5. Ceramid:<\/strong> Detta \u00e4r en naturlig lipidkomponent och en viktig del av hudbarri\u00e4ren. Den kan f\u00f6rb\u00e4ttra skyddet av stratum corneum, minska v\u00e4tskef\u00f6rlust och f\u00f6rb\u00e4ttra hudens motst\u00e5ndskraft mot yttre stimuli. Den \u00e4r mycket l\u00e4mplig f\u00f6r torr hud och k\u00e4nslig hud.&nbsp;<\/p>\n\n\n\n<p><strong>6. Natriumhyaluronat:<\/strong> Natriumhyaluronat \u00e4r en kraftfull \u00e5terfuktande ingrediens med utm\u00e4rkt vattenbindande f\u00f6rm\u00e5ga. Den kan kontinuerligt \u00e5terfukta huden efter bad och f\u00f6rb\u00e4ttra den \u00e5terfuktade och str\u00e5lande k\u00e4nslan. Den \u00e4r l\u00e4mplig f\u00f6r kvinnor i alla \u00e5ldrar.&nbsp;<\/p>\n\n\n\n<h2 class=\"wp-block-heading\">Funktionerna hos duschtv\u00e5l f\u00f6r kvinnor<\/h2>\n\n\n\n<p>V\u00e5r duschtv\u00e5l f\u00f6r kvinnor har en unik formula och utm\u00e4rkta prestanda, och kombinerar naturliga ingredienser och avancerad teknologi f\u00f6r att ge huden flera f\u00f6rdelar.&nbsp;<\/p>\n\n\n\n<p><strong>1. Skonsam reng\u00f6ring:<\/strong> Duschkr\u00e4men f\u00f6r kvinnor anv\u00e4nder milda tensider som effektivt reng\u00f6r huden utan att skada hudens naturliga barri\u00e4r. Den \u00e4r s\u00e4rskilt l\u00e4mplig f\u00f6r k\u00e4nslig hud f\u00f6r att undvika irritation och obehag.&nbsp;<\/p>\n\n\n\n<p><strong>2. L\u00e5ngvarig djupg\u00e5ende \u00e5terfuktning:<\/strong> Duschkr\u00e4m f\u00f6r kvinnor \u00e4r rik p\u00e5 en m\u00e4ngd olika \u00e5terfuktande ingredienser, s\u00e5som glycerin, panthenol, etc., som \u00e5terfuktar huden p\u00e5 djupet, binder fukten efter bad, h\u00e5ller huden \u00e5terfuktad, mjuk och inte torr, samt minskar stramhet.\u00a0<\/p>\n\n\n\n<p><strong>3. St\u00e4rk hudbarri\u00e4ren:<\/strong> Denna produkt \u00e4r formulerad med ingredienser som ceramid och E-vitamin, vilka effektivt kan f\u00f6rb\u00e4ttra hudens sj\u00e4lvreparations- och motst\u00e5ndskraftsf\u00f6rm\u00e5ga efter bad, st\u00e4rka hudbarri\u00e4ren, f\u00f6rb\u00e4ttra hudens f\u00f6rm\u00e5ga att motst\u00e5 yttre stimuli och bibeh\u00e5lla h\u00e4lsosamma hudf\u00f6rh\u00e5llanden.&nbsp;<\/p>\n\n\n\n<p><strong>4. Design som \u00e4r v\u00e4nlig f\u00f6r k\u00e4nslig hud:<\/strong> V\u00e5r duschtv\u00e5l f\u00f6r kvinnor har en tv\u00e5lfri, alkoholfri och l\u00e5girriterande formula, kombinerad med lugnande ingredienser, som inte skadar huden och \u00e4r mycket skonsam mot k\u00e4nslig hud.\u00a0<\/p>\n\n\n\n<p><strong>5. L\u00e5ngvarig och behaglig doft:<\/strong> Duschkr\u00e4m f\u00f6r kvinnor anv\u00e4nder naturliga v\u00e4xtdofter, doften \u00e4r naturlig och l\u00e5ngvarig, vilket effektivt kan \u00f6ka njutningen vid anv\u00e4ndning.&nbsp;<\/p>\n\n\n\n<h2 class=\"wp-block-heading\">Hur man anv\u00e4nder duschtv\u00e5l f\u00f6r kvinnor<\/h2>\n\n\n\n<p>Med bara n\u00e5gra f\u00e5 enkla steg kan du njuta av de m\u00e5nga effekterna av mild reng\u00f6ring, djup \u00e5terfuktning och l\u00e5ngvarig doft. Det rekommenderas att anv\u00e4nda den med en badboll eller ett skumn\u00e4t f\u00f6r att f\u00f6rb\u00e4ttra reng\u00f6ringskraften.&nbsp;<\/p>\n\n\n\n<p>1. Fukta hela huden, ta ut en l\u00e4mplig m\u00e4ngd duschtv\u00e5l i handflatan eller badbollen och gnugga f\u00f6rsiktigt tills ett rikt skum bildas.<\/p>\n\n\n\n<p>2. Applicera j\u00e4mnt \u00f6ver hela kroppen och massera f\u00f6rsiktigt huden. Var s\u00e4rskilt uppm\u00e4rksam p\u00e5 torra eller grova omr\u00e5den.<\/p>\n\n\n\n<p>3. Sk\u00f6lj noggrant med rent vatten f\u00f6r att s\u00e4kerst\u00e4lla att inga rester finns kvar.<\/p>\n\n\n\n<p>4. Efter badet kan du anv\u00e4nda den med bodylotion eller eterisk olja f\u00f6r att f\u00f6rst\u00e4rka den \u00e5terfuktande effekten.<\/p>\n\n\n\n<h2 class=\"wp-block-heading\">F\u00f6rsiktighet<\/h2>\n\n\n\n<p>F\u00f6r att s\u00e4kerst\u00e4lla s\u00e4ker och effektiv anv\u00e4ndning av duschtv\u00e5l f\u00f6r kvinnor, f\u00f6lj dessa tips f\u00f6r att f\u00e5 den b\u00e4sta behandlingsupplevelsen och undvika potentiella problem.&nbsp;<\/p>\n\n\n\n<p><strong>1. Allergitest:<\/strong> Det rekommenderas att g\u00f6ra ett lokalt hudtest f\u00f6re f\u00f6rsta anv\u00e4ndningen f\u00f6r att s\u00e4kerst\u00e4lla att det inte finns n\u00e5gon allergisk reaktion innan det anv\u00e4nds p\u00e5 ett stort omr\u00e5de. Om en allergisk reaktion eller obehag uppst\u00e5r, sluta anv\u00e4nda det omedelbart och kontakta en l\u00e4kare.&nbsp;<\/p>\n\n\n\n<p><strong>2. Undvik kontakt med \u00f6gonen:<\/strong> Undvik kontakt mellan duschtv\u00e5len och \u00f6gonen under anv\u00e4ndning. Om det av misstag kommer in i \u00f6gonen, sk\u00f6lj omedelbart med rent vatten f\u00f6r att undvika obehag eller irritation.&nbsp;<\/p>\n\n\n\n<p><strong>3. F\u00f6rvarings\u00e5tg\u00e4rder:<\/strong> F\u00f6rvara svalt och torrt och undvik direkt solljus. F\u00f6rvaras utom r\u00e4ckh\u00e5ll f\u00f6r barn f\u00f6r att undvika oavsiktlig f\u00f6rt\u00e4ring.&nbsp;<\/p>\n\n\n\n<p><strong>4. Rekommenderad anv\u00e4ndningsfrekvens: <\/strong>Det rekommenderas att anv\u00e4nda den en g\u00e5ng om dagen f\u00f6r att undvika \u00f6verdriven reng\u00f6ring som kan skada barri\u00e4ren.&nbsp;<\/p>\n\n\n\n<h2 class=\"wp-block-heading\">Slutsats<\/h2>\n\n\n\n<p>Duschkr\u00e4m f\u00f6r kvinnor \u00e4r en h\u00f6gkvalitativ kroppsv\u00e5rdsprodukt som \u00e4r mild, reng\u00f6rande och djupt n\u00e4rande. Dess fr\u00e4msta f\u00f6rdelar \u00e4r en s\u00e4ker formula, bekv\u00e4m anv\u00e4ndning och utm\u00e4rkta prestanda, vilket kan m\u00f6ta kvinnors m\u00e5nga behov av reng\u00f6ring, \u00e5terfuktning och njutning. Ih\u00e5llande anv\u00e4ndning kan effektivt f\u00f6rb\u00e4ttra hudens grovhet och torrhet, samt f\u00f6rb\u00e4ttra hudens \u00f6vergripande k\u00e4nsla och glans.<\/p>","protected":false},"excerpt":{"rendered":"Body Wash For Women Manufacturing Common Formulas As a professional body wash for women manufacturer, we select natural plant essences, highly effective moisturizing and deeply nourishing ingredients, and are committed to providing gentle and effective cleansing and moisturizing repair for women. These ingredients deeply moisturize the skin, strengthen its natural barrier, help the skin stay [&hellip;]","protected":false},"featured_media":3666,"menu_order":0,"template":"","meta":[],"product-tag":[],"products":[57],"class_list":["post-3665","product","type-product","status-publish","has-post-thumbnail","hentry","products-body-wash"],"acf":[],"_links":{"self":[{"href":"https:\/\/www.ruiqigo.com\/sv\/wp-json\/wp\/v2\/product\/3665","targetHints":{"allow":["GET"]}}],"collection":[{"href":"https:\/\/www.ruiqigo.com\/sv\/wp-json\/wp\/v2\/product"}],"about":[{"href":"https:\/\/www.ruiqigo.com\/sv\/wp-json\/wp\/v2\/types\/product"}],"version-history":[{"count":0,"href":"https:\/\/www.ruiqigo.com\/sv\/wp-json\/wp\/v2\/product\/3665\/revisions"}],"wp:featuredmedia":[{"embeddable":true,"href":"https:\/\/www.ruiqigo.com\/sv\/wp-json\/wp\/v2\/media\/3666"}],"wp:attachment":[{"href":"https:\/\/www.ruiqigo.com\/sv\/wp-json\/wp\/v2\/media?parent=3665"}],"wp:term":[{"taxonomy":"product-tag","embeddable":true,"href":"https:\/\/www.ruiqigo.com\/sv\/wp-json\/wp\/v2\/product-tag?post=3665"},{"taxonomy":"products","embeddable":true,"href":"https:\/\/www.ruiqigo.com\/sv\/wp-json\/wp\/v2\/products?post=3665"}],"curies":[{"name":"wp","href":"https:\/\/api.w.org\/{rel}","templated":true}]}}