{"id":3781,"date":"2025-07-09T15:11:38","date_gmt":"2025-07-09T07:11:38","guid":{"rendered":"https:\/\/www.ruiqigo.com\/?post_type=product&#038;p=3781"},"modified":"2025-07-09T15:12:07","modified_gmt":"2025-07-09T07:12:07","slug":"glycolic-facial-toner","status":"publish","type":"product","link":"https:\/\/www.ruiqigo.com\/sv\/product\/glycolic-facial-toner","title":{"rendered":"Glykolsyra ansiktsvatten"},"content":{"rendered":"<h2 class=\"wp-block-heading\">Tillverkning av glykolsyra ansiktsvatten Vanliga formler<\/h2>\n\n\n\n<p>Som professionell tillverkare av glykolsyrabaserade ansiktsvatten v\u00e4ljer vi noggrant ut aktiva ingredienser och v\u00e4xtextrakt som \u00e4r godk\u00e4nda av dermatologi i v\u00e5r formula f\u00f6r att skapa ett effektivt ansiktsvatten som reng\u00f6r, f\u00f6ryngrar och lugnar. V\u00e5ra produkter \u00e4r milda och icke-irriterande, vilket hj\u00e4lper huden att bibeh\u00e5lla ett h\u00e4lsosamt tillst\u00e5nd och l\u00e4gger en solid grund f\u00f6r efterf\u00f6ljande hudv\u00e5rd.\u00a0<\/p>\n\n\n\n<p><strong>1. Glykolsyra: <\/strong>Glykolsyra kan snabbt penetrera huden, bryta ner ackumulerat keratinet i huden, hj\u00e4lpa porerna att snabbt \u00f6ppnas och samtidigt \u00e4ven bleka fina linjer. Det \u00e4r en viktig ingrediens f\u00f6r att f\u00f6rb\u00e4ttra grov och gl\u00e5mig hud och \u00e4r l\u00e4mplig f\u00f6r daglig hudf\u00f6ryngringsv\u00e5rd.\u00a0<\/p>\n\n\n\n<p><strong>2. Panthenol: <\/strong>\u00c4ven k\u00e4nt som vitamin B5, \u00e4r det en kraftfull \u00e5terfuktande och reparerande ingrediens med utm\u00e4rkta \u00e5terfuktande och lugnande egenskaper. Den kan hj\u00e4lpa huden att beh\u00e5lla fukten och minska sveda och obehag orsakat av yttre stimuli.&nbsp;<\/p>\n\n\n\n<p><strong>3. Natriumhyaluronat: <\/strong>Detta \u00e4r en h\u00f6gkvalitativ fuktighetskr\u00e4m som snabbt kan \u00e5terfukta huden och binda fukt under hudv\u00e5rd, vilket undviker vattenf\u00f6rlust och h\u00e5ller huden \u00e5terfuktad.&nbsp;<\/p>\n\n\n\n<p><strong>4. Trollhasselextrakt: <\/strong>Trollhasselextrakt har sammandragande och lugnande effekter. Det kan kontrollera hudfett och minska f\u00f6rstorade porer, samt minska hudirritation och rodnad under hudv\u00e5rd.&nbsp;<\/p>\n\n\n\n<p><strong>5. Natriumhyaluronat: <\/strong>Natriumhyaluronat \u00e4r en ingrediens som kan hj\u00e4lpa huden att bevara fukten under l\u00e5ng tid, f\u00f6rb\u00e4ttra hudens mjukhet och g\u00f6ra huden mindre torr och stram.&nbsp;<\/p>\n\n\n\n<h2 class=\"wp-block-heading\">Funktionerna hos glykolsyra ansiktsvatten<\/h2>\n\n\n\n<p><strong>1. F\u00f6rb\u00e4ttra problemet med f\u00f6rstorade porer:<\/strong> L\u00e5ngvarig anv\u00e4ndning av glykolsyrahaltigt ansiktsvatten kan fr\u00e4mja normaliseringen av keratinmetabolismen och balansera hudens oljef\u00f6rdelning, vilket f\u00f6rb\u00e4ttrar de f\u00f6rstorade porerna p\u00e5 hudytan och g\u00f6r huden sl\u00e4tare och mer k\u00e4nslig.&nbsp;<\/p>\n\n\n\n<p><strong>2. Minska fina linjer och grov hud:<\/strong> Glykolsyra kan stimulera kollagenproduktionen n\u00e5got, f\u00f6rb\u00e4ttra fina linjer och grov hud, och \u00e4r mycket l\u00e4mplig f\u00f6r anv\u00e4ndare som vill uppn\u00e5 &quot;anti-aging&quot;.&nbsp;<\/p>\n\n\n\n<p><strong>3. F\u00f6rb\u00e4ttra hudens klarhet och lyster: <\/strong>N\u00e4rvaron av glykolsyra kan exfoliera det d\u00f6da hudcellslagret, vilket avsev\u00e4rt f\u00f6rb\u00e4ttrar hudens klarhet och g\u00f6r att den ser ljusare och mer str\u00e5lande ut.&nbsp;<\/p>\n\n\n\n<p><strong>4. Skonsam och icke-irriterande formula: <\/strong>Glykolsyra ansiktsvatten inneh\u00e5ller inte alkohol, artificiella dofter eller pigment, vilket minimerar hudirritation. Den \u00e4r l\u00e4mplig f\u00f6r alla hudtyper och \u00e4r viktig f\u00f6r daglig hudv\u00e5rd.\u00a0<\/p>\n\n\n\n<p><strong>5. Betydande hudv\u00e5rdande effekt: <\/strong>Glykolsyran i glykolsyran i ansiktsvatten kan p\u00e5skynda f\u00f6rnyelsen av epidermisceller, fr\u00e4mja den naturliga exfolieringen av keratin, f\u00f6rb\u00e4ttra \u00e4mnesoms\u00e4ttningen, \u00e5terst\u00e4lla hudens h\u00e4lsosamma lyster och den v\u00e5rdande effekten \u00e4r mycket betydande.\u00a0<\/p>\n\n\n\n<h2 class=\"wp-block-heading\">Hur man anv\u00e4nder glykolsyrat ansiktsvatten<\/h2>\n\n\n\n<p>Vi rekommenderar att anv\u00e4nda glykolsyra ansiktsvatten efter reng\u00f6ring f\u00f6r att uppn\u00e5 b\u00e4sta hudv\u00e5rdseffekt. Den kan anv\u00e4ndas varje morgon och kv\u00e4ll f\u00f6r att hj\u00e4lpa huden att metabolisera gamla d\u00f6da hudceller och \u00e5terst\u00e4lla transparens och lyster.&nbsp;<\/p>\n\n\n\n<p><strong>1. Reng\u00f6ring: <\/strong>Anv\u00e4nd en mild reng\u00f6ring f\u00f6r att reng\u00f6ra ansiktet och se till att det inte finns n\u00e5gra kvarvarande orenheter eller smuts i ansiktet. Detta l\u00e4gger en bra grund f\u00f6r efterf\u00f6ljande hudv\u00e5rd.&nbsp;<\/p>\n\n\n\n<p><strong>2. Hur man anv\u00e4nder produkten: <\/strong>H\u00e4ll en l\u00e4mplig m\u00e4ngd glykolsyrahaltigt ansiktsvatten p\u00e5 en bomullsrondell eller handflatan och applicera det f\u00f6rsiktigt i ansiktet. Undvik huden runt \u00f6gonen.&nbsp;<\/p>\n\n\n\n<p><strong>3. V\u00e4nta p\u00e5 absorption: <\/strong>V\u00e4nta i 1\u20132 minuter tills huden har absorberat den helt innan du g\u00e5r vidare till n\u00e4sta steg i hudv\u00e5rdsprocessen.&nbsp;<\/p>\n\n\n\n<p><strong>4. Uppf\u00f6ljande v\u00e5rd: <\/strong>Detta kan anv\u00e4ndas med essens, lotion eller kr\u00e4m f\u00f6r att uppn\u00e5 effekten av djupg\u00e5ende hudn\u00e4ring och \u00e5terfuktande reparation.\u00a0<\/p>\n\n\n\n<p><strong>5. Var uppm\u00e4rksam p\u00e5 solskydd:<\/strong> Om du anv\u00e4nder produkten under dagen, anv\u00e4nd solskyddsmedel f\u00f6r att undvika ljusk\u00e4nslighetsreaktioner, vilket g\u00f6r hudv\u00e5rden mindre effektiv.\u00a0<\/p>\n\n\n\n<h2 class=\"wp-block-heading\">F\u00f6rsiktighet<\/h2>\n\n\n\n<p><strong>1. Hudtest: <\/strong>Det rekommenderas att g\u00f6ra ett hudtest f\u00f6re f\u00f6rsta anv\u00e4ndningen f\u00f6r att undvika allergier. F\u00f6rstag\u00e5ngsanv\u00e4ndare b\u00f6r gradvis \u00f6ka anv\u00e4ndningsfrekvensen efter att huden har utvecklat en tolerans f\u00f6r det f\u00f6r att minska hudirritation.\u00a0<\/p>\n\n\n\n<p><strong>2. Undvik \u00f6gonen och l\u00e4pparna: <\/strong>Undvik \u00f6gonen och l\u00e4pparna n\u00e4r du anv\u00e4nder glykolsyrahaltigt ansiktsvatten f\u00f6r att undvika irritation och obehag.&nbsp;<\/p>\n\n\n\n<p><strong>3. St\u00e4rk solskydds\u00e5tg\u00e4rderna:<\/strong> Glykolsyra \u00f6kar hudens ljusk\u00e4nslighet. Se till att st\u00e4rka solskyddet under anv\u00e4ndning f\u00f6r att undvika UV-br\u00e4nnskador eller m\u00f6rkare hud.&nbsp;<\/p>\n\n\n\n<p><strong>4. Gravida kvinnor b\u00f6r anv\u00e4nda det med f\u00f6rsiktighet: <\/strong>Innan du anv\u00e4nder glykolsyrahaltigt ansiktsvatten under graviditeten, var noga med att r\u00e5dfr\u00e5ga en l\u00e4kare i f\u00f6rv\u00e4g f\u00f6r att s\u00e4kerst\u00e4lla s\u00e4kerheten.\u00a0<\/p>\n\n\n\n<p><strong>5. Undvik att anv\u00e4nda <\/strong>irriterande produkter: Det rekommenderas inte att anv\u00e4nda dem tillsammans med hudv\u00e5rdsprodukter som inneh\u00e5ller h\u00f6ga koncentrationer av C-vitamin, retinol och andra ingredienser samtidigt, f\u00f6r att inte \u00f6ka belastningen och irritationen p\u00e5 huden.\u00a0<\/p>\n\n\n\n<h2 class=\"wp-block-heading\">Slutsats<\/h2>\n\n\n\n<p>Glykolsyra ansiktsvatten \u00e4r ett multieffektvatten utformat f\u00f6r att \u00e5teruppliva och f\u00f6rb\u00e4ttra hudens kvalitet. Dess k\u00e4rningrediens, glykolsyra, kan effektivt l\u00f6sa upp d\u00f6da hudceller, minska porstorlekar och fina linjer, och bidra till att skapa transparent och frisk hud. Dess milda formula \u00e4r l\u00e4mplig f\u00f6r en m\u00e4ngd olika hudtyper, s\u00e4rskilt f\u00f6r anv\u00e4ndare med stora porer och grov och gl\u00e5mig hud.<\/p>","protected":false},"excerpt":{"rendered":"Glycolic Facial Toner Manufacturing Common Formulas As a professional glycolic facial toner manufacturer, we carefully select active ingredients and plant extracts approved by dermatology in our formula to create an efficient toner that cleanses, rejuvenates and soothes. Our products are mild and non-irritating, helping the skin maintain a healthy state and laying a solid foundation [&hellip;]","protected":false},"featured_media":3782,"menu_order":0,"template":"","meta":[],"product-tag":[],"products":[67],"class_list":["post-3781","product","type-product","status-publish","has-post-thumbnail","hentry","products-facial-toner"],"acf":[],"_links":{"self":[{"href":"https:\/\/www.ruiqigo.com\/sv\/wp-json\/wp\/v2\/product\/3781","targetHints":{"allow":["GET"]}}],"collection":[{"href":"https:\/\/www.ruiqigo.com\/sv\/wp-json\/wp\/v2\/product"}],"about":[{"href":"https:\/\/www.ruiqigo.com\/sv\/wp-json\/wp\/v2\/types\/product"}],"version-history":[{"count":0,"href":"https:\/\/www.ruiqigo.com\/sv\/wp-json\/wp\/v2\/product\/3781\/revisions"}],"wp:featuredmedia":[{"embeddable":true,"href":"https:\/\/www.ruiqigo.com\/sv\/wp-json\/wp\/v2\/media\/3782"}],"wp:attachment":[{"href":"https:\/\/www.ruiqigo.com\/sv\/wp-json\/wp\/v2\/media?parent=3781"}],"wp:term":[{"taxonomy":"product-tag","embeddable":true,"href":"https:\/\/www.ruiqigo.com\/sv\/wp-json\/wp\/v2\/product-tag?post=3781"},{"taxonomy":"products","embeddable":true,"href":"https:\/\/www.ruiqigo.com\/sv\/wp-json\/wp\/v2\/products?post=3781"}],"curies":[{"name":"wp","href":"https:\/\/api.w.org\/{rel}","templated":true}]}}