{"id":3804,"date":"2025-07-11T09:54:39","date_gmt":"2025-07-11T01:54:39","guid":{"rendered":"https:\/\/www.ruiqigo.com\/?post_type=product&#038;p=3804"},"modified":"2025-07-11T09:54:40","modified_gmt":"2025-07-11T01:54:40","slug":"oil-based-makeup-remover","status":"publish","type":"product","link":"https:\/\/www.ruiqigo.com\/sv\/product\/oil-based-makeup-remover","title":{"rendered":"Oljebaserad sminkborttagare"},"content":{"rendered":"<h2 class=\"wp-block-heading\">Tillverkning av vanliga formler f\u00f6r oljebaserad sminkborttagning<\/h2>\n\n\n\n<p>Denna oljebaserade sminkborttagare anv\u00e4nder milda oljor som bas och tills\u00e4tter fuktbindande och antiinflammatoriska ingredienser f\u00f6r att s\u00e4kerst\u00e4lla att sminket bryts ner och sm\u00e4lter bort helt, samtidigt som den s\u00e4kerst\u00e4ller att huden inte blir uttorkad eller stram efter borttagning.&nbsp;<\/p>\n\n\n\n<p><strong>1. Jordn\u00f6tsolja: <\/strong>Det \u00e4r en ingrediens med goda oljel\u00e4kande egenskaper som snabbt kan sm\u00e4lta smink och rester mellan fingeravtryck, och effektivt ta bort \u00f6gonskugga, vattenfast eyeliner, diverse l\u00e4ppmakeup etc.\u00a0<\/p>\n\n\n\n<p><strong>2. P\u00e4ronfr\u00f6olja: <\/strong>P\u00e4ronfr\u00f6olja inneh\u00e5ller en m\u00e4ngd olika bearbetade fettsyror, som effektivt kan bryta ner tungt smink, samtidigt som de \u00e5terst\u00e4ller fettbalansen p\u00e5 hudytan och minskar kedjeskador p\u00e5 huden orsakade av sminkborttagning.\u00a0<\/p>\n\n\n\n<p><strong>3. Vattendroppe vegetabilisk essens: <\/strong>Vattendroppebaserade vegetabiliska essenser kan effektivt kontrollera olja och h\u00e4mma inflammation, minska risken f\u00f6r v\u00e4rmek\u00e4nsla och r\u00f6da m\u00e4rken som kan uppst\u00e5 vid sminkborttagning, och ge extra skydd \u00e5t sminkborttagningseffekten.\u00a0<\/p>\n\n\n\n<p><strong>4. Hibiskusknoppolja: <\/strong>Den \u00e4r l\u00e4tt och har bra kartl\u00e4ggningsegenskaper. Den kan hj\u00e4lpa andra v\u00e4xtoljor att n\u00e5 djupare lager och har effekten att sm\u00e4lta och \u00e5terfukta oljan, vilket g\u00f6r huden len efter borttagning av smink.\u00a0<\/p>\n\n\n\n<h2 class=\"wp-block-heading\">Funktionerna hos oljebaserad sminkborttagare<\/h2>\n\n\n\n<p><strong>1. Snabb sminkborttagning: <\/strong>V\u00e5r oljebaserade sminkborttagare kan snabbt ta bort smink fr\u00e5n \u00f6gon, l\u00e4ppar och andra delar av huden i ett steg utan att beh\u00f6va ta bort den flera g\u00e5nger.&nbsp;<\/p>\n\n\n\n<p><strong>2. L\u00e4tt konsistens, enkel att anv\u00e4nda: <\/strong>Oljebaserad sminkborttagare har en oljig och l\u00e4tt konsistens, \u00e4r inte tjock, m\u00e4ngden \u00e4r l\u00e4tt att kontrollera och den \u00e4r v\u00e4ldigt bekv\u00e4m att ta bort.&nbsp;<\/p>\n\n\n\n<p><strong>3. Huden k\u00e4nns inte stram efter anv\u00e4ndning: <\/strong>Ingredienser f\u00f6r fet hudv\u00e5rd, s\u00e5som hibiskusknoppolja, tills\u00e4tts i formulan f\u00f6r att ge n\u00e4ring \u00e5t huden samtidigt som smink tas bort, vilket minskar k\u00e4nslan av uttorkning och stramhet i huden efter borttagning.&nbsp;<\/p>\n\n\n\n<p><strong>4. L\u00e4mplig f\u00f6r borttagning av olika sminkprodukter: <\/strong>Oavsett om det \u00e4r l\u00e4ppstift, eyeliner eller \u00f6gonskuggsmink, kan det enkelt och effektivt brytas ner och tas bort.&nbsp;<\/p>\n\n\n\n<h2 class=\"wp-block-heading\">Hur man anv\u00e4nder oljebaserad sminkborttagare<\/h2>\n\n\n\n<p>Oljebaserad sminkborttagning anv\u00e4nds som det f\u00f6rsta steget i den dagliga sminkborttagningen f\u00f6r att noggrant ta bort smink fr\u00e5n \u00f6gon, l\u00e4ppar och ansikte. Det \u00e4r b\u00e4st att anv\u00e4nda den med torra h\u00e4nder och ansikte, vilket inte bara tar bort sminket noggrant, utan ocks\u00e5 minskar skador p\u00e5 huden orsakade av hydrolys.&nbsp;&nbsp;<\/p>\n\n\n\n<p><strong>1. Applicera en l\u00e4mplig m\u00e4ngd sminkborttagare p\u00e5 torra h\u00e4nder och ansikte:<\/strong> Ta cirka 2\u20133 pumptryck oljebaserad sminkborttagare i handflatan, du beh\u00f6ver inte tills\u00e4tta vatten.&nbsp;<\/p>\n\n\n\n<p><strong>2. Massera f\u00f6rsiktigt:<\/strong> Massera f\u00f6rsiktigt sminkborttagaren med cirkulerande r\u00f6relser p\u00e5 ansikte, \u00f6gon och l\u00e4ppar i 30\u201360 sekunder tills sminket har l\u00f6st sig helt.&nbsp;<\/p>\n\n\n\n<p><strong>3. Tills\u00e4tt vatten f\u00f6r att emulgera: <\/strong>Doppa h\u00e4nderna i en lagom m\u00e4ngd rent vatten och forts\u00e4tt massera sminkomr\u00e5det f\u00f6r att emulgera oljan och noggrant ta bort rester av smink och oljefl\u00e4ckar.&nbsp;<\/p>\n\n\n\n<p><strong>4. Sk\u00f6lj med rent vatten:<\/strong> Sk\u00f6lj ansiktet noggrant med rent vatten f\u00f6r att s\u00e4kerst\u00e4lla att det inte finns n\u00e5gra rester, och forts\u00e4tt sedan med reng\u00f6rings- eller \u00e5terfuktningsstegen beroende p\u00e5 din hudtyp.&nbsp;<\/p>\n\n\n\n<h2 class=\"wp-block-heading\">F\u00f6rsiktighet<\/h2>\n\n\n\n<p><strong>1. Undvik kontakt med \u00f6gonens insida: <\/strong>Slut \u00f6gonen n\u00e4r du anv\u00e4nder produkten och se till att den inte kommer i \u00f6gonen. Om produkten av misstag kommer i \u00f6gonen, sk\u00f6lj omedelbart med rikligt med vatten.&nbsp;<\/p>\n\n\n\n<p><strong>2. Anv\u00e4nd en reng\u00f6ringsprodukt efter att du tagit bort sminket:<\/strong> \u00c4ven om denna produkt kan ta bort tungt smink rekommenderas det att anv\u00e4nda en mild reng\u00f6ringsprodukt efter att sminket tagits bort f\u00f6r att noggrant reng\u00f6ra porerna och balansera hudens tillst\u00e5nd.&nbsp;<\/p>\n\n\n\n<p><strong>3. Emulgeringssteget kan inte utel\u00e4mnas:<\/strong> Emulgeringssteget m\u00e5ste utf\u00f6ras under anv\u00e4ndning f\u00f6r att s\u00e4kerst\u00e4lla att oljestrukturen bryts ner fullst\u00e4ndigt och f\u00f6r att undvika att rester t\u00e4pper till porerna.&nbsp;<\/p>\n\n\n\n<p><strong>4. Var uppm\u00e4rksam p\u00e5 \u00e5terfuktning och \u00e5terfuktning efter anv\u00e4ndning: <\/strong>Efter att ha tagit bort sminket rekommenderas det att anv\u00e4nda \u00e5terfuktande vatten, lotion eller \u00e5terfuktande kr\u00e4m f\u00f6r att ge n\u00e4ring \u00e5t huden i tid.<\/p>\n\n\n\n<h2 class=\"wp-block-heading\">Slutsats<\/h2>\n\n\n\n<p>Oljebaserad sminkborttagning anv\u00e4nder naturlig v\u00e4xtolja som bas, kombinerar utm\u00e4rkt sminkborttagningskraft med skonsam hudv\u00e5rd och ger en s\u00e4ker, effektiv och icke-stramande daglig reng\u00f6ringsl\u00f6sning. Den kan ge dig en bekv\u00e4m sminkborttagningsupplevelse, och en m\u00e4ngd olika v\u00e4xtextrakt och lugnande faktorer har tillsatts i formulan f\u00f6r att ytterligare skydda hudbarri\u00e4ren.<\/p>","protected":false},"excerpt":{"rendered":"Oil Based Makeup Remover Manufacturing Common Formulas This oil based makeup remover uses mild oils as its base and adds moisture-locking and anti-inflammatory ingredients to ensure that makeup is completely broken down and melted away, while also ensuring that the skin will not be dehydrated or tight after makeup removal.&nbsp; 1. Peanut oil: It is [&hellip;]","protected":false},"featured_media":3805,"menu_order":0,"template":"","meta":[],"product-tag":[],"products":[66],"class_list":["post-3804","product","type-product","status-publish","has-post-thumbnail","hentry","products-makeup-remover"],"acf":[],"_links":{"self":[{"href":"https:\/\/www.ruiqigo.com\/sv\/wp-json\/wp\/v2\/product\/3804","targetHints":{"allow":["GET"]}}],"collection":[{"href":"https:\/\/www.ruiqigo.com\/sv\/wp-json\/wp\/v2\/product"}],"about":[{"href":"https:\/\/www.ruiqigo.com\/sv\/wp-json\/wp\/v2\/types\/product"}],"version-history":[{"count":0,"href":"https:\/\/www.ruiqigo.com\/sv\/wp-json\/wp\/v2\/product\/3804\/revisions"}],"wp:featuredmedia":[{"embeddable":true,"href":"https:\/\/www.ruiqigo.com\/sv\/wp-json\/wp\/v2\/media\/3805"}],"wp:attachment":[{"href":"https:\/\/www.ruiqigo.com\/sv\/wp-json\/wp\/v2\/media?parent=3804"}],"wp:term":[{"taxonomy":"product-tag","embeddable":true,"href":"https:\/\/www.ruiqigo.com\/sv\/wp-json\/wp\/v2\/product-tag?post=3804"},{"taxonomy":"products","embeddable":true,"href":"https:\/\/www.ruiqigo.com\/sv\/wp-json\/wp\/v2\/products?post=3804"}],"curies":[{"name":"wp","href":"https:\/\/api.w.org\/{rel}","templated":true}]}}