{"id":3827,"date":"2025-07-17T17:42:18","date_gmt":"2025-07-17T09:42:18","guid":{"rendered":"https:\/\/www.ruiqigo.com\/?post_type=product&#038;p=3827"},"modified":"2025-07-17T17:42:19","modified_gmt":"2025-07-17T09:42:19","slug":"eye-makeup-remover","status":"publish","type":"product","link":"https:\/\/www.ruiqigo.com\/sv\/product\/eye-makeup-remover","title":{"rendered":"\u00d6gonmakeupborttagare"},"content":{"rendered":"<h2 class=\"wp-block-heading\">Tillverkning av vanliga formler f\u00f6r \u00f6gonmakeupborttagning<\/h2>\n\n\n\n<p>V\u00e5r formula f\u00f6r \u00f6gonmakeupborttagning v\u00e4ljer noggrant ut skonsamma reng\u00f6ringsfaktorer och naturliga v\u00e5rdande ingredienser, s\u00e5som squalan, glycerin, vitamin B5, etc., f\u00f6r att s\u00e4kerst\u00e4lla att produkten lugnar och v\u00e5rdar \u00f6gonhuden samtidigt som den effektivt tar bort vattenfast makeup.&nbsp;<\/p>\n\n\n\n<p><strong>1. Squalan:<\/strong> Squalane \u00e4r en naturlig n\u00e4rande ingrediens som kan hj\u00e4lpa till att lindra sminkrester samtidigt som den bibeh\u00e5ller fuktbarri\u00e4ren runt \u00f6gonen under sminkborttagning, vilket f\u00f6rhindrar torrhet och fina linjer runt \u00f6gonen.&nbsp;<\/p>\n\n\n\n<p><strong>2. Kamomillextrakt: <\/strong>Den har en betydande lugnande effekt och kan effektivt minska rodnad, svullnad, torrhet och kl\u00e5da orsakad av sminkirritation, och hj\u00e4lpa till att lindra \u00f6gontr\u00f6tthet och obehag.&nbsp;<\/p>\n\n\n\n<p><strong>3. Vitamin B5:<\/strong> \u00c4ven k\u00e4nd som panthenol, har den reparerande och antiinflammatoriska egenskaper, vilket kan f\u00f6rb\u00e4ttra hudens mjukhet och barri\u00e4rstyrka, vilket g\u00f6r huden runt \u00f6gonen starkare och mer stabil.&nbsp;<\/p>\n\n\n\n<p><strong>4. Glycerin: <\/strong>Glycerin \u00e4r en mycket effektiv \u00e5terfuktande ingrediens som kan \u00f6ka hudens v\u00e4tskeinneh\u00e5ll och ge n\u00f6dv\u00e4ndig fukt till \u00f6gonomr\u00e5det efter borttagning av smink, vilket f\u00f6rhindrar stramhet och fj\u00e4llning.&nbsp;<\/p>\n\n\n\n<h2 class=\"wp-block-heading\">Funktionerna hos \u00f6gonmakeupborttagare<\/h2>\n\n\n\n<p><strong>1. Snabb sminkborttagning utan rester: <\/strong>\u00d6gonmakeupborttagaren anv\u00e4nder tv\u00e5fasreng\u00f6ringsteknik som enkelt kan l\u00f6sa upp vattent\u00e4t och svettt\u00e5lig eyeliner, mascara och annan makeup utan att gnugga kraftigt, vilket g\u00f6r sminkborttagningen mer grundlig och skonsam.\u00a0<\/p>\n\n\n\n<p><strong>2. Mild konsistens:<\/strong> V\u00e5r \u00f6gonmakeupborttagare inneh\u00e5ller inte alkohol, doft eller mineralolja. Den har en mild konsistens och \u00e4r speciellt framtagen f\u00f6r det k\u00e4nsliga omr\u00e5det runt \u00f6gonen. Den irriterar inte t\u00e5rk\u00f6rtlarna eller orsakar dimsyn i \u00f6gonen vid anv\u00e4ndning och \u00e4r mycket s\u00e4ker.\u00a0<\/p>\n\n\n\n<p><strong>3. Borttagning och v\u00e5rd av smink:<\/strong> Denna produkt \u00e4r rik p\u00e5 \u00e5terfuktande och lugnande ingredienser. Den kan ge n\u00e4ring \u00e5t \u00f6gonhuden samtidigt som den tar bort envist makeup och minskar risken f\u00f6r fina linjer orsakade av torrhet och dragningar.\u00a0<\/p>\n\n\n\n<p><strong>4. Skaka v\u00e4l och anv\u00e4nd, l\u00e4tt att anv\u00e4nda: <\/strong>Flaskan har en design med olja och vatten, s\u00e5 du beh\u00f6ver bara skaka den v\u00e4l och anv\u00e4nda den direkt, vilket sparar tid och anstr\u00e4ngning. Den \u00e4r l\u00e4mplig f\u00f6r frekvent anv\u00e4ndning av professionella makeupartister och dagliga anv\u00e4ndare.&nbsp;<\/p>\n\n\n\n<h2 class=\"wp-block-heading\">Hur man anv\u00e4nder \u00f6gonmakeupborttagare<\/h2>\n\n\n\n<p>Det rekommenderas att anv\u00e4nda en bomullsrondell f\u00f6r att f\u00f6rsiktigt torka av \u00f6gonmakeupen utan att dra f\u00f6r mycket, s\u00e4rskilt f\u00f6r de som anv\u00e4nder vattenfast eyeliner eller mascara.<\/p>\n\n\n\n<p>1. Skaka f\u00f6rsiktigt flaskan f\u00f6r att blanda vattnet och oljan.<\/p>\n\n\n\n<p>2. H\u00e4ll \u00f6gonmakeupborttagaren p\u00e5 bomullsrondellen och bl\u00f6tl\u00e4gg den noggrant.<\/p>\n\n\n\n<p>3. Efter att du slutit \u00f6gonen, applicera f\u00f6rsiktigt bomullsrondellen p\u00e5 \u00f6gonen och l\u00e5t den verka i 5\u201310 sekunder.<\/p>\n\n\n\n<p>4. Torka f\u00f6rsiktigt av sminkomr\u00e5det l\u00e4ngs \u00f6gonhudens struktur f\u00f6r att ta bort sminket.<\/p>\n\n\n\n<p>5. Sk\u00f6lj slutligen med rent vatten och \u00e5terfukta \u00f6gonen.<\/p>\n\n\n\n<h2 class=\"wp-block-heading\">F\u00f6rsiktighet<\/h2>\n\n\n\n<p><strong>1. Skaka v\u00e4l f\u00f6re anv\u00e4ndning: <\/strong>Skaka v\u00e4l f\u00f6re anv\u00e4ndning f\u00f6r att s\u00e4kerst\u00e4lla att oljan och vattnet \u00e4r helt integrerade och d\u00e4rmed effektivisera sminkborttagningen.<\/p>\n\n\n\n<p><strong>2. Undvik kontakt med \u00f6gonen: <\/strong>Var f\u00f6rsiktig s\u00e5 att du inte tappar \u00f6gonmakeupborttagaren direkt i \u00f6gonen n\u00e4r du anv\u00e4nder den. Om det av misstag kommer in i \u00f6gonen, sk\u00f6lj omedelbart med rikligt med rent vatten. Om situationen \u00e4r allvarlig, kontakta l\u00e4kare i tid.<\/p>\n\n\n\n<p><strong>3. Anv\u00e4nd inte \u00f6verdriven kraft: <\/strong>Huden runt \u00f6gonen \u00e4r relativt k\u00e4nslig, s\u00e5 torka inte h\u00e5rt. Anv\u00e4nd mjuka bomullsrondeller f\u00f6r att undvika on\u00f6dig friktion som kan orsaka rodnad och svullnad i \u00f6gonen.<\/p>\n\n\n\n<p><strong>4. Reparation efter borttagning: <\/strong>Efter att du tagit bort sminket, \u00e5terfukta och reparera huden ordentligt, och fyll p\u00e5 med \u00f6gonessens eller \u00f6gonkr\u00e4m i tid f\u00f6r att h\u00e5lla huden \u00e5terfuktad och mjuk.&nbsp;<\/p>\n\n\n\n<h2 class=\"wp-block-heading\">Slutsats<\/h2>\n\n\n\n<p>\u00d6gonmakeupborttagaren kombinerar sminkborttagning och reparation i ett och \u00e4r l\u00e4mplig f\u00f6r olika \u00f6gonmakeupkoncentrationer och olika anv\u00e4ndningsomr\u00e5den. Genom vetenskaplig sminkborttagningsteknik och flera milda ingredienser tar den h\u00e4nsyn till b\u00e5de sminkborttagningskraft och s\u00e4kerhet f\u00f6r k\u00e4nslig hud, vilket ger en balans mellan reng\u00f6ring och v\u00e5rd f\u00f6r huden runt \u00f6gonen. Oavsett om det \u00e4r daglig l\u00e4tt smink, scenmakeup eller professionella sminkscener, kan denna produkt effektivt och skonsamt slutf\u00f6ra sminkborttagningen och \u00e4r en viktig del av \u00f6gonv\u00e5rden.<\/p>","protected":false},"excerpt":{"rendered":"Eye Makeup Remover Manufacturing Common Formulas Our eye makeup remover formula carefully selects gentle cleansing factors and natural care ingredients, such as squalane, glycerin, vitamin B5, etc., to ensure that the product soothes and nourishes the eye skin while effectively removing waterproof makeup.&nbsp; 1. Squalane: Squalane is a natural nourishing ingredient that can help relieve [&hellip;]","protected":false},"featured_media":3828,"menu_order":0,"template":"","meta":[],"product-tag":[],"products":[66],"class_list":["post-3827","product","type-product","status-publish","has-post-thumbnail","hentry","products-makeup-remover"],"acf":[],"_links":{"self":[{"href":"https:\/\/www.ruiqigo.com\/sv\/wp-json\/wp\/v2\/product\/3827","targetHints":{"allow":["GET"]}}],"collection":[{"href":"https:\/\/www.ruiqigo.com\/sv\/wp-json\/wp\/v2\/product"}],"about":[{"href":"https:\/\/www.ruiqigo.com\/sv\/wp-json\/wp\/v2\/types\/product"}],"version-history":[{"count":0,"href":"https:\/\/www.ruiqigo.com\/sv\/wp-json\/wp\/v2\/product\/3827\/revisions"}],"wp:featuredmedia":[{"embeddable":true,"href":"https:\/\/www.ruiqigo.com\/sv\/wp-json\/wp\/v2\/media\/3828"}],"wp:attachment":[{"href":"https:\/\/www.ruiqigo.com\/sv\/wp-json\/wp\/v2\/media?parent=3827"}],"wp:term":[{"taxonomy":"product-tag","embeddable":true,"href":"https:\/\/www.ruiqigo.com\/sv\/wp-json\/wp\/v2\/product-tag?post=3827"},{"taxonomy":"products","embeddable":true,"href":"https:\/\/www.ruiqigo.com\/sv\/wp-json\/wp\/v2\/products?post=3827"}],"curies":[{"name":"wp","href":"https:\/\/api.w.org\/{rel}","templated":true}]}}