{"id":3835,"date":"2025-07-18T13:57:59","date_gmt":"2025-07-18T05:57:59","guid":{"rendered":"https:\/\/www.ruiqigo.com\/?post_type=product&#038;p=3835"},"modified":"2025-07-18T13:58:01","modified_gmt":"2025-07-18T05:58:01","slug":"makeup-remover-balm","status":"publish","type":"product","link":"https:\/\/www.ruiqigo.com\/sv\/product\/makeup-remover-balm","title":{"rendered":"Makeup Remover Balm"},"content":{"rendered":"<h2 class=\"wp-block-heading\">Tillverkning av sminkborttagningsbalsam Vanliga formler<\/h2>\n\n\n\n<p>Som professionell tillverkare av sminkborttagningsbalsam insisterar vi p\u00e5 att v\u00e4lja en m\u00e4ngd olika h\u00f6gkvalitativa aktiva v\u00e5rdande ingredienser, s\u00e5som sheasm\u00f6r, ceramid, s\u00f6tmandelolja etc., f\u00f6r att effektivt uppn\u00e5 den dubbla effekten av effektiv sminkborttagning och djupg\u00e5ende hudv\u00e5rd.&nbsp;<\/p>\n\n\n\n<p><strong>1. Sheasm\u00f6r: <\/strong>Sheasm\u00f6r \u00e4r rikt p\u00e5 om\u00e4ttade fettsyror och antioxidanter. Det kan \u00e5terfukta huden p\u00e5 djupet samtidigt som det tar bort sminkrester, vilket g\u00f6r huden mjuk och inte stram. Det \u00e4r s\u00e4rskilt l\u00e4mpligt f\u00f6r torr hud och torra \u00e5rstider.&nbsp;<\/p>\n\n\n\n<p><strong>2. Ceramid:<\/strong> Den kan st\u00e4rka hudbarri\u00e4ren och effektivt minska fuktf\u00f6rlusten under sminkborttagning, s\u00e5 att huden f\u00f6rblir \u00e5terfuktad efter sminkborttagning.&nbsp;<\/p>\n\n\n\n<p><strong>3. S\u00f6tmandelolja:<\/strong> S\u00f6tmandelolja \u00e4r mycket l\u00e4tt och hudv\u00e4nlig. Den kan effektivt l\u00f6sa upp \u00f6gon- och l\u00e4ppmakeup. Den \u00e4r ocks\u00e5 rik p\u00e5 E-vitamin, har goda lugnande och antiallergiska effekter och minskar hudirritation orsakad av sminkborttagning.&nbsp;<\/p>\n\n\n\n<p><strong>4. Jojobafr\u00f6olja: <\/strong>Den kan simulera sammans\u00e4ttningen av m\u00e4nskligt talg, hj\u00e4lpa huden att balansera olja, minska irritation och fr\u00e4mja hudens \u00e4mnesoms\u00e4ttning.<\/p>\n\n\n\n<h2 class=\"wp-block-heading\">Funktionerna hos sminkborttagningsbalsam<\/h2>\n\n\n\n<p><strong>1. Fin textur: <\/strong>Makeup remover-balsamets pastaform \u00e4r stabil och l\u00e4tt att tappa bort, och den \u00e4r mycket fin. Den sm\u00e4lter omedelbart n\u00e4r den kommer i kontakt med huden, l\u00f6ser upp sminksmuts p\u00e5 djupet och \u00e4r l\u00e4tt att sk\u00f6lja av efter emulgering utan att l\u00e4mna n\u00e5gra rester.&nbsp;<\/p>\n\n\n\n<p><strong>2. Skonsam och icke-irriterande: <\/strong>V\u00e5rt makeup remover balsam inneh\u00e5ller inte ingredienser som alkohol, artificiella dofter och irriterande konserveringsmedel, s\u00e5 det \u00e4r mycket skonsamt, och dess pH-v\u00e4rde ligger n\u00e4ra m\u00e4nsklig huds, vilket g\u00f6r det s\u00e4krare att anv\u00e4nda.&nbsp;<\/p>\n\n\n\n<p><strong>3. B\u00e4rbar och inte l\u00e4tt att l\u00e4cka:<\/strong> Denna produkt \u00e4r en fast pasta, s\u00e5 det finns ingen anledning att oroa sig f\u00f6r l\u00e4ckage av flytande produkter. Den \u00e4r v\u00e4ldigt l\u00e4tt och enkel att f\u00f6rvara, och den \u00e4r mycket bekv\u00e4m att ta med sig n\u00e4r man reser i aff\u00e4rer.&nbsp;<\/p>\n\n\n\n<p><strong>4. Sminkborttagning och n\u00e4rande tv\u00e5-i-ett: <\/strong>F\u00f6rutom den djuptg\u00e5ende effekten av sminkborttagning kan sminkbalsam \u00e4ven ge n\u00e4ring och v\u00e5rda huden samtidigt, vilket h\u00e5ller huden mjuk och str\u00e5lande.&nbsp;<\/p>\n\n\n\n<p><strong>5. En flaska med flera effekter, grundlig sminkborttagning: <\/strong>Inget behov av att anv\u00e4nda extra sminkborttagare f\u00f6r \u00f6gon och l\u00e4ppar, en flaska sminkbalsam kan ta bort hela ansiktsmakeupen, vilket sparar sminkborttagningssteg och \u00e4r v\u00e4ldigt bekv\u00e4mt.&nbsp;<\/p>\n\n\n\n<h2 class=\"wp-block-heading\">Hur man anv\u00e4nder sminkborttagningsbalsam<\/h2>\n\n\n\n<p>Vi rekommenderar att anv\u00e4nda sminkborttagningsbalsam med torra h\u00e4nder och ansikte f\u00f6r att maximera sminkborttagningseffekten.<\/p>\n\n\n\n<p>1. H\u00e5ll ansiktet torrt, ta ut en m\u00e4ngd makeup remover-balsam, stor som ett 1-yuansmynt, i handflatan och anv\u00e4nd handflatans temperatur f\u00f6r att sm\u00e4lta balsamet till ett oljigt tillst\u00e5nd.<\/p>\n\n\n\n<p>2. Applicera det j\u00e4mnt \u00f6ver hela ansiktet och massera f\u00f6rsiktigt i cirka 1 minut f\u00f6r att l\u00f6sa upp sminket i ansiktet.<\/p>\n\n\n\n<p>3. Fukta h\u00e4nderna med vatten och forts\u00e4tt massera ansiktet f\u00f6r att emulgera sminket till en vit lotion.<\/p>\n\n\n\n<p>4. Sk\u00f6lj noggrant med rent vatten och forts\u00e4tt med den efterf\u00f6ljande hudv\u00e5rdsprocessen.<\/p>\n\n\n\n<h2 class=\"wp-block-heading\">F\u00f6rsiktighet<\/h2>\n\n\n\n<p><strong>1. Se till att dina h\u00e4nder och ansikte \u00e4r torra innan du tar bort smink: <\/strong>Ett v\u00e5tt ansikte minskar sminkets emulgeringsf\u00f6rm\u00e5ga, s\u00e5 det rekommenderas att ta bort sminket n\u00e4r ansiktet och h\u00e4nderna \u00e4r torra.&nbsp;<\/p>\n\n\n\n<p><strong>2. Sk\u00f6lj noggrant efter att du tagit bort sminket: <\/strong>Efter att du tagit bort sminket, sk\u00f6lj ansiktet med rikligt med vatten f\u00f6r att undvika att kvarvarande olja t\u00e4pper till porerna.&nbsp;<\/p>\n\n\n\n<p><strong>3. Undvik kontakt med \u00f6gonens insida: <\/strong>\u00c4ven om denna produkt \u00e4r mild och icke-irriterande, b\u00f6r den undvikas fr\u00e5n direkt kontakt med \u00f6gonen f\u00f6r att f\u00f6rhindra obehag.&nbsp;<\/p>\n\n\n\n<p><strong>4. F\u00f6rslut och f\u00f6rvara efter anv\u00e4ndning:<\/strong> F\u00f6r att bibeh\u00e5lla b\u00e4sta effekt av sminkborttagningsbalsamet och f\u00f6rhindra oxidation och f\u00f6rs\u00e4mring, dra \u00e5t locket och f\u00f6rslut det efter anv\u00e4ndning.&nbsp;<\/p>\n\n\n\n<h2 class=\"wp-block-heading\">Slutsats<\/h2>\n\n\n\n<p>Makeup Remover Balm kombinerar effektiv sminkborttagning och hudv\u00e5rd. Den har en fast pastakonsistens som sm\u00e4lter in i huden och avl\u00e4gsnar smink grundligt. Den \u00e4r l\u00e4mplig f\u00f6r en m\u00e4ngd olika hudtyper och smink. En flaska kan ta bort flera typer av smink. Den \u00e4r mycket effektiv och passar \u00e4ven f\u00f6r k\u00e4nslig hud och aff\u00e4rsresen\u00e4rer.<\/p>","protected":false},"excerpt":{"rendered":"Makeup Remover Balm Manufacturing Common Formulas As a professional manufacturer of makeup remover balm, we insist on selecting a variety of high-quality active care ingredients, such as shea butter, ceramide, sweet almond oil, etc., to effectively achieve the dual effects of efficient makeup removal and deep skin care.&nbsp; 1. Shea butter: Shea butter is rich [&hellip;]","protected":false},"featured_media":3836,"menu_order":0,"template":"","meta":[],"product-tag":[],"products":[66],"class_list":["post-3835","product","type-product","status-publish","has-post-thumbnail","hentry","products-makeup-remover"],"acf":[],"_links":{"self":[{"href":"https:\/\/www.ruiqigo.com\/sv\/wp-json\/wp\/v2\/product\/3835","targetHints":{"allow":["GET"]}}],"collection":[{"href":"https:\/\/www.ruiqigo.com\/sv\/wp-json\/wp\/v2\/product"}],"about":[{"href":"https:\/\/www.ruiqigo.com\/sv\/wp-json\/wp\/v2\/types\/product"}],"version-history":[{"count":0,"href":"https:\/\/www.ruiqigo.com\/sv\/wp-json\/wp\/v2\/product\/3835\/revisions"}],"wp:featuredmedia":[{"embeddable":true,"href":"https:\/\/www.ruiqigo.com\/sv\/wp-json\/wp\/v2\/media\/3836"}],"wp:attachment":[{"href":"https:\/\/www.ruiqigo.com\/sv\/wp-json\/wp\/v2\/media?parent=3835"}],"wp:term":[{"taxonomy":"product-tag","embeddable":true,"href":"https:\/\/www.ruiqigo.com\/sv\/wp-json\/wp\/v2\/product-tag?post=3835"},{"taxonomy":"products","embeddable":true,"href":"https:\/\/www.ruiqigo.com\/sv\/wp-json\/wp\/v2\/products?post=3835"}],"curies":[{"name":"wp","href":"https:\/\/api.w.org\/{rel}","templated":true}]}}