{"id":3840,"date":"2025-07-18T16:41:32","date_gmt":"2025-07-18T08:41:32","guid":{"rendered":"https:\/\/www.ruiqigo.com\/?post_type=product&#038;p=3840"},"modified":"2025-07-18T16:41:33","modified_gmt":"2025-07-18T08:41:33","slug":"facial-moisturizer-mask","status":"publish","type":"product","link":"https:\/\/www.ruiqigo.com\/sv\/product\/facial-moisturizer-mask","title":{"rendered":"Ansiktsfuktighetsmask"},"content":{"rendered":"<h2 class=\"wp-block-heading\">Tillverkning av ansiktsfuktighetsmasker Vanliga formler<\/h2>\n\n\n\n<p>V\u00e5r ansiktsmask inneh\u00e5ller utvalda klassiska \u00e5terfuktande ingredienser som hyaluronsyra, ceramid, panthenol etc., som kan \u00e5terfukta huden p\u00e5 djupet, st\u00e4rka barri\u00e4ren samt lugna och stabilisera huden. Den passar en m\u00e4ngd olika m\u00e4nniskor.&nbsp;<\/p>\n\n\n\n<p><strong>1. Hyaluronsyra: <\/strong>Detta \u00e4r en ingrediens som absorberar vatten effektivt. Den kan snabbt \u00f6ka vattenhalten i hudens hornlager, ge huden n\u00e4ring p\u00e5 djupet och g\u00f6ra ansiktshuden fylligare och \u00e5terfuktad.&nbsp;<\/p>\n\n\n\n<p><strong>2. Ceramid: <\/strong>Den kan reparera den skadade hornlagret, f\u00f6rb\u00e4ttra hudens motst\u00e5ndskraft och effektivt f\u00f6rhindra fuktf\u00f6rlust. Den \u00e4r s\u00e4rskilt l\u00e4mplig f\u00f6r anv\u00e4ndare med k\u00e4nslig hud och en skadad hudbarri\u00e4r.\u00a0\u00a0<\/p>\n\n\n\n<p><strong>3. Panthenol: <\/strong>Panthenol kan f\u00f6rb\u00e4ttra hudens sj\u00e4lvl\u00e4kande f\u00f6rm\u00e5ga, f\u00f6rb\u00e4ttra torr hud och samtidigt f\u00f6rb\u00e4ttra dess f\u00f6rm\u00e5ga att binda fukt, vilket g\u00f6r huden l\u00e5ngvarigt \u00e5terfuktad och gl\u00e4nsande.&nbsp;<\/p>\n\n\n\n<p><strong>4. Aloe vera-extrakt: <\/strong>En naturlig v\u00e4xtingrediens med utm\u00e4rkta lugnande och antiinflammatoriska effekter, den hj\u00e4lper till att lindra hudrodnad, svullnad, torrhet, kl\u00e5da och andra obehag, och f\u00f6rb\u00e4ttrar hudkomforten.&nbsp;<\/p>\n\n\n\n<h2 class=\"wp-block-heading\">Funktionerna hos en ansiktsfuktmask<\/h2>\n\n\n\n<p><strong>1. Snabb hydrering: <\/strong>Att anv\u00e4nda en ansiktsmask kan uppn\u00e5 snabb \u00e5terfuktning p\u00e5 bara 10\u201315 minuter, vilket avsev\u00e4rt f\u00f6rb\u00e4ttrar torr hud.\u00a0<\/p>\n\n\n\n<p><strong>2. Skonsam och allergiv\u00e4nlig:<\/strong> Produktens formula \u00e4r mycket mild och inneh\u00e5ller inte alkohol, allergiframkallande doft\u00e4mnen eller andra ingredienser. D\u00e4rf\u00f6r \u00e4r den ocks\u00e5 mycket l\u00e4mplig f\u00f6r daglig \u00e5terfuktning och \u00e5terfuktning av k\u00e4nslig hud.&nbsp;<\/p>\n\n\n\n<p><strong>3. F\u00f6rb\u00e4ttra hudens f\u00f6rm\u00e5ga att binda fukt:<\/strong> En ansiktsmask kan reparera hudbarri\u00e4ren, reparera det naturliga skyddande lagret samtidigt som den binder fukt och hj\u00e4lper huden att bibeh\u00e5lla ett l\u00e5ngvarigt \u00e5terfuktat tillst\u00e5nd.\u00a0<\/p>\n\n\n\n<p><strong>4. L\u00e4mplig f\u00f6r olika hudtyper:<\/strong> V\u00e5r ansiktsmask har en mild formula och effektiv effekt, l\u00e4mplig f\u00f6r anv\u00e4ndare med alla hudtyper, inklusive torr och fet.&nbsp;<\/p>\n\n\n\n<h2 class=\"wp-block-heading\">Hur man anv\u00e4nder en ansiktsmask med fuktkr\u00e4m<\/h2>\n\n\n\n<p>Det rekommenderas att anv\u00e4nda ansiktsmasken efter reng\u00f6ring av huden f\u00f6r att maximera \u00e5terfuktningen och den fuktbindande effekten.<\/p>\n\n\n\n<p>1. Ta ut ansiktsmasken och applicera den p\u00e5 ansiktet efter reng\u00f6ring.<\/p>\n\n\n\n<p>2. V\u00e4nta i 10\u201315 minuter s\u00e5 att huden absorberat fukten och essensen.<\/p>\n\n\n\n<p>3. Ta bort masken fr\u00e5n ansiktet och klappa den f\u00f6rsiktigt f\u00f6r att fr\u00e4mja absorptionen.<\/p>\n\n\n\n<p>4. Sk\u00f6lj med rent vatten och forts\u00e4tt den efterf\u00f6ljande hudv\u00e5rdsprocessen f\u00f6r att st\u00e4rka den fuktbindande effekten.<\/p>\n\n\n\n<h2 class=\"wp-block-heading\">F\u00f6rsiktighet<\/h2>\n\n\n\n<p><strong>1. K\u00e4nslighetstest:<\/strong> Om du anv\u00e4nder den h\u00e4r produkten f\u00f6r f\u00f6rsta g\u00e5ngen rekommenderas det att du f\u00f6rst utf\u00f6r ett hudk\u00e4nslighetstest bakom \u00f6rat eller p\u00e5 hakan, och sedan anv\u00e4nder den helt n\u00e4r obehaget inte l\u00e4ngre uppst\u00e5r.&nbsp;<\/p>\n\n\n\n<p><strong>2. Anv\u00e4nd inte p\u00e5 skadad hud:<\/strong> Anv\u00e4nd inte ansiktsmasken n\u00e4r huden \u00e4r skadad, r\u00f6d, svullen eller allergisk f\u00f6r att undvika hudirritation.\u00a0<\/p>\n\n\n\n<p><strong>3. F\u00f6rvara svalt och skyddat fr\u00e5n ljus:<\/strong> F\u00f6rvara produkten p\u00e5 en sval och torr plats, borta fr\u00e5n h\u00f6ga temperaturer och solljus, f\u00f6r att s\u00e4kerst\u00e4lla produktens effekt.\u00a0<\/p>\n\n\n\n<p><strong>4. Anv\u00e4ndningstiden b\u00f6r inte vara f\u00f6r l\u00e5ng: <\/strong>Den rekommenderade anv\u00e4ndningstiden baseras p\u00e5 produktinstruktionerna och b\u00f6r inte vara f\u00f6r l\u00e5ng f\u00f6r att undvika biverkningar.<\/p>\n\n\n\n<h2 class=\"wp-block-heading\">Slutsats<\/h2>\n\n\n\n<p>Ansiktsmask \u00e4r en mycket effektiv \u00e5terfuktande hudv\u00e5rdsprodukt som snabbt kan \u00e5terfukta och binda fukt. Vi har noggrant utvalt mycket effektiva \u00e5terfuktande ingredienser f\u00f6r att m\u00f6ta \u00e5terfuktningsbehovet hos alla hudtyper. Oavsett om det \u00e4r daglig \u00e5terfuktning eller akut \u00e5terfuktning f\u00f6r torr och k\u00e4nslig hud, \u00e4r denna mask ett bra val.<\/p>","protected":false},"excerpt":{"rendered":"Facial Moisturizer Mask Manufacturing Common Formulas Our facial moisturizer mask formula contains selected classic hydrating and moisturizing ingredients such as hyaluronic acid, ceramide, panthenol, etc., which can deeply hydrate the skin, strengthen the barrier, and soothe and stabilize the skin. It is suitable for a wide range of people.&nbsp; 1. Hyaluronic acid: This is an [&hellip;]","protected":false},"featured_media":3841,"menu_order":0,"template":"","meta":[],"product-tag":[],"products":[69],"class_list":["post-3840","product","type-product","status-publish","has-post-thumbnail","hentry","products-facial-mask"],"acf":[],"_links":{"self":[{"href":"https:\/\/www.ruiqigo.com\/sv\/wp-json\/wp\/v2\/product\/3840","targetHints":{"allow":["GET"]}}],"collection":[{"href":"https:\/\/www.ruiqigo.com\/sv\/wp-json\/wp\/v2\/product"}],"about":[{"href":"https:\/\/www.ruiqigo.com\/sv\/wp-json\/wp\/v2\/types\/product"}],"version-history":[{"count":0,"href":"https:\/\/www.ruiqigo.com\/sv\/wp-json\/wp\/v2\/product\/3840\/revisions"}],"wp:featuredmedia":[{"embeddable":true,"href":"https:\/\/www.ruiqigo.com\/sv\/wp-json\/wp\/v2\/media\/3841"}],"wp:attachment":[{"href":"https:\/\/www.ruiqigo.com\/sv\/wp-json\/wp\/v2\/media?parent=3840"}],"wp:term":[{"taxonomy":"product-tag","embeddable":true,"href":"https:\/\/www.ruiqigo.com\/sv\/wp-json\/wp\/v2\/product-tag?post=3840"},{"taxonomy":"products","embeddable":true,"href":"https:\/\/www.ruiqigo.com\/sv\/wp-json\/wp\/v2\/products?post=3840"}],"curies":[{"name":"wp","href":"https:\/\/api.w.org\/{rel}","templated":true}]}}