{"id":3855,"date":"2025-07-23T16:19:49","date_gmt":"2025-07-23T08:19:49","guid":{"rendered":"https:\/\/www.ruiqigo.com\/?post_type=product&#038;p=3855"},"modified":"2025-07-23T16:19:49","modified_gmt":"2025-07-23T08:19:49","slug":"gentle-facial-cleanser","status":"publish","type":"product","link":"https:\/\/www.ruiqigo.com\/sv\/product\/gentle-facial-cleanser","title":{"rendered":"Mild ansiktsreng\u00f6ring"},"content":{"rendered":"<h2 class=\"wp-block-heading\">Tillverkning av mild ansiktsreng\u00f6ring Vanliga formler<\/h2>\n\n\n\n<p>Vi v\u00e4ljer noggrant ut en m\u00e4ngd olika v\u00e4xtbaserade ingredienser och milda tensider som tills\u00e4tts till den milda ansiktsreng\u00f6ringsformeln f\u00f6r att s\u00e4kerst\u00e4lla att huden \u00e4r fullt skyddad och f\u00e5r n\u00e4ring under den grundliga reng\u00f6ringsprocessen. Produktens ingredienser \u00e4r koncisa och effektiva, huvudsakligen aminosyratensider, lugnande ingredienser fr\u00e5n v\u00e4xtextrakt och naturliga fuktighetsbevarande ingredienser.&nbsp;<\/p>\n\n\n\n<p><strong>1. Natriumkokoylglutamat: <\/strong>Detta \u00e4r ett milt tensid som utvinns ur kokosolja och aminosyror. Det \u00e4r milt till sin natur, inneh\u00e5ller inte tv\u00e5lbaser, har god skumbildning och reng\u00f6ringsf\u00f6rm\u00e5ga, kan effektivt avl\u00e4gsna smuts och \u00f6verskott av talg och l\u00e4mnar inte ansiktet stramt eller torrt efter reng\u00f6ring.&nbsp;<\/p>\n\n\n\n<p><strong>2. Natriumkokoylglycinat:<\/strong> Den tillh\u00f6r ocks\u00e5 aminosyrasystemet, \u00e4r mycket mild, har ett rikt l\u00f6dder och \u00e4r den viktigaste reng\u00f6rande ingrediensen i m\u00e5nga exklusiva reng\u00f6ringsprodukter. Samtidigt har den en utm\u00e4rkt hudk\u00e4nsla och \u00e5terfuktande egenskaper, vilket kan hj\u00e4lpa huden att beh\u00e5lla fukt och mjukhet.\u00a0<\/p>\n\n\n\n<p><strong>3. Glycerin: <\/strong>Glycerin \u00e4r en klassisk \u00e5terfuktande ingrediens som kan h\u00e5lla kvar fukt och lindra torrhet under reng\u00f6ring, vilket f\u00f6rhindrar att huden blir stram p\u00e5 grund av reng\u00f6ring. Den kan ocks\u00e5 \u00f6ka vattenhalten i hornlagret och \u00e4r en oumb\u00e4rlig grundl\u00e4ggande \u00e5terfuktande ingrediens f\u00f6r skonsam reng\u00f6ring.&nbsp;<\/p>\n\n\n\n<p><strong>4. Panthenol: <\/strong>Panthenol kan tr\u00e4nga djupt in i stratum corneum f\u00f6r att hj\u00e4lpa huden att binda fukt. Den har ocks\u00e5 en lugnande och antiinflammatorisk effekt. Den kan reparera mikroskador och f\u00f6rb\u00e4ttra hudens mjukhet under reng\u00f6ringsprocessen, vilket g\u00f6r huden lenare och mer k\u00e4nslig.&nbsp;<\/p>\n\n\n\n<p><strong>5. Aloe vera-extrakt:<\/strong> Detta \u00e4r en ingrediens rik p\u00e5 olika aminosyror och vitaminer. Den har betydande lugnande, antioxidativa och reparerande effekter. Den kan lindra mindre irritation orsakad av reng\u00f6ring och f\u00f6rb\u00e4ttra den allm\u00e4nna stabiliteten och hudens k\u00e4nsla.&nbsp;<\/p>\n\n\n\n<h2 class=\"wp-block-heading\">Funktionerna hos en mild ansiktsreng\u00f6ring<\/h2>\n\n\n\n<p><strong>1. Skonsam och icke-irriterande: <\/strong>En mild ansiktsreng\u00f6ring anv\u00e4nder inga artificiella dofter, tv\u00e5lbaser eller alkohol, s\u00e5 den \u00e4r mycket mild och minskar risken f\u00f6r hudk\u00e4nslighet avsev\u00e4rt. Den \u00e4r l\u00e4mplig f\u00f6r sp\u00e4dbarn, gravida kvinnor och personer med skadad hudbarri\u00e4r, vilket g\u00f6r reng\u00f6ringen s\u00e4krare.\u00a0<\/p>\n\n\n\n<p><strong>2. Rikt och delikat skum:<\/strong> V\u00e5r milda ansiktsreng\u00f6ring har ett fylligt skum och kan enkelt skummas upp utan f\u00f6r m\u00e5nga steg. Skummet omsluter smutsen t\u00e4tt och reng\u00f6ringsprocessen \u00e4r mycket effektiv utan att dra i huden.&nbsp;<\/p>\n\n\n\n<p><strong>3. Reng\u00f6r och \u00e5terfuktar samtidigt:<\/strong> En mild ansiktsreng\u00f6ring reng\u00f6r inte bara smutsen i ansiktet noggrant, utan beh\u00e5ller \u00e4ven de n\u00f6dv\u00e4ndiga vatten- och fettkomponenterna i huden, vilket undviker k\u00e4nslan av att vara v\u00e4ldigt stram efter reng\u00f6ring, och uppn\u00e5r verkligen mild reng\u00f6ring.\u00a0<\/p>\n\n\n\n<p><strong>4. H\u00f6g anpassningsf\u00f6rm\u00e5ga:<\/strong> Mild ansiktsreng\u00f6ring \u00e4r l\u00e4mplig f\u00f6r en m\u00e4ngd olika hud\u00e5kommor, inklusive torr hud, fet hud, kombinerad hud och k\u00e4nslig hud, s\u00e5 den har h\u00f6g anpassningsf\u00f6rm\u00e5ga.\u00a0<\/p>\n\n\n\n<h2 class=\"wp-block-heading\">Hur man anv\u00e4nder en mild ansiktsreng\u00f6ring<\/h2>\n\n\n\n<p>Korrekt anv\u00e4ndning av en mild ansiktsreng\u00f6ring kan s\u00e4kerst\u00e4lla den reng\u00f6rande effekten samtidigt som den minimerar skador p\u00e5 huden. Det rekommenderas att anv\u00e4nda den en g\u00e5ng om dagen, morgon och kv\u00e4ll, i kombination med varmt vatten f\u00f6r att f\u00f6rst\u00e4rka den reng\u00f6rande och lugnande effekten.<\/p>\n\n\n\n<p>1. Fukta ansiktet med varmt vatten, ta en l\u00e4mplig m\u00e4ngd ansiktsreng\u00f6ring i handflatan, tills\u00e4tt vatten och gnugga in f\u00f6r att skapa skum.<\/p>\n\n\n\n<p>2. Applicera skummet j\u00e4mnt \u00f6ver ansiktet och massera f\u00f6rsiktigt i cirklar i 30 sekunder till 1 minut.<\/p>\n\n\n\n<p>3. Sk\u00f6lj ansiktet noggrant med rent vatten.<\/p>\n\n\n\n<p>4. Anv\u00e4nd en ren handduk f\u00f6r att f\u00f6rsiktigt trycka p\u00e5 ansiktet f\u00f6r att absorbera fukt och undvik att torka och dra i huden f\u00f6r mycket.&nbsp;<\/p>\n\n\n\n<h2 class=\"wp-block-heading\">F\u00f6rsiktighet<\/h2>\n\n\n\n<p><strong>1. Hudtest: <\/strong>Vi rekommenderar att du g\u00f6r ett lokalt test bakom \u00f6rat eller p\u00e5 k\u00e4klinjen f\u00f6rsta g\u00e5ngen f\u00f6r att bekr\u00e4fta att det inte irriterar huden innan du anv\u00e4nder det p\u00e5 ett stort omr\u00e5de.\u00a0<\/p>\n\n\n\n<p><strong>2. Undvik kontakt med \u00f6gonen: <\/strong>Om det av misstag kommer i kontakt med \u00f6gonen, sk\u00f6lj omedelbart med rikligt med vatten f\u00f6r att undvika irritation eller obehag.&nbsp;<\/p>\n\n\n\n<p><strong>3. Anv\u00e4nd med varmt vatten:<\/strong> Varmt vatten kan skada hudens talglager, medan kallt vatten kanske inte kan reng\u00f6ra effektivt. D\u00e4rf\u00f6r rekommenderar vi att du anv\u00e4nder varmt vatten f\u00f6r att tv\u00e4tta ansiktet, eftersom det kan hj\u00e4lpa till att l\u00f6sa upp olja och skydda nagelbandet.\u00a0<\/p>\n\n\n\n<p><strong>4. Var noga med att \u00e5terfukta efter\u00e5t: <\/strong>Efter reng\u00f6ring b\u00f6r du anv\u00e4nda toner och fuktighetskr\u00e4m s\u00e5 snart som m\u00f6jligt f\u00f6r uppf\u00f6ljande hudv\u00e5rd f\u00f6r att bevara fukten.&nbsp;<\/p>\n\n\n\n<h2 class=\"wp-block-heading\">Slutsats<\/h2>\n\n\n\n<p>En mild ansiktsreng\u00f6ring som inte bara skapar en perfekt balans mellan reng\u00f6rande kraft och mildhet, utan v\u00e5rdar \u00e4ven varsamt varje centimeter av din hud med noggrant utvalda ingredienser. V\u00e5r tv\u00e5lfria, alkoholfria och hypoallergena formula, i kombination med flera lugnande och \u00e5terfuktande ingredienser, ger en s\u00e4ker reng\u00f6ringsupplevelse f\u00f6r alla hudtyper.<\/p>","protected":false},"excerpt":{"rendered":"Gentle Facial Cleanser Manufacturing Common Formulas We carefully select a variety of plant-based ingredients and mild surfactants to add to the gentle facial cleanser formula to ensure that the skin is fully protected and nourished during the thorough cleansing process. The product ingredients are concise and effective, mainly amino acid surfactants, plant-extracted soothing factors, and [&hellip;]","protected":false},"featured_media":3856,"menu_order":0,"template":"","meta":[],"product-tag":[],"products":[65],"class_list":["post-3855","product","type-product","status-publish","has-post-thumbnail","hentry","products-facial-cleanser"],"acf":[],"_links":{"self":[{"href":"https:\/\/www.ruiqigo.com\/sv\/wp-json\/wp\/v2\/product\/3855","targetHints":{"allow":["GET"]}}],"collection":[{"href":"https:\/\/www.ruiqigo.com\/sv\/wp-json\/wp\/v2\/product"}],"about":[{"href":"https:\/\/www.ruiqigo.com\/sv\/wp-json\/wp\/v2\/types\/product"}],"version-history":[{"count":0,"href":"https:\/\/www.ruiqigo.com\/sv\/wp-json\/wp\/v2\/product\/3855\/revisions"}],"wp:featuredmedia":[{"embeddable":true,"href":"https:\/\/www.ruiqigo.com\/sv\/wp-json\/wp\/v2\/media\/3856"}],"wp:attachment":[{"href":"https:\/\/www.ruiqigo.com\/sv\/wp-json\/wp\/v2\/media?parent=3855"}],"wp:term":[{"taxonomy":"product-tag","embeddable":true,"href":"https:\/\/www.ruiqigo.com\/sv\/wp-json\/wp\/v2\/product-tag?post=3855"},{"taxonomy":"products","embeddable":true,"href":"https:\/\/www.ruiqigo.com\/sv\/wp-json\/wp\/v2\/products?post=3855"}],"curies":[{"name":"wp","href":"https:\/\/api.w.org\/{rel}","templated":true}]}}