{"id":402,"date":"2024-07-08T10:46:59","date_gmt":"2024-07-08T02:46:59","guid":{"rendered":"https:\/\/ruiqigo.com\/?post_type=product&#038;p=402"},"modified":"2024-10-28T15:41:34","modified_gmt":"2024-10-28T07:41:34","slug":"tea-tree-body-wash","status":"publish","type":"product","link":"https:\/\/www.ruiqigo.com\/sv\/product\/tea-tree-body-wash","title":{"rendered":"Tea tree kroppstv\u00e4tt"},"content":{"rendered":"<h3 class=\"wp-block-heading\">Tea tree body wash som tillverkar vanliga formler<\/h3>\n\n\n\n<p>Huvudingrediensen i denna Tea Tree Body Wash \u00e4r naturlig eterisk olja fr\u00e5n tetr\u00e4d. Tea Tree oil \u00e4r en naturlig antibakteriell och antiinflammatorisk ingrediens som inte bara reng\u00f6r huden, utan \u00e4ven reparerar skadad hud och f\u00f6rhindrar att hudproblem uppst\u00e5r. Vi har \u00e4ven lagt till v\u00e4xtextrakt som Melaleuca alternifolia bladolja och mentol f\u00f6r att ytterligare f\u00f6rst\u00e4rka de renande och lugnande effekterna, vilket ger en mer omfattande v\u00e5rd till huden. Alla ingredienser \u00e4r strikt testade och screenade f\u00f6r att s\u00e4kerst\u00e4lla produkternas s\u00e4kerhet och effektivitet, vilket ger dig en naturlig badupplevelse av h\u00f6g kvalitet.<\/p>\n\n\n\n<h3 class=\"wp-block-heading\">Tea tree body wash Till\u00e4mpliga scenarier<\/h3>\n\n\n\n<p>Denna Tea tree body wash \u00e4r perfekt f\u00f6r varma och fuktiga sommarf\u00f6rh\u00e5llanden. Dess uppfriskande tea tree-doft ger en uppfriskande och uppfriskande badupplevelse som hj\u00e4lper dig att omedelbart k\u00e4nna dig utvilad i sommarv\u00e4rmen. Samtidigt \u00e4r dess naturliga antibakteriella ingredienser effektiva f\u00f6r att f\u00f6rebygga svettburna hudproblem, s\u00e5 att du alltid kan beh\u00e5lla fr\u00e4sch och ren hud i det varma v\u00e4dret.<\/p>\n\n\n\n<h3 class=\"wp-block-heading\">Vem \u00e4r Tea tree body wash suit f\u00f6r<\/h3>\n\n\n\n<p>Denna Tea tree kroppstv\u00e4tt \u00e4r idealisk f\u00f6r dem som s\u00f6ker renhet och hygien och \u00e4r oroade \u00f6ver sin huds h\u00e4lsa. Dess naturliga antibakteriella ingredienser kan effektivt d\u00f6da skadliga bakterier, vilket ger en s\u00e4krare och effektivare reng\u00f6ring av huden; samtidigt kan dess rika n\u00e4rande ingredienser ocks\u00e5 ge omfattande v\u00e5rd till anv\u00e4ndare av alla hudtyper, f\u00f6r att f\u00f6rb\u00e4ttra torrhet, k\u00e4nslighet och andra problem. Dessutom kan dess fr\u00e4scha doft ocks\u00e5 ge en behaglig badstund f\u00f6r dem som gillar en fr\u00e4sch upplevelse.<\/p>\n\n\n\n<h3 class=\"wp-block-heading\">Tea tree body wash Produktionsprocess<\/h3>\n\n\n\n<p>I produktionen av v\u00e5r Tea tree body wash anv\u00e4nder vi ren Tea Tree-olja och en skonsam extraktionsprocess f\u00f6r att s\u00e4kerst\u00e4lla att dess aktiva ingredienser bibeh\u00e5lls. Under produktionsprocessen kontrollerar vi strikt pH-niv\u00e5n och koncentrationen av tea tree-olja i v\u00e5ra formuleringar f\u00f6r att uppn\u00e5 b\u00e4sta hudv\u00e5rdseffekt och anv\u00e4ndningsupplevelse. Dessutom fokuserar vi p\u00e5 milj\u00f6skydd och h\u00e5llbarhet f\u00f6r att s\u00e4kerst\u00e4lla att v\u00e5ra produkter \u00e4r milj\u00f6v\u00e4nliga.<\/p>","protected":false},"excerpt":{"rendered":"Tea tree body wash manufacturing Common Formulas The main ingredient in this Tea Tree Body Wash is natural tea tree essential oil. Tea Tree oil is a natural anti-bacterial and anti-inflammatory ingredient that not only cleanses the skin, but also repairs damaged skin and prevents skin problems from occurring. We have also added plant extracts [&hellip;]","protected":false},"featured_media":406,"menu_order":0,"template":"","meta":[],"product-tag":[],"products":[57],"class_list":["post-402","product","type-product","status-publish","has-post-thumbnail","hentry","products-body-wash"],"acf":[],"_links":{"self":[{"href":"https:\/\/www.ruiqigo.com\/sv\/wp-json\/wp\/v2\/product\/402","targetHints":{"allow":["GET"]}}],"collection":[{"href":"https:\/\/www.ruiqigo.com\/sv\/wp-json\/wp\/v2\/product"}],"about":[{"href":"https:\/\/www.ruiqigo.com\/sv\/wp-json\/wp\/v2\/types\/product"}],"version-history":[{"count":0,"href":"https:\/\/www.ruiqigo.com\/sv\/wp-json\/wp\/v2\/product\/402\/revisions"}],"wp:featuredmedia":[{"embeddable":true,"href":"https:\/\/www.ruiqigo.com\/sv\/wp-json\/wp\/v2\/media\/406"}],"wp:attachment":[{"href":"https:\/\/www.ruiqigo.com\/sv\/wp-json\/wp\/v2\/media?parent=402"}],"wp:term":[{"taxonomy":"product-tag","embeddable":true,"href":"https:\/\/www.ruiqigo.com\/sv\/wp-json\/wp\/v2\/product-tag?post=402"},{"taxonomy":"products","embeddable":true,"href":"https:\/\/www.ruiqigo.com\/sv\/wp-json\/wp\/v2\/products?post=402"}],"curies":[{"name":"wp","href":"https:\/\/api.w.org\/{rel}","templated":true}]}}