{"id":403,"date":"2024-07-08T10:56:54","date_gmt":"2024-07-08T02:56:54","guid":{"rendered":"https:\/\/ruiqigo.com\/?post_type=product&#038;p=403"},"modified":"2024-10-28T11:35:04","modified_gmt":"2024-10-28T03:35:04","slug":"travel-size-body-wash","status":"publish","type":"product","link":"https:\/\/www.ruiqigo.com\/sv\/product\/travel-size-body-wash","title":{"rendered":"Kroppstv\u00e4tt i resestorlek"},"content":{"rendered":"<h3 class=\"wp-block-heading\">Tillverkning av duschtv\u00e5l i resestorlek Vanliga formler<\/h3>\n\n\n\n<p>Denna duschtv\u00e5l i resestorlek \u00e4r formulerad med milda, icke-irriterande, v\u00e4xtbaserade reng\u00f6rande ingredienser som djupreng\u00f6r huden, avl\u00e4gsnar orenheter samtidigt som de skyddar hudbarri\u00e4ren och bibeh\u00e5ller god hudkondition. Dessutom har vi tillsatt n\u00e4rande och \u00e5terfuktande ingredienser som sheasm\u00f6r och vitt te-extrakt till formulan, vilka ger omfattande v\u00e5rd f\u00f6r huden och \u00e5terfuktar huden med de n\u00e4rings\u00e4mnen som beh\u00f6vs f\u00f6r att h\u00e5lla den \u00e5terfuktad och len under hela resan. Alla ingredienser \u00e4r noggrant utvalda f\u00f6r att s\u00e4kerst\u00e4lla produkts\u00e4kerhet och effektivitet, f\u00f6r att ge dig en bekv\u00e4m och trygg upplevelse.<\/p>\n\n\n\n<h3 class=\"wp-block-heading\">Duschkr\u00e4m i resestorlek Till\u00e4mpliga scenarier<\/h3>\n\n\n\n<p>Duschkr\u00e4men i resestorlek \u00e4r en skr\u00e4ddarsydd reng\u00f6ringskompanjon f\u00f6r resen\u00e4rer. Den passar f\u00f6r korta resor, uppfriskande efter l\u00e5nga flygningar, snabb reng\u00f6ring efter utomhusaktiviteter, personlig hygienv\u00e5rd under aff\u00e4rsresor, bekv\u00e4m badning efter gymtr\u00e4ning och hygienskydd under hotellvistelser. Den l\u00e4tta f\u00f6rpackningsdesignen g\u00f6r det enkelt att b\u00e4ra och garanterar en bekv\u00e4m badupplevelse p\u00e5 alla resor.<\/p>\n\n\n\n<h3 class=\"wp-block-heading\">Vem \u00e4r idealisk f\u00f6r en duschtv\u00e5l i resestorlek?<\/h3>\n\n\n\n<p>Duschkr\u00e4men i resestorlek \u00e4r utformad f\u00f6r frekventa resen\u00e4rer, aff\u00e4rsm\u00e4nniskor eller \u00e4ventyrsentusiaster som beh\u00f6ver bekv\u00e4m personlig v\u00e5rd. Dess portabla f\u00f6rpackning och multifunktionella formula uppfyller behovet av reng\u00f6ring och \u00e5terfuktning n\u00e4r du \u00e4r p\u00e5 spr\u00e5ng, och \u00e4r l\u00e4mplig f\u00f6r alla hudtyper, s\u00e4rskilt f\u00f6r anv\u00e4ndare som letar efter en enkel och effektiv hudv\u00e5rdsl\u00f6sning.<\/p>\n\n\n\n<h3 class=\"wp-block-heading\">Produktionsprocess f\u00f6r duschtv\u00e5l i resestorlek<\/h3>\n\n\n\n<p>N\u00e4r vi tillverkade duschkr\u00e4men i resestorlek fokuserade vi p\u00e5 produktens portabilitet och praktiska egenskaper. Den l\u00e4tta f\u00f6rpackningsdesignen s\u00e4kerst\u00e4ller att den \u00e4r enkel att b\u00e4ra och inte tar upp f\u00f6r mycket plats i bagaget. Samtidigt \u00e4r formulan optimerad f\u00f6r b\u00e5de skonsam reng\u00f6ring och l\u00e5ngvarig \u00e5terfuktning. Strikta kvalitetskontrollstandarder f\u00f6ljs under tillverkningsprocessen f\u00f6r att s\u00e4kerst\u00e4lla att varje flaska duschgel ger en j\u00e4mn upplevelse.<\/p>","protected":false},"excerpt":{"rendered":"Travel size body wash manufacturing Common Formulas This travel size body wash is formulated with gentle, non-irritating, plant-based cleansing ingredients that deeply cleanse the skin, removing impurities while also protecting the skin barrier and maintaining good skin condition. In addition, we have added nourishing and moisturizing ingredients such as Shea Butter and White Tea Extract [&hellip;]","protected":false},"featured_media":410,"menu_order":0,"template":"","meta":[],"product-tag":[],"products":[57],"class_list":["post-403","product","type-product","status-publish","has-post-thumbnail","hentry","products-body-wash"],"acf":[],"_links":{"self":[{"href":"https:\/\/www.ruiqigo.com\/sv\/wp-json\/wp\/v2\/product\/403","targetHints":{"allow":["GET"]}}],"collection":[{"href":"https:\/\/www.ruiqigo.com\/sv\/wp-json\/wp\/v2\/product"}],"about":[{"href":"https:\/\/www.ruiqigo.com\/sv\/wp-json\/wp\/v2\/types\/product"}],"version-history":[{"count":0,"href":"https:\/\/www.ruiqigo.com\/sv\/wp-json\/wp\/v2\/product\/403\/revisions"}],"wp:featuredmedia":[{"embeddable":true,"href":"https:\/\/www.ruiqigo.com\/sv\/wp-json\/wp\/v2\/media\/410"}],"wp:attachment":[{"href":"https:\/\/www.ruiqigo.com\/sv\/wp-json\/wp\/v2\/media?parent=403"}],"wp:term":[{"taxonomy":"product-tag","embeddable":true,"href":"https:\/\/www.ruiqigo.com\/sv\/wp-json\/wp\/v2\/product-tag?post=403"},{"taxonomy":"products","embeddable":true,"href":"https:\/\/www.ruiqigo.com\/sv\/wp-json\/wp\/v2\/products?post=403"}],"curies":[{"name":"wp","href":"https:\/\/api.w.org\/{rel}","templated":true}]}}