{"id":405,"date":"2024-07-08T11:19:22","date_gmt":"2024-07-08T03:19:22","guid":{"rendered":"https:\/\/ruiqigo.com\/?post_type=product&#038;p=405"},"modified":"2024-10-28T11:15:36","modified_gmt":"2024-10-28T03:15:36","slug":"retinol-hand-cream","status":"publish","type":"product","link":"https:\/\/www.ruiqigo.com\/sv\/product\/retinol-hand-cream","title":{"rendered":"Retinol handkr\u00e4m"},"content":{"rendered":"<h3 class=\"wp-block-heading\">Retinol handkr\u00e4m som tillverkar vanliga formler<\/h3>\n\n\n\n<p>K\u00e4rningredienserna i denna Retinol Hand Cream inkluderar Retinol och Jojoba Seed Oil. Retinol \u00e4r ett fettl\u00f6sligt vitamin som stimulerar cellf\u00f6rnyelsen och reparerar skadad hud p\u00e5 h\u00e4nderna, medan Jojoba Seed Oil \u00e4r rik p\u00e5 en m\u00e4ngd naturliga fettsyror som ger huden n\u00e4ring p\u00e5 djupet och f\u00f6rb\u00e4ttrar torrhet och str\u00e4vhet. Dessutom l\u00e4gger formeln ocks\u00e5 s\u00f6tmandelolja, sesamolja och andra fuktgivande ingredienser, kan effektivt fylla p\u00e5 hudens fuktbehov, f\u00f6r att bibeh\u00e5lla den optimala vatten-oljebalansen.<\/p>\n\n\n\n<h3 class=\"wp-block-heading\">Retinol handkr\u00e4m Till\u00e4mpliga scenarier<\/h3>\n\n\n\n<p>Denna retinol handkr\u00e4m \u00e4r idealisk f\u00f6r anv\u00e4ndning i torra och kalla klimat. Kalla vintertemperaturer och konstgjord uppv\u00e4rmning kan orsaka torra, flagnande och till och med spruckna h\u00e4nder. De rika fuktgivande ingredienserna i denna handkr\u00e4m kommer att ge dina h\u00e4nder n\u00e4ring p\u00e5 djupet, fylla p\u00e5 den fukt de beh\u00f6ver, reparera skadade celler och \u00e5terst\u00e4lla deras mjukhet och lyster. Dessutom kan den ocks\u00e5 ge en skyddande barri\u00e4r f\u00f6r h\u00e4nderna, vilket effektivt f\u00f6rhindrar uppkomsten av torrhet och frostsprickor och andra problem. Oavsett om det \u00e4r p\u00e5 vintern eller under den torra och bl\u00e5siga s\u00e4songen, kan denna handkr\u00e4m ge dig omfattande v\u00e5rd f\u00f6r dina h\u00e4nder.<\/p>\n\n\n\n<h3 class=\"wp-block-heading\">Vem \u00e4r Retinol handkr\u00e4mskostym f\u00f6r<\/h3>\n\n\n\n<p>Denna retinol handkr\u00e4m \u00e4r idealisk f\u00f6r anv\u00e4ndare med torr hud. Oavsett om dina h\u00e4nder \u00e4r torra p\u00e5 grund av frekvent handtv\u00e4tt eller kemikalieexponering, eller om din hud \u00e4r flagnande p\u00e5 grund av kallt vinterv\u00e4der, kommer denna handkr\u00e4m att ge den n\u00e4ring du beh\u00f6ver. Den tr\u00e4nger djupt in i huden f\u00f6r att fylla p\u00e5 n\u00f6dv\u00e4ndiga n\u00e4rings\u00e4mnen och reparera skadade celler, vilket g\u00f6r h\u00e4nderna mjuka och lena. Samtidigt absorberas den snabbt utan att l\u00e4mna en klibbig k\u00e4nsla, vilket g\u00f6r den l\u00e4mplig f\u00f6r alla hudtyper.<\/p>\n\n\n\n<h3 class=\"wp-block-heading\">Retinol handkr\u00e4m Produktionsprocess<\/h3>\n\n\n\n<p>Den speciella tillverkningsprocessen f\u00f6r Retinol Hand Cream inkluderar anv\u00e4ndningen av en stabiliserad retinolformel f\u00f6r att bibeh\u00e5lla dess antioxidantaktivitet, och en extraktionsprocess vid l\u00e5g temperatur f\u00f6r att minimera f\u00f6rst\u00f6relse av ingredienser. Strikt kontroll av pH och milj\u00f6fuktighet under produktion s\u00e4kerst\u00e4ller retinols stabilitet och effektivitet. Dessutom \u00e4r speciellt tillsatta fuktgivande ingredienser som glycerin och hyaluronsyra exakt proportionerade f\u00f6r att uppn\u00e5 djup n\u00e4ring utan fethet f\u00f6r alla hudtyper.<\/p>","protected":false},"excerpt":{"rendered":"Retinol hand cream manufacturing Common Formulas The core ingredients of this Retinol Hand Cream include Retinol and Jojoba Seed Oil. Retinol is a fat-soluble vitamin that stimulates cell renewal and repairs damaged skin on the hands, while Jojoba Seed Oil is rich in a variety of natural fatty acids that deeply nourish the skin and [&hellip;]","protected":false},"featured_media":414,"menu_order":0,"template":"","meta":[],"product-tag":[],"products":[58],"class_list":["post-405","product","type-product","status-publish","has-post-thumbnail","hentry","products-hand-cream"],"acf":[],"_links":{"self":[{"href":"https:\/\/www.ruiqigo.com\/sv\/wp-json\/wp\/v2\/product\/405","targetHints":{"allow":["GET"]}}],"collection":[{"href":"https:\/\/www.ruiqigo.com\/sv\/wp-json\/wp\/v2\/product"}],"about":[{"href":"https:\/\/www.ruiqigo.com\/sv\/wp-json\/wp\/v2\/types\/product"}],"version-history":[{"count":0,"href":"https:\/\/www.ruiqigo.com\/sv\/wp-json\/wp\/v2\/product\/405\/revisions"}],"wp:featuredmedia":[{"embeddable":true,"href":"https:\/\/www.ruiqigo.com\/sv\/wp-json\/wp\/v2\/media\/414"}],"wp:attachment":[{"href":"https:\/\/www.ruiqigo.com\/sv\/wp-json\/wp\/v2\/media?parent=405"}],"wp:term":[{"taxonomy":"product-tag","embeddable":true,"href":"https:\/\/www.ruiqigo.com\/sv\/wp-json\/wp\/v2\/product-tag?post=405"},{"taxonomy":"products","embeddable":true,"href":"https:\/\/www.ruiqigo.com\/sv\/wp-json\/wp\/v2\/products?post=405"}],"curies":[{"name":"wp","href":"https:\/\/api.w.org\/{rel}","templated":true}]}}