{"id":418,"date":"2024-07-08T11:28:04","date_gmt":"2024-07-08T03:28:04","guid":{"rendered":"https:\/\/ruiqigo.com\/?post_type=product&#038;p=418"},"modified":"2024-10-28T11:59:47","modified_gmt":"2024-10-28T03:59:47","slug":"goat-milk-hand-cream","status":"publish","type":"product","link":"https:\/\/www.ruiqigo.com\/sv\/product\/goat-milk-hand-cream","title":{"rendered":"Getmj\u00f6lk handkr\u00e4m"},"content":{"rendered":"<h3 class=\"wp-block-heading\">Handkr\u00e4m f\u00f6r getmj\u00f6lk som tillverkar vanliga formler<\/h3>\n\n\n\n<p>En av k\u00e4rningredienserna i denna handkr\u00e4m f\u00f6r getmj\u00f6lk \u00e4r getmj\u00f6lk av h\u00f6g kvalitet. Getmj\u00f6lk \u00e4r rik p\u00e5 proteiner, vitaminer och mineraler som ger n\u00e4ring p\u00e5 djupet och reparerar huden p\u00e5 dina h\u00e4nder, vilket f\u00f6rb\u00e4ttrar torrhet och str\u00e4vhet. Dessutom tillf\u00f6r formeln \u00e4ven natriumhyaluronat och glycerin och andra fuktgivande ingredienser, som effektivt kan fylla p\u00e5 hudens fukt, f\u00f6rb\u00e4ttra elasticiteten och lystern. Dessa naturliga och h\u00f6gkvalitativa ingredienser \u00e4r inte bara s\u00e4kra och icke-irriterande, utan ger ocks\u00e5 en omfattande v\u00e5rd f\u00f6r dina h\u00e4nder, s\u00e5 att huden alltid \u00e4r mjuk och sl\u00e4t.<\/p>\n\n\n\n<h3 class=\"wp-block-heading\">Getmj\u00f6lk handkr\u00e4m Till\u00e4mpliga scenarier<\/h3>\n\n\n\n<p>Denna handkr\u00e4m av getmj\u00f6lk \u00e4r idealisk f\u00f6r anv\u00e4ndning i torra och kalla klimat. Kalla vintertemperaturer och konstgjord uppv\u00e4rmning kan leda till torra, flagnande och till och med spruckna h\u00e4nder. De rika \u00e5terfuktande ingredienserna i denna handkr\u00e4m ger n\u00e4ring och reparerar huden p\u00e5 dina h\u00e4nder p\u00e5 djupet, och fyller p\u00e5 den fukt som de beh\u00f6ver f\u00f6r att bli mjuk och smidig. Dessutom ger den ocks\u00e5 en skyddande barri\u00e4r f\u00f6r h\u00e4nderna, vilket effektivt f\u00f6rhindrar uppkomsten av torrhet och k\u00f6ldskador. Oavsett om det \u00e4r en kall vinter eller en torr, bl\u00e5sig \u00e5rstid kommer denna handkr\u00e4m att ge dina h\u00e4nder den fulla v\u00e5rd de beh\u00f6ver.<\/p>\n\n\n\n<h3 class=\"wp-block-heading\">Vem \u00e4r getmj\u00f6lk handkr\u00e4mskostym f\u00f6r<\/h3>\n\n\n\n<p>Denna handkr\u00e4m av getmj\u00f6lk \u00e4r idealisk f\u00f6r anv\u00e4ndare med torr hud. Oavsett om dina h\u00e4nder \u00e4r torra p\u00e5 grund av frekvent handtv\u00e4tt eller kemikalieexponering, eller om din hud \u00e4r flagnande p\u00e5 grund av kallt vinterv\u00e4der, kommer denna handkr\u00e4m att ge den n\u00e4ring du beh\u00f6ver. Den ger n\u00e4ring p\u00e5 djupet och reparerar huden p\u00e5 dina h\u00e4nder, fyller p\u00e5 med fukt och n\u00e4rings\u00e4mnen som de beh\u00f6ver f\u00f6r att bli mjuka och len. Samtidigt absorberas den snabbt utan att l\u00e4mna en klibbig k\u00e4nsla, vilket g\u00f6r den l\u00e4mplig f\u00f6r alla hudtyper.<\/p>\n\n\n\n<h3 class=\"wp-block-heading\">Getmj\u00f6lk handkr\u00e4m Produktionsprocess<\/h3>\n\n\n\n<p>Den speciella tillverkningsprocessen f\u00f6r Getmj\u00f6lk Hand Cream \u00e5terspeglas i det noggranna urvalet och behandlingen av r\u00e5varor. H\u00f6gkvalitativ f\u00e4rsk getmj\u00f6lk anv\u00e4nds f\u00f6r att extrahera dess rika n\u00e4rings\u00e4mnen genom l\u00e5gtemperaturbehandling och enzymatisk teknologi, vilket s\u00e4kerst\u00e4ller att aktiva ingredienser som mj\u00f6lksyra och vitaminer beh\u00e5lls i getmj\u00f6lk. Under produktionsprocessen kontrolleras formelf\u00f6rh\u00e5llandet och emulgeringsprocessen strikt f\u00f6r att s\u00e4kerst\u00e4lla att handkr\u00e4men har en fin konsistens och absorberas snabbt. Dessutom finns det inga tillsatta dofter och f\u00e4rger f\u00f6r att minska hudirritation, vilket g\u00f6r den l\u00e4mplig f\u00f6r k\u00e4nslig hud.<\/p>","protected":false},"excerpt":{"rendered":"Goat milk hand cream manufacturing Common Formulas One of the core ingredients of this goat milk hand cream is high quality goat milk. Goat milk is rich in proteins, vitamins and minerals that deeply nourish and repair the skin on your hands, improving dryness and roughness. In addition, the formula also adds sodium hyaluronate and [&hellip;]","protected":false},"featured_media":419,"menu_order":0,"template":"","meta":[],"product-tag":[],"products":[58],"class_list":["post-418","product","type-product","status-publish","has-post-thumbnail","hentry","products-hand-cream"],"acf":[],"_links":{"self":[{"href":"https:\/\/www.ruiqigo.com\/sv\/wp-json\/wp\/v2\/product\/418","targetHints":{"allow":["GET"]}}],"collection":[{"href":"https:\/\/www.ruiqigo.com\/sv\/wp-json\/wp\/v2\/product"}],"about":[{"href":"https:\/\/www.ruiqigo.com\/sv\/wp-json\/wp\/v2\/types\/product"}],"version-history":[{"count":0,"href":"https:\/\/www.ruiqigo.com\/sv\/wp-json\/wp\/v2\/product\/418\/revisions"}],"wp:featuredmedia":[{"embeddable":true,"href":"https:\/\/www.ruiqigo.com\/sv\/wp-json\/wp\/v2\/media\/419"}],"wp:attachment":[{"href":"https:\/\/www.ruiqigo.com\/sv\/wp-json\/wp\/v2\/media?parent=418"}],"wp:term":[{"taxonomy":"product-tag","embeddable":true,"href":"https:\/\/www.ruiqigo.com\/sv\/wp-json\/wp\/v2\/product-tag?post=418"},{"taxonomy":"products","embeddable":true,"href":"https:\/\/www.ruiqigo.com\/sv\/wp-json\/wp\/v2\/products?post=418"}],"curies":[{"name":"wp","href":"https:\/\/api.w.org\/{rel}","templated":true}]}}