{"id":424,"date":"2024-07-08T11:52:15","date_gmt":"2024-07-08T03:52:15","guid":{"rendered":"https:\/\/ruiqigo.com\/?post_type=product&#038;p=424"},"modified":"2024-11-06T15:04:57","modified_gmt":"2024-11-06T07:04:57","slug":"coconut-massage-oil","status":"publish","type":"product","link":"https:\/\/www.ruiqigo.com\/sv\/product\/coconut-massage-oil","title":{"rendered":"Kokosmassageolja"},"content":{"rendered":"<h2 class=\"wp-block-heading\">Kokosmassageolja som tillverkar vanliga formler<\/h2>\n\n\n\n<p>Huvudingredienserna i denna kokosmassageolja \u00e4r naturligt ren kokosn\u00f6tsolja och solrosfr\u00f6olja. Kokosolja \u00e4r rik p\u00e5 medelkedjiga fettsyror, som snabbt tr\u00e4nger djupt in i huden och ger kraftfulla \u00e5terfuktande och reparerande effekter. Solrosfr\u00f6olja \u00e4r rik p\u00e5 vitaminer och antioxidanter f\u00f6r att lindra muskelsm\u00e4rta och f\u00f6rb\u00e4ttra hudtillst\u00e5ndet. Som en professionell tillverkare av kokosmassageolja \u00e4r dessa h\u00f6gkvalitativa naturliga ingredienser inte bara s\u00e4kra och icke-irriterande, utan utnyttjar ocks\u00e5 till fullo de sm\u00f6rjande, masserande och lugnande effekterna f\u00f6r att ge omfattande v\u00e5rd till hud, kropp och sj\u00e4l.<\/p>\n\n\n\n<h2 class=\"wp-block-heading\">Till\u00e4mpliga scenarier f\u00f6r kokosmassageolja<\/h2>\n\n\n\n<p>Denna kokosmassageolja \u00e4r idealisk f\u00f6r anv\u00e4ndning i varma, torra klimat. Under de varma och svettiga sommarm\u00e5naderna \u00e4r huden ben\u00e4gen att bli torr och flagnande, och musklerna \u00e4r ben\u00e4gna att f\u00e5 v\u00e4rk och sm\u00e4rta. Denna massageolja penetrerar och absorberar snabbt utan att l\u00e4mna en klibbig k\u00e4nsla p\u00e5 huden, samtidigt som den ger djup n\u00e4ring och lindrar tr\u00f6tthet, s\u00e5 att du kan k\u00e4nna dig sval och bekv\u00e4m i dagens hetta. Det skyddar ocks\u00e5 huden fr\u00e5n solskador, vilket g\u00f6r det enkelt att njuta av omfattande v\u00e5rd i en m\u00e4ngd olika milj\u00f6er.<\/p>\n\n\n\n<h2 class=\"wp-block-heading\">Vem \u00e4r kokosmassageolja l\u00e4mplig f\u00f6r<\/h2>\n\n\n\n<p>Denna kokosmassageolja \u00e4r l\u00e4mplig f\u00f6r alla hudtyper. Oavsett om du har torr, k\u00e4nslig hud eller fet hud kommer du att ha nytta av denna massageolja. Den penetrerar och absorberar snabbt utan att belasta huden, samtidigt som den ger djup n\u00e4ring och lindring fr\u00e5n v\u00e4rk och sm\u00e4rta. Speciellt f\u00f6r dem som tr\u00e4nar eller ut\u00f6var fysiskt arbete, hj\u00e4lper denna olja att slappna av musklerna, lindra tr\u00f6tthet och f\u00f6ra dem tillbaka till ett tillst\u00e5nd av avslappning och komfort. Oavsett ditt hudtillst\u00e5nd kommer denna kokosmassageolja att ge dig total v\u00e4lbefinnande.<\/p>\n\n\n\n<h2 class=\"wp-block-heading\">Kokosmassageolja produktionsprocessen<\/h2>\n\n\n\n<p>Den speciella tillverkningsprocessen f\u00f6r Coconut Massage Oil betonar extraktion av ren vegetabilisk olja fr\u00e5n f\u00f6rstklassiga kokosn\u00f6tter. Kallpressningsteknik anv\u00e4nds f\u00f6r att bibeh\u00e5lla integriteten hos de naturliga fettsyrorna och vitamin E i oljan. Under produktionsprocessen, som en ledande tillverkare av kokosmassageolja, kontrolleras temperaturen och trycket strikt f\u00f6r att undvika skador p\u00e5 oljan av h\u00f6g temperatur, vilket s\u00e4kerst\u00e4ller massageoljans renhet och n\u00e4rande effekt. Dessutom avl\u00e4gsnas orenheter genom finfiltrering f\u00f6r att ge en mjuk ber\u00f6ring och djup fuktgivande effekt.<\/p>\n\n\n\n<p><\/p>","protected":false},"excerpt":{"rendered":"Coconut massage oil manufacturing common formulas The main ingredients of this Coconut Massage Oil are naturally pure coconut oil and sunflower seed oil. Coconut oil is rich in medium-chain fatty acids, which penetrate deep into the skin quickly and provide powerful moisturizing and repairing effects. Sunflower Seed Oil is rich in vitamins and antioxidants to [&hellip;]","protected":false},"featured_media":430,"menu_order":0,"template":"","meta":[],"product-tag":[],"products":[59],"class_list":["post-424","product","type-product","status-publish","has-post-thumbnail","hentry","products-massage-oil"],"acf":[],"_links":{"self":[{"href":"https:\/\/www.ruiqigo.com\/sv\/wp-json\/wp\/v2\/product\/424","targetHints":{"allow":["GET"]}}],"collection":[{"href":"https:\/\/www.ruiqigo.com\/sv\/wp-json\/wp\/v2\/product"}],"about":[{"href":"https:\/\/www.ruiqigo.com\/sv\/wp-json\/wp\/v2\/types\/product"}],"version-history":[{"count":0,"href":"https:\/\/www.ruiqigo.com\/sv\/wp-json\/wp\/v2\/product\/424\/revisions"}],"wp:featuredmedia":[{"embeddable":true,"href":"https:\/\/www.ruiqigo.com\/sv\/wp-json\/wp\/v2\/media\/430"}],"wp:attachment":[{"href":"https:\/\/www.ruiqigo.com\/sv\/wp-json\/wp\/v2\/media?parent=424"}],"wp:term":[{"taxonomy":"product-tag","embeddable":true,"href":"https:\/\/www.ruiqigo.com\/sv\/wp-json\/wp\/v2\/product-tag?post=424"},{"taxonomy":"products","embeddable":true,"href":"https:\/\/www.ruiqigo.com\/sv\/wp-json\/wp\/v2\/products?post=424"}],"curies":[{"name":"wp","href":"https:\/\/api.w.org\/{rel}","templated":true}]}}