{"id":425,"date":"2024-07-08T11:57:29","date_gmt":"2024-07-08T03:57:29","guid":{"rendered":"https:\/\/ruiqigo.com\/?post_type=product&#038;p=425"},"modified":"2024-11-06T15:07:05","modified_gmt":"2024-11-06T07:07:05","slug":"lavender-massage-oil","status":"publish","type":"product","link":"https:\/\/www.ruiqigo.com\/sv\/product\/lavender-massage-oil","title":{"rendered":"Lavendel massageolja"},"content":{"rendered":"<h3 class=\"wp-block-heading\">Lavendelmassageolja som tillverkar vanliga formler<\/h3>\n\n\n\n<p>Huvudingredienserna i denna lavendelmassageolja \u00e4r naturlig ren eterisk lavendelolja och solrosfr\u00f6olja. Eterisk lavendelolja \u00e4r rik p\u00e5 bioaktiva ingredienser och har utm\u00e4rkta aromaterapeutiska egenskaper, som hj\u00e4lper till att lindra k\u00e4nslom\u00e4ssig stress och f\u00f6rb\u00e4ttra mentalt v\u00e4lbefinnande. Som en p\u00e5litlig tillverkare av lavendelmassageolja vet vi att solrosfr\u00f6olja \u00e4r rik p\u00e5 vitaminer och linolsyra, som effektivt kan ge n\u00e4ring och reparera huden och f\u00f6rb\u00e4ttra tillst\u00e5ndet f\u00f6r torr och str\u00e4v hud. Dessa h\u00f6gkvalitativa ingredienser \u00e4r inte bara s\u00e4kra och icke-irriterande, utan ger ocks\u00e5 full spel \u00e5t de m\u00e5nga effekterna av avslappning, lugnande och n\u00e4rande n\u00e4r de anv\u00e4nds, vilket ger omfattande v\u00e5rd till hud och sinne.<\/p>\n\n\n\n<h3 class=\"wp-block-heading\">Till\u00e4mpliga scenarier f\u00f6r massageolja av lavendel<\/h3>\n\n\n\n<p>Denna lavendelmassageolja \u00e4r perfekt f\u00f6r varma, svettiga sommardagar. I varmt, kvavt v\u00e4der \u00e4r huden utsatt f\u00f6r torrhet och str\u00e4vhet, liksom tr\u00f6tthet och \u00e5ngest. Denna massageolja penetrerar huden snabbt utan att l\u00e4mna en klibbig k\u00e4nsla, samtidigt som den ger en avslappnande och n\u00e4rande arom som g\u00f6r att du k\u00e4nner dig fr\u00e4sch och bekv\u00e4m i v\u00e4rmen. Dessutom skyddar den huden fr\u00e5n solskador, vilket g\u00f6r det enkelt att njuta av en vilsam och behaglig upplevelse i alla milj\u00f6er.<\/p>\n\n\n\n<h3 class=\"wp-block-heading\">Vem \u00e4r lavendelmassageolja l\u00e4mplig f\u00f6r<\/h3>\n\n\n\n<p>Denna lavendelmassageolja \u00e4r l\u00e4mplig f\u00f6r anv\u00e4ndare av alla hudtyper. F\u00f6r dem som \u00e4r stressade och irriterade kan det hj\u00e4lpa till att lindra \u00e5ngest, f\u00f6rb\u00e4ttra det mentala tillst\u00e5ndet och slappna av i kroppen och sinnet genom aromaterapi. Samtidigt kan det ocks\u00e5 ge n\u00e4ring till huden p\u00e5 djupet, f\u00f6rb\u00e4ttra torrhet och grovhet av problemet, s\u00e5 att huden \u00e5terst\u00e4lls mjuk och sl\u00e4t. Speciellt f\u00f6r dem som ofta \u00e4r i ett tillst\u00e5nd av h\u00f6gintensivt arbete, kan denna massageolja hj\u00e4lpa till att slappna av musklerna, lindra tr\u00f6tthet och ge dem omfattande v\u00e5rd.<\/p>\n\n\n\n<h3 class=\"wp-block-heading\">Tillverkningsprocess f\u00f6r lavendelmassageolja<\/h3>\n\n\n\n<p>Den speciella produktionsprocessen av Lavender Massage Oil inkluderar extraktion av eterisk olja fr\u00e5n utvalda lavendelblommor genom \u00e5ngdestillation, en process som bevarar lavendelns naturliga arom och helande egenskaper. D\u00e4refter blandas de eteriska oljorna i exakta proportioner med h\u00f6gkvalitativa b\u00e4raroljor som s\u00f6tmandelolja eller druvk\u00e4rneolja f\u00f6r att s\u00e4kerst\u00e4lla att massageoljan penetrerar och ger n\u00e4ring. Som en p\u00e5litlig tillverkare av lavendelmassageolja sker hela produktionsprocessen i en strikt kontrollerad milj\u00f6, och undviker ljus och v\u00e4rme f\u00f6r att bibeh\u00e5lla oljans stabilitet och renhet.<\/p>","protected":false},"excerpt":{"rendered":"Lavender massage oil manufacturing common formulas The main ingredients of this lavender massage oil are natural pure lavender essential oil and sunflower seed oil. Lavender essential oil is rich in bio-active ingredients and has excellent aromatherapeutic properties, helping to relieve emotional stress and enhance mental well-being. As a trustworthy Lavender massage oil manufacturer, we know [&hellip;]","protected":false},"featured_media":434,"menu_order":0,"template":"","meta":[],"product-tag":[],"products":[59],"class_list":["post-425","product","type-product","status-publish","has-post-thumbnail","hentry","products-massage-oil"],"acf":[],"_links":{"self":[{"href":"https:\/\/www.ruiqigo.com\/sv\/wp-json\/wp\/v2\/product\/425","targetHints":{"allow":["GET"]}}],"collection":[{"href":"https:\/\/www.ruiqigo.com\/sv\/wp-json\/wp\/v2\/product"}],"about":[{"href":"https:\/\/www.ruiqigo.com\/sv\/wp-json\/wp\/v2\/types\/product"}],"version-history":[{"count":0,"href":"https:\/\/www.ruiqigo.com\/sv\/wp-json\/wp\/v2\/product\/425\/revisions"}],"wp:featuredmedia":[{"embeddable":true,"href":"https:\/\/www.ruiqigo.com\/sv\/wp-json\/wp\/v2\/media\/434"}],"wp:attachment":[{"href":"https:\/\/www.ruiqigo.com\/sv\/wp-json\/wp\/v2\/media?parent=425"}],"wp:term":[{"taxonomy":"product-tag","embeddable":true,"href":"https:\/\/www.ruiqigo.com\/sv\/wp-json\/wp\/v2\/product-tag?post=425"},{"taxonomy":"products","embeddable":true,"href":"https:\/\/www.ruiqigo.com\/sv\/wp-json\/wp\/v2\/products?post=425"}],"curies":[{"name":"wp","href":"https:\/\/api.w.org\/{rel}","templated":true}]}}