{"id":463,"date":"2024-07-12T12:04:23","date_gmt":"2024-07-12T04:04:23","guid":{"rendered":"https:\/\/ruiqigo.com\/?post_type=product&#038;p=463"},"modified":"2024-11-06T13:42:51","modified_gmt":"2024-11-06T05:42:51","slug":"jelly-facial-mask","status":"publish","type":"product","link":"https:\/\/www.ruiqigo.com\/sv\/product\/jelly-facial-mask","title":{"rendered":"Gel\u00e9 ansiktsmask"},"content":{"rendered":"<h2 class=\"wp-block-heading\">Jelly ansiktsmask som tillverkar vanliga formler<\/h2>\n\n\n\n<p>Carbomer Som ett \u00f6verl\u00e4gset f\u00f6rtjockningsmedel och stabilisator spelar karbomer en nyckelroll i v\u00e5r Jelly Facial Mask, vilket f\u00f6rb\u00e4ttrar maskens vidh\u00e4ftning och s\u00e4kerst\u00e4ller effektiv penetration av n\u00e4rings\u00e4mnen. Dessutom \u00e4r North American Witch Hazel Water k\u00e4nt f\u00f6r sina lugnande och sammandragande egenskaper, som hj\u00e4lper till att reglera hudens oljor, minimera f\u00f6rstorade porer och \u00e5terst\u00e4lla fr\u00e4sch\u00f6r och f\u00f6rfining till huden. Som en p\u00e5litlig Jelly ansiktsmasktillverkare vet vi att Aloe Vera Cura\u00e7ao Water \u00e4r rikt p\u00e5 vitaminer och mineraler och har en utm\u00e4rkt \u00e5terfuktande och reparerande effekt, fr\u00e4mjar hudcellsf\u00f6rnyelse och f\u00f6rb\u00e4ttrar torr hud.<\/p>\n\n\n\n<h2 class=\"wp-block-heading\">Gel\u00e9 ansiktsmask till\u00e4mpliga scenarier<\/h2>\n\n\n\n<p>V\u00e5ra Jelly Facial Masker \u00e4r l\u00e4mpliga f\u00f6r ett brett utbud av dagliga hudv\u00e5rdsscenarier. Oavsett om du njuter av en avkopplande hudv\u00e5rdsrutin p\u00e5 kv\u00e4llen hemma eller snabbt \u00e5terfuktar din hud p\u00e5 spr\u00e5ng, kommer denna mask att passa. Den \u00e4r s\u00e4rskilt l\u00e4mplig f\u00f6r anv\u00e4ndning under torra \u00e5rstider, l\u00e4ngre perioder i luftkonditionerade eller uppv\u00e4rmda milj\u00f6er, eller efter utomhusaktiviteter f\u00f6r att ge omedelbar \u00e5terfuktning och lugnande l\u00e4ttnad till huden.<\/p>\n\n\n\n<h2 class=\"wp-block-heading\">Vem \u00e4r Jelly ansiktsmask l\u00e4mplig f\u00f6r<\/h2>\n\n\n\n<p>Denna Jelly Facial Mask \u00e4r l\u00e4mplig f\u00f6r alla hudtyper, speciellt torr, uttorkad, k\u00e4nslig eller mogen hud. Det ger en snabb och effektiv l\u00f6sning f\u00f6r hudv\u00e5rd f\u00f6r moderna m\u00e4nniskor som st\u00e4ndigt uts\u00e4tts f\u00f6r milj\u00f6f\u00f6roreningar, UV-skador och livsstress. Dessutom \u00e4r den ocks\u00e5 l\u00e4mplig f\u00f6r de konsumenter som letar efter naturlig hudv\u00e5rd och botaniska ingredienser.<\/p>\n\n\n\n<h2 class=\"wp-block-heading\">Produktionsprocess f\u00f6r Jelly ansiktsmask<\/h2>\n\n\n\n<p>F\u00f6r att s\u00e4kerst\u00e4lla h\u00f6gsta kvalitet och effektivitet vidtas en rad str\u00e4nga \u00e5tg\u00e4rder under tillverkningsprocessen av v\u00e5ra Jelly Facial Masks. F\u00f6rst v\u00e4ljer vi noggrant ut de finaste v\u00e4xterna f\u00f6r att s\u00e4kerst\u00e4lla deras renhet och aktivitet. Dessa blandas sedan f\u00f6rsiktigt med makromolekyl\u00e4ra fuktkr\u00e4mer f\u00f6r att skapa en synergistisk formel som kompletterar varandra. Som en professionell tillverkare av Jelly ansiktsmasker kr\u00e4ver n\u00e4sta avg\u00f6rande steg av gelning att v\u00e5rt team av proffs exakt kontrollerar m\u00e4ngden karbomer som tills\u00e4tts f\u00f6r att uppn\u00e5 \u00f6nskad kylande gelstruktur. Denna kritiska balans f\u00f6rst\u00e4rker inte bara den svalkande k\u00e4nslan vid applicering, utan s\u00e4kerst\u00e4ller ocks\u00e5 att masken f\u00e4ster p\u00e5 huden f\u00f6r maximal effektivitet.<\/p>","protected":false},"excerpt":{"rendered":"Jelly facial mask manufacturing common formulas Carbomer As a superior thickener and stabilizer, carbomer plays a key role in our Jelly Facial Mask, enhancing the adhesion of the mask and ensuring effective penetration of nutrients. In addition, North American Witch Hazel Water is known for its soothing and astringent properties, helping to regulate skin&#8217;s oils, [&hellip;]","protected":false},"featured_media":464,"menu_order":0,"template":"","meta":[],"product-tag":[],"products":[69],"class_list":["post-463","product","type-product","status-publish","has-post-thumbnail","hentry","products-facial-mask"],"acf":[],"_links":{"self":[{"href":"https:\/\/www.ruiqigo.com\/sv\/wp-json\/wp\/v2\/product\/463","targetHints":{"allow":["GET"]}}],"collection":[{"href":"https:\/\/www.ruiqigo.com\/sv\/wp-json\/wp\/v2\/product"}],"about":[{"href":"https:\/\/www.ruiqigo.com\/sv\/wp-json\/wp\/v2\/types\/product"}],"version-history":[{"count":0,"href":"https:\/\/www.ruiqigo.com\/sv\/wp-json\/wp\/v2\/product\/463\/revisions"}],"wp:featuredmedia":[{"embeddable":true,"href":"https:\/\/www.ruiqigo.com\/sv\/wp-json\/wp\/v2\/media\/464"}],"wp:attachment":[{"href":"https:\/\/www.ruiqigo.com\/sv\/wp-json\/wp\/v2\/media?parent=463"}],"wp:term":[{"taxonomy":"product-tag","embeddable":true,"href":"https:\/\/www.ruiqigo.com\/sv\/wp-json\/wp\/v2\/product-tag?post=463"},{"taxonomy":"products","embeddable":true,"href":"https:\/\/www.ruiqigo.com\/sv\/wp-json\/wp\/v2\/products?post=463"}],"curies":[{"name":"wp","href":"https:\/\/api.w.org\/{rel}","templated":true}]}}