{"id":468,"date":"2024-07-12T15:30:38","date_gmt":"2024-07-12T07:30:38","guid":{"rendered":"https:\/\/ruiqigo.com\/?post_type=product&#038;p=468"},"modified":"2024-11-06T13:38:55","modified_gmt":"2024-11-06T05:38:55","slug":"bubble-facial-mask","status":"publish","type":"product","link":"https:\/\/www.ruiqigo.com\/sv\/product\/bubble-facial-mask","title":{"rendered":"Bubble ansiktsmask"},"content":{"rendered":"<h2 class=\"wp-block-heading\">Bubble ansiktsmask som tillverkar vanliga formler<\/h2>\n\n\n\n<p>K\u00e4rningredienserna i denna bubbla ansiktsmask inkluderar White Willow Bark Extract, Amaranth Extract och Oat Beta-Glucan. White Willow Bark Extract \u00e4r rikt p\u00e5 ellaginsyra och andra viktiga aktiva ingredienser, som effektivt kan absorbera smuts i porerna och h\u00e4mma tillv\u00e4xten av skadliga bakterier och p\u00e5 s\u00e5 s\u00e4tt uppn\u00e5 en djupreng\u00f6rande effekt. Amarantextrakt \u00e4r rikt p\u00e5 C-vitamin och aminosyror, vilket hj\u00e4lper till att lindra irritation orsakad av reng\u00f6ring och bibeh\u00e5ller hudens barri\u00e4rfunktion. Som en ledande tillverkare av Bubble ansiktsmasker vet vi att Oat Beta Glucan inte bara skapar rika, t\u00e4ta bubblor, utan ocks\u00e5 absorberar \u00f6verfl\u00f6dig olja och exfolierar varsamt d\u00f6da hudceller, vilket g\u00f6r huden fr\u00e4sch och str\u00e5lande. Dessa tre k\u00e4rningredienser kompletterar varandra f\u00f6r att ge din hud en omfattande djupreng\u00f6ring och reparation.<\/p>\n\n\n\n<h2 class=\"wp-block-heading\">Bubbla ansiktsmask till\u00e4mpliga scenarier<\/h2>\n\n\n\n<p>Bubbelansiktsmasken \u00e4r idealisk f\u00f6r hud i T-zonen som \u00e4r utsatt f\u00f6r pormaskar, akne och f\u00f6rstorade porer p\u00e5 grund av l\u00e5ngvarig oljighet eller brist p\u00e5 reng\u00f6ring. Appliceras varje vecka och l\u00f6ser upp gamla skr\u00e4p och f\u00f6roreningar p\u00e5 djupet i porerna och l\u00e4mnar huden fr\u00e4sch och \u00e5terupplivad. De lugnande ingredienserna i denna reng\u00f6ring ger ocks\u00e5 omedelbar lindring efter reng\u00f6ring, vilket g\u00f6r processen trevlig.<\/p>\n\n\n\n<h2 class=\"wp-block-heading\">Vem \u00e4r Bubble ansiktsmask l\u00e4mplig f\u00f6r<\/h2>\n\n\n\n<p>Denna bubbla ansiktsmask \u00e4r l\u00e4mplig f\u00f6r alla hudtyper, speciellt de som beh\u00f6ver djupreng\u00f6ring, porv\u00e5rd och ljusare hy. F\u00f6r fet och kombinerad hud kontrollerar den effektivt oljeproduktionen och minskar uppkomsten av akne och pormaskar. F\u00f6r torr och k\u00e4nslig hud, dess milda formel och fuktgivande ingredienser lugnar huden och minskar irritation.<\/p>\n\n\n\n<h2 class=\"wp-block-heading\">Bubbla ansiktsmask produktionsprocessen<\/h2>\n\n\n\n<p>V\u00e5rt professionella team har arbetat outtr\u00f6ttligt f\u00f6r att skapa en enast\u00e5ende bubbla ansiktsmask. F\u00f6r det f\u00f6rsta \u00e4r vi mycket strikta i valet av r\u00e5varor f\u00f6r att s\u00e4kerst\u00e4lla renheten och aktiviteten hos k\u00e4rningredienser som White Willow Bark Extract och Amaranth Extract. Sedan, i formuleringsprocessen, som en p\u00e5litlig Bubble ansiktsmasktillverkare kontrollerar vi noggrant m\u00e4ngden och andelen av varje ingrediens f\u00f6r att maximera deras synergistiska effekter. Det viktigaste skumningssteget optimerades om och om igen f\u00f6r att uppn\u00e5 rika, kr\u00e4miga bubblor.<\/p>","protected":false},"excerpt":{"rendered":"Bubble facial mask manufacturing common formulas The core ingredients of this bubble facial mask include White Willow Bark Extract, Amaranth Extract and Oat Beta-Glucan. White Willow Bark Extract is rich in ellagic acid and other important active ingredients, which can effectively absorb dirt in the pores and inhibit the growth of harmful bacteria, thus achieving [&hellip;]","protected":false},"featured_media":469,"menu_order":0,"template":"","meta":[],"product-tag":[],"products":[69],"class_list":["post-468","product","type-product","status-publish","has-post-thumbnail","hentry","products-facial-mask"],"acf":[],"_links":{"self":[{"href":"https:\/\/www.ruiqigo.com\/sv\/wp-json\/wp\/v2\/product\/468","targetHints":{"allow":["GET"]}}],"collection":[{"href":"https:\/\/www.ruiqigo.com\/sv\/wp-json\/wp\/v2\/product"}],"about":[{"href":"https:\/\/www.ruiqigo.com\/sv\/wp-json\/wp\/v2\/types\/product"}],"version-history":[{"count":0,"href":"https:\/\/www.ruiqigo.com\/sv\/wp-json\/wp\/v2\/product\/468\/revisions"}],"wp:featuredmedia":[{"embeddable":true,"href":"https:\/\/www.ruiqigo.com\/sv\/wp-json\/wp\/v2\/media\/469"}],"wp:attachment":[{"href":"https:\/\/www.ruiqigo.com\/sv\/wp-json\/wp\/v2\/media?parent=468"}],"wp:term":[{"taxonomy":"product-tag","embeddable":true,"href":"https:\/\/www.ruiqigo.com\/sv\/wp-json\/wp\/v2\/product-tag?post=468"},{"taxonomy":"products","embeddable":true,"href":"https:\/\/www.ruiqigo.com\/sv\/wp-json\/wp\/v2\/products?post=468"}],"curies":[{"name":"wp","href":"https:\/\/api.w.org\/{rel}","templated":true}]}}