{"id":473,"date":"2024-07-12T15:39:04","date_gmt":"2024-07-12T07:39:04","guid":{"rendered":"https:\/\/ruiqigo.com\/?post_type=product&#038;p=473"},"modified":"2024-11-06T13:36:00","modified_gmt":"2024-11-06T05:36:00","slug":"honey-facial-mask","status":"publish","type":"product","link":"https:\/\/www.ruiqigo.com\/sv\/product\/honey-facial-mask","title":{"rendered":"Honung ansiktsmask"},"content":{"rendered":"<h2 class=\"wp-block-heading\">Vanliga formler f\u00f6r tillverkning av honungsmasker<\/h2>\n\n\n\n<p>K\u00e4rningredienserna i denna honungsmask inneh\u00e5ller honungsextrakt, bidrottninggel\u00e9extrakt och amarantextrakt. Honungsextrakt \u00e4r rikt p\u00e5 sockerarter, aminosyror och vitaminer, vilket inte bara \u00e5terfuktar huden utan ocks\u00e5 fr\u00e4mjar kollagensyntesen, vilket g\u00f6r huden mer smidig och \u00e5terfuktad. Bidrottninggel\u00e9extrakt \u00e4r rikt p\u00e5 en m\u00e4ngd olika vitaminer och mineraler, kan effektivt f\u00f6rb\u00e4ttra hudens struktur, \u00f6ka hudens antioxidantkapacitet och uppn\u00e5 effekten av ljusvit hud. Amaranthextrakt, som \u00e4r rikt p\u00e5 C-vitamin, h\u00e4mmar inte bara melaninproduktionen och lindrar hyperpigmentering, utan lugnar \u00e4ven inflammation utl\u00f6st av torrhet, vilket g\u00f6r att huden kan \u00e5terf\u00e5 sitt friska och naturliga tillst\u00e5nd.<\/p>\n\n\n\n<h2 class=\"wp-block-heading\">Till\u00e4mpliga scenarier f\u00f6r ansiktsmask med honung<\/h2>\n\n\n\n<p>Ansiktsmasken Honey passar f\u00f6r en m\u00e4ngd olika hudv\u00e5rdstillf\u00e4llen, s\u00e4rskilt f\u00f6r akut \u00e5terfuktning under torrs\u00e4songen eller n\u00e4r huden \u00e4r uttorkad. Den \u00e4r ocks\u00e5 l\u00e4mplig som en regelbunden hudv\u00e5rdsrutin f\u00f6r att bibeh\u00e5lla hudens fuktbalans och h\u00e4lsa. Dessutom ger masken en lugnande och \u00e5terst\u00e4llande effekt f\u00f6r hud som har varit i en luftkonditionerad milj\u00f6 under en l\u00e4ngre tid eller efter att ha upplevt solexponering.<\/p>\n\n\n\n<h2 class=\"wp-block-heading\">F\u00f6r vem passar honungsmask?<\/h2>\n\n\n\n<p>Denna ansiktsmask med honung passar alla hudtyper, s\u00e4rskilt torr, uttorkad och mogen hud. Den \u00e4r ett idealiskt val f\u00f6r konsumenter som vill f\u00f6rb\u00e4ttra hudtonen, minska inflammation och f\u00f6rb\u00e4ttra hudens elasticitet. \u00c4ven f\u00f6r k\u00e4nslig hud minskar den milda formulan irritation och ger lugnande och skydd.<\/p>\n\n\n\n<h2 class=\"wp-block-heading\">Produktionsprocess f\u00f6r honungsmasker<\/h2>\n\n\n\n<p>Vid tillverkningen av v\u00e5r honungsmask anv\u00e4nder vi, som en hederlig tillverkare av honungsmasker, avancerade extraktions- och blandningstekniker f\u00f6r att s\u00e4kerst\u00e4lla alla ingrediensers styrka och aktivitet. Genom en l\u00e5gtemperaturextraktionsprocess bevarar vi de naturliga enzymerna och n\u00e4rings\u00e4mnena som finns i honung och bidrottninggel\u00e9. Dessutom anv\u00e4nder vi aseptisk fyllningsteknik f\u00f6r att s\u00e4kerst\u00e4lla v\u00e5ra produkters renhet och stabilitet. Som en professionell tillverkare av honungsmasker inkluderar maskens produktionsprocessen \u00e4ven en unik emulgeringsprocess, vilket hj\u00e4lper till att skapa maskens silkeslena konsistens, vilket g\u00f6r den l\u00e4ttare att applicera och absorbera av huden. Genom dessa speciella produktionsprocesser s\u00e4kerst\u00e4ller vi h\u00f6g kvalitet och \u00f6verl\u00e4gsna resultat hos v\u00e5r honungsmask.<\/p>","protected":false},"excerpt":{"rendered":"Honey facial mask manufacturing common formulas The core ingredients of this honey facial mask include honey extract, royal jelly extract and amaranth extract. Honey extract is rich in sugars, amino acids and vitamins, which not only replenishes skin moisture, but also promotes collagen synthesis, making skin more supple and moisturized. Royal jelly extract is rich [&hellip;]","protected":false},"featured_media":474,"menu_order":0,"template":"","meta":[],"product-tag":[],"products":[69],"class_list":["post-473","product","type-product","status-publish","has-post-thumbnail","hentry","products-facial-mask"],"acf":[],"_links":{"self":[{"href":"https:\/\/www.ruiqigo.com\/sv\/wp-json\/wp\/v2\/product\/473","targetHints":{"allow":["GET"]}}],"collection":[{"href":"https:\/\/www.ruiqigo.com\/sv\/wp-json\/wp\/v2\/product"}],"about":[{"href":"https:\/\/www.ruiqigo.com\/sv\/wp-json\/wp\/v2\/types\/product"}],"version-history":[{"count":0,"href":"https:\/\/www.ruiqigo.com\/sv\/wp-json\/wp\/v2\/product\/473\/revisions"}],"wp:featuredmedia":[{"embeddable":true,"href":"https:\/\/www.ruiqigo.com\/sv\/wp-json\/wp\/v2\/media\/474"}],"wp:attachment":[{"href":"https:\/\/www.ruiqigo.com\/sv\/wp-json\/wp\/v2\/media?parent=473"}],"wp:term":[{"taxonomy":"product-tag","embeddable":true,"href":"https:\/\/www.ruiqigo.com\/sv\/wp-json\/wp\/v2\/product-tag?post=473"},{"taxonomy":"products","embeddable":true,"href":"https:\/\/www.ruiqigo.com\/sv\/wp-json\/wp\/v2\/products?post=473"}],"curies":[{"name":"wp","href":"https:\/\/api.w.org\/{rel}","templated":true}]}}