{"id":479,"date":"2024-07-12T16:01:49","date_gmt":"2024-07-12T08:01:49","guid":{"rendered":"https:\/\/ruiqigo.com\/?post_type=product&#038;p=479"},"modified":"2024-11-05T23:15:26","modified_gmt":"2024-11-05T15:15:26","slug":"avocado-facial-mask","status":"publish","type":"product","link":"https:\/\/www.ruiqigo.com\/sv\/product\/avocado-facial-mask","title":{"rendered":"Avokado ansiktsmask"},"content":{"rendered":"<h2 class=\"wp-block-heading\">Vanliga formler f\u00f6r tillverkning av avokado-ansiktsmasker<\/h2>\n\n\n\n<p>K\u00e4rningredienserna i denna avokado-ansiktsmask \u00e4r avokadotr\u00e4dk\u00e5da, camellia sinensis-extrakt och vitamin E. Bland dessa \u00e4r avokadotr\u00e4dk\u00e5da rik p\u00e5 oljor och fettsyror, som kan ge n\u00e4ring \u00e5t hudens undersida p\u00e5 djupet och f\u00f6rb\u00e4ttra hudens elasticitet och smidighet. Samtidigt kan den ocks\u00e5 effektivt f\u00f6rhindra vattenf\u00f6rlust, s\u00e5 att huden k\u00e4nns \u00e5terfuktad och fyllig. Camelliaextrakt \u00e4r rikt p\u00e5 antioxidantvitaminer, vilket effektivt kan minska skador fr\u00e5n fria radikaler p\u00e5 huden och f\u00f6rb\u00e4ttra problemet med matt hud och svullnader. Som tillverkare av avokado-ansiktsmasker fr\u00e4mjar E-vitamin inte bara cellmetabolismen, f\u00f6rb\u00e4ttrar hudens f\u00f6rm\u00e5ga att motst\u00e5, utan minimerar \u00e4ven fina linjer, vilket g\u00f6r huden mer smidig och elastisk.<\/p>\n\n\n\n<h2 class=\"wp-block-heading\">Till\u00e4mpliga scenarier f\u00f6r ansiktsmask med avokado<\/h2>\n\n\n\n<p>Avokado-ansiktsmasken passar f\u00f6r en m\u00e4ngd olika tillf\u00e4llen, oavsett om du sk\u00f6ter din dagliga hudv\u00e5rd hemma eller njuter av en professionell behandling p\u00e5 salongen, kan den ge betydande f\u00f6rb\u00e4ttringar f\u00f6r din hud. Den \u00e4r s\u00e4rskilt l\u00e4mplig att anv\u00e4nda under torrs\u00e4songen, l\u00e5ngvarig exponering f\u00f6r luftkonditionering eller v\u00e4rme, eller f\u00f6r hudreparation efter solexponering.<\/p>\n\n\n\n<h2 class=\"wp-block-heading\">F\u00f6r vem \u00e4r en avokado-ansiktsmask l\u00e4mplig?<\/h2>\n\n\n\n<p>Denna mask passar alla hudtyper, s\u00e4rskilt torr och uttorkad hud. F\u00f6r konsumenter som beh\u00f6ver djupg\u00e5ende n\u00e4ring och \u00e5terfuktning ger avokado-ansiktsmasken rik n\u00e4ring och l\u00e5ngvarig \u00e5terfuktande effekt. Den \u00e4r ocks\u00e5 idealisk f\u00f6r dig som s\u00f6ker en frisk och naturligt str\u00e5lande hud.<\/p>\n\n\n\n<h2 class=\"wp-block-heading\">Produktionsprocess f\u00f6r ansiktsmask med avokado<\/h2>\n\n\n\n<p>V\u00e5ra avokado-ansiktsmasker tillverkas med en unik produktionsprocess f\u00f6r att s\u00e4kerst\u00e4lla v\u00e5ra produkters h\u00f6ga kvalitet och effektivitet. I produktionsprocessen kontrollerar vi f\u00f6rst och fr\u00e4mst, vid valet av r\u00e5varor, strikt kvaliteten p\u00e5 k\u00e4rningredienserna, s\u00e5som avokadotr\u00e4dk\u00e5da och kameliaextrakt, f\u00f6r att maximera deras n\u00e4ringsv\u00e4rde och aktiva substanser. I formuleringsprocessen balanserar vi ocks\u00e5 noggrant f\u00f6rh\u00e5llandet mellan olika ingredienser s\u00e5 att de kan ha b\u00e4sta m\u00f6jliga synergistiska effekt p\u00e5 huden. Samtidigt har vi, som en p\u00e5litlig tillverkare av avokado-ansiktsmasker, utformat en mild och mild extraktionsprocess f\u00f6r avokado, en naturlig ingrediens, f\u00f6r att s\u00e4kerst\u00e4lla att dess n\u00e4rings\u00e4mnen inte skadas och att den ursprungliga smaken bevaras maximalt.<\/p>","protected":false},"excerpt":{"rendered":"Avocado facial mask manufacturing common formulas The core ingredients of this avocado facial mask are avocado tree resin, camellia sinensis extract and vitamin E. Among them, avocado tree resin is rich in oils and fatty acids, which can deeply nourish the underbelly of the skin and enhance the elasticity and suppleness of the skin. At [&hellip;]","protected":false},"featured_media":480,"menu_order":0,"template":"","meta":[],"product-tag":[],"products":[69],"class_list":["post-479","product","type-product","status-publish","has-post-thumbnail","hentry","products-facial-mask"],"acf":[],"_links":{"self":[{"href":"https:\/\/www.ruiqigo.com\/sv\/wp-json\/wp\/v2\/product\/479","targetHints":{"allow":["GET"]}}],"collection":[{"href":"https:\/\/www.ruiqigo.com\/sv\/wp-json\/wp\/v2\/product"}],"about":[{"href":"https:\/\/www.ruiqigo.com\/sv\/wp-json\/wp\/v2\/types\/product"}],"version-history":[{"count":0,"href":"https:\/\/www.ruiqigo.com\/sv\/wp-json\/wp\/v2\/product\/479\/revisions"}],"wp:featuredmedia":[{"embeddable":true,"href":"https:\/\/www.ruiqigo.com\/sv\/wp-json\/wp\/v2\/media\/480"}],"wp:attachment":[{"href":"https:\/\/www.ruiqigo.com\/sv\/wp-json\/wp\/v2\/media?parent=479"}],"wp:term":[{"taxonomy":"product-tag","embeddable":true,"href":"https:\/\/www.ruiqigo.com\/sv\/wp-json\/wp\/v2\/product-tag?post=479"},{"taxonomy":"products","embeddable":true,"href":"https:\/\/www.ruiqigo.com\/sv\/wp-json\/wp\/v2\/products?post=479"}],"curies":[{"name":"wp","href":"https:\/\/api.w.org\/{rel}","templated":true}]}}