{"id":484,"date":"2024-07-12T16:15:53","date_gmt":"2024-07-12T08:15:53","guid":{"rendered":"https:\/\/ruiqigo.com\/?post_type=product&#038;p=484"},"modified":"2024-11-05T23:16:03","modified_gmt":"2024-11-05T15:16:03","slug":"oat-facial-mask","status":"publish","type":"product","link":"https:\/\/www.ruiqigo.com\/sv\/product\/oat-facial-mask","title":{"rendered":"Havre ansiktsmask"},"content":{"rendered":"<h2 class=\"wp-block-heading\">Vanliga formler f\u00f6r tillverkning av havremasker<\/h2>\n\n\n\n<p>K\u00e4rningredienserna i denna havre-ansiktsmask \u00e4r havreextrakt, hydrolyserat havreprotein och havre-betaglukan. Bland dessa \u00e4r havreextrakt rikt p\u00e5 naturliga saponiner, som skonsamt exfolierar orenheter och djupreng\u00f6r porerna. Samtidigt kan det \u00e4ven reglera talgproduktionen och kontrollera bildandet av pormaskar och akne. Hydrolyserat havreprotein kan tr\u00e4nga djupt in i huden, fylla p\u00e5 med rik proteinn\u00e4ring, vilket f\u00f6rb\u00e4ttrar hudens grovhet och g\u00f6r huden mer k\u00e4nslig och mjuk. N\u00e4r det g\u00e4ller havre-betaglukan, som en v\u00e4rdig tillverkare av havre-ansiktsmasker, vet vi att det inte bara effektivt absorberar vatten och f\u00f6rb\u00e4ttrar hudens \u00e5terfuktningsf\u00f6rm\u00e5ga, utan ocks\u00e5 aktiverar cellerna och f\u00f6rb\u00e4ttrar hudens sj\u00e4lvreparerande funktion, vilket g\u00f6r att du kan \u00e5terf\u00e5 den goda kvaliteten p\u00e5 en ljus och kristallklar hud.<\/p>\n\n\n\n<h2 class=\"wp-block-heading\">Till\u00e4mpliga scenarier f\u00f6r ansiktsmask med havre<\/h2>\n\n\n\n<p>Havremasken passar f\u00f6r en m\u00e4ngd olika hudv\u00e5rdstillf\u00e4llen och \u00e4r s\u00e4rskilt bra att anv\u00e4nda n\u00e4r huden beh\u00f6ver djupreng\u00f6ring och n\u00e4ring. Till exempel efter en dag med yttre f\u00f6roreningar eller under \u00e5rstidsv\u00e4xlingar n\u00e4r huden beh\u00f6ver s\u00e4rskild v\u00e5rd. Dessutom ger havremasken en mild reng\u00f6rande och lugnande effekt f\u00f6r hud som har anv\u00e4nt smink l\u00e4nge.<\/p>\n\n\n\n<h2 class=\"wp-block-heading\">Vem passar en havremask f\u00f6r?<\/h2>\n\n\n\n<p>Denna mask \u00e4r s\u00e4rskilt l\u00e4mplig f\u00f6r personer med tjockare nagelband som beh\u00f6ver ljusa upp sin hudton. F\u00f6r konsumenter med grov hud, f\u00f6rstorade porer eller de som lider av akne kan en havrebaserad ansiktsmask vara en effektiv l\u00f6sning. Det \u00e4r ocks\u00e5 ett idealiskt val f\u00f6r konsumenter som letar efter naturlig hudv\u00e5rd och botaniska ingredienser.<\/p>\n\n\n\n<h2 class=\"wp-block-heading\">Produktionsprocess f\u00f6r havremasker<\/h2>\n\n\n\n<p>Produktionsprocessen f\u00f6r havremasker fokuserar p\u00e5 att bevara ingrediensernas naturliga aktivitet och effektivitet. Vi anv\u00e4nder l\u00e5gtemperaturextraktionsteknik f\u00f6r att extrahera de aktiva ingredienserna fr\u00e5n havren f\u00f6r att s\u00e4kerst\u00e4lla deras renhet och stabilitet. Under produktionsprocessen kontrollerar vi strikt produktionsmilj\u00f6n f\u00f6r att s\u00e4kerst\u00e4lla v\u00e5ra produkters sterilitet och s\u00e4kerhet. Dessutom, som en ledande tillverkare av havremasker, anv\u00e4nder vi unika formuleringar och emulgeringsprocesser f\u00f6r att g\u00f6ra maskerna kr\u00e4miga i konsistensen och l\u00e4ttabsorberade, vilket ger en mild men effektiv hudv\u00e5rdsupplevelse.<\/p>","protected":false},"excerpt":{"rendered":"Oat facial mask manufacturing common formulas The core ingredients of this oat facial mask are oat kernel extract, hydrolyzed oat protein and oat beta-glucan. Among them, Oat Kernel Extract is rich in natural saponins, which gently exfoliates impurities and deeply cleanses pores. At the same time, it can also regulate sebum secretion and control the [&hellip;]","protected":false},"featured_media":485,"menu_order":0,"template":"","meta":[],"product-tag":[],"products":[69],"class_list":["post-484","product","type-product","status-publish","has-post-thumbnail","hentry","products-facial-mask"],"acf":[],"_links":{"self":[{"href":"https:\/\/www.ruiqigo.com\/sv\/wp-json\/wp\/v2\/product\/484","targetHints":{"allow":["GET"]}}],"collection":[{"href":"https:\/\/www.ruiqigo.com\/sv\/wp-json\/wp\/v2\/product"}],"about":[{"href":"https:\/\/www.ruiqigo.com\/sv\/wp-json\/wp\/v2\/types\/product"}],"version-history":[{"count":0,"href":"https:\/\/www.ruiqigo.com\/sv\/wp-json\/wp\/v2\/product\/484\/revisions"}],"wp:featuredmedia":[{"embeddable":true,"href":"https:\/\/www.ruiqigo.com\/sv\/wp-json\/wp\/v2\/media\/485"}],"wp:attachment":[{"href":"https:\/\/www.ruiqigo.com\/sv\/wp-json\/wp\/v2\/media?parent=484"}],"wp:term":[{"taxonomy":"product-tag","embeddable":true,"href":"https:\/\/www.ruiqigo.com\/sv\/wp-json\/wp\/v2\/product-tag?post=484"},{"taxonomy":"products","embeddable":true,"href":"https:\/\/www.ruiqigo.com\/sv\/wp-json\/wp\/v2\/products?post=484"}],"curies":[{"name":"wp","href":"https:\/\/api.w.org\/{rel}","templated":true}]}}