{"id":489,"date":"2024-07-12T16:33:47","date_gmt":"2024-07-12T08:33:47","guid":{"rendered":"https:\/\/ruiqigo.com\/?post_type=product&#038;p=489"},"modified":"2024-11-05T23:09:49","modified_gmt":"2024-11-05T15:09:49","slug":"herb-facial-mask","status":"publish","type":"product","link":"https:\/\/www.ruiqigo.com\/sv\/product\/herb-facial-mask","title":{"rendered":"\u00d6rt ansiktsmask"},"content":{"rendered":"<h2 class=\"wp-block-heading\">\u00d6rt ansiktsmask som tillverkar vanliga formler<\/h2>\n\n\n\n<p>\u00d6rt ansiktsmask inneh\u00e5ller nordamerikanskt trollhasselvatten, gurkaxtrakt och amarantextrakt, rik p\u00e5 flera \u00f6rtextrakt. North American Witch Hazel Water \u00e4r k\u00e4nt f\u00f6r sina lugnande och sammandragande egenskaper, som hj\u00e4lper till att balansera hudens olja, minimera f\u00f6rstorade porer och \u00e5terst\u00e4lla fr\u00e4sch\u00f6r och f\u00f6rfining till huden. Gurkextrakt \u00e4r rikt p\u00e5 vatten och vitaminer, vilket ger omedelbar \u00e5terfuktning till huden samtidigt som det har en kylande och lugnande effekt. Som en p\u00e5litlig Herb ansiktsmasktillverkare vet vi att Amaranthus Extract har antiinflammatoriska och antioxiderande egenskaper som minskar rodnad, fr\u00e4mjar hudens h\u00e4lsa och f\u00f6rb\u00e4ttrar hudens f\u00f6rm\u00e5ga att skydda sig sj\u00e4lv.<\/p>\n\n\n\n<h2 class=\"wp-block-heading\">\u00d6rt ansiktsmask till\u00e4mpliga scenarier<\/h2>\n\n\n\n<p>Herb ansiktsmasken \u00e4r l\u00e4mplig f\u00f6r en l\u00e5ng rad hudv\u00e5rdstillf\u00e4llen, speciellt n\u00e4r \u00e5rstiderna skiftar, n\u00e4r huden uts\u00e4tts f\u00f6r yttre stimuli eller n\u00e4r den har varit i en luftkonditionerad milj\u00f6 under en l\u00e4ngre tid. Den \u00e4r ocks\u00e5 idealisk f\u00f6r anv\u00e4ndning i en daglig hudv\u00e5rdsrutin f\u00f6r att ge regelbunden lugnande och \u00e5terfuktande till huden. Dessutom ger \u00f6rtmasken viktiga lugnande och \u00e5terst\u00e4llande egenskaper till huden efter en l\u00e5ng resa eller utomhusaktiviteter.<\/p>\n\n\n\n<h2 class=\"wp-block-heading\">Vem \u00e4r Herb ansiktsmask l\u00e4mplig f\u00f6r<\/h2>\n\n\n\n<p>Denna mask \u00e4r l\u00e4mplig f\u00f6r alla hudtyper, speciellt f\u00f6r k\u00e4nslig hud eller hud som \u00e4r utsatt f\u00f6r yttre stimuli. F\u00f6r konsumenter som s\u00f6ker naturlig hudv\u00e5rd och vill minimera kemisk exponering, erbjuder \u00f6rtmasken ett skonsamt men effektivt hudv\u00e5rdsalternativ. Den \u00e4r ocks\u00e5 l\u00e4mplig f\u00f6r dem som beh\u00f6ver lindra hudtr\u00f6tthet och f\u00f6ryngra huden.<\/p>\n\n\n\n<h2 class=\"wp-block-heading\">Produktionsprocess f\u00f6r \u00f6rt ansiktsmask<\/h2>\n\n\n\n<p>Vi anv\u00e4nder en unik l\u00e5gtemperaturvakuumfr\u00e4sningsprocess med strikt temperatur- och tidskontroll f\u00f6r att maximera bibeh\u00e5llandet av \u00f6rternas rika n\u00e4rings\u00e4mnen. Vi v\u00e4ljer noggrant ut naturliga v\u00e4xtingredienser av h\u00f6g kvalitet och anv\u00e4nder formeln utan tillsatser f\u00f6r att s\u00e4kerst\u00e4lla att Herb-ansiktsmasken \u00e4r s\u00e4ker och skonsam och verkligen v\u00e5rdar hudens h\u00e4lsa. Som en v\u00e4rdig tillverkare av Herb ansiktsmasker anv\u00e4nder vi \u00e4ven plastfri f\u00f6rpackningsdesign, vilket framh\u00e4ver konceptet med milj\u00f6skydd.<\/p>","protected":false},"excerpt":{"rendered":"Herb facial mask manufacturing common formulas Herb facial mask contains North American Witch Hazel Water, Cucumber Extract, and Amaranth Extract, rich in multiple herbal extracts. North American Witch Hazel Water is known for its soothing and astringent properties, helping to balance the skin&#8217;s oil, minimize enlarged pores, and restore freshness and refinement to the skin. [&hellip;]","protected":false},"featured_media":490,"menu_order":0,"template":"","meta":[],"product-tag":[],"products":[69],"class_list":["post-489","product","type-product","status-publish","has-post-thumbnail","hentry","products-facial-mask"],"acf":[],"_links":{"self":[{"href":"https:\/\/www.ruiqigo.com\/sv\/wp-json\/wp\/v2\/product\/489","targetHints":{"allow":["GET"]}}],"collection":[{"href":"https:\/\/www.ruiqigo.com\/sv\/wp-json\/wp\/v2\/product"}],"about":[{"href":"https:\/\/www.ruiqigo.com\/sv\/wp-json\/wp\/v2\/types\/product"}],"version-history":[{"count":0,"href":"https:\/\/www.ruiqigo.com\/sv\/wp-json\/wp\/v2\/product\/489\/revisions"}],"wp:featuredmedia":[{"embeddable":true,"href":"https:\/\/www.ruiqigo.com\/sv\/wp-json\/wp\/v2\/media\/490"}],"wp:attachment":[{"href":"https:\/\/www.ruiqigo.com\/sv\/wp-json\/wp\/v2\/media?parent=489"}],"wp:term":[{"taxonomy":"product-tag","embeddable":true,"href":"https:\/\/www.ruiqigo.com\/sv\/wp-json\/wp\/v2\/product-tag?post=489"},{"taxonomy":"products","embeddable":true,"href":"https:\/\/www.ruiqigo.com\/sv\/wp-json\/wp\/v2\/products?post=489"}],"curies":[{"name":"wp","href":"https:\/\/api.w.org\/{rel}","templated":true}]}}