{"id":500,"date":"2024-07-16T10:38:36","date_gmt":"2024-07-16T02:38:36","guid":{"rendered":"https:\/\/ruiqigo.com\/?post_type=product&#038;p=500"},"modified":"2024-11-06T11:00:46","modified_gmt":"2024-11-06T03:00:46","slug":"foaming-cleanser","status":"publish","type":"product","link":"https:\/\/www.ruiqigo.com\/sv\/product\/foaming-cleanser","title":{"rendered":"Skummande reng\u00f6ringsmedel"},"content":{"rendered":"<h2 class=\"wp-block-heading\">Vanliga formler f\u00f6r tillverkning av skummande reng\u00f6ringsmedel<\/h2>\n\n\n\n<p>Produkten inneh\u00e5ller kameliaextrakt och amarantextrakt. Som tillverkare av skummande reng\u00f6ringsmedel vet vi att kameliablomsextrakt \u00e4r k\u00e4nt f\u00f6r sina lugnande och antioxidativa egenskaper, vilket hj\u00e4lper till att skydda huden mot fria radikaler samtidigt som det f\u00f6rb\u00e4ttrar mjukhet och elasticitet. Amarantextrakt: K\u00e4nt f\u00f6r sina antiinflammatoriska och antimikrobiella egenskaper, hj\u00e4lper det till att minimera rodnad och irritation och fr\u00e4mjar en frisk hud.<\/p>\n\n\n\n<h2 class=\"wp-block-heading\">Till\u00e4mpliga scenarier f\u00f6r skummande reng\u00f6ringsmedel<\/h2>\n\n\n\n<p>Den skummande reng\u00f6ringen \u00e4r l\u00e4mplig f\u00f6r daglig ansiktsreng\u00f6ring, s\u00e4rskilt f\u00f6r torr, uttorkad, oljeben\u00e4gen och problematisk T-zonhud. Den ger en mild men effektiv reng\u00f6ringsupplevelse, b\u00e5de p\u00e5 morgonen efter att man vaknat och p\u00e5 kv\u00e4llen efter att man tagit bort smink. Den \u00e4r ocks\u00e5 l\u00e4mplig att anv\u00e4nda efter tr\u00e4ning eller efter l\u00e4ngre perioder i utomhusmilj\u00f6er f\u00f6r att hj\u00e4lpa till att avl\u00e4gsna smuts och f\u00f6roreningar fr\u00e5n huden.<\/p>\n\n\n\n<h2 class=\"wp-block-heading\">Vem passar skummande reng\u00f6ring f\u00f6r<\/h2>\n\n\n\n<p>Denna reng\u00f6ring passar alla hudtyper, inklusive k\u00e4nslig hud. Den l\u00f6ddrande reng\u00f6ringen \u00e4r ett idealiskt val f\u00f6r konsumenter som s\u00f6ker en mild reng\u00f6rande och \u00e5terfuktande effekt, eller f\u00f6r de som beh\u00f6ver lugna och \u00e5teruppliva sin hud.<\/p>\n\n\n\n<h2 class=\"wp-block-heading\">Produktionsprocess f\u00f6r skummande reng\u00f6ringsmedel<\/h2>\n\n\n\n<p>Som en p\u00e5litlig tillverkare av skummande reng\u00f6ringsmedel anv\u00e4nder vi ultra-mikromalningsteknik vid l\u00e5g temperatur f\u00f6r att maximera retentionen av n\u00e4rings\u00e4mnena i Camellia sinensis och Amaranthus sinensis. Samtidigt kontrollerar vi noggrant temperaturen och tiden f\u00f6r att s\u00e4kerst\u00e4lla att ingredienserna \u00e4r koncentrerade och inte skadas. Dessutom har vi, som en noggrann tillverkare av skummande reng\u00f6ringsmedel, valt en tillsatsfri formula som inte inneh\u00e5ller n\u00e5gra kemikalier, vilket skapar en verkligt mild och icke-irriterande reng\u00f6ring.<\/p>","protected":false},"excerpt":{"rendered":"Foaming cleanser manufacturing common formulas The product contains camellia extract and amaranth extract. As a Foaming cleanser manufacturer, we know that Camellia Flower Extract is known for its soothing and antioxidant properties, helping to protect the skin from free radicals while improving softness and elasticity. Amaranthus Extract: Known for its anti-inflammatory and antimicrobial properties, it [&hellip;]","protected":false},"featured_media":501,"menu_order":0,"template":"","meta":[],"product-tag":[],"products":[65],"class_list":["post-500","product","type-product","status-publish","has-post-thumbnail","hentry","products-facial-cleanser"],"acf":[],"_links":{"self":[{"href":"https:\/\/www.ruiqigo.com\/sv\/wp-json\/wp\/v2\/product\/500","targetHints":{"allow":["GET"]}}],"collection":[{"href":"https:\/\/www.ruiqigo.com\/sv\/wp-json\/wp\/v2\/product"}],"about":[{"href":"https:\/\/www.ruiqigo.com\/sv\/wp-json\/wp\/v2\/types\/product"}],"version-history":[{"count":0,"href":"https:\/\/www.ruiqigo.com\/sv\/wp-json\/wp\/v2\/product\/500\/revisions"}],"wp:featuredmedia":[{"embeddable":true,"href":"https:\/\/www.ruiqigo.com\/sv\/wp-json\/wp\/v2\/media\/501"}],"wp:attachment":[{"href":"https:\/\/www.ruiqigo.com\/sv\/wp-json\/wp\/v2\/media?parent=500"}],"wp:term":[{"taxonomy":"product-tag","embeddable":true,"href":"https:\/\/www.ruiqigo.com\/sv\/wp-json\/wp\/v2\/product-tag?post=500"},{"taxonomy":"products","embeddable":true,"href":"https:\/\/www.ruiqigo.com\/sv\/wp-json\/wp\/v2\/products?post=500"}],"curies":[{"name":"wp","href":"https:\/\/api.w.org\/{rel}","templated":true}]}}