{"id":506,"date":"2024-07-16T10:55:13","date_gmt":"2024-07-16T02:55:13","guid":{"rendered":"https:\/\/ruiqigo.com\/?post_type=product&#038;p=506"},"modified":"2024-11-06T11:01:08","modified_gmt":"2024-11-06T03:01:08","slug":"tea-tree-cleanser","status":"publish","type":"product","link":"https:\/\/www.ruiqigo.com\/sv\/product\/tea-tree-cleanser","title":{"rendered":"Tea tree reng\u00f6ringsmedel"},"content":{"rendered":"<h2 class=\"wp-block-heading\">Tea tree cleanser som tillverkar vanliga formler<\/h2>\n\n\n\n<p>Inneh\u00e5ller Melaleuca alternifolia bladolja, Camellia sinensis extrakt och Amaranthus communis extrakt. Melaleuca alternifolia bladolja (tea tree oil) har utm\u00e4rkta antibakteriella, antiinflammatoriska och porsammandragande egenskaper, renar porer, d\u00f6dar skadliga bakterier och h\u00e4mmar akne. Camellia sinensis-extrakt \u2013 rikt p\u00e5 naturliga vitaminer och en m\u00e4ngd olika n\u00e4rings\u00e4mnen, kan reparera skadad hud, st\u00e4rka hudbarri\u00e4rfunktionen, hj\u00e4lpa huden att beh\u00e5lla fukt och elasticitet. Som en ledande tillverkare av Tea tree reng\u00f6ringsmedel tror vi att Amaranthus Extract har enast\u00e5ende porreng\u00f6rande och sammandragande egenskaper, effektivt tar bort ansamlad smuts och gammalt keratin, krymper porerna och f\u00f6rb\u00e4ttrar hudens str\u00e4vhet.<\/p>\n\n\n\n<h2 class=\"wp-block-heading\">Tea tree cleanser till\u00e4mpliga scenarier<\/h2>\n\n\n\n<p>Denna Tea Tree Ansiktsreng\u00f6ring \u00e4r l\u00e4mplig f\u00f6r alla hudtyper, speciellt f\u00f6r fet, akneben\u00e4gen hud. Oavsett om du \u00e4r en stillasittande arbetare som letar efter en djupreng\u00f6ring, en sk\u00f6nhets\u00e4lskare som beh\u00f6ver f\u00f6rb\u00e4ttra f\u00f6rstorade porer eller en idrottsman som beh\u00f6ver en grundlig reng\u00f6ring, kan du anv\u00e4nda denna produkt i din dagliga v\u00e5rd och njuta av den dubbla effekten av att reng\u00f6ra och ta bort kvalster.<\/p>\n\n\n\n<h2 class=\"wp-block-heading\">Vem \u00e4r Tea tree cleanser l\u00e4mplig f\u00f6r<\/h2>\n\n\n\n<p>Denna Tea Tree Ansiktsreng\u00f6ring \u00e4r l\u00e4mplig f\u00f6r fet, kombinerad, akneben\u00e4gen hud. Oavsett om du \u00e4r en ton\u00e5rsstudent, en tj\u00e4nsteman eller en medel\u00e5lders man kan du anv\u00e4nda denna reng\u00f6ring f\u00f6r att effektivt reng\u00f6ra din hud, reglera talgsekretionen och f\u00f6rb\u00e4ttra alla typer av problematiska hudtillst\u00e5nd.<\/p>\n\n\n\n<h2 class=\"wp-block-heading\">Produktionsprocess f\u00f6r Tea tree cleanser<\/h2>\n\n\n\n<p>Som en professionell tillverkare av tea tree-reng\u00f6ringsmedel anv\u00e4nder vi avancerad mikrokristallin extraktionsteknik vid l\u00e5g temperatur f\u00f6r att maximera bibeh\u00e5llandet av den naturliga effekten av tea tree-olja, kameliaextrakt och amarantextrakt. Samtidigt kontrollerar vi strikt temperatur och tid f\u00f6r att s\u00e4kerst\u00e4lla att andra aktiva ingredienser inte skadas. Ut\u00f6ver det v\u00e4ljer vi ocks\u00e5 en formel utan tillsatser, utan n\u00e5gra kemiska tillsatser, f\u00f6r att skapa en riktigt skonsam och icke-irriterande reng\u00f6ring.<\/p>","protected":false},"excerpt":{"rendered":"Tea tree cleanser manufacturing common formulas Contains Melaleuca alternifolia leaf oil, Camellia sinensis extract and Amaranthus communis extract. Melaleuca alternifolia leaf oil (tea tree oil) has excellent antibacterial, anti-inflammatory and pore-constricting properties, cleanses pores, kills harmful bacteria and inhibits acne. Camellia sinensis extract &#8211; rich in natural vitamins and a variety of nutrients, can repair [&hellip;]","protected":false},"featured_media":517,"menu_order":0,"template":"","meta":[],"product-tag":[],"products":[65],"class_list":["post-506","product","type-product","status-publish","has-post-thumbnail","hentry","products-facial-cleanser"],"acf":[],"_links":{"self":[{"href":"https:\/\/www.ruiqigo.com\/sv\/wp-json\/wp\/v2\/product\/506","targetHints":{"allow":["GET"]}}],"collection":[{"href":"https:\/\/www.ruiqigo.com\/sv\/wp-json\/wp\/v2\/product"}],"about":[{"href":"https:\/\/www.ruiqigo.com\/sv\/wp-json\/wp\/v2\/types\/product"}],"version-history":[{"count":0,"href":"https:\/\/www.ruiqigo.com\/sv\/wp-json\/wp\/v2\/product\/506\/revisions"}],"wp:featuredmedia":[{"embeddable":true,"href":"https:\/\/www.ruiqigo.com\/sv\/wp-json\/wp\/v2\/media\/517"}],"wp:attachment":[{"href":"https:\/\/www.ruiqigo.com\/sv\/wp-json\/wp\/v2\/media?parent=506"}],"wp:term":[{"taxonomy":"product-tag","embeddable":true,"href":"https:\/\/www.ruiqigo.com\/sv\/wp-json\/wp\/v2\/product-tag?post=506"},{"taxonomy":"products","embeddable":true,"href":"https:\/\/www.ruiqigo.com\/sv\/wp-json\/wp\/v2\/products?post=506"}],"curies":[{"name":"wp","href":"https:\/\/api.w.org\/{rel}","templated":true}]}}