{"id":507,"date":"2024-07-16T10:59:49","date_gmt":"2024-07-16T02:59:49","guid":{"rendered":"https:\/\/ruiqigo.com\/?post_type=product&#038;p=507"},"modified":"2024-11-05T23:02:10","modified_gmt":"2024-11-05T15:02:10","slug":"charcoal-cleanser","status":"publish","type":"product","link":"https:\/\/www.ruiqigo.com\/sv\/product\/charcoal-cleanser","title":{"rendered":"Tr\u00e4kolsreng\u00f6ringsmedel"},"content":{"rendered":"<h2 class=\"wp-block-heading\">Charcoal Cleanser som tillverkar vanliga formler<\/h2>\n\n\n\n<p>Tr\u00e4kol har kraftfulla adsorptionsegenskaper som kan tr\u00e4nga djupt in i porerna och effektivt ta bort ansamlad olja, damm och olika f\u00f6roreningar. Samtidigt, som en v\u00e4rdig Charcoal Cleanser-tillverkare, tycker vi att kol ocks\u00e5 har en mycket bra bakteried\u00f6dande och antibakteriell funktion, kan h\u00e4mma tillv\u00e4xten av skadliga bakterier, f\u00f6r att f\u00f6rhindra bildandet av finnar och akne.<\/p>\n\n\n\n<h2 class=\"wp-block-heading\">Charcoal Cleanser till\u00e4mpliga scenarier<\/h2>\n\n\n\n<p>Charcoal Facial Cleanser \u00e4r l\u00e4mplig f\u00f6r anv\u00e4ndning i en m\u00e4ngd olika situationer, inklusive daglig ansiktsreng\u00f6ring, djupreng\u00f6ring efter borttagning av smink, reng\u00f6ring efter tr\u00e4ning och i milj\u00f6er med d\u00e5lig luftkvalitet f\u00f6r att hj\u00e4lpa till att ta bort f\u00f6roreningar fr\u00e5n huden.<\/p>\n\n\n\n<h2 class=\"wp-block-heading\">Vem passar Charcoal Cleanser f\u00f6r<\/h2>\n\n\n\n<p>Denna reng\u00f6ring \u00e4r s\u00e4rskilt l\u00e4mplig f\u00f6r fet hud, blandhy och akneben\u00e4gen hud. Charcoal Facial Cleanser \u00e4r ett idealiskt val f\u00f6r konsumenter som letar efter en djupreng\u00f6rande effekt eller f\u00f6r dem som beh\u00f6ver f\u00f6rb\u00e4ttra utseendet p\u00e5 f\u00f6rstorade porer.<\/p>\n\n\n\n<h2 class=\"wp-block-heading\">Charcoal Cleanser produktionsprocess<\/h2>\n\n\n\n<p>Under produktionen av Charcoal Facial Cleanser anv\u00e4nder vi avancerad slip- och blandningsteknik f\u00f6r att s\u00e4kerst\u00e4lla finheten och j\u00e4mn f\u00f6rdelning av tonern. Genom att exakt kontrollera tonerns partikelstorlek f\u00f6rb\u00e4ttrar vi produktens adsorptionskapacitet och renande effekt. Som en p\u00e5litlig tillverkare av kolreng\u00f6ring anv\u00e4nder vi aseptisk fyllningsteknik f\u00f6r att s\u00e4kerst\u00e4lla renheten och s\u00e4kerheten hos v\u00e5ra produkter.<\/p>","protected":false},"excerpt":{"rendered":"Charcoal Cleanser manufacturing common formulas Charcoal has powerful adsorption properties that can penetrate deep into the pores and effectively remove accumulated oil, dust and various impurities. At the same time, as a worthy Charcoal Cleanser manufacturer, we think charcoal also has a very good bactericidal and antibacterial function, can inhibit the growth of harmful bacteria, [&hellip;]","protected":false},"featured_media":521,"menu_order":0,"template":"","meta":[],"product-tag":[],"products":[65],"class_list":["post-507","product","type-product","status-publish","has-post-thumbnail","hentry","products-facial-cleanser"],"acf":[],"_links":{"self":[{"href":"https:\/\/www.ruiqigo.com\/sv\/wp-json\/wp\/v2\/product\/507","targetHints":{"allow":["GET"]}}],"collection":[{"href":"https:\/\/www.ruiqigo.com\/sv\/wp-json\/wp\/v2\/product"}],"about":[{"href":"https:\/\/www.ruiqigo.com\/sv\/wp-json\/wp\/v2\/types\/product"}],"version-history":[{"count":0,"href":"https:\/\/www.ruiqigo.com\/sv\/wp-json\/wp\/v2\/product\/507\/revisions"}],"wp:featuredmedia":[{"embeddable":true,"href":"https:\/\/www.ruiqigo.com\/sv\/wp-json\/wp\/v2\/media\/521"}],"wp:attachment":[{"href":"https:\/\/www.ruiqigo.com\/sv\/wp-json\/wp\/v2\/media?parent=507"}],"wp:term":[{"taxonomy":"product-tag","embeddable":true,"href":"https:\/\/www.ruiqigo.com\/sv\/wp-json\/wp\/v2\/product-tag?post=507"},{"taxonomy":"products","embeddable":true,"href":"https:\/\/www.ruiqigo.com\/sv\/wp-json\/wp\/v2\/products?post=507"}],"curies":[{"name":"wp","href":"https:\/\/api.w.org\/{rel}","templated":true}]}}