{"id":525,"date":"2024-07-16T11:49:03","date_gmt":"2024-07-16T03:49:03","guid":{"rendered":"https:\/\/ruiqigo.com\/?post_type=product&#038;p=525"},"modified":"2024-11-05T23:06:02","modified_gmt":"2024-11-05T15:06:02","slug":"creamy-cleanser","status":"publish","type":"product","link":"https:\/\/www.ruiqigo.com\/sv\/product\/creamy-cleanser","title":{"rendered":"Kr\u00e4mig reng\u00f6ring"},"content":{"rendered":"<h2 class=\"wp-block-heading\">Vanliga formler f\u00f6r tillverkning av kr\u00e4mig reng\u00f6ring<\/h2>\n\n\n\n<p>Produkten inneh\u00e5ller natriumhyaluronat och tokoferol. Natriumhyaluronat \u00e4r ett kraftfullt fuktighetsbevarande medel som attraherar och binder stora m\u00e4ngder fukt, vilket ger l\u00e5ngvarig \u00e5terfuktning och f\u00f6rb\u00e4ttrar hudens elasticitet och fasthet. Som en ledande tillverkare av kr\u00e4miga reng\u00f6ringsprodukter \u00e4r tokoferol (vitamin E) en naturlig antioxidant som hj\u00e4lper till att skydda huden fr\u00e5n fria radikaler samtidigt som den fr\u00e4mjar hudreparation och bibeh\u00e5ller hudens h\u00e4lsa.<\/p>\n\n\n\n<h2 class=\"wp-block-heading\">Till\u00e4mpliga scenarier f\u00f6r kr\u00e4mig reng\u00f6ring<\/h2>\n\n\n\n<p>Creamy Cleanser \u00e4r l\u00e4mplig f\u00f6r daglig ansiktsreng\u00f6ring, s\u00e4rskilt p\u00e5 morgonen efter att man vaknat och p\u00e5 kv\u00e4llen efter att man tagit bort smink. Den \u00e4r \u00e4ven l\u00e4mplig att anv\u00e4nda under torra \u00e5rstider eller i luftkonditionerade milj\u00f6er f\u00f6r att skydda huden mot fuktf\u00f6rlust. Den \u00e4r ocks\u00e5 idealisk f\u00f6r k\u00e4nslig hud som kr\u00e4ver mild reng\u00f6ring.<\/p>\n\n\n\n<h2 class=\"wp-block-heading\">Vem passar en kr\u00e4mig reng\u00f6ringsprodukt f\u00f6r?<\/h2>\n\n\n\n<p>Denna reng\u00f6ring passar alla hudtyper, s\u00e4rskilt torr, uttorkad eller mogen hud. F\u00f6r konsumenter som beh\u00f6ver extra \u00e5terfuktning och n\u00e4ring, eller f\u00f6r anv\u00e4ndare med k\u00e4nslig hud som s\u00f6ker en mild reng\u00f6rande effekt, erbjuder Creamy Cleanser den perfekta l\u00f6sningen.<\/p>\n\n\n\n<h2 class=\"wp-block-heading\">Produktionsprocess f\u00f6r kr\u00e4mig reng\u00f6ring<\/h2>\n\n\n\n<p>Under produktionen av Creamy Facial Cleanser anv\u00e4nder vi avancerade extraktions- och emulgeringstekniker f\u00f6r att s\u00e4kerst\u00e4lla alla ingrediensers styrka och stabilitet. Genom att exakt kontrollera koncentrationen av natriumhyaluronat och tokoferoler s\u00e4kerst\u00e4ller vi v\u00e5ra produkters \u00e5terfuktande och antioxidativa effekter. Som tillverkare av Creamy Cleanser anv\u00e4nder vi aseptisk fyllningsteknik f\u00f6r att s\u00e4kerst\u00e4lla v\u00e5ra produkters renhet och s\u00e4kerhet. Dessutom inkluderar v\u00e5r tillverkningsprocess en unik formuleringsprocess som s\u00e4kerst\u00e4ller att reng\u00f6ringen \u00e4r kr\u00e4mig, l\u00e4tt att applicera och milt icke-irriterande.<\/p>","protected":false},"excerpt":{"rendered":"Creamy cleanser manufacturing common formulas The product contains Sodium Hyaluronate, Tocopherol. Sodium Hyaluronate is a powerful humectant that attracts and locks in large amounts of moisture, providing long-lasting moisturization and improving the skin&#8217;s elasticity and firmness. As a leading Creamy cleanser manufacturer, Tocopherol (Vitamin E) is a natural antioxidant that helps protect the skin from [&hellip;]","protected":false},"featured_media":526,"menu_order":0,"template":"","meta":[],"product-tag":[],"products":[65],"class_list":["post-525","product","type-product","status-publish","has-post-thumbnail","hentry","products-facial-cleanser"],"acf":[],"_links":{"self":[{"href":"https:\/\/www.ruiqigo.com\/sv\/wp-json\/wp\/v2\/product\/525","targetHints":{"allow":["GET"]}}],"collection":[{"href":"https:\/\/www.ruiqigo.com\/sv\/wp-json\/wp\/v2\/product"}],"about":[{"href":"https:\/\/www.ruiqigo.com\/sv\/wp-json\/wp\/v2\/types\/product"}],"version-history":[{"count":0,"href":"https:\/\/www.ruiqigo.com\/sv\/wp-json\/wp\/v2\/product\/525\/revisions"}],"wp:featuredmedia":[{"embeddable":true,"href":"https:\/\/www.ruiqigo.com\/sv\/wp-json\/wp\/v2\/media\/526"}],"wp:attachment":[{"href":"https:\/\/www.ruiqigo.com\/sv\/wp-json\/wp\/v2\/media?parent=525"}],"wp:term":[{"taxonomy":"product-tag","embeddable":true,"href":"https:\/\/www.ruiqigo.com\/sv\/wp-json\/wp\/v2\/product-tag?post=525"},{"taxonomy":"products","embeddable":true,"href":"https:\/\/www.ruiqigo.com\/sv\/wp-json\/wp\/v2\/products?post=525"}],"curies":[{"name":"wp","href":"https:\/\/api.w.org\/{rel}","templated":true}]}}