{"id":531,"date":"2024-07-18T11:33:12","date_gmt":"2024-07-18T03:33:12","guid":{"rendered":"https:\/\/ruiqigo.com\/?post_type=product&#038;p=531"},"modified":"2024-11-15T17:05:08","modified_gmt":"2024-11-15T09:05:08","slug":"rose-water-facial-toner","status":"publish","type":"product","link":"https:\/\/www.ruiqigo.com\/sv\/product\/rose-water-facial-toner","title":{"rendered":"Rosevatten ansiktsvatten"},"content":{"rendered":"<h2 class=\"wp-block-heading\">Vanliga formler f\u00f6r tillverkning av ansiktsvatten f\u00f6r rosenvatten<\/h2>\n\n\n\n<p>Ansiktsvatten med rosenvatten inneh\u00e5ller ingrediensen alginat, som med sin utm\u00e4rkta \u00e5terfuktande f\u00f6rm\u00e5ga hj\u00e4lper till att binda fukt och skydda huden mot torra f\u00f6rh\u00e5llanden. Panthenol, eller vitamin B5, fr\u00e4mjar djupg\u00e5ende hudreparation och st\u00e4rker hudens barri\u00e4rfunktion. Som en ledande tillverkare av ansiktsvatten med rosenvatten har Turk Rose Flower Water, berikat med eterisk rosenolja och en m\u00e4ngd olika fyton\u00e4rings\u00e4mnen, flera effekter genom att lugna huden, ge lyster \u00e5t hyn och vara antioxidant.<\/p>\n\n\n\n<h2 class=\"wp-block-heading\">Till\u00e4mpliga scenarier f\u00f6r ansiktsvatten med rosenvatten<\/h2>\n\n\n\n<p>Denna toner med rosenvatten passar f\u00f6r en m\u00e4ngd olika dagliga hudv\u00e5rdsscenarier. Oavsett om det handlar om att v\u00e4cka huden p\u00e5 morgonen eller reng\u00f6ra efter smink p\u00e5 kv\u00e4llen, \u00e5terfuktar och \u00e5terupplivar denna toner snabbt huden. Den \u00e4r ocks\u00e5 l\u00e4mplig f\u00f6r hud som tillbringar mycket tid framf\u00f6r datorn eller i luftkonditionerade milj\u00f6er, vilket hj\u00e4lper till att skydda huden fr\u00e5n de negativa effekterna av den yttre milj\u00f6n.<\/p>\n\n\n\n<h2 class=\"wp-block-heading\">Vem passar rosenvatten ansiktsvatten f\u00f6r?<\/h2>\n\n\n\n<p>Ansiktsvatten med rosenvatten passar alla hudtyper, s\u00e4rskilt f\u00f6r torr, uttorkad, k\u00e4nslig eller mogen hud. Detta ansiktsvatten \u00e4r idealiskt f\u00f6r konsumenter som s\u00f6ker naturliga ingredienser och skonsamma hudv\u00e5rdsresultat med sina naturliga ingredienser och effektiva \u00e5terfuktande kraft.<\/p>\n\n\n\n<h2 class=\"wp-block-heading\">Produktionsprocess f\u00f6r ansiktsvatten med rosenvatten<\/h2>\n\n\n\n<p>Vi anv\u00e4nder en unik kallappliceringsprocess f\u00f6r att extrahera naturliga v\u00e4xtextrakt vid l\u00e5ga temperaturer, vilket bevarar ingrediensernas integritet och aktivitet och s\u00e4kerst\u00e4ller att vitaminer, polysackarider och andra n\u00e4rings\u00e4mnen finns intakta i produkten f\u00f6r att maximera dess effektivitet. Samtidigt, som en ledande tillverkare av ansiktsvatten med rosenvatten, introducerade vi \u00e4ven mikromolnmisttekniken, d\u00e4r tonern finf\u00f6rdelas till fina och enhetliga mikrodroppar som f\u00f6rsiktigt sprayas p\u00e5 huden och snabbt absorberas utan att man beh\u00f6ver torka av den f\u00f6r att skapa en fr\u00e4sch och bekv\u00e4m k\u00e4nsla.<\/p>","protected":false},"excerpt":{"rendered":"Rose water facial toner manufacturing common formulas Rose water facial toner contains the ingredient Alginate, which with its excellent moisturizing ability, helps to lock in moisture and protect the skin from dry conditions. Panthenol, or Vitamin B5, promotes deep skin repair and strengthens the skin&#8217;s barrier function. As a leading Rose water facial toner manufacturer, [&hellip;]","protected":false},"featured_media":534,"menu_order":0,"template":"","meta":[],"product-tag":[],"products":[67],"class_list":["post-531","product","type-product","status-publish","has-post-thumbnail","hentry","products-facial-toner"],"acf":[],"_links":{"self":[{"href":"https:\/\/www.ruiqigo.com\/sv\/wp-json\/wp\/v2\/product\/531","targetHints":{"allow":["GET"]}}],"collection":[{"href":"https:\/\/www.ruiqigo.com\/sv\/wp-json\/wp\/v2\/product"}],"about":[{"href":"https:\/\/www.ruiqigo.com\/sv\/wp-json\/wp\/v2\/types\/product"}],"version-history":[{"count":0,"href":"https:\/\/www.ruiqigo.com\/sv\/wp-json\/wp\/v2\/product\/531\/revisions"}],"wp:featuredmedia":[{"embeddable":true,"href":"https:\/\/www.ruiqigo.com\/sv\/wp-json\/wp\/v2\/media\/534"}],"wp:attachment":[{"href":"https:\/\/www.ruiqigo.com\/sv\/wp-json\/wp\/v2\/media?parent=531"}],"wp:term":[{"taxonomy":"product-tag","embeddable":true,"href":"https:\/\/www.ruiqigo.com\/sv\/wp-json\/wp\/v2\/product-tag?post=531"},{"taxonomy":"products","embeddable":true,"href":"https:\/\/www.ruiqigo.com\/sv\/wp-json\/wp\/v2\/products?post=531"}],"curies":[{"name":"wp","href":"https:\/\/api.w.org\/{rel}","templated":true}]}}