{"id":532,"date":"2024-07-18T11:39:16","date_gmt":"2024-07-18T03:39:16","guid":{"rendered":"https:\/\/ruiqigo.com\/?post_type=product&#038;p=532"},"modified":"2024-11-15T17:03:09","modified_gmt":"2024-11-15T09:03:09","slug":"green-tea-facial-toner","status":"publish","type":"product","link":"https:\/\/www.ruiqigo.com\/sv\/product\/green-tea-facial-toner","title":{"rendered":"Gr\u00f6nt te ansiktsvatten"},"content":{"rendered":"<h2 class=\"wp-block-heading\">Gr\u00f6nt te ansiktsvatten som tillverkar vanliga formler<\/h2>\n\n\n\n<p>Alginos \u00e4r ett naturligt socker k\u00e4nt f\u00f6r sin utm\u00e4rkta fuktgivande f\u00f6rm\u00e5ga, som hj\u00e4lper till att l\u00e5sa in fukt och f\u00f6rb\u00e4ttra hudens mjukhet och elasticitet. Som en professionell tillverkare av ansiktsvatten f\u00f6r gr\u00f6nt te \u00e4r teextrakt rikt p\u00e5 polyfenoler som finns i gr\u00f6nt te, s\u00e4rskilt katekiner, som har kraftfulla antioxidantegenskaper och effektivt bek\u00e4mpar yttre milj\u00f6p\u00e5verkan p\u00e5 huden, samtidigt som det hj\u00e4lper till att balansera hudens oljeuts\u00f6ndring.<\/p>\n\n\n\n<h2 class=\"wp-block-heading\">Till\u00e4mpliga scenarier f\u00f6r ansiktsvatten f\u00f6r gr\u00f6nt te<\/h2>\n\n\n\n<p>Green Tea Facial Toner \u00e4r l\u00e4mplig f\u00f6r alla aspekter av daglig hudv\u00e5rd. Anv\u00e4nd den p\u00e5 morgonen efter reng\u00f6ring f\u00f6r att v\u00e4cka och ge energi till huden, och p\u00e5 kv\u00e4llen f\u00f6r att hj\u00e4lpa till att \u00e5terst\u00e4lla balansen i huden efter djupreng\u00f6ring. Den \u00e4r ocks\u00e5 l\u00e4mplig f\u00f6r anv\u00e4ndning efter l\u00e5ngvarig exponering f\u00f6r elektroniska sk\u00e4rmar eller utomhusaktiviteter, f\u00f6r att skydda huden fr\u00e5n milj\u00f6p\u00e5frestningar och \u00e5terst\u00e4lla fr\u00e4sch\u00f6ren.<\/p>\n\n\n\n<h2 class=\"wp-block-heading\">Vem passar ansiktsvatten f\u00f6r gr\u00f6nt te?<\/h2>\n\n\n\n<p>Denna toner \u00e4r l\u00e4mplig f\u00f6r alla hudtyper, s\u00e4rskilt fet och kombinerad hud, s\u00e5v\u00e4l som konsumenter som s\u00f6ker naturlig hudv\u00e5rd och antioxidantskydd. F\u00f6r dem som vill f\u00f6rb\u00e4ttra hudtonen och minimera tecken p\u00e5 hudtr\u00f6tthet, erbjuder Green Tea Facial Toner ett perfekt hudv\u00e5rdsalternativ med sina milda men effektiva ingredienser.<\/p>\n\n\n\n<h2 class=\"wp-block-heading\">Produktionsprocess f\u00f6r ansiktsf\u00e4rgning f\u00f6r gr\u00f6nt te<\/h2>\n\n\n\n<p>Vi anv\u00e4nder en unik l\u00e5gtemperaturinfusionsprocess f\u00f6r att extrahera de aktiva ingredienserna fr\u00e5n de gr\u00f6na tebladen f\u00f6r att s\u00e4kerst\u00e4lla ingrediensernas ursprungliga smak. Samtidigt anv\u00e4nder vi micro-misting-teknik f\u00f6r att skapa fina, j\u00e4mna vattendroppar f\u00f6r snabb absorption av n\u00e4rings\u00e4mnen i huden. I alla aspekter av produktionen, som en professionell tillverkare av ansiktsvatten f\u00f6r gr\u00f6nt te, kontrollerar vi strikt kvaliteten p\u00e5 nyckelpunkter f\u00f6r att s\u00e4kerst\u00e4lla stabil och p\u00e5litlig produktkvalitet.<\/p>","protected":false},"excerpt":{"rendered":"Green tea facial toner manufacturing common formulas Alginose is a natural sugar known for its excellent moisturizing ability, helping to lock in moisture and enhance the skin&#8217;s softness and elasticity. As a professional Green tea facial toner manufacturer, tea extract is rich in polyphenols found in green tea, especially catechins, which have powerful antioxidant properties [&hellip;]","protected":false},"featured_media":538,"menu_order":0,"template":"","meta":[],"product-tag":[],"products":[67],"class_list":["post-532","product","type-product","status-publish","has-post-thumbnail","hentry","products-facial-toner"],"acf":[],"_links":{"self":[{"href":"https:\/\/www.ruiqigo.com\/sv\/wp-json\/wp\/v2\/product\/532","targetHints":{"allow":["GET"]}}],"collection":[{"href":"https:\/\/www.ruiqigo.com\/sv\/wp-json\/wp\/v2\/product"}],"about":[{"href":"https:\/\/www.ruiqigo.com\/sv\/wp-json\/wp\/v2\/types\/product"}],"version-history":[{"count":0,"href":"https:\/\/www.ruiqigo.com\/sv\/wp-json\/wp\/v2\/product\/532\/revisions"}],"wp:featuredmedia":[{"embeddable":true,"href":"https:\/\/www.ruiqigo.com\/sv\/wp-json\/wp\/v2\/media\/538"}],"wp:attachment":[{"href":"https:\/\/www.ruiqigo.com\/sv\/wp-json\/wp\/v2\/media?parent=532"}],"wp:term":[{"taxonomy":"product-tag","embeddable":true,"href":"https:\/\/www.ruiqigo.com\/sv\/wp-json\/wp\/v2\/product-tag?post=532"},{"taxonomy":"products","embeddable":true,"href":"https:\/\/www.ruiqigo.com\/sv\/wp-json\/wp\/v2\/products?post=532"}],"curies":[{"name":"wp","href":"https:\/\/api.w.org\/{rel}","templated":true}]}}